{"id":506,"date":"2024-07-16T10:55:13","date_gmt":"2024-07-16T02:55:13","guid":{"rendered":"https:\/\/ruiqigo.com\/?post_type=product&#038;p=506"},"modified":"2024-11-06T11:01:08","modified_gmt":"2024-11-06T03:01:08","slug":"tea-tree-cleanser","status":"publish","type":"product","link":"https:\/\/www.ruiqigo.com\/es\/product\/tea-tree-cleanser","title":{"rendered":"Limpiador de \u00e1rbol de t\u00e9"},"content":{"rendered":"<h2 class=\"wp-block-heading\">F\u00f3rmulas comunes para la fabricaci\u00f3n de limpiadores a base de \u00e1rbol de t\u00e9<\/h2>\n\n\n\n<p>Contiene aceite de hoja de Melaleuca alternifolia, extracto de Camellia sinensis y extracto de Amaranthus communis. El aceite de hoja de Melaleuca alternifolia (aceite de \u00e1rbol de t\u00e9) tiene excelentes propiedades antibacterianas, antiinflamatorias y constrictoras de los poros, limpia los poros, mata las bacterias da\u00f1inas e inhibe el acn\u00e9. El extracto de Camellia sinensis, rico en vitaminas naturales y una variedad de nutrientes, puede reparar la piel da\u00f1ada, fortalecer la funci\u00f3n de barrera de la piel, ayudar a la piel a mantener la humedad y la elasticidad. Como fabricante l\u00edder de limpiadores de \u00e1rbol de t\u00e9, creemos que el extracto de Amaranthus tiene excelentes propiedades astringentes y de limpieza de poros, elimina eficazmente la suciedad acumulada y la queratina vieja, encoge los poros y mejora la aspereza de la piel.<\/p>\n\n\n\n<h2 class=\"wp-block-heading\">Escenarios aplicables del limpiador de \u00e1rbol de t\u00e9<\/h2>\n\n\n\n<p>Este limpiador facial de \u00e1rbol de t\u00e9 es adecuado para todo tipo de pieles, especialmente para pieles grasas y con tendencia al acn\u00e9. Tanto si eres un trabajador sedentario que busca una limpieza profunda, un amante de la belleza que necesita mejorar los poros dilatados o un deportista que necesita una limpieza profunda, puedes utilizar este producto en tu cuidado diario y disfrutar del doble efecto de limpieza y eliminaci\u00f3n de \u00e1caros.<\/p>\n\n\n\n<h2 class=\"wp-block-heading\">\u00bfPara qui\u00e9n es adecuado el limpiador de \u00e1rbol de t\u00e9?<\/h2>\n\n\n\n<p>Este limpiador facial de \u00e1rbol de t\u00e9 es adecuado para pieles grasas, mixtas y propensas al acn\u00e9. Ya seas un estudiante adolescente, un trabajador administrativo o un hombre de mediana edad, puedes usar este limpiador para limpiar eficazmente tu piel, regular la secreci\u00f3n de sebo y mejorar todo tipo de afecciones cut\u00e1neas problem\u00e1ticas.<\/p>\n\n\n\n<h2 class=\"wp-block-heading\">Proceso de producci\u00f3n del limpiador de \u00e1rbol de t\u00e9<\/h2>\n\n\n\n<p>Como fabricante profesional de limpiadores a base de \u00e1rbol de t\u00e9, utilizamos tecnolog\u00eda avanzada de extracci\u00f3n microcristalina a baja temperatura para maximizar la retenci\u00f3n de la eficacia natural del aceite de \u00e1rbol de t\u00e9, el extracto de camelia y el extracto de amaranto. Al mismo tiempo, controlamos estrictamente la temperatura y el tiempo para garantizar que no se da\u00f1en otros ingredientes activos. Adem\u00e1s de eso, tambi\u00e9n elegimos una f\u00f3rmula sin aditivos, sin ning\u00fan aditivo qu\u00edmico, para crear un limpiador verdaderamente suave y no irritante.<\/p>","protected":false},"excerpt":{"rendered":"Tea tree cleanser manufacturing common formulas Contains Melaleuca alternifolia leaf oil, Camellia sinensis extract and Amaranthus communis extract. Melaleuca alternifolia leaf oil (tea tree oil) has excellent antibacterial, anti-inflammatory and pore-constricting properties, cleanses pores, kills harmful bacteria and inhibits acne. Camellia sinensis extract &#8211; rich in natural vitamins and a variety of nutrients, can repair [&hellip;]","protected":false},"featured_media":517,"menu_order":0,"template":"","meta":[],"product-tag":[],"products":[65],"class_list":["post-506","product","type-product","status-publish","has-post-thumbnail","hentry","products-facial-cleanser"],"acf":[],"_links":{"self":[{"href":"https:\/\/www.ruiqigo.com\/es\/wp-json\/wp\/v2\/product\/506","targetHints":{"allow":["GET"]}}],"collection":[{"href":"https:\/\/www.ruiqigo.com\/es\/wp-json\/wp\/v2\/product"}],"about":[{"href":"https:\/\/www.ruiqigo.com\/es\/wp-json\/wp\/v2\/types\/product"}],"version-history":[{"count":0,"href":"https:\/\/www.ruiqigo.com\/es\/wp-json\/wp\/v2\/product\/506\/revisions"}],"wp:featuredmedia":[{"embeddable":true,"href":"https:\/\/www.ruiqigo.com\/es\/wp-json\/wp\/v2\/media\/517"}],"wp:attachment":[{"href":"https:\/\/www.ruiqigo.com\/es\/wp-json\/wp\/v2\/media?parent=506"}],"wp:term":[{"taxonomy":"product-tag","embeddable":true,"href":"https:\/\/www.ruiqigo.com\/es\/wp-json\/wp\/v2\/product-tag?post=506"},{"taxonomy":"products","embeddable":true,"href":"https:\/\/www.ruiqigo.com\/es\/wp-json\/wp\/v2\/products?post=506"}],"curies":[{"name":"wp","href":"https:\/\/api.w.org\/{rel}","templated":true}]}}