{"id":507,"date":"2024-07-16T10:59:49","date_gmt":"2024-07-16T02:59:49","guid":{"rendered":"https:\/\/ruiqigo.com\/?post_type=product&#038;p=507"},"modified":"2024-11-05T23:02:10","modified_gmt":"2024-11-05T15:02:10","slug":"charcoal-cleanser","status":"publish","type":"product","link":"https:\/\/www.ruiqigo.com\/es\/product\/charcoal-cleanser","title":{"rendered":"Limpiador de carb\u00f3n"},"content":{"rendered":"<h2 class=\"wp-block-heading\">F\u00f3rmulas comunes de fabricaci\u00f3n de limpiadores de carb\u00f3n<\/h2>\n\n\n\n<p>El carb\u00f3n tiene poderosas propiedades de adsorci\u00f3n que pueden penetrar profundamente en los poros y eliminar eficazmente la grasa acumulada, el polvo y diversas impurezas. Al mismo tiempo, como fabricante digno de limpiadores de carb\u00f3n, creemos que el carb\u00f3n tambi\u00e9n tiene una muy buena funci\u00f3n bactericida y antibacteriana, puede inhibir el crecimiento de bacterias da\u00f1inas y prevenir la formaci\u00f3n de granos y acn\u00e9.<\/p>\n\n\n\n<h2 class=\"wp-block-heading\">Escenarios de aplicaci\u00f3n del limpiador de carb\u00f3n<\/h2>\n\n\n\n<p>El limpiador facial de carb\u00f3n es adecuado para su uso en una variedad de situaciones, incluida la limpieza facial diaria, la limpieza profunda despu\u00e9s de quitar el maquillaje, la limpieza posterior al ejercicio y en entornos con mala calidad del aire para ayudar a eliminar contaminantes de la piel.<\/p>\n\n\n\n<h2 class=\"wp-block-heading\">\u00bfPara qui\u00e9n es adecuado el limpiador de carb\u00f3n?<\/h2>\n\n\n\n<p>Este limpiador es especialmente adecuado para pieles grasas, mixtas y propensas al acn\u00e9. El limpiador facial con carb\u00f3n es una opci\u00f3n ideal para los consumidores que buscan un efecto de limpieza profunda o para aquellos que necesitan mejorar la apariencia de los poros dilatados.<\/p>\n\n\n\n<h2 class=\"wp-block-heading\">Proceso de producci\u00f3n del limpiador de carb\u00f3n<\/h2>\n\n\n\n<p>Durante la producci\u00f3n del limpiador facial de carb\u00f3n, utilizamos tecnolog\u00eda avanzada de molienda y mezcla para garantizar la finura y la distribuci\u00f3n uniforme del t\u00f3nico. Al controlar con precisi\u00f3n el tama\u00f1o de las part\u00edculas del t\u00f3nico, mejoramos la capacidad de adsorci\u00f3n y el efecto limpiador del producto. Como fabricante confiable de limpiadores de carb\u00f3n, utilizamos tecnolog\u00eda de llenado as\u00e9ptico para garantizar la pureza y la seguridad de nuestros productos.<\/p>","protected":false},"excerpt":{"rendered":"Charcoal Cleanser manufacturing common formulas Charcoal has powerful adsorption properties that can penetrate deep into the pores and effectively remove accumulated oil, dust and various impurities. At the same time, as a worthy Charcoal Cleanser manufacturer, we think charcoal also has a very good bactericidal and antibacterial function, can inhibit the growth of harmful bacteria, [&hellip;]","protected":false},"featured_media":521,"menu_order":0,"template":"","meta":[],"product-tag":[],"products":[65],"class_list":["post-507","product","type-product","status-publish","has-post-thumbnail","hentry","products-facial-cleanser"],"acf":[],"_links":{"self":[{"href":"https:\/\/www.ruiqigo.com\/es\/wp-json\/wp\/v2\/product\/507","targetHints":{"allow":["GET"]}}],"collection":[{"href":"https:\/\/www.ruiqigo.com\/es\/wp-json\/wp\/v2\/product"}],"about":[{"href":"https:\/\/www.ruiqigo.com\/es\/wp-json\/wp\/v2\/types\/product"}],"version-history":[{"count":0,"href":"https:\/\/www.ruiqigo.com\/es\/wp-json\/wp\/v2\/product\/507\/revisions"}],"wp:featuredmedia":[{"embeddable":true,"href":"https:\/\/www.ruiqigo.com\/es\/wp-json\/wp\/v2\/media\/521"}],"wp:attachment":[{"href":"https:\/\/www.ruiqigo.com\/es\/wp-json\/wp\/v2\/media?parent=507"}],"wp:term":[{"taxonomy":"product-tag","embeddable":true,"href":"https:\/\/www.ruiqigo.com\/es\/wp-json\/wp\/v2\/product-tag?post=507"},{"taxonomy":"products","embeddable":true,"href":"https:\/\/www.ruiqigo.com\/es\/wp-json\/wp\/v2\/products?post=507"}],"curies":[{"name":"wp","href":"https:\/\/api.w.org\/{rel}","templated":true}]}}