{"id":525,"date":"2024-07-16T11:49:03","date_gmt":"2024-07-16T03:49:03","guid":{"rendered":"https:\/\/ruiqigo.com\/?post_type=product&#038;p=525"},"modified":"2024-11-05T23:06:02","modified_gmt":"2024-11-05T15:06:02","slug":"creamy-cleanser","status":"publish","type":"product","link":"https:\/\/www.ruiqigo.com\/es\/product\/creamy-cleanser","title":{"rendered":"Limpiador cremoso"},"content":{"rendered":"<h2 class=\"wp-block-heading\">F\u00f3rmulas comunes de fabricaci\u00f3n de limpiadores cremosos<\/h2>\n\n\n\n<p>El producto contiene hialuronato de sodio y tocoferol. El hialuronato de sodio es un potente humectante que atrae y retiene grandes cantidades de humedad, lo que proporciona una hidrataci\u00f3n duradera y mejora la elasticidad y la firmeza de la piel. Como fabricante l\u00edder de limpiadores cremosos, el tocoferol (vitamina E) es un antioxidante natural que ayuda a proteger la piel de los radicales libres al mismo tiempo que promueve la reparaci\u00f3n de la piel y mantiene su salud.<\/p>\n\n\n\n<h2 class=\"wp-block-heading\">Escenarios aplicables del limpiador cremoso<\/h2>\n\n\n\n<p>El limpiador cremoso es adecuado para la limpieza facial diaria, especialmente por la ma\u00f1ana despu\u00e9s de despertarse y por la noche despu\u00e9s de desmaquillarse. Tambi\u00e9n es adecuado para usar durante las estaciones secas o en ambientes con aire acondicionado para ayudar a proteger la piel contra la p\u00e9rdida de humedad. Tambi\u00e9n es ideal para pieles sensibles que requieren una limpieza suave.<\/p>\n\n\n\n<h2 class=\"wp-block-heading\">\u00bfPara qui\u00e9n es adecuado el limpiador cremoso?<\/h2>\n\n\n\n<p>Este limpiador es adecuado para todo tipo de piel, especialmente para pieles secas, deshidratadas o maduras. Para los consumidores que necesitan una hidrataci\u00f3n y nutrici\u00f3n adicionales, o para los usuarios con piel sensible que buscan un efecto limpiador suave, el limpiador cremoso es la soluci\u00f3n ideal.<\/p>\n\n\n\n<h2 class=\"wp-block-heading\">Proceso de producci\u00f3n de limpiador cremoso<\/h2>\n\n\n\n<p>Durante la producci\u00f3n de Creamy Facial Cleanser, utilizamos t\u00e9cnicas avanzadas de extracci\u00f3n y emulsificaci\u00f3n para garantizar la potencia y estabilidad de todos los ingredientes. Al controlar con precisi\u00f3n la concentraci\u00f3n de hialuronato de sodio y tocoferoles, garantizamos los efectos hidratantes y antioxidantes de nuestros productos. Como fabricante de Creamy Cleanser, utilizamos tecnolog\u00eda de llenado as\u00e9ptico para garantizar la pureza y seguridad de nuestros productos. Adem\u00e1s, nuestro proceso de fabricaci\u00f3n incluye un proceso de formulaci\u00f3n \u00fanico que garantiza que el limpiador sea cremoso, f\u00e1cil de aplicar y ligeramente no irritante.<\/p>","protected":false},"excerpt":{"rendered":"Creamy cleanser manufacturing common formulas The product contains Sodium Hyaluronate, Tocopherol. Sodium Hyaluronate is a powerful humectant that attracts and locks in large amounts of moisture, providing long-lasting moisturization and improving the skin&#8217;s elasticity and firmness. As a leading Creamy cleanser manufacturer, Tocopherol (Vitamin E) is a natural antioxidant that helps protect the skin from [&hellip;]","protected":false},"featured_media":526,"menu_order":0,"template":"","meta":[],"product-tag":[],"products":[65],"class_list":["post-525","product","type-product","status-publish","has-post-thumbnail","hentry","products-facial-cleanser"],"acf":[],"_links":{"self":[{"href":"https:\/\/www.ruiqigo.com\/es\/wp-json\/wp\/v2\/product\/525","targetHints":{"allow":["GET"]}}],"collection":[{"href":"https:\/\/www.ruiqigo.com\/es\/wp-json\/wp\/v2\/product"}],"about":[{"href":"https:\/\/www.ruiqigo.com\/es\/wp-json\/wp\/v2\/types\/product"}],"version-history":[{"count":0,"href":"https:\/\/www.ruiqigo.com\/es\/wp-json\/wp\/v2\/product\/525\/revisions"}],"wp:featuredmedia":[{"embeddable":true,"href":"https:\/\/www.ruiqigo.com\/es\/wp-json\/wp\/v2\/media\/526"}],"wp:attachment":[{"href":"https:\/\/www.ruiqigo.com\/es\/wp-json\/wp\/v2\/media?parent=525"}],"wp:term":[{"taxonomy":"product-tag","embeddable":true,"href":"https:\/\/www.ruiqigo.com\/es\/wp-json\/wp\/v2\/product-tag?post=525"},{"taxonomy":"products","embeddable":true,"href":"https:\/\/www.ruiqigo.com\/es\/wp-json\/wp\/v2\/products?post=525"}],"curies":[{"name":"wp","href":"https:\/\/api.w.org\/{rel}","templated":true}]}}