{"id":531,"date":"2024-07-18T11:33:12","date_gmt":"2024-07-18T03:33:12","guid":{"rendered":"https:\/\/ruiqigo.com\/?post_type=product&#038;p=531"},"modified":"2024-11-15T17:05:08","modified_gmt":"2024-11-15T09:05:08","slug":"rose-water-facial-toner","status":"publish","type":"product","link":"https:\/\/www.ruiqigo.com\/es\/product\/rose-water-facial-toner","title":{"rendered":"T\u00f3nico facial de agua de rosas"},"content":{"rendered":"<h2 class=\"wp-block-heading\">F\u00f3rmulas comunes de fabricaci\u00f3n de t\u00f3nico facial de agua de rosas<\/h2>\n\n\n\n<p>El t\u00f3nico facial de agua de rosas contiene el ingrediente alginato, que con su excelente capacidad humectante, ayuda a retener la humedad y proteger la piel de las condiciones secas. El pantenol, o vitamina B5, promueve la reparaci\u00f3n profunda de la piel y fortalece la funci\u00f3n de barrera de la piel. Como fabricante l\u00edder de t\u00f3nicos faciales de agua de rosas, Turk Rose Flower Water, enriquecida con aceite esencial de rosa y una variedad de fitonutrientes, tiene m\u00faltiples efectos de suavizar la piel, iluminar la tez y ser antioxidante.<\/p>\n\n\n\n<h2 class=\"wp-block-heading\">Escenarios aplicables del t\u00f3nico facial de agua de rosas<\/h2>\n\n\n\n<p>Este t\u00f3nico de agua de rosas es adecuado para una amplia gama de situaciones de cuidado diario de la piel. Ya sea para despertar la piel por la ma\u00f1ana o para limpiarla despu\u00e9s de desmaquillarse por la noche, este t\u00f3nico hidrata y revitaliza r\u00e1pidamente la piel. Tambi\u00e9n es adecuado para pieles que pasan mucho tiempo frente al ordenador o en ambientes con aire acondicionado, lo que ayuda a proteger la piel de los efectos adversos del entorno externo.<\/p>\n\n\n\n<h2 class=\"wp-block-heading\">\u00bfPara qui\u00e9n es adecuado el t\u00f3nico facial de agua de rosas?<\/h2>\n\n\n\n<p>El t\u00f3nico facial de agua de rosas es adecuado para todo tipo de pieles, especialmente para pieles secas, deshidratadas, sensibles o maduras. Este t\u00f3nico es ideal para los consumidores que buscan ingredientes naturales y resultados suaves en el cuidado de la piel con sus ingredientes naturales y su eficiente poder hidratante.<\/p>\n\n\n\n<h2 class=\"wp-block-heading\">Proceso de producci\u00f3n del t\u00f3nico facial de agua de rosas<\/h2>\n\n\n\n<p>Utilizamos un proceso \u00fanico de extracci\u00f3n por aplicaci\u00f3n en fr\u00edo para extraer extractos de plantas naturales a bajas temperaturas, preservando la integridad y la actividad de los ingredientes y asegurando que las vitaminas, polisac\u00e1ridos y otros nutrientes est\u00e9n presentes intactos en el producto para maximizar su eficacia. Al mismo tiempo, como fabricante l\u00edder de t\u00f3nico facial de agua de rosas, tambi\u00e9n presentamos la tecnolog\u00eda de niebla de micronubes, el t\u00f3nico atomizado en microgotas finas y uniformes, rociado suavemente sobre la piel, sin necesidad de limpiar, se puede absorber r\u00e1pidamente, para crear una sensaci\u00f3n de uso fresco y c\u00f3modo.<\/p>","protected":false},"excerpt":{"rendered":"Rose water facial toner manufacturing common formulas Rose water facial toner contains the ingredient Alginate, which with its excellent moisturizing ability, helps to lock in moisture and protect the skin from dry conditions. Panthenol, or Vitamin B5, promotes deep skin repair and strengthens the skin&#8217;s barrier function. As a leading Rose water facial toner manufacturer, [&hellip;]","protected":false},"featured_media":534,"menu_order":0,"template":"","meta":[],"product-tag":[],"products":[67],"class_list":["post-531","product","type-product","status-publish","has-post-thumbnail","hentry","products-facial-toner"],"acf":[],"_links":{"self":[{"href":"https:\/\/www.ruiqigo.com\/es\/wp-json\/wp\/v2\/product\/531","targetHints":{"allow":["GET"]}}],"collection":[{"href":"https:\/\/www.ruiqigo.com\/es\/wp-json\/wp\/v2\/product"}],"about":[{"href":"https:\/\/www.ruiqigo.com\/es\/wp-json\/wp\/v2\/types\/product"}],"version-history":[{"count":0,"href":"https:\/\/www.ruiqigo.com\/es\/wp-json\/wp\/v2\/product\/531\/revisions"}],"wp:featuredmedia":[{"embeddable":true,"href":"https:\/\/www.ruiqigo.com\/es\/wp-json\/wp\/v2\/media\/534"}],"wp:attachment":[{"href":"https:\/\/www.ruiqigo.com\/es\/wp-json\/wp\/v2\/media?parent=531"}],"wp:term":[{"taxonomy":"product-tag","embeddable":true,"href":"https:\/\/www.ruiqigo.com\/es\/wp-json\/wp\/v2\/product-tag?post=531"},{"taxonomy":"products","embeddable":true,"href":"https:\/\/www.ruiqigo.com\/es\/wp-json\/wp\/v2\/products?post=531"}],"curies":[{"name":"wp","href":"https:\/\/api.w.org\/{rel}","templated":true}]}}