{"id":533,"date":"2024-07-18T11:49:37","date_gmt":"2024-07-18T03:49:37","guid":{"rendered":"https:\/\/ruiqigo.com\/?post_type=product&#038;p=533"},"modified":"2024-11-15T17:02:20","modified_gmt":"2024-11-15T09:02:20","slug":"micellar-water-makeup-remover","status":"publish","type":"product","link":"https:\/\/www.ruiqigo.com\/es\/product\/micellar-water-makeup-remover","title":{"rendered":"Desmaquillante con agua micelar"},"content":{"rendered":"<h2 class=\"wp-block-heading\">F\u00f3rmulas comunes de fabricaci\u00f3n de desmaquillantes de agua micelar<\/h2>\n\n\n\n<p>Los ingredientes principales del Agua Micelar Desmaquillante incluyen Aceite de Ricino Hidrogenado PEG-40, 1,1-Hexanodiol, Fenoxietanol, Agua de Hoja de Aloe Barbadensis y EDTA Dis\u00f3dico. El Aceite de Ricino Hidrogenado PEG-40 es un excelente surfactante que disuelve los contaminantes, mientras que el 1,1-Hexanodiol y el fenoxietanol son excelentes agentes bactericidas y antis\u00e9pticos que mantienen la higiene y seguridad del producto. Como fabricante confiable de agua micelar desmaquillante, el agua de hoja de Aloe Barbadensis es rica en vitaminas, minerales y polisac\u00e1ridos que nutren la piel y mejoran la barrera cut\u00e1nea, mientras que el EDTA Dis\u00f3dico es un agente complejante que mejora la estabilidad del producto. Estos ingredientes trabajan en conjunto para brindar una limpieza profunda y cuidar la piel.<\/p>\n\n\n\n<h2 class=\"wp-block-heading\">Escenarios aplicables del desmaquillante de agua micelar<\/h2>\n\n\n\n<p>Este desmaquillante de agua micelar es perfecto para el cuidado diario de la piel. Ya sea para desmaquillar tu rutina diaria o para limpiar tu piel grasa de impurezas acumuladas, es f\u00e1cil de usar. Adem\u00e1s, elimina eficazmente el maquillaje a prueba de agua, dejando tu piel completamente limpia. Tras su uso, tu piel no solo estar\u00e1 limpia y luminosa, sino tambi\u00e9n calmada y nutrida, sentando las bases para tu rutina de cuidado facial.<\/p>\n\n\n\n<h2 class=\"wp-block-heading\">Para qui\u00e9n es adecuado el desmaquillante de agua micelar<\/h2>\n\n\n\n<p>Este desmaquillante de agua micelar es apto para todo tipo de piel. Tanto la piel grasa como la seca se benefician de \u00e9l. Limpia suavemente sin causar irritaci\u00f3n ni reacciones al\u00e9rgicas. Especialmente indicado para los amantes de la belleza, elimina todo tipo de maquillaje con facilidad y deja la piel con un aspecto fresco y renovado. Adem\u00e1s, est\u00e1 enriquecido con una variedad de ingredientes bot\u00e1nicos naturales que nutren y protegen la piel, para que puedas disfrutar del cuidado mientras desmaquillas.<\/p>\n\n\n\n<h2 class=\"wp-block-heading\">Proceso de producci\u00f3n del desmaquillante de agua micelar<\/h2>\n\n\n\n<p>Utilizamos una tecnolog\u00eda micelar \u00fanica para crear este desmaquillante. Primero, combinamos surfactantes como el aceite de ricino hidrogenado PEG-40 con agua para formar una estructura micelar estable. Como fabricante confiable de desmaquillantes de agua micelar, estas micelas encapsulan eficazmente la suciedad y los residuos de maquillaje, disolvi\u00e9ndolos y elimin\u00e1ndolos con suavidad. A continuaci\u00f3n, se a\u00f1aden ingredientes para el cuidado de la piel como el agua de hoja de Aloe Barbadensis y el EDTA dis\u00f3dico para proporcionar al producto una mayor nutrici\u00f3n y protecci\u00f3n.<\/p>","protected":false},"excerpt":{"rendered":"Micellar water makeup remover manufacturing common formulas The core ingredients of Micellar Water Makeup Remover include PEG-40 Hydrogenated Castor Oil, 1,1-Hexanediol, Phenoxyethanol, Aloe Barbadensis Leaf Water and Disodium EDTA, PEG-40 Hydrogenated Castor Oil is an excellent surfactant that dissolves contaminants, while 1,1-Hexanediol and Phenoxyethanol are excellent bactericidal and antiseptic agents that maintain product hygiene and [&hellip;]","protected":false},"featured_media":542,"menu_order":0,"template":"","meta":[],"product-tag":[],"products":[66],"class_list":["post-533","product","type-product","status-publish","has-post-thumbnail","hentry","products-makeup-remover"],"acf":[],"_links":{"self":[{"href":"https:\/\/www.ruiqigo.com\/es\/wp-json\/wp\/v2\/product\/533","targetHints":{"allow":["GET"]}}],"collection":[{"href":"https:\/\/www.ruiqigo.com\/es\/wp-json\/wp\/v2\/product"}],"about":[{"href":"https:\/\/www.ruiqigo.com\/es\/wp-json\/wp\/v2\/types\/product"}],"version-history":[{"count":0,"href":"https:\/\/www.ruiqigo.com\/es\/wp-json\/wp\/v2\/product\/533\/revisions"}],"wp:featuredmedia":[{"embeddable":true,"href":"https:\/\/www.ruiqigo.com\/es\/wp-json\/wp\/v2\/media\/542"}],"wp:attachment":[{"href":"https:\/\/www.ruiqigo.com\/es\/wp-json\/wp\/v2\/media?parent=533"}],"wp:term":[{"taxonomy":"product-tag","embeddable":true,"href":"https:\/\/www.ruiqigo.com\/es\/wp-json\/wp\/v2\/product-tag?post=533"},{"taxonomy":"products","embeddable":true,"href":"https:\/\/www.ruiqigo.com\/es\/wp-json\/wp\/v2\/products?post=533"}],"curies":[{"name":"wp","href":"https:\/\/api.w.org\/{rel}","templated":true}]}}