{"id":546,"date":"2024-07-18T12:00:46","date_gmt":"2024-07-18T04:00:46","guid":{"rendered":"https:\/\/ruiqigo.com\/?post_type=product&#038;p=546"},"modified":"2024-11-15T17:01:26","modified_gmt":"2024-11-15T09:01:26","slug":"oil-free-makeup-remover","status":"publish","type":"product","link":"https:\/\/www.ruiqigo.com\/es\/product\/oil-free-makeup-remover","title":{"rendered":"Desmaquillante sin aceite"},"content":{"rendered":"<h2 class=\"wp-block-heading\">F\u00f3rmulas comunes de fabricaci\u00f3n de desmaquillantes sin aceite<\/h2>\n\n\n\n<p>Los ingredientes principales de este producto incluyen Poroxam 184 y extracto de Camellia sinensis. Peloxam 184 es un surfactante no i\u00f3nico con una excelente capacidad limpiadora y solubilizante, que puede disolver eficazmente todo tipo de cosm\u00e9ticos. Como fabricante confiable de desmaquillantes sin aceite, el extracto de camelia, por otro lado, es rico en antioxidantes y nutrientes que nutren la piel y alivian la sequedad y la tirantez causadas por el proceso de desmaquillaje.<\/p>\n\n\n\n<h2 class=\"wp-block-heading\">Escenarios aplicables del desmaquillador sin aceite<\/h2>\n\n\n\n<p>Este desmaquillador sin aceite se puede utilizar en una variedad de situaciones. Ya sea para eliminar el maquillaje diario, para limpiar en profundidad las impurezas acumuladas despu\u00e9s de una buena noche de sue\u00f1o o para limpiar la piel del protector solar despu\u00e9s de un d\u00eda activo al aire libre, hace un gran trabajo eliminando el maquillaje. Tambi\u00e9n es adecuado para personas con necesidades cut\u00e1neas especiales, como piel sensible, piel seca, etc., y proporciona un cuidado suave para la piel.<\/p>\n\n\n\n<h2 class=\"wp-block-heading\">\u00bfPara qui\u00e9n es adecuado el desmaquillador sin aceite?<\/h2>\n\n\n\n<p>Este producto est\u00e1 dirigido a mujeres de oficina urbanas que buscan una piel saludable. Tanto las trabajadoras de oficina como las estudiantes pueden optar por usarlo seg\u00fan sus propias condiciones de piel. Para pieles grasas y mixtas, puede limpiar eficazmente los poros y controlar la grasa; para pieles secas o sensibles, tambi\u00e9n puede nutrir suavemente para mantener la barrera cut\u00e1nea.<\/p>\n\n\n\n<h2 class=\"wp-block-heading\">Proceso de producci\u00f3n de desmaquilladores sin aceite<\/h2>\n\n\n\n<p>Nuestra avanzada tecnolog\u00eda micelar utiliza las propiedades \u00fanicas de los surfactantes para emulsionar completamente las fases de agua y aceite y formar peque\u00f1as part\u00edculas micelares durante el proceso de fabricaci\u00f3n. Esta tecnolog\u00eda no solo reduce significativamente el consumo de agua y energ\u00eda, sino que tambi\u00e9n da como resultado un producto fresco y suave, sin sobrecargar la piel. Como fabricante confiable de desmaquillantes sin aceite, tambi\u00e9n hemos seleccionado EDTA dis\u00f3dico biodegradable como agente complejante, reemplazando los ingredientes dif\u00edciles de descomponer en los desmaquillantes tradicionales para minimizar el impacto en el medio ambiente.<\/p>","protected":false},"excerpt":{"rendered":"Oil free makeup remover manufacturing common formulas The core ingredients of this product include Poroxam 184 and Camellia sinensis extract. Peloxam 184 is a non-ionic surfactant with excellent cleansing and solubilizing ability, which can effectively dissolve all kinds of cosmetics. As a reliable Oil free makeup remover manufacturer, camellia Extract, on the other hand, is [&hellip;]","protected":false},"featured_media":547,"menu_order":0,"template":"","meta":[],"product-tag":[],"products":[66],"class_list":["post-546","product","type-product","status-publish","has-post-thumbnail","hentry","products-makeup-remover"],"acf":[],"_links":{"self":[{"href":"https:\/\/www.ruiqigo.com\/es\/wp-json\/wp\/v2\/product\/546","targetHints":{"allow":["GET"]}}],"collection":[{"href":"https:\/\/www.ruiqigo.com\/es\/wp-json\/wp\/v2\/product"}],"about":[{"href":"https:\/\/www.ruiqigo.com\/es\/wp-json\/wp\/v2\/types\/product"}],"version-history":[{"count":0,"href":"https:\/\/www.ruiqigo.com\/es\/wp-json\/wp\/v2\/product\/546\/revisions"}],"wp:featuredmedia":[{"embeddable":true,"href":"https:\/\/www.ruiqigo.com\/es\/wp-json\/wp\/v2\/media\/547"}],"wp:attachment":[{"href":"https:\/\/www.ruiqigo.com\/es\/wp-json\/wp\/v2\/media?parent=546"}],"wp:term":[{"taxonomy":"product-tag","embeddable":true,"href":"https:\/\/www.ruiqigo.com\/es\/wp-json\/wp\/v2\/product-tag?post=546"},{"taxonomy":"products","embeddable":true,"href":"https:\/\/www.ruiqigo.com\/es\/wp-json\/wp\/v2\/products?post=546"}],"curies":[{"name":"wp","href":"https:\/\/api.w.org\/{rel}","templated":true}]}}