{"id":551,"date":"2024-07-18T14:36:33","date_gmt":"2024-07-18T06:36:33","guid":{"rendered":"https:\/\/ruiqigo.com\/?post_type=product&#038;p=551"},"modified":"2024-11-15T17:00:56","modified_gmt":"2024-11-15T09:00:56","slug":"coconut-oil-makeup-remover","status":"publish","type":"product","link":"https:\/\/www.ruiqigo.com\/es\/product\/coconut-oil-makeup-remover","title":{"rendered":"Desmaquillador de aceite de coco"},"content":{"rendered":"<h2 class=\"wp-block-heading\">F\u00f3rmulas comunes para la fabricaci\u00f3n de desmaquilladores a base de aceite de coco<\/h2>\n\n\n\n<p>Los ingredientes principales de este producto incluyen aceite de coco, tocoferoles y aceite de semilla de girasol. El aceite de coco es rico en \u00e1cidos grasos como el \u00e1cido l\u00e1urico y el \u00e1cido este\u00e1rico, que tienen excelentes propiedades solubilizantes y limpiadoras para eliminar todo tipo de maquillaje. El tocoferol es un poderoso antioxidante natural que repara y protege la piel de los da\u00f1os ambientales. Como fabricante confiable de desmaquilladores a base de aceite de coco, sabemos que el aceite de semilla de girasol, rico en vitamina E y \u00e1cido linol\u00e9nico, nutre profundamente la piel y alivia la sequedad y la tirantez.<\/p>\n\n\n\n<h2 class=\"wp-block-heading\">Escenarios aplicables del desmaquillador con aceite de coco<\/h2>\n\n\n\n<p>El desmaquillador de aceite de coco es adecuado para una amplia gama de aplicaciones. Este desmaquillador de aceite de coco se puede utilizar en una amplia variedad de situaciones. Ya sea para eliminar el maquillaje diario, limpiar en profundidad las impurezas acumuladas o limpiar la piel antes de acostarse, es una excelente manera de limpiar y nutrir. Tambi\u00e9n es ideal para quienes aman el cuidado natural de la piel, ya que cuida suavemente la piel.<\/p>\n\n\n\n<h2 class=\"wp-block-heading\">\u00bfPara qui\u00e9n es adecuado el desmaquillador con aceite de coco?<\/h2>\n\n\n\n<p>Este producto est\u00e1 dirigido a mujeres urbanas de oficina que buscan una piel sana y natural. Ya seas una empleada de oficina, una estudiante o una cuidadora natural, puedes elegir usar este producto seg\u00fan el estado de tu piel. Para pieles secas y sensibles, puede brindar una rica hidrataci\u00f3n y nutrici\u00f3n, aliviar la sequedad y la tirantez; para pieles mixtas o grasas, tambi\u00e9n puede limpiar los poros y regular la grasa.<\/p>\n\n\n\n<h2 class=\"wp-block-heading\">Proceso de producci\u00f3n del desmaquillador con aceite de coco<\/h2>\n\n\n\n<p>Utilizamos un avanzado proceso de prensado en fr\u00edo para mezclar con precisi\u00f3n aceites vegetales naturales como el aceite de coco, el tocoferol y el aceite de semilla de girasol para garantizar que se conserven todos los nutrientes durante el proceso de producci\u00f3n. Como fabricante confiable de desmaquillantes de aceite de coco, tambi\u00e9n utilizamos un proceso de llenado a baja temperatura para evitar la destrucci\u00f3n de nutrientes por las altas temperaturas. En comparaci\u00f3n con los desmaquillantes tradicionales, todo el proceso es ecol\u00f3gico y respetuoso con el medio ambiente.<\/p>","protected":false},"excerpt":{"rendered":"Coconut oil makeup remover manufacturing common formulas The core ingredients of this product include coconut oil, tocopherols and sunflower seed oil. Coconut oil is rich in fatty acids such as lauric acid and stearic acid, which have excellent solubilizing and cleansing abilities to remove all types of makeup. Tocopherol is a powerful natural antioxidant that [&hellip;]","protected":false},"featured_media":552,"menu_order":0,"template":"","meta":[],"product-tag":[],"products":[66],"class_list":["post-551","product","type-product","status-publish","has-post-thumbnail","hentry","products-makeup-remover"],"acf":[],"_links":{"self":[{"href":"https:\/\/www.ruiqigo.com\/es\/wp-json\/wp\/v2\/product\/551","targetHints":{"allow":["GET"]}}],"collection":[{"href":"https:\/\/www.ruiqigo.com\/es\/wp-json\/wp\/v2\/product"}],"about":[{"href":"https:\/\/www.ruiqigo.com\/es\/wp-json\/wp\/v2\/types\/product"}],"version-history":[{"count":0,"href":"https:\/\/www.ruiqigo.com\/es\/wp-json\/wp\/v2\/product\/551\/revisions"}],"wp:featuredmedia":[{"embeddable":true,"href":"https:\/\/www.ruiqigo.com\/es\/wp-json\/wp\/v2\/media\/552"}],"wp:attachment":[{"href":"https:\/\/www.ruiqigo.com\/es\/wp-json\/wp\/v2\/media?parent=551"}],"wp:term":[{"taxonomy":"product-tag","embeddable":true,"href":"https:\/\/www.ruiqigo.com\/es\/wp-json\/wp\/v2\/product-tag?post=551"},{"taxonomy":"products","embeddable":true,"href":"https:\/\/www.ruiqigo.com\/es\/wp-json\/wp\/v2\/products?post=551"}],"curies":[{"name":"wp","href":"https:\/\/api.w.org\/{rel}","templated":true}]}}