{"id":556,"date":"2024-07-18T14:56:34","date_gmt":"2024-07-18T06:56:34","guid":{"rendered":"https:\/\/ruiqigo.com\/?post_type=product&#038;p=556"},"modified":"2024-11-06T14:39:21","modified_gmt":"2024-11-06T06:39:21","slug":"moisturizing-body-lotion","status":"publish","type":"product","link":"https:\/\/www.ruiqigo.com\/es\/product\/moisturizing-body-lotion","title":{"rendered":"Loci\u00f3n corporal hidratante"},"content":{"rendered":"<h3 class=\"wp-block-heading\">F\u00f3rmulas comunes para la fabricaci\u00f3n de lociones corporales humectantes<\/h3>\n\n\n\n<p>El alginato tiene una estructura molecular \u00fanica que absorbe y retiene la humedad en la piel, proporcionando una poderosa humectaci\u00f3n. Tambi\u00e9n fortalece la funci\u00f3n de barrera de la piel y mejora la resistencia de la piel a la adversidad. Como antioxidante natural, el tocoferol puede neutralizar los radicales libres, reparar el da\u00f1o de la piel y mejorar la textura de la piel. Como fabricante l\u00edder de lociones corporales humectantes, sabemos que tambi\u00e9n tiene excelentes propiedades humectantes y suavizantes, haciendo que la piel est\u00e9 m\u00e1s nutrida y flexible. Como la etilhexilglicerina es un derivado especial de la glicerina con una excelente penetraci\u00f3n humectante, puede penetrar profundamente en el estrato c\u00f3rneo para reponer la humedad, aumentar el contenido de agua de la piel y mejorar el estado seco y \u00e1spero de la piel.<\/p>\n\n\n\n<h3 class=\"wp-block-heading\">Loci\u00f3n corporal hidratante Escenarios aplicables<\/h3>\n\n\n\n<p>Esta loci\u00f3n corporal hidratante es adecuada para todo tipo de piel, especialmente para pieles secas y deshidratadas. Ya sea para el cuidado diario o para el cuidado especial durante los cambios clim\u00e1ticos, puede reponer eficazmente la humedad y los nutrientes necesarios para mantener la piel hidratada y suave.<\/p>\n\n\n\n<h3 class=\"wp-block-heading\">\u00bfPara qui\u00e9n es adecuada la loci\u00f3n corporal hidratante?<\/h3>\n\n\n\n<p>Esta loci\u00f3n corporal es adecuada para todo tipo de pieles, especialmente las secas, deshidratadas o maduras. Es ideal para consumidores que buscan ingredientes naturales y un alto efecto hidratante. Los consumidores con piel sensible tambi\u00e9n pueden beneficiarse de ella, ya que su f\u00f3rmula suave reduce la irritaci\u00f3n cut\u00e1nea.<\/p>\n\n\n\n<h3 class=\"wp-block-heading\">Proceso de producci\u00f3n de loci\u00f3n corporal humectante<\/h3>\n\n\n\n<p>Como fabricante confiable de lociones corporales humectantes, el producto adopta un proceso de extracci\u00f3n molecular microcristalina a baja temperatura, que puede retener eficazmente la eficacia original de los ingredientes activos naturales. Al mismo tiempo, tambi\u00e9n adopta la tecnolog\u00eda patentada de incrustaci\u00f3n molecular, de modo que los ingredientes humectantes se puedan absorber y penetrar m\u00e1s f\u00e1cilmente para maximizar los efectos nutritivos y reparadores. Todo el proceso de producci\u00f3n sin ning\u00fan aditivo qu\u00edmico para garantizar que el producto sea ecol\u00f3gico y seguro.<\/p>\n\n\n\n<p><\/p>","protected":false},"excerpt":{"rendered":"Moisturizing body lotion manufacturing Common Formulas Alginate has a unique molecular structure that adsorbs and locks moisture into the skin, providing powerful moisturization. It also strengthens the skin&#8217;s barrier function and improves the skin&#8217;s resistance to adversity. As a natural antioxidant, tocopherol can neutralize free radicals, repair skin damage and improve skin texture. As a [&hellip;]","protected":false},"featured_media":557,"menu_order":0,"template":"","meta":[],"product-tag":[],"products":[70],"class_list":["post-556","product","type-product","status-publish","has-post-thumbnail","hentry","products-moisturizing-lotion"],"acf":[],"_links":{"self":[{"href":"https:\/\/www.ruiqigo.com\/es\/wp-json\/wp\/v2\/product\/556","targetHints":{"allow":["GET"]}}],"collection":[{"href":"https:\/\/www.ruiqigo.com\/es\/wp-json\/wp\/v2\/product"}],"about":[{"href":"https:\/\/www.ruiqigo.com\/es\/wp-json\/wp\/v2\/types\/product"}],"version-history":[{"count":0,"href":"https:\/\/www.ruiqigo.com\/es\/wp-json\/wp\/v2\/product\/556\/revisions"}],"wp:featuredmedia":[{"embeddable":true,"href":"https:\/\/www.ruiqigo.com\/es\/wp-json\/wp\/v2\/media\/557"}],"wp:attachment":[{"href":"https:\/\/www.ruiqigo.com\/es\/wp-json\/wp\/v2\/media?parent=556"}],"wp:term":[{"taxonomy":"product-tag","embeddable":true,"href":"https:\/\/www.ruiqigo.com\/es\/wp-json\/wp\/v2\/product-tag?post=556"},{"taxonomy":"products","embeddable":true,"href":"https:\/\/www.ruiqigo.com\/es\/wp-json\/wp\/v2\/products?post=556"}],"curies":[{"name":"wp","href":"https:\/\/api.w.org\/{rel}","templated":true}]}}