{"id":561,"date":"2024-07-18T15:02:16","date_gmt":"2024-07-18T07:02:16","guid":{"rendered":"https:\/\/ruiqigo.com\/?post_type=product&#038;p=561"},"modified":"2024-11-06T14:35:11","modified_gmt":"2024-11-06T06:35:11","slug":"moisturizing-facial-lotion","status":"publish","type":"product","link":"https:\/\/www.ruiqigo.com\/es\/product\/moisturizing-facial-lotion","title":{"rendered":"Loci\u00f3n facial hidratante"},"content":{"rendered":"<h3 class=\"wp-block-heading\">F\u00f3rmulas comunes para la fabricaci\u00f3n de lociones faciales humectantes<\/h3>\n\n\n\n<p>Etilhexilglicerina: un humectante suave que fortalece la barrera natural de la piel y reduce la p\u00e9rdida de humedad. Extracto de hoja de centella asi\u00e1tica: conocido por sus poderosas propiedades restauradoras y calmantes, ayuda a minimizar el enrojecimiento y la irritaci\u00f3n. Como fabricante confiable de lociones faciales humectantes, sabemos que Agua de hamamelis de Am\u00e9rica del Norte: contiene ingredientes bot\u00e1nicos naturales que ayudan a regular la grasa de la piel y a cerrar los poros para mantener la piel fresca. Extracto de flor de camelia sinensis: rico en antioxidantes, ayuda a proteger la piel de los estresores ambientales al mismo tiempo que proporciona nutrici\u00f3n e hidrataci\u00f3n.<\/p>\n\n\n\n<h3 class=\"wp-block-heading\">Loci\u00f3n facial hidratante Escenarios aplicables<\/h3>\n\n\n\n<p>La loci\u00f3n facial humectante es adecuada para m\u00faltiples partes de su rutina de cuidado de la piel. Ya sea por la ma\u00f1ana despu\u00e9s de la limpieza o por la noche despu\u00e9s de quitar el maquillaje, proporciona una humectaci\u00f3n duradera a la piel. Tambi\u00e9n es adecuada para usar durante estaciones secas o per\u00edodos prolongados en ambientes con aire acondicionado para ayudar a proteger la piel de los efectos adversos del entorno externo.<\/p>\n\n\n\n<h3 class=\"wp-block-heading\">\u00bfPara qui\u00e9n es adecuada la loci\u00f3n facial hidratante?<\/h3>\n\n\n\n<p>Esta loci\u00f3n es adecuada para todo tipo de piel, especialmente para pieles secas, deshidratadas o sensibles. Es ideal para consumidores que buscan un cuidado de la piel natural y efectos hidratantes eficaces. Mientras tanto, para la piel que necesita un cuidado adicional y reparador, el extracto de hoja de centella asi\u00e1tica y el extracto de flor de camelia sinensis brindan un cuidado adicional.<\/p>\n\n\n\n<h3 class=\"wp-block-heading\">Proceso de producci\u00f3n de loci\u00f3n facial humectante<\/h3>\n\n\n\n<p>Durante la producci\u00f3n de nuestra loci\u00f3n facial humectante, utilizamos tecnolog\u00eda avanzada de emulsificaci\u00f3n para garantizar la estabilidad y la compatibilidad con la piel de la loci\u00f3n. Como fabricante digno de lociones faciales humectantes, al controlar con precisi\u00f3n las proporciones de los ingredientes y las condiciones de producci\u00f3n, optimizamos la textura y el efecto humectante de la emulsi\u00f3n. Adem\u00e1s, utilizamos tecnolog\u00eda de llenado as\u00e9ptico para garantizar la pureza y la seguridad de nuestros productos.<\/p>","protected":false},"excerpt":{"rendered":"Moisturizing Facial lotion manufacturing Common Formulas Ethylhexylglycerin: a gentle moisturizer that strengthens the skin&#8217;s natural barrier and reduces moisture loss. Centella Asiatica Leaf Extract: Known for its powerful restorative and soothing properties, it helps minimize redness and irritation. As a reliable Moisturizing Facial lotion manufacturer, we know that North American Witch Hazel Water: Contains natural [&hellip;]","protected":false},"featured_media":562,"menu_order":0,"template":"","meta":[],"product-tag":[],"products":[70],"class_list":["post-561","product","type-product","status-publish","has-post-thumbnail","hentry","products-moisturizing-lotion"],"acf":[],"_links":{"self":[{"href":"https:\/\/www.ruiqigo.com\/es\/wp-json\/wp\/v2\/product\/561","targetHints":{"allow":["GET"]}}],"collection":[{"href":"https:\/\/www.ruiqigo.com\/es\/wp-json\/wp\/v2\/product"}],"about":[{"href":"https:\/\/www.ruiqigo.com\/es\/wp-json\/wp\/v2\/types\/product"}],"version-history":[{"count":0,"href":"https:\/\/www.ruiqigo.com\/es\/wp-json\/wp\/v2\/product\/561\/revisions"}],"wp:featuredmedia":[{"embeddable":true,"href":"https:\/\/www.ruiqigo.com\/es\/wp-json\/wp\/v2\/media\/562"}],"wp:attachment":[{"href":"https:\/\/www.ruiqigo.com\/es\/wp-json\/wp\/v2\/media?parent=561"}],"wp:term":[{"taxonomy":"product-tag","embeddable":true,"href":"https:\/\/www.ruiqigo.com\/es\/wp-json\/wp\/v2\/product-tag?post=561"},{"taxonomy":"products","embeddable":true,"href":"https:\/\/www.ruiqigo.com\/es\/wp-json\/wp\/v2\/products?post=561"}],"curies":[{"name":"wp","href":"https:\/\/api.w.org\/{rel}","templated":true}]}}