{"id":566,"date":"2024-07-18T15:16:04","date_gmt":"2024-07-18T07:16:04","guid":{"rendered":"https:\/\/ruiqigo.com\/?post_type=product&#038;p=566"},"modified":"2024-11-06T14:05:41","modified_gmt":"2024-11-06T06:05:41","slug":"olive-oil-moisturizing-lotion","status":"publish","type":"product","link":"https:\/\/www.ruiqigo.com\/es\/product\/olive-oil-moisturizing-lotion","title":{"rendered":"Loci\u00f3n hidratante de aceite de oliva"},"content":{"rendered":"<h3 class=\"wp-block-heading\">F\u00f3rmulas comunes para la fabricaci\u00f3n de lociones hidratantes a base de aceite de oliva<\/h3>\n\n\n\n<p>Los ingredientes activos de la loci\u00f3n hidratante con aceite de oliva incluyen principalmente extracto de aceite de oliva, \u00e1cido hialur\u00f3nico y factor hidratante. El extracto de aceite de oliva es rico en \u00e1cidos grasos insaturados como el \u00e1cido oleico, que ayuda a reducir el colesterol, protege la salud del coraz\u00f3n y tiene propiedades antioxidantes. Como fabricante l\u00edder de lociones hidratantes con aceite de oliva, sabemos que el \u00e1cido hialur\u00f3nico es un ingrediente hidratante superior, que contiene m\u00e1s de 500 veces su propio peso en agua para hidratar profundamente la piel. Adem\u00e1s, el factor hidratante ayuda a la piel a retener la humedad y mantiene la hidrataci\u00f3n de la piel.<\/p>\n\n\n\n<h3 class=\"wp-block-heading\">Loci\u00f3n hidratante de aceite de oliva Escenarios aplicables<\/h3>\n\n\n\n<p>La loci\u00f3n hidratante con aceite de oliva es adecuada para una amplia gama de situaciones, incluido el cuidado diario de la piel, los entornos secos, las habitaciones con aire acondicionado y despu\u00e9s de las actividades al aire libre. Es especialmente adecuada para personas que suelen estar en entornos secos. Utilizada dos veces por semana, ayuda a la piel a combatir mejor los entornos secos, mejora la sequedad y los poros dilatados causados por la exposici\u00f3n al sol y mantiene la piel fresca e hidratada.<\/p>\n\n\n\n<h3 class=\"wp-block-heading\">\u00bfPara qui\u00e9n es adecuada la loci\u00f3n hidratante con aceite de oliva?<\/h3>\n\n\n\n<p>La loci\u00f3n hidratante de aceite de oliva es adecuada para todo tipo de personas, especialmente para aquellas que necesitan una piel extra hidratada y nutritiva. Es adecuada para beb\u00e9s, mujeres embarazadas y madres lactantes porque los nutrientes del aceite de oliva son similares a los de la leche materna, que se absorben f\u00e1cilmente y promueven el crecimiento y el desarrollo de los nervios y los huesos de los beb\u00e9s. Tambi\u00e9n es adecuado para mujeres amantes de la belleza porque contiene sustancias antioxidantes que pueden eliminar las arrugas faciales y prevenir el envejecimiento de la piel. Adem\u00e1s, para pacientes con enfermedades cardiovasculares y cerebrovasculares, diabetes, gastritis y pacientes con \u00falcera g\u00e1strica, as\u00ed como personas con problemas de salud, la loci\u00f3n hidratante de aceite de oliva puede proporcionar un cuidado de la piel adecuado y efectos de cuidado de la salud.<\/p>\n\n\n\n<h3 class=\"wp-block-heading\">Proceso de producci\u00f3n de loci\u00f3n hidratante de aceite de oliva<\/h3>\n\n\n\n<p>La loci\u00f3n humectante de aceite de oliva adopta una tecnolog\u00eda de extracci\u00f3n de alta tecnolog\u00eda \u00fanica y un equipo de emulsi\u00f3n profesional importado original. Durante el proceso de producci\u00f3n, se presta especial atenci\u00f3n a mantener los nutrientes naturales del aceite de oliva sin calentar ni tratar con productos qu\u00edmicos para garantizar que el extracto de aceite de oliva en el producto mantenga su actividad natural. Adem\u00e1s, como fabricante l\u00edder de lociones humectantes de aceite de oliva, los productos han sido aprobados por dermat\u00f3logos y se han sometido a pruebas de mercado durante el proceso de investigaci\u00f3n y desarrollo para garantizar su seguridad y eficacia.<\/p>","protected":false},"excerpt":{"rendered":"Olive oil moisturizing lotion manufacturing Common Formulas The active ingredients of Olive Oil Moisturizing Lotion mainly include Olive Oil Extract, Hyaluronic Acid and Moisturizing Factor. Olive Oil Extract is rich in unsaturated fatty acids such as Oleic Acid, which helps lower cholesterol, protects heart health and has antioxidant properties. As a leading Olive oil moisturizing [&hellip;]","protected":false},"featured_media":567,"menu_order":0,"template":"","meta":[],"product-tag":[],"products":[70],"class_list":["post-566","product","type-product","status-publish","has-post-thumbnail","hentry","products-moisturizing-lotion"],"acf":[],"_links":{"self":[{"href":"https:\/\/www.ruiqigo.com\/es\/wp-json\/wp\/v2\/product\/566","targetHints":{"allow":["GET"]}}],"collection":[{"href":"https:\/\/www.ruiqigo.com\/es\/wp-json\/wp\/v2\/product"}],"about":[{"href":"https:\/\/www.ruiqigo.com\/es\/wp-json\/wp\/v2\/types\/product"}],"version-history":[{"count":0,"href":"https:\/\/www.ruiqigo.com\/es\/wp-json\/wp\/v2\/product\/566\/revisions"}],"wp:featuredmedia":[{"embeddable":true,"href":"https:\/\/www.ruiqigo.com\/es\/wp-json\/wp\/v2\/media\/567"}],"wp:attachment":[{"href":"https:\/\/www.ruiqigo.com\/es\/wp-json\/wp\/v2\/media?parent=566"}],"wp:term":[{"taxonomy":"product-tag","embeddable":true,"href":"https:\/\/www.ruiqigo.com\/es\/wp-json\/wp\/v2\/product-tag?post=566"},{"taxonomy":"products","embeddable":true,"href":"https:\/\/www.ruiqigo.com\/es\/wp-json\/wp\/v2\/products?post=566"}],"curies":[{"name":"wp","href":"https:\/\/api.w.org\/{rel}","templated":true}]}}