{"id":571,"date":"2024-07-18T15:56:32","date_gmt":"2024-07-18T07:56:32","guid":{"rendered":"https:\/\/ruiqigo.com\/?post_type=product&#038;p=571"},"modified":"2024-11-15T17:00:29","modified_gmt":"2024-11-15T09:00:29","slug":"marula-facial-oil","status":"publish","type":"product","link":"https:\/\/www.ruiqigo.com\/es\/product\/marula-facial-oil","title":{"rendered":"Aceite facial de marula"},"content":{"rendered":"<h2 class=\"wp-block-heading\">F\u00f3rmulas habituales para la fabricaci\u00f3n de aceite facial de marula<\/h2>\n\n\n\n<p>El aceite de semilla de nuez dura de Burr es rico en antioxidantes y \u00e1cidos grasos esenciales, este aceite nutre profundamente la piel y mejora su elasticidad y capacidad humectante. Aceite de semilla de jojoba: un excelente humectante, el aceite de semilla de jojoba penetra r\u00e1pidamente en la piel para reducir la sequedad y la aspereza mientras regula el equilibrio de aceite de la piel. Como fabricante l\u00edder de aceite facial de Marula, sabemos que el \u00e9ster de entaeritritol act\u00faa como un emulsionante suave para ayudar a retener la humedad y mejorar la funci\u00f3n de barrera de la piel.<\/p>\n\n\n\n<h2 class=\"wp-block-heading\">Escenarios de aplicaci\u00f3n del aceite facial de marula<\/h2>\n\n\n\n<p>El aceite facial de marula es adecuado para m\u00faltiples aspectos de su rutina de cuidado de la piel. Ya sea por la ma\u00f1ana despu\u00e9s de la limpieza o por la noche despu\u00e9s de retirar el maquillaje, proporciona una hidrataci\u00f3n duradera a la piel. Tambi\u00e9n es adecuado para usar durante las estaciones secas o durante largos per\u00edodos de tiempo en ambientes con aire acondicionado para ayudar a proteger la piel de los efectos adversos del entorno externo.<\/p>\n\n\n\n<h2 class=\"wp-block-heading\">\u00bfPara qui\u00e9n es adecuado el aceite facial de Marula?<\/h2>\n\n\n\n<p>Este aceite facial es adecuado para todo tipo de piel, especialmente para pieles secas, deshidratadas o sensibles. El aceite facial de marula es ideal para consumidores que buscan ingredientes naturales y efectos hidratantes eficientes. Es especialmente adecuado para quienes necesitan mejorar la piel seca, \u00e1spera o madura.<\/p>\n\n\n\n<h2 class=\"wp-block-heading\">Proceso de producci\u00f3n del aceite facial de marula<\/h2>\n\n\n\n<p>En la producci\u00f3n de aceite facial de marula, utilizamos tecnolog\u00eda avanzada de prensado en fr\u00edo para extraer aceite de semilla de nuez dura y aceite de semilla de jojoba para preservar sus nutrientes naturales. Al controlar con precisi\u00f3n el proceso de emulsi\u00f3n y las condiciones de producci\u00f3n, garantizamos que los aceites faciales sean estables y amigables con la piel. Adem\u00e1s, utilizamos tecnolog\u00eda de llenado as\u00e9ptico para garantizar la pureza y seguridad de nuestros productos. Como fabricante profesional de aceite facial de marula, todo el proceso de producci\u00f3n sigue estrictos est\u00e1ndares de control de calidad para garantizar que cada botella de aceite facial brinde una humectaci\u00f3n efectiva y un cuidado suave.<\/p>","protected":false},"excerpt":{"rendered":"Marula facial oil manufacturing common formulas Burr&#8217;s Hard Walnut Seed Oil is rich in antioxidants and essential fatty acids, this oil deeply nourishes the skin and improves its elasticity and moisturizing ability. Jojoba Seed Oil: An excellent moisturizer, Jojoba Seed Oil quickly penetrates the skin to reduce dryness and roughness while regulating the skin&#8217;s oil [&hellip;]","protected":false},"featured_media":572,"menu_order":0,"template":"","meta":[],"product-tag":[],"products":[62],"class_list":["post-571","product","type-product","status-publish","has-post-thumbnail","hentry","products-facial-oil"],"acf":[],"_links":{"self":[{"href":"https:\/\/www.ruiqigo.com\/es\/wp-json\/wp\/v2\/product\/571","targetHints":{"allow":["GET"]}}],"collection":[{"href":"https:\/\/www.ruiqigo.com\/es\/wp-json\/wp\/v2\/product"}],"about":[{"href":"https:\/\/www.ruiqigo.com\/es\/wp-json\/wp\/v2\/types\/product"}],"version-history":[{"count":0,"href":"https:\/\/www.ruiqigo.com\/es\/wp-json\/wp\/v2\/product\/571\/revisions"}],"wp:featuredmedia":[{"embeddable":true,"href":"https:\/\/www.ruiqigo.com\/es\/wp-json\/wp\/v2\/media\/572"}],"wp:attachment":[{"href":"https:\/\/www.ruiqigo.com\/es\/wp-json\/wp\/v2\/media?parent=571"}],"wp:term":[{"taxonomy":"product-tag","embeddable":true,"href":"https:\/\/www.ruiqigo.com\/es\/wp-json\/wp\/v2\/product-tag?post=571"},{"taxonomy":"products","embeddable":true,"href":"https:\/\/www.ruiqigo.com\/es\/wp-json\/wp\/v2\/products?post=571"}],"curies":[{"name":"wp","href":"https:\/\/api.w.org\/{rel}","templated":true}]}}