{"id":576,"date":"2024-07-18T16:27:29","date_gmt":"2024-07-18T08:27:29","guid":{"rendered":"https:\/\/ruiqigo.com\/?post_type=product&#038;p=576"},"modified":"2024-11-15T16:59:41","modified_gmt":"2024-11-15T08:59:41","slug":"coconut-facial-oil","status":"publish","type":"product","link":"https:\/\/www.ruiqigo.com\/es\/product\/coconut-facial-oil","title":{"rendered":"Aceite facial de coco"},"content":{"rendered":"<h2 class=\"wp-block-heading\">F\u00f3rmulas habituales para la elaboraci\u00f3n de aceite facial de coco<\/h2>\n\n\n\n<p>El aceite de coco, derivado de la fruta tropical del coco, es rico en una variedad de vitaminas y minerales, tiene un buen efecto hidratante y restaurador, puede nutrir profundamente la piel, mejorar la funci\u00f3n de barrera de la piel. El aceite de semilla de jojoba, extra\u00eddo de la planta de jojoba, su estructura molecular es similar al sebo humano, f\u00e1cil de absorber por la piel, regulando eficazmente el equilibrio agua-aceite de la piel, para aliviar la sequedad y la aspereza. Como fabricante l\u00edder de aceite facial de coco, el tetr\u00e1mero de pentaeritritol, un aceite natural de alta calidad, tiene buenas propiedades hidratantes, puede retener la humedad de la piel, prevenir la p\u00e9rdida de agua.<\/p>\n\n\n\n<h2 class=\"wp-block-heading\">Escenarios de aplicaci\u00f3n del aceite facial de coco<\/h2>\n\n\n\n<p>El aceite facial de coco es adecuado para una variedad de situaciones, como el cuidado diario de la piel y el cuidado especial. Aplique el aceite facial de coco por la ma\u00f1ana despu\u00e9s de despertarse para energizar la piel y comenzar el d\u00eda; \u00faselo por la noche antes de acostarse para ayudar a la piel a reparar las c\u00e9lulas da\u00f1adas y mejorar la capacidad de autocuraci\u00f3n de la piel. Adem\u00e1s, durante la temporada seca y fr\u00eda, el aceite facial de coco proporciona nutrici\u00f3n adicional a la piel, evitando la sequedad y el agrietamiento.<\/p>\n\n\n\n<h2 class=\"wp-block-heading\">\u00bfPara qui\u00e9n es adecuado el aceite facial de coco?<\/h2>\n\n\n\n<p>El aceite facial de coco es adecuado para todo tipo de piel, especialmente para pieles secas, deshidratadas y sensibles. El aceite facial de coco es una opci\u00f3n ideal para el cuidado de la piel para los consumidores que buscan productos naturales para el cuidado de la piel. Es seguro para mujeres embarazadas y lactantes y ni\u00f1os.<\/p>\n\n\n\n<h2 class=\"wp-block-heading\">Proceso de producci\u00f3n del aceite facial de coco<\/h2>\n\n\n\n<p>Para garantizar la calidad del aceite facial de coco, utilizamos un proceso \u00fanico de prensado en fr\u00edo que maximiza la retenci\u00f3n de los ingredientes activos del aceite de coco, el aceite de semilla de jojoba y el tetra-pentaeritritol. Durante el proceso de producci\u00f3n, seguimos estrictamente los est\u00e1ndares de operaci\u00f3n as\u00e9ptica y no contaminante para garantizar la seguridad y la eficacia de nuestros productos. Adem\u00e1s, como fabricante profesional de aceite facial de coco, utilizamos tecnolog\u00eda avanzada de destilaci\u00f3n molecular para eliminar las impurezas, lo que hace que el producto sea m\u00e1s puro y m\u00e1s f\u00e1cil de absorber para la piel. A trav\u00e9s de una serie de delicados procesos de producci\u00f3n, le ofrecemos este aceite facial de coco natural, suave y eficaz.<\/p>","protected":false},"excerpt":{"rendered":"Coconut facial oil manufacturing common formulas Coconut oil, derived from the tropical coconut fruit, is rich in a variety of vitamins and minerals, has a good moisturizing and restorative effect, can deeply nourish the skin, enhance the skin barrier function. Jojoba seed oil, extracted from the jojoba plant, its molecular structure is similar to human [&hellip;]","protected":false},"featured_media":577,"menu_order":0,"template":"","meta":[],"product-tag":[],"products":[62],"class_list":["post-576","product","type-product","status-publish","has-post-thumbnail","hentry","products-facial-oil"],"acf":[],"_links":{"self":[{"href":"https:\/\/www.ruiqigo.com\/es\/wp-json\/wp\/v2\/product\/576","targetHints":{"allow":["GET"]}}],"collection":[{"href":"https:\/\/www.ruiqigo.com\/es\/wp-json\/wp\/v2\/product"}],"about":[{"href":"https:\/\/www.ruiqigo.com\/es\/wp-json\/wp\/v2\/types\/product"}],"version-history":[{"count":0,"href":"https:\/\/www.ruiqigo.com\/es\/wp-json\/wp\/v2\/product\/576\/revisions"}],"wp:featuredmedia":[{"embeddable":true,"href":"https:\/\/www.ruiqigo.com\/es\/wp-json\/wp\/v2\/media\/577"}],"wp:attachment":[{"href":"https:\/\/www.ruiqigo.com\/es\/wp-json\/wp\/v2\/media?parent=576"}],"wp:term":[{"taxonomy":"product-tag","embeddable":true,"href":"https:\/\/www.ruiqigo.com\/es\/wp-json\/wp\/v2\/product-tag?post=576"},{"taxonomy":"products","embeddable":true,"href":"https:\/\/www.ruiqigo.com\/es\/wp-json\/wp\/v2\/products?post=576"}],"curies":[{"name":"wp","href":"https:\/\/api.w.org\/{rel}","templated":true}]}}