{"id":581,"date":"2024-07-19T09:37:08","date_gmt":"2024-07-19T01:37:08","guid":{"rendered":"https:\/\/ruiqigo.com\/?post_type=product&#038;p=581"},"modified":"2024-11-15T16:59:03","modified_gmt":"2024-11-15T08:59:03","slug":"vitamin-e-facial-oil","status":"publish","type":"product","link":"https:\/\/www.ruiqigo.com\/es\/product\/vitamin-e-facial-oil","title":{"rendered":"Aceite facial con vitamina E"},"content":{"rendered":"<h2 class=\"wp-block-heading\">F\u00f3rmulas comunes para la fabricaci\u00f3n de aceite facial con vitamina E<\/h2>\n\n\n\n<p>La vitamina E, conocida como la \u201cvitamina antienvejecimiento\u201d, es un poderoso antioxidante que neutraliza los radicales libres, protege la piel de las agresiones medioambientales y ralentiza el proceso de envejecimiento. La vitamina E tambi\u00e9n favorece la circulaci\u00f3n sangu\u00ednea y mejora la capacidad de la piel para repararse a s\u00ed misma. Como fabricante l\u00edder de aceite facial con vitamina E, sabemos que el aceite de semilla de jojoba, un aceite vegetal natural de la planta de jojoba, tiene una estructura molecular similar al sebo humano, que se absorbe f\u00e1cilmente por la piel y puede nutrir profundamente la piel, mantener el equilibrio agua-aceite de la piel y reducir la sequedad y las l\u00edneas finas.<\/p>\n\n\n\n<h2 class=\"wp-block-heading\">Escenarios de aplicaci\u00f3n del aceite facial con vitamina E<\/h2>\n\n\n\n<p>El aceite facial con vitamina E es adecuado para una amplia gama de situaciones de cuidado de la piel, ya sea para el mantenimiento diario o para tratamientos especiales. \u00daselo por la ma\u00f1ana para brindarle a su piel la nutrici\u00f3n y protecci\u00f3n que necesita durante todo el d\u00eda; \u00faselo por la noche para ayudar a su piel a repararse por la noche y mejorar su capacidad regenerativa. Durante la estaci\u00f3n seca o en habitaciones con aire acondicionado, el aceite facial con vitamina E alivia eficazmente la piel seca y la mantiene hidratada.<\/p>\n\n\n\n<h2 class=\"wp-block-heading\">\u00bfPara qui\u00e9n es adecuado el aceite facial con vitamina E?<\/h2>\n\n\n\n<p>El aceite facial con vitamina E es adecuado para todo tipo de piel, especialmente para pieles maduras, pieles secas y consumidores que necesitan un cuidado antienvejecimiento. Para las personas que suelen trasnochar, llevan una vida estresante y tienen problemas de piel, el aceite facial con vitamina E puede proporcionar la nutrici\u00f3n y la reparaci\u00f3n necesarias para ayudar a mejorar las condiciones de la piel.<\/p>\n\n\n\n<h2 class=\"wp-block-heading\">Proceso de producci\u00f3n del aceite facial con vitamina E<\/h2>\n\n\n\n<p>Como fabricante l\u00edder de aceite facial con vitamina E, para garantizar la calidad del producto, utilizamos una tecnolog\u00eda \u00fanica de extracci\u00f3n por prensado en fr\u00edo a baja temperatura para maximizar la retenci\u00f3n de los ingredientes activos de la vitamina E y el aceite de semilla de jojoba. Durante el proceso de producci\u00f3n, controlamos estrictamente la temperatura y la presi\u00f3n para evitar que las altas temperaturas destruyan los ingredientes activos. Al mismo tiempo, seguimos est\u00e1ndares de producci\u00f3n as\u00e9ptica para garantizar la pureza y seguridad de nuestros productos.<\/p>\n\n\n\n<p><\/p>","protected":false},"excerpt":{"rendered":"Vitamin E facial oil manufacturing common formulas Vitamin E, known as the \u201canti-aging vitamin\u201d, is a powerful antioxidant that neutralizes free radicals, protects the skin from environmental aggressions and slows down the aging process. Vitamin E also promotes blood circulation and enhances the skin&#8217;s ability to repair itself. As a leading Vitamin E facial oil [&hellip;]","protected":false},"featured_media":583,"menu_order":0,"template":"","meta":[],"product-tag":[],"products":[62],"class_list":["post-581","product","type-product","status-publish","has-post-thumbnail","hentry","products-facial-oil"],"acf":[],"_links":{"self":[{"href":"https:\/\/www.ruiqigo.com\/es\/wp-json\/wp\/v2\/product\/581","targetHints":{"allow":["GET"]}}],"collection":[{"href":"https:\/\/www.ruiqigo.com\/es\/wp-json\/wp\/v2\/product"}],"about":[{"href":"https:\/\/www.ruiqigo.com\/es\/wp-json\/wp\/v2\/types\/product"}],"version-history":[{"count":0,"href":"https:\/\/www.ruiqigo.com\/es\/wp-json\/wp\/v2\/product\/581\/revisions"}],"wp:featuredmedia":[{"embeddable":true,"href":"https:\/\/www.ruiqigo.com\/es\/wp-json\/wp\/v2\/media\/583"}],"wp:attachment":[{"href":"https:\/\/www.ruiqigo.com\/es\/wp-json\/wp\/v2\/media?parent=581"}],"wp:term":[{"taxonomy":"product-tag","embeddable":true,"href":"https:\/\/www.ruiqigo.com\/es\/wp-json\/wp\/v2\/product-tag?post=581"},{"taxonomy":"products","embeddable":true,"href":"https:\/\/www.ruiqigo.com\/es\/wp-json\/wp\/v2\/products?post=581"}],"curies":[{"name":"wp","href":"https:\/\/api.w.org\/{rel}","templated":true}]}}