{"id":582,"date":"2024-07-19T09:46:05","date_gmt":"2024-07-19T01:46:05","guid":{"rendered":"https:\/\/ruiqigo.com\/?post_type=product&#038;p=582"},"modified":"2024-11-15T16:58:31","modified_gmt":"2024-11-15T08:58:31","slug":"squalane-facial-oil","status":"publish","type":"product","link":"https:\/\/www.ruiqigo.com\/es\/product\/squalane-facial-oil","title":{"rendered":"Aceite facial de escualano"},"content":{"rendered":"<h2 class=\"wp-block-heading\">F\u00f3rmulas habituales para la fabricaci\u00f3n de aceite facial a base de escualano<\/h2>\n\n\n\n<p>El escualano, un ingrediente natural extra\u00eddo del h\u00edgado de tiburones de aguas profundas, tiene una estructura molecular similar a la del sebo humano, que es r\u00e1pidamente absorbido por la piel para formar una pel\u00edcula protectora que retiene eficazmente la humedad y evita la p\u00e9rdida de agua, al mismo tiempo que repara las barreras cut\u00e1neas da\u00f1adas y mejora la capacidad de autoprotecci\u00f3n de la piel. Como fabricante l\u00edder de aceite facial con escualano, sabemos que el aceite de semilla de jojoba, un aceite vegetal natural derivado de la planta de jojoba, es rico en vitaminas y minerales, que pueden nutrir profundamente la piel, mantener el equilibrio agua-aceite de la piel y reducir la sequedad y las l\u00edneas finas.<\/p>\n\n\n\n<h2 class=\"wp-block-heading\">Escenarios de aplicaci\u00f3n del aceite facial de escualano<\/h2>\n\n\n\n<p>El aceite facial de escualano es adecuado para una amplia gama de situaciones de cuidado de la piel, tanto para el mantenimiento diario como para tratamientos especiales. En las estaciones secas de oto\u00f1o e invierno, el aceite facial de escualano puede proporcionar nutrici\u00f3n adicional a la piel para prevenir la sequedad y la descamaci\u00f3n; en los meses calurosos y h\u00famedos del verano, puede ayudar a retener la humedad en la piel y mantenerla fresca. Adem\u00e1s, tambi\u00e9n es un aceite de base ideal antes de aplicar el maquillaje para lograr un aspecto m\u00e1s favorecedor y natural.<\/p>\n\n\n\n<h2 class=\"wp-block-heading\">\u00bfPara qui\u00e9n es adecuado el aceite facial de escualano?<\/h2>\n\n\n\n<p>El aceite facial de escualano es adecuado para todo tipo de piel, especialmente para pieles secas, sensibles y maduras. Para las personas que a menudo se enfrentan a las computadoras, viven una vida estresante y tienen problemas de piel, el aceite facial de escualano puede brindar nutrici\u00f3n y reparaci\u00f3n profundas para ayudar a mejorar las condiciones de la piel y restaurar su salud.<\/p>\n\n\n\n<h2 class=\"wp-block-heading\">Proceso de producci\u00f3n del aceite facial de escualano<\/h2>\n\n\n\n<p>Para garantizar la calidad del producto del aceite facial de escualano, adoptamos una tecnolog\u00eda de extracci\u00f3n avanzada y un proceso de producci\u00f3n \u00fanico. En primer lugar, extraemos el escualano mediante tecnolog\u00eda de destilaci\u00f3n molecular para garantizar su pureza y actividad; en segundo lugar, mezclamos el escualano y el aceite de semilla de jojoba a baja temperatura para evitar que las altas temperaturas destruyan los ingredientes activos; en tercer lugar, como fabricante l\u00edder de aceite facial de escualano, seguimos el est\u00e1ndar de producci\u00f3n as\u00e9ptica para garantizar la seguridad del producto sin contaminaci\u00f3n; y, por \u00faltimo, utilizamos un proceso de filtraci\u00f3n fina para eliminar las impurezas, por lo que el producto es m\u00e1s delicado y f\u00e1cil de absorber por la piel.<\/p>","protected":false},"excerpt":{"rendered":"Squalane facial oil manufacturing common formulas Squalane, a natural ingredient extracted from the liver of deep-sea sharks, has a molecular structure similar to that of human sebum, which is quickly absorbed by the skin to form a protective film that effectively locks in moisture and prevents water loss, while repairing damaged skin barriers and enhancing [&hellip;]","protected":false},"featured_media":587,"menu_order":0,"template":"","meta":[],"product-tag":[],"products":[62],"class_list":["post-582","product","type-product","status-publish","has-post-thumbnail","hentry","products-facial-oil"],"acf":[],"_links":{"self":[{"href":"https:\/\/www.ruiqigo.com\/es\/wp-json\/wp\/v2\/product\/582","targetHints":{"allow":["GET"]}}],"collection":[{"href":"https:\/\/www.ruiqigo.com\/es\/wp-json\/wp\/v2\/product"}],"about":[{"href":"https:\/\/www.ruiqigo.com\/es\/wp-json\/wp\/v2\/types\/product"}],"version-history":[{"count":0,"href":"https:\/\/www.ruiqigo.com\/es\/wp-json\/wp\/v2\/product\/582\/revisions"}],"wp:featuredmedia":[{"embeddable":true,"href":"https:\/\/www.ruiqigo.com\/es\/wp-json\/wp\/v2\/media\/587"}],"wp:attachment":[{"href":"https:\/\/www.ruiqigo.com\/es\/wp-json\/wp\/v2\/media?parent=582"}],"wp:term":[{"taxonomy":"product-tag","embeddable":true,"href":"https:\/\/www.ruiqigo.com\/es\/wp-json\/wp\/v2\/product-tag?post=582"},{"taxonomy":"products","embeddable":true,"href":"https:\/\/www.ruiqigo.com\/es\/wp-json\/wp\/v2\/products?post=582"}],"curies":[{"name":"wp","href":"https:\/\/api.w.org\/{rel}","templated":true}]}}