{"id":591,"date":"2024-07-23T17:48:12","date_gmt":"2024-07-23T09:48:12","guid":{"rendered":"https:\/\/ruiqigo.com\/?post_type=product&#038;p=591"},"modified":"2024-10-31T17:03:51","modified_gmt":"2024-10-31T09:03:51","slug":"hydroxyapatite-toothpaste","status":"publish","type":"product","link":"https:\/\/www.ruiqigo.com\/es\/product\/hydroxyapatite-toothpaste","title":{"rendered":"Pasta de dientes con hidroxiapatita"},"content":{"rendered":"<h2 class=\"wp-block-heading\">F\u00f3rmulas habituales para la fabricaci\u00f3n de pasta de dientes con hidroxiapatita<\/h2>\n\n\n\n<p><strong>Hidroxiapatita<\/strong>El ingrediente principal de la pasta de dientes con hidroxiapatita es un mineral biol\u00f3gicamente activo que puede mejorar eficazmente la dureza del esmalte dental y mejorar la resistencia de los dientes a la corrosi\u00f3n \u00e1cida y alcalina. Como fabricante l\u00edder de pasta de dientes con hidroxiapatita, entendemos la importancia de este ingrediente para promover la salud bucal. La hidroxiapatita no solo fortalece el esmalte, sino que tambi\u00e9n exhibe excelentes propiedades de adsorci\u00f3n, lo que le permite penetrar profundamente en las grietas de los dientes para eliminar la placa y prevenir las enfermedades periodontales.<\/p>\n\n\n\n<p>Cuando se combina con s\u00edlice hidratada, la hidroxiapatita forma una espuma delicada que limpia suavemente los dientes a la vez que cuida tanto los dientes como los tejidos blandos sensibles de la cavidad bucal. Nuestras f\u00f3rmulas garantizan una eficacia \u00f3ptima al utilizar hidroxiapatita de alta calidad, lo que hace que nuestros productos se destaquen en el mercado.<\/p>\n\n\n\n<p>Como fabricante confiable de pasta dental con hidroxiapatita, nos comprometemos a desarrollar f\u00f3rmulas innovadoras y efectivas que promuevan la salud y la higiene dental. Ya sea para uso diario o para tratar problemas dentales espec\u00edficos, nuestros productos de pasta dental con hidroxiapatita brindan propiedades protectoras y de limpieza excepcionales.<\/p>\n\n\n\n<p><\/p>\n\n\n\n<h2 class=\"wp-block-heading\">Escenarios aplicables de la pasta de dientes con hidroxiapatita<\/h2>\n\n\n\n<p>La pasta de dientes con hidroxiapatita es adecuada para el cuidado bucal diario, puede prevenir eficazmente el desgaste de los dientes, el sangrado de las enc\u00edas, la periodontitis y otros problemas bucales. <\/p>\n\n\n\n<p>Despu\u00e9s de despertarse por la ma\u00f1ana, despu\u00e9s de las comidas, antes de acostarse, puede utilizar este producto para la limpieza bucal. <\/p>\n\n\n\n<p>Al mismo tiempo, el producto adopta un sabor vegetal natural, adecuado para la oficina, la escuela, la familia y otras escenas, para que pueda mantener un aliento fresco y una sonrisa segura en cualquier momento y en cualquier lugar.<\/p>\n\n\n\n<p><\/p>\n\n\n\n<h2 class=\"wp-block-heading\">\u00bfPara qui\u00e9n es adecuada la pasta de dientes con hidroxiapatita?<\/h2>\n\n\n\n<p>La pasta de dientes con hidroxiapatita es adecuada para personas de todas las edades, especialmente para las siguientes categor\u00edas de personas: <\/p>\n\n\n\n<p>1. personas que padecen problemas bucales, como sensibilidad dental, sangrado de enc\u00edas, mal olor bucal, etc.; <\/p>\n\n\n\n<p>2. fumadores, amantes del caf\u00e9, la necesidad de cuidar especialmente los dientes de la multitud; <\/p>\n\n\n\n<p>3. ni\u00f1os y adolescentes, la prevenci\u00f3n de la caries dental, y desde la infancia formar buenos h\u00e1bitos bucodentales; <\/p>\n\n\n\n<p>4. Las personas que aman la belleza de la b\u00fasqueda de la salud, el aliento fresco, muestran una sonrisa segura.<\/p>\n\n\n\n<p><\/p>\n\n\n\n<h2 class=\"wp-block-heading\">Proceso de producci\u00f3n de pasta de dientes con hidroxiapatita<\/h2>\n\n\n\n<p>Para garantizar la calidad de la pasta de dientes de hidroxiapatita, adoptamos el siguiente proceso de producci\u00f3n especial: <\/p>\n\n\n\n<p>1. Selecci\u00f3n estricta de las materias primas para garantizar una alta pureza y actividad de la hidroxiapatita; <\/p>\n\n\n\n<p>2. dosificaci\u00f3n precisa, de modo que los ingredientes activos puedan ejercer plenamente sus funciones; <\/p>\n\n\n\n<p>3. Mezcla de alta velocidad, de modo que la hidroxiapatita y la s\u00edlice hidratada se fusionen completamente para mejorar el efecto de limpieza; <\/p>\n\n\n\n<p>4. llenado as\u00e9ptico, para garantizar que el producto sea seguro e higi\u00e9nico; <\/p>\n\n\n\n<p>Todo el proceso de control de calidad garantiza que cada pasta de dientes cumpla con el est\u00e1ndar nacional.<\/p>","protected":false},"excerpt":{"rendered":"Hydroxyapatite Toothpaste Manufacturing Common Formulas Hydroxyapatite, the core ingredient of Hydroxyapatite Toothpaste, is a biologically active mineral that can effectively enhance the hardness of tooth enamel and improve the resistance of teeth to acid and alkali corrosion. As a leading Hydroxyapatite Toothpaste manufacturer, we understand the significance of this ingredient in promoting oral health. Hydroxyapatite [&hellip;]","protected":false},"featured_media":596,"menu_order":0,"template":"","meta":[],"product-tag":[],"products":[71],"class_list":["post-591","product","type-product","status-publish","has-post-thumbnail","hentry","products-toothpaste"],"acf":[],"_links":{"self":[{"href":"https:\/\/www.ruiqigo.com\/es\/wp-json\/wp\/v2\/product\/591","targetHints":{"allow":["GET"]}}],"collection":[{"href":"https:\/\/www.ruiqigo.com\/es\/wp-json\/wp\/v2\/product"}],"about":[{"href":"https:\/\/www.ruiqigo.com\/es\/wp-json\/wp\/v2\/types\/product"}],"version-history":[{"count":0,"href":"https:\/\/www.ruiqigo.com\/es\/wp-json\/wp\/v2\/product\/591\/revisions"}],"wp:featuredmedia":[{"embeddable":true,"href":"https:\/\/www.ruiqigo.com\/es\/wp-json\/wp\/v2\/media\/596"}],"wp:attachment":[{"href":"https:\/\/www.ruiqigo.com\/es\/wp-json\/wp\/v2\/media?parent=591"}],"wp:term":[{"taxonomy":"product-tag","embeddable":true,"href":"https:\/\/www.ruiqigo.com\/es\/wp-json\/wp\/v2\/product-tag?post=591"},{"taxonomy":"products","embeddable":true,"href":"https:\/\/www.ruiqigo.com\/es\/wp-json\/wp\/v2\/products?post=591"}],"curies":[{"name":"wp","href":"https:\/\/api.w.org\/{rel}","templated":true}]}}