{"id":594,"date":"2024-07-24T16:45:46","date_gmt":"2024-07-24T08:45:46","guid":{"rendered":"https:\/\/ruiqigo.com\/?post_type=product&#038;p=594"},"modified":"2024-11-01T10:33:46","modified_gmt":"2024-11-01T02:33:46","slug":"xylitol-toothpaste","status":"publish","type":"product","link":"https:\/\/www.ruiqigo.com\/es\/product\/xylitol-toothpaste","title":{"rendered":"Pasta de dientes con xilitol"},"content":{"rendered":"<h2 class=\"wp-block-heading\">F\u00f3rmulas habituales en la fabricaci\u00f3n de pasta de dientes con xilitol<\/h2>\n\n\n\n<p>El xilitol, el ingrediente principal de la pasta de dientes con xilitol, es un edulcorante natural con propiedades anticaries. El xilitol puede inhibir el crecimiento de las bacterias que provocan caries en la cavidad bucal y reducir la formaci\u00f3n de placa, reduciendo as\u00ed la incidencia de la caries dental. Al mismo tiempo, el xilitol tambi\u00e9n puede proporcionar un sabor fresco, mejorar el entorno bucal y cuidar la salud dental.<\/p>\n\n\n\n<h2 class=\"wp-block-heading\">Escenarios de aplicaci\u00f3n de la pasta de dientes con xilitol<\/h2>\n\n\n\n<p>La pasta de dientes con xilitol es adecuada para el cuidado bucal diario, especialmente en las siguientes situaciones: despu\u00e9s de despertarse por la ma\u00f1ana, ayuda a eliminar el olor bucal y restaurar el aliento fresco; despu\u00e9s de las comidas, limpia eficazmente los restos de comida y protege los dientes; antes de acostarse, proporciona una protecci\u00f3n completa durante la noche para los dientes y previene las caries nocturnas.<\/p>\n\n\n\n<h2 class=\"wp-block-heading\">\u00bfPara qui\u00e9n es adecuada la pasta de dientes con xilitol?<\/h2>\n\n\n\n<p>La pasta de dientes con xilitol es adecuada para una amplia gama de personas, especialmente recomendada para los siguientes consumidores: <\/p>\n\n\n\n<p>1. ni\u00f1os, adolescentes y adultos, para prevenir la caries dental y mantener la salud bucal; <\/p>\n\n\n\n<p>2. Los pacientes diab\u00e9ticos, debido al alto riesgo de enfermedad periodontal, necesitan prestar especial atenci\u00f3n al cuidado de la salud bucal; <\/p>\n\n\n\n<p>3. Sensibilidad bucal, es necesario limpiarla con suavidad; <\/p>\n\n\n\n<p>4. Al igual que los consumidores de pasta de dientes dulce, la pasta de dientes con xilitol no solo puede satisfacer el gusto, sino tambi\u00e9n proteger los dientes.<\/p>\n\n\n\n<h2 class=\"wp-block-heading\">Proceso de producci\u00f3n de pasta de dientes con xilitol<\/h2>\n\n\n\n<p>Como fabricante confiable de pasta de dientes con xilitol, adoptamos el siguiente proceso de producci\u00f3n especial: <\/p>\n\n\n\n<p>1. Selecci\u00f3n estricta de las materias primas de xilitol para garantizar su pureza y calidad; <\/p>\n\n\n\n<p>2. control preciso de la cantidad de xilitol a\u00f1adido para garantizar que el producto sea seguro y eficaz; <\/p>\n\n\n\n<p>3. el uso de tecnolog\u00eda de molienda a baja temperatura para liberar completamente la actividad del xilitol; <\/p>\n\n\n\n<p>4. llenado as\u00e9ptico para garantizar que el producto sea seguro e higi\u00e9nico; <\/p>\n\n\n\n<p>5. Como fabricante confiable de pasta de dientes con xilitol, todo el proceso de control de calidad garantiza que cada pasta de dientes cumpla con los est\u00e1ndares nacionales.<\/p>","protected":false},"excerpt":{"rendered":"Xylitol toothpaste manufacturing common formulas Xylitol, the core ingredient of Xylitol toothpaste, is a natural sweetener with anti-cavity properties. Xylitol can inhibit the growth of caries-causing bacteria in the oral cavity and reduce the formation of plaque, thus reducing the incidence of tooth decay. At the same time, xylitol can also provide a fresh taste, [&hellip;]","protected":false},"featured_media":616,"menu_order":0,"template":"","meta":[],"product-tag":[],"products":[71],"class_list":["post-594","product","type-product","status-publish","has-post-thumbnail","hentry","products-toothpaste"],"acf":[],"_links":{"self":[{"href":"https:\/\/www.ruiqigo.com\/es\/wp-json\/wp\/v2\/product\/594","targetHints":{"allow":["GET"]}}],"collection":[{"href":"https:\/\/www.ruiqigo.com\/es\/wp-json\/wp\/v2\/product"}],"about":[{"href":"https:\/\/www.ruiqigo.com\/es\/wp-json\/wp\/v2\/types\/product"}],"version-history":[{"count":0,"href":"https:\/\/www.ruiqigo.com\/es\/wp-json\/wp\/v2\/product\/594\/revisions"}],"wp:featuredmedia":[{"embeddable":true,"href":"https:\/\/www.ruiqigo.com\/es\/wp-json\/wp\/v2\/media\/616"}],"wp:attachment":[{"href":"https:\/\/www.ruiqigo.com\/es\/wp-json\/wp\/v2\/media?parent=594"}],"wp:term":[{"taxonomy":"product-tag","embeddable":true,"href":"https:\/\/www.ruiqigo.com\/es\/wp-json\/wp\/v2\/product-tag?post=594"},{"taxonomy":"products","embeddable":true,"href":"https:\/\/www.ruiqigo.com\/es\/wp-json\/wp\/v2\/products?post=594"}],"curies":[{"name":"wp","href":"https:\/\/api.w.org\/{rel}","templated":true}]}}