{"id":595,"date":"2024-07-24T16:23:41","date_gmt":"2024-07-24T08:23:41","guid":{"rendered":"https:\/\/ruiqigo.com\/?post_type=product&#038;p=595"},"modified":"2024-11-01T10:38:32","modified_gmt":"2024-11-01T02:38:32","slug":"fluoride-free-toothpaste","status":"publish","type":"product","link":"https:\/\/www.ruiqigo.com\/es\/product\/fluoride-free-toothpaste","title":{"rendered":"Pasta de dientes sin fl\u00faor"},"content":{"rendered":"<h2 class=\"wp-block-heading\">F\u00f3rmulas comunes de fabricaci\u00f3n de pasta de dientes sin fl\u00faor<\/h2>\n\n\n\n<p>El fosfato de calcio, el ingrediente principal de la pasta de dientes sin fl\u00faor, tiene un buen efecto limpiador, puede eliminar eficazmente la placa y prevenir el sarro. La glicerina tiene una funci\u00f3n hidratante, que puede formar una pel\u00edcula protectora durante el cepillado y reducir la sensibilidad dental. El producto no contiene fl\u00faor, lo que evita las alergias y la fluorosis dental que puede causar el fl\u00faor, lo que permite a los consumidores disfrutar de la limpieza sin preocuparse por la ingesta excesiva de fl\u00faor.<\/p>\n\n\n\n<h2 class=\"wp-block-heading\">Escenarios de aplicaci\u00f3n de la pasta de dientes sin fl\u00faor<\/h2>\n\n\n\n<p>La pasta de dientes sin fl\u00faor es adecuada para el cuidado bucal diario y se puede utilizar por la ma\u00f1ana despu\u00e9s de despertarse, despu\u00e9s de las comidas, antes de acostarse y en otros momentos. El producto es suave y no irritante, adecuado para el hogar, la oficina, la escuela y otros escenarios. Ya sea que est\u00e9 ocupado en el trabajo o disfrutando del tiempo libre, la pasta de dientes sin fl\u00faor puede brindarle un aliento fresco y proteger su salud bucal.<\/p>\n\n\n\n<h2 class=\"wp-block-heading\">\u00bfPara qui\u00e9n es adecuada la pasta de dientes sin fl\u00faor?<\/h2>\n\n\n\n<p>La pasta de dientes sin fl\u00faor es adecuada para una amplia gama de personas, especialmente para las siguientes categor\u00edas de consumidores: <\/p>\n\n\n\n<p>1. personas al\u00e9rgicas al fl\u00faor; <\/p>\n\n\n\n<p>2. ni\u00f1os y adolescentes, para evitar la ingesta excesiva de fl\u00faor que afecta al crecimiento y desarrollo; <\/p>\n\n\n\n<p>3. Mujeres embarazadas, prestar atenci\u00f3n a la salud bucal durante el embarazo; <\/p>\n\n\n\n<p>4. Los ecologistas, en busca de productos de higiene bucal inocuos y sin fl\u00faor. Pasta de dientes sin fl\u00faor, para que cada consumidor pueda disfrutar de una experiencia de cuidado dental saludable.<\/p>\n\n\n\n<h2 class=\"wp-block-heading\">Proceso de producci\u00f3n de pasta de dientes sin fl\u00faor<\/h2>\n\n\n\n<p>Como fabricante profesional de pasta de dientes sin fl\u00faor, adoptamos el siguiente proceso de producci\u00f3n especial: <\/p>\n\n\n\n<p>1. Selecci\u00f3n estricta de las materias primas para garantizar la pureza y la calidad del fosfato de calcio y otros ingredientes; <\/p>\n\n\n\n<p>2. dosificaci\u00f3n precisa, para que los ingredientes activos aprovechen al m\u00e1ximo sus funciones para lograr el mejor efecto de limpieza; <\/p>\n\n\n\n<p>3. Mezcla de alta velocidad, para que las materias primas se mezclen completamente, para mejorar la estabilidad de la pasta de dientes; <\/p>\n\n\n\n<p>4. llenado as\u00e9ptico, para garantizar que el producto sea seguro e higi\u00e9nico; <\/p>\n\n\n\n<p>5. Todo el proceso de control de calidad garantiza que cada pasta de dientes cumpla con los est\u00e1ndares nacionales. Como fabricante profesional de pasta de dientes sin fl\u00faor, cada pasta de dientes cumple con los est\u00e1ndares nacionales.<\/p>","protected":false},"excerpt":{"rendered":"Fluoride free Toothpaste manufacturing common formulas Calcium phosphate, the core ingredient of fluoride-free toothpaste, has a good cleaning effect, can effectively remove plaque and prevent tartar. Glycerin has a moisturizing function, which can form a protective film during brushing and reduce tooth sensitivity. The product does not contain fluorine, which avoids allergies and dental fluorosis [&hellip;]","protected":false},"featured_media":601,"menu_order":0,"template":"","meta":[],"product-tag":[],"products":[71],"class_list":["post-595","product","type-product","status-publish","has-post-thumbnail","hentry","products-toothpaste"],"acf":[],"_links":{"self":[{"href":"https:\/\/www.ruiqigo.com\/es\/wp-json\/wp\/v2\/product\/595","targetHints":{"allow":["GET"]}}],"collection":[{"href":"https:\/\/www.ruiqigo.com\/es\/wp-json\/wp\/v2\/product"}],"about":[{"href":"https:\/\/www.ruiqigo.com\/es\/wp-json\/wp\/v2\/types\/product"}],"version-history":[{"count":0,"href":"https:\/\/www.ruiqigo.com\/es\/wp-json\/wp\/v2\/product\/595\/revisions"}],"wp:featuredmedia":[{"embeddable":true,"href":"https:\/\/www.ruiqigo.com\/es\/wp-json\/wp\/v2\/media\/601"}],"wp:attachment":[{"href":"https:\/\/www.ruiqigo.com\/es\/wp-json\/wp\/v2\/media?parent=595"}],"wp:term":[{"taxonomy":"product-tag","embeddable":true,"href":"https:\/\/www.ruiqigo.com\/es\/wp-json\/wp\/v2\/product-tag?post=595"},{"taxonomy":"products","embeddable":true,"href":"https:\/\/www.ruiqigo.com\/es\/wp-json\/wp\/v2\/products?post=595"}],"curies":[{"name":"wp","href":"https:\/\/api.w.org\/{rel}","templated":true}]}}