{"id":605,"date":"2024-07-24T16:33:31","date_gmt":"2024-07-24T08:33:31","guid":{"rendered":"https:\/\/ruiqigo.com\/?post_type=product&#038;p=605"},"modified":"2024-11-01T14:02:40","modified_gmt":"2024-11-01T06:02:40","slug":"fluoride-toothpaste","status":"publish","type":"product","link":"https:\/\/www.ruiqigo.com\/es\/product\/fluoride-toothpaste","title":{"rendered":"Pasta de dientes con fl\u00faor"},"content":{"rendered":"<h2 class=\"wp-block-heading\">F\u00f3rmulas habituales en la fabricaci\u00f3n de pasta dental con fl\u00faor<\/h2>\n\n\n\n<p>El monofluorofosfato de sodio, el ingrediente principal de la pasta de dientes con fl\u00faor, es un tipo de fl\u00faor ampliamente utilizado en productos para el cuidado bucal, que puede mejorar eficazmente la resistencia a los \u00e1cidos del esmalte dental y reducir la incidencia de caries. El contenido de fl\u00faor 0.10% est\u00e1 en l\u00ednea con los est\u00e1ndares nacionales e internacionales, lo que puede desempe\u00f1ar un papel en el fl\u00faor, pero tambi\u00e9n para garantizar la seguridad de uso. Adem\u00e1s, el monofluorofosfato de sodio tambi\u00e9n puede promover la remineralizaci\u00f3n de los dientes y reparar la caries dental temprana.<\/p>\n\n\n\n<h2 class=\"wp-block-heading\">Escenarios de aplicaci\u00f3n de la pasta dental con fl\u00faor<\/h2>\n\n\n\n<p>La pasta de dientes con fl\u00faor es adecuada para el cuidado bucal diario, especialmente en las siguientes situaciones: despu\u00e9s de despertarse por la ma\u00f1ana, ayuda a eliminar el olor bucal y restaurar el aliento fresco; despu\u00e9s de las comidas, limpia eficazmente los restos de comida y protege los dientes; y antes de acostarse, proporciona protecci\u00f3n durante toda la noche a los dientes y previene las caries nocturnas.<\/p>\n\n\n\n<h2 class=\"wp-block-heading\">\u00bfPara qui\u00e9n es adecuada la pasta de dientes con fl\u00faor?<\/h2>\n\n\n\n<p>La pasta de dientes con fl\u00faor es adecuada para una amplia gama de personas, especialmente recomendada para los siguientes consumidores: <\/p>\n\n\n\n<p>1. ni\u00f1os, adolescentes y adultos, para prevenir la caries dental y mantener la salud bucal; <\/p>\n\n\n\n<p>2. personas con dientes sensibles que necesitan mejorar la dureza del esmalte; <\/p>\n\n\n\n<p>3. Los pacientes diab\u00e9ticos, debido al alto riesgo de enfermedad periodontal, necesitan prestar especial atenci\u00f3n al cuidado de la salud bucal; <\/p>\n\n\n\n<p>4. Antecedentes familiares de caries dentales en la multitud, para fortalecer la protecci\u00f3n dental.<\/p>\n\n\n\n<h2 class=\"wp-block-heading\">Proceso de producci\u00f3n de pasta dental con fl\u00faor<\/h2>\n\n\n\n<p>Como fabricante confiable de pasta dental con fl\u00faor, adoptamos el siguiente proceso de producci\u00f3n especial: <\/p>\n\n\n\n<p>1. Examen estricto de las materias primas de monofluorofosfato de sodio para garantizar su pureza y calidad; <\/p>\n\n\n\n<p>2. control preciso de la cantidad de fl\u00faor a\u00f1adido para garantizar que el producto sea seguro y eficaz; <\/p>\n\n\n\n<p>3. el uso de tecnolog\u00eda de molienda a baja temperatura para liberar completamente la actividad del fluoruro; <\/p>\n\n\n\n<p>4. llenado as\u00e9ptico, para garantizar que el producto sea seguro e higi\u00e9nico; <\/p>\n\n\n\n<p>5. Como fabricante profesional de pasta de dientes con fl\u00faor, todo el proceso de control de calidad garantiza que cada pasta de dientes cumpla con el est\u00e1ndar nacional.<\/p>","protected":false},"excerpt":{"rendered":"Fluoride toothpaste manufacturing common formulas Sodium Monofluorophosphate, the core ingredient of fluoride toothpaste, is a kind of fluoride widely used in oral care products, which can effectively enhance the acid resistance of tooth enamel and reduce the incidence of cavities.0.10% fluorine content is in line with national and international standards, which can play a role [&hellip;]","protected":false},"featured_media":611,"menu_order":0,"template":"","meta":[],"product-tag":[],"products":[71],"class_list":["post-605","product","type-product","status-publish","has-post-thumbnail","hentry","products-toothpaste"],"acf":[],"_links":{"self":[{"href":"https:\/\/www.ruiqigo.com\/es\/wp-json\/wp\/v2\/product\/605","targetHints":{"allow":["GET"]}}],"collection":[{"href":"https:\/\/www.ruiqigo.com\/es\/wp-json\/wp\/v2\/product"}],"about":[{"href":"https:\/\/www.ruiqigo.com\/es\/wp-json\/wp\/v2\/types\/product"}],"version-history":[{"count":0,"href":"https:\/\/www.ruiqigo.com\/es\/wp-json\/wp\/v2\/product\/605\/revisions"}],"wp:featuredmedia":[{"embeddable":true,"href":"https:\/\/www.ruiqigo.com\/es\/wp-json\/wp\/v2\/media\/611"}],"wp:attachment":[{"href":"https:\/\/www.ruiqigo.com\/es\/wp-json\/wp\/v2\/media?parent=605"}],"wp:term":[{"taxonomy":"product-tag","embeddable":true,"href":"https:\/\/www.ruiqigo.com\/es\/wp-json\/wp\/v2\/product-tag?post=605"},{"taxonomy":"products","embeddable":true,"href":"https:\/\/www.ruiqigo.com\/es\/wp-json\/wp\/v2\/products?post=605"}],"curies":[{"name":"wp","href":"https:\/\/api.w.org\/{rel}","templated":true}]}}