{"id":606,"date":"2024-07-24T16:29:40","date_gmt":"2024-07-24T08:29:40","guid":{"rendered":"https:\/\/ruiqigo.com\/?post_type=product&#038;p=606"},"modified":"2024-11-01T10:36:30","modified_gmt":"2024-11-01T02:36:30","slug":"charcoal-toothpaste","status":"publish","type":"product","link":"https:\/\/www.ruiqigo.com\/es\/product\/charcoal-toothpaste","title":{"rendered":"Pasta de dientes con carb\u00f3n"},"content":{"rendered":"<h2 class=\"wp-block-heading\">F\u00f3rmulas habituales para la fabricaci\u00f3n de pasta de dientes a base de carb\u00f3n<\/h2>\n\n\n\n<p>El ingrediente principal de la pasta de dientes con carb\u00f3n es el carb\u00f3n natural, cuya estructura porosa le otorga al producto una excelente capacidad de adsorci\u00f3n, que puede adsorber eficazmente pigmentos, impurezas y olores en la boca. El polietilenglicol-400 tiene un buen efecto lubricante, lo que hace que la pasta de dientes sea m\u00e1s f\u00e1cil de esparcir durante el cepillado y mejora el efecto de limpieza. La glicerina tiene una funci\u00f3n humectante y puede formar una pel\u00edcula protectora durante el cepillado para prevenir la sensibilidad dental y la sequedad bucal.<\/p>\n\n\n\n<h2 class=\"wp-block-heading\">Escenarios de aplicaci\u00f3n de la pasta de dientes con carb\u00f3n<\/h2>\n\n\n\n<p>La pasta de dientes con carb\u00f3n es adecuada para el cuidado bucal diario, especialmente en las siguientes situaciones: despu\u00e9s de despertarse por la ma\u00f1ana, ayuda a eliminar el olor bucal y restaurar el aliento fresco; despu\u00e9s de las comidas, limpia eficazmente los restos de comida y protege los dientes; despu\u00e9s de quedarse despierto hasta tarde, fumar y beber, mejora r\u00e1pidamente el entorno bucal y reduce las molestias bucales.<\/p>\n\n\n\n<h2 class=\"wp-block-heading\">\u00bfPara qui\u00e9n es adecuada la pasta de dientes con carb\u00f3n?<\/h2>\n\n\n\n<p>La pasta de dientes de carb\u00f3n es adecuada para una amplia gama de personas, especialmente recomendada para los siguientes consumidores: <\/p>\n\n\n\n<p>1. personas con mal aliento, como fumadores, personas que suelen trasnochar; <\/p>\n\n\n\n<p>2. personas con pigmentaci\u00f3n dental, que necesitan una limpieza profunda; <\/p>\n\n\n\n<p>3. ni\u00f1os y adolescentes, cultivar buenos h\u00e1bitos de higiene bucal; <\/p>\n\n\n\n<p>4. ambientalistas, la b\u00fasqueda de productos de cuidado bucal naturales e inofensivos.<\/p>\n\n\n\n<h2 class=\"wp-block-heading\">Proceso de producci\u00f3n de pasta de dientes de carb\u00f3n<\/h2>\n\n\n\n<p>Como digno fabricante de pasta de dientes de carb\u00f3n, adoptamos el siguiente proceso de producci\u00f3n especial: <\/p>\n\n\n\n<p>1. Selecci\u00f3n estricta del carb\u00f3n natural para garantizar su pureza y propiedades de adsorci\u00f3n; <\/p>\n\n\n\n<p>2. dosificaci\u00f3n precisa, para que los ingredientes activos aprovechen al m\u00e1ximo sus funciones para lograr el mejor efecto de limpieza; <\/p>\n\n\n\n<p>3. Tecnolog\u00eda de molienda a baja temperatura, para liberar completamente la capacidad de adsorci\u00f3n del carb\u00f3n; <\/p>\n\n\n\n<p>4. llenado as\u00e9ptico, para garantizar que el producto sea seguro e higi\u00e9nico; <\/p>\n\n\n\n<p>5. Como fabricante l\u00edder de pasta de dientes con carb\u00f3n, todo el proceso de control de calidad garantiza que cada pasta de dientes cumpla con los est\u00e1ndares nacionales. Cumplir con los est\u00e1ndares nacionales.<\/p>","protected":false},"excerpt":{"rendered":"Charcoal toothpaste manufacturing common formulas The core ingredient of charcoal toothpaste is natural charcoal, whose porous structure gives the product excellent adsorption ability, which can effectively adsorb pigments, impurities and odors in the mouth. Polyethylene Glycol-400 has a good lubricating effect, which makes the toothpaste easier to spread when brushing and enhances the cleaning effect. [&hellip;]","protected":false},"featured_media":607,"menu_order":0,"template":"","meta":[],"product-tag":[],"products":[71],"class_list":["post-606","product","type-product","status-publish","has-post-thumbnail","hentry","products-toothpaste"],"acf":[],"_links":{"self":[{"href":"https:\/\/www.ruiqigo.com\/es\/wp-json\/wp\/v2\/product\/606","targetHints":{"allow":["GET"]}}],"collection":[{"href":"https:\/\/www.ruiqigo.com\/es\/wp-json\/wp\/v2\/product"}],"about":[{"href":"https:\/\/www.ruiqigo.com\/es\/wp-json\/wp\/v2\/types\/product"}],"version-history":[{"count":0,"href":"https:\/\/www.ruiqigo.com\/es\/wp-json\/wp\/v2\/product\/606\/revisions"}],"wp:featuredmedia":[{"embeddable":true,"href":"https:\/\/www.ruiqigo.com\/es\/wp-json\/wp\/v2\/media\/607"}],"wp:attachment":[{"href":"https:\/\/www.ruiqigo.com\/es\/wp-json\/wp\/v2\/media?parent=606"}],"wp:term":[{"taxonomy":"product-tag","embeddable":true,"href":"https:\/\/www.ruiqigo.com\/es\/wp-json\/wp\/v2\/product-tag?post=606"},{"taxonomy":"products","embeddable":true,"href":"https:\/\/www.ruiqigo.com\/es\/wp-json\/wp\/v2\/products?post=606"}],"curies":[{"name":"wp","href":"https:\/\/api.w.org\/{rel}","templated":true}]}}