{"id":615,"date":"2024-07-24T16:52:04","date_gmt":"2024-07-24T08:52:04","guid":{"rendered":"https:\/\/ruiqigo.com\/?post_type=product&#038;p=615"},"modified":"2024-11-01T10:33:36","modified_gmt":"2024-11-01T02:33:36","slug":"baking-soda-toothpaste","status":"publish","type":"product","link":"https:\/\/www.ruiqigo.com\/es\/product\/baking-soda-toothpaste","title":{"rendered":"Pasta de dientes con bicarbonato de sodio"},"content":{"rendered":"<h2 class=\"wp-block-heading\">F\u00f3rmulas habituales para la fabricaci\u00f3n de pasta de dientes con bicarbonato de sodio<\/h2>\n\n\n\n<p>El ingrediente principal de la pasta de dientes con bicarbonato de sodio, el bicarbonato de sodio, com\u00fanmente conocido como bicarbonato de sodio, tiene un ligero efecto abrasivo, que elimina eficazmente las manchas y la placa de la superficie de los dientes. El bicarbonato de sodio tambi\u00e9n puede neutralizar los \u00e1cidos orales y mejorar el entorno bucal, lo que ayuda a prevenir la caries dental y la enfermedad periodontal. Adem\u00e1s, el bicarbonato de sodio es inofensivo para el cuerpo humano y adecuado para un uso a largo plazo.<\/p>\n\n\n\n<h2 class=\"wp-block-heading\">Escenarios de aplicaci\u00f3n de la pasta de dientes con bicarbonato de sodio<\/h2>\n\n\n\n<p>La pasta de dientes con bicarbonato de sodio es adecuada para una variedad de situaciones, especialmente para las siguientes ocasiones: despu\u00e9s de despertarse por la ma\u00f1ana, ayuda a eliminar el olor bucal y restaurar el aliento fresco; despu\u00e9s de las comidas, limpia eficazmente los restos de comida y protege los dientes; despu\u00e9s de permanecer despierto toda la noche y fumar, reduce el olor bucal y cuida la salud dental.<\/p>\n\n\n\n<h2 class=\"wp-block-heading\">\u00bfPara qui\u00e9n es adecuada la pasta de dientes con bicarbonato de sodio?<\/h2>\n\n\n\n<p>La pasta de dientes con bicarbonato de sodio es adecuada para una amplia gama de personas, especialmente recomendada para los siguientes consumidores: <\/p>\n\n\n\n<p>1. Las personas con manchas en la superficie de los dientes necesitan una descontaminaci\u00f3n suave; <\/p>\n\n\n\n<p>2. Personas con alta acidez bucal, necesidad de mejorar el ambiente bucal; <\/p>\n\n\n\n<p>3. los ancianos, la necesidad de una limpieza suave de los dientes, la prevenci\u00f3n de la enfermedad periodontal; <\/p>\n\n\n\n<p>4. ni\u00f1os y adolescentes, cultivar buenos h\u00e1bitos de higiene bucal.<\/p>\n\n\n\n<h2 class=\"wp-block-heading\">Proceso de producci\u00f3n de pasta de dientes con bicarbonato de sodio<\/h2>\n\n\n\n<p>Como fabricante confiable de pasta de dientes con bicarbonato de sodio, adoptamos el siguiente proceso de producci\u00f3n especial: <\/p>\n\n\n\n<p>1. Selecci\u00f3n estricta de las materias primas de bicarbonato de sodio para garantizar su pureza y calidad; <\/p>\n\n\n\n<p>2. Control preciso de la cantidad de bicarbonato de sodio a\u00f1adido para garantizar que el producto sea suave y tenga efecto descontaminante; <\/p>\n\n\n\n<p>3. Se utiliza tecnolog\u00eda de molienda a baja temperatura para liberar completamente la actividad del bicarbonato de sodio; <\/p>\n\n\n\n<p>4. llenado as\u00e9ptico, para garantizar que el producto sea seguro e higi\u00e9nico; <\/p>\n\n\n\n<p>5. Todo el proceso de control de calidad para garantizar que cada pasta de dientes cumpla con los est\u00e1ndares nacionales. Como fabricante l\u00edder de pasta de dientes con bicarbonato de sodio, cada pasta de dientes cumple con los est\u00e1ndares nacionales.<\/p>","protected":false},"excerpt":{"rendered":"Baking soda toothpaste manufacturing common formulas The core ingredient of baking soda toothpaste, sodium bicarbonate, commonly known as baking soda, has a slight abrasive effect, which effectively removes stains and plaque from the surface of teeth. Sodium bicarbonate can also neutralize oral acids and improve the oral environment, helping to prevent tooth decay and periodontal [&hellip;]","protected":false},"featured_media":620,"menu_order":0,"template":"","meta":[],"product-tag":[],"products":[71],"class_list":["post-615","product","type-product","status-publish","has-post-thumbnail","hentry","products-toothpaste"],"acf":[],"_links":{"self":[{"href":"https:\/\/www.ruiqigo.com\/es\/wp-json\/wp\/v2\/product\/615","targetHints":{"allow":["GET"]}}],"collection":[{"href":"https:\/\/www.ruiqigo.com\/es\/wp-json\/wp\/v2\/product"}],"about":[{"href":"https:\/\/www.ruiqigo.com\/es\/wp-json\/wp\/v2\/types\/product"}],"version-history":[{"count":0,"href":"https:\/\/www.ruiqigo.com\/es\/wp-json\/wp\/v2\/product\/615\/revisions"}],"wp:featuredmedia":[{"embeddable":true,"href":"https:\/\/www.ruiqigo.com\/es\/wp-json\/wp\/v2\/media\/620"}],"wp:attachment":[{"href":"https:\/\/www.ruiqigo.com\/es\/wp-json\/wp\/v2\/media?parent=615"}],"wp:term":[{"taxonomy":"product-tag","embeddable":true,"href":"https:\/\/www.ruiqigo.com\/es\/wp-json\/wp\/v2\/product-tag?post=615"},{"taxonomy":"products","embeddable":true,"href":"https:\/\/www.ruiqigo.com\/es\/wp-json\/wp\/v2\/products?post=615"}],"curies":[{"name":"wp","href":"https:\/\/api.w.org\/{rel}","templated":true}]}}