{"id":625,"date":"2024-07-24T17:02:08","date_gmt":"2024-07-24T09:02:08","guid":{"rendered":"https:\/\/ruiqigo.com\/?post_type=product&#038;p=625"},"modified":"2024-11-01T10:33:26","modified_gmt":"2024-11-01T02:33:26","slug":"mint-toothpaste","status":"publish","type":"product","link":"https:\/\/www.ruiqigo.com\/es\/product\/mint-toothpaste","title":{"rendered":"Pasta de dientes de menta"},"content":{"rendered":"<h2 class=\"wp-block-heading\">F\u00f3rmulas habituales de fabricaci\u00f3n de pasta de dientes de menta<\/h2>\n\n\n\n<p>El mentol, el ingrediente principal de la pasta de dientes de menta, es un compuesto natural extra\u00eddo de la planta de menta, que tiene una sensaci\u00f3n y un aroma refrescantes \u00fanicos. El mentol estimula la mucosa oral y promueve la circulaci\u00f3n sangu\u00ednea, lo que ayuda a aliviar la inflamaci\u00f3n y el dolor bucal. Adem\u00e1s, el mentol tiene un efecto bactericida, que puede reducir eficazmente las bacterias en la boca y prevenir la enfermedad periodontal y la caries dental.<\/p>\n\n\n\n<h2 class=\"wp-block-heading\">Escenarios de aplicaci\u00f3n de la pasta de dientes de menta<\/h2>\n\n\n\n<p>La pasta de dientes de menta es adecuada para una variedad de escenarios, especialmente para las siguientes ocasiones: despu\u00e9s de despertarse por la ma\u00f1ana, ayuda a eliminar el olor bucal y refrescarse; despu\u00e9s de las comidas, limpia eficazmente los residuos de comida y mantiene el aliento fresco; cuando est\u00e1s cansado del trabajo o del estudio, cepillarte los dientes puede refrescar tu mente y aliviar la fatiga; despu\u00e9s de quedarse despierto hasta tarde o fumar, puede reducir el mal sabor de boca y cuidar la salud bucal.<\/p>\n\n\n\n<h2 class=\"wp-block-heading\">\u00bfPara qui\u00e9n es adecuada la pasta de dientes Mint?<\/h2>\n\n\n\n<p>La pasta de dientes de menta es adecuada para una amplia gama de personas, especialmente recomendada para los siguientes consumidores: <\/p>\n\n\n\n<p>1. personas que quieren mantener el aliento fresco; <\/p>\n\n\n\n<p>2. personas a las que les molesta el mal aliento, como los fumadores, las personas que suelen trasnochar; <\/p>\n\n\n\n<p>3. personas que necesitan refrescar sus mentes, como trabajadores de oficina, estudiantes; <\/p>\n\n\n\n<p>4. Personas que tienen preferencia por el sabor a menta para disfrutar de una experiencia de cepillado fresca y c\u00f3moda.<\/p>\n\n\n\n<h2 class=\"wp-block-heading\">Proceso de producci\u00f3n de pasta de dientes de menta<\/h2>\n\n\n\n<p>Como fabricante confiable de pasta de dientes Mint, adoptamos el siguiente proceso de producci\u00f3n especial:<\/p>\n\n\n\n<p>1) Examinar estrictamente las materias primas del mentol para garantizar su pureza y calidad; <\/p>\n\n\n\n<p>2) Controlar con precisi\u00f3n la cantidad de mentol a\u00f1adido para garantizar la frescura y el aroma moderado del producto; <\/p>\n\n\n\n<p>3) Adopte la tecnolog\u00eda de molienda a baja temperatura para liberar completamente la actividad del mentol; <\/p>\n\n\n\n<p>4) Llenado as\u00e9ptico, para garantizar que el producto sea seguro e higi\u00e9nico; <\/p>\n\n\n\n<p>5) Control de calidad completo para garantizar que cada pasta de dientes cumpla con los est\u00e1ndares nacionales. est\u00e1ndar nacional.<\/p>","protected":false},"excerpt":{"rendered":"Mint toothpaste manufacturing common formulas Menthol, the core ingredient of Mint Toothpaste, is a natural compound extracted from the mint plant, which has a unique cooling sensation and aroma. Menthol stimulates the oral mucosa and promotes blood circulation, helping to relieve oral inflammation and pain. In addition, menthol has a bactericidal effect, which can effectively [&hellip;]","protected":false},"featured_media":626,"menu_order":0,"template":"","meta":[],"product-tag":[],"products":[71],"class_list":["post-625","product","type-product","status-publish","has-post-thumbnail","hentry","products-toothpaste"],"acf":[],"_links":{"self":[{"href":"https:\/\/www.ruiqigo.com\/es\/wp-json\/wp\/v2\/product\/625","targetHints":{"allow":["GET"]}}],"collection":[{"href":"https:\/\/www.ruiqigo.com\/es\/wp-json\/wp\/v2\/product"}],"about":[{"href":"https:\/\/www.ruiqigo.com\/es\/wp-json\/wp\/v2\/types\/product"}],"version-history":[{"count":0,"href":"https:\/\/www.ruiqigo.com\/es\/wp-json\/wp\/v2\/product\/625\/revisions"}],"wp:featuredmedia":[{"embeddable":true,"href":"https:\/\/www.ruiqigo.com\/es\/wp-json\/wp\/v2\/media\/626"}],"wp:attachment":[{"href":"https:\/\/www.ruiqigo.com\/es\/wp-json\/wp\/v2\/media?parent=625"}],"wp:term":[{"taxonomy":"product-tag","embeddable":true,"href":"https:\/\/www.ruiqigo.com\/es\/wp-json\/wp\/v2\/product-tag?post=625"},{"taxonomy":"products","embeddable":true,"href":"https:\/\/www.ruiqigo.com\/es\/wp-json\/wp\/v2\/products?post=625"}],"curies":[{"name":"wp","href":"https:\/\/api.w.org\/{rel}","templated":true}]}}