{"id":630,"date":"2024-07-24T17:29:38","date_gmt":"2024-07-24T09:29:38","guid":{"rendered":"https:\/\/ruiqigo.com\/?post_type=product&#038;p=630"},"modified":"2024-11-01T10:33:12","modified_gmt":"2024-11-01T02:33:12","slug":"tea-tree-oil-toothpaste","status":"publish","type":"product","link":"https:\/\/www.ruiqigo.com\/es\/product\/tea-tree-oil-toothpaste","title":{"rendered":"Pasta de dientes con aceite de \u00e1rbol de t\u00e9"},"content":{"rendered":"<h2 class=\"wp-block-heading\">F\u00f3rmulas habituales para la fabricaci\u00f3n de pasta de dientes a base de aceite de \u00e1rbol de t\u00e9<\/h2>\n\n\n\n<p>El ingrediente principal de la pasta de dientes con aceite de \u00e1rbol de t\u00e9, el extracto de semilla de Camellia Sinensis, es un aceite natural extra\u00eddo de las semillas de Camellia Sinensis, que tiene efectos antiinflamatorios y antibacterianos. El extracto de semilla de t\u00e9 oleoso puede inhibir eficazmente el crecimiento de bacterias da\u00f1inas en la cavidad bucal, reducir la formaci\u00f3n de placa y, por lo tanto, reducir la incidencia de caries dentales. Adem\u00e1s, el extracto de semilla de t\u00e9 oleoso tambi\u00e9n tiene una fragancia natural, puede eliminar eficazmente el olor bucal y mejorar el entorno bucal.<\/p>\n\n\n\n<h2 class=\"wp-block-heading\">Escenarios aplicables de la pasta de dientes con aceite de \u00e1rbol de t\u00e9<\/h2>\n\n\n\n<p>La pasta de dientes con aceite de \u00e1rbol de t\u00e9 es adecuada para una variedad de situaciones, especialmente en las siguientes ocasiones: despu\u00e9s de despertarse por la ma\u00f1ana, para ayudar a eliminar el olor bucal y restaurar el aliento fresco; despu\u00e9s de las comidas, para limpiar eficazmente los restos de comida y proteger los dientes; despu\u00e9s de permanecer despierto toda la noche, fumando, para aliviar el olor bucal y cuidar la salud dental.<\/p>\n\n\n\n<h2 class=\"wp-block-heading\">\u00bfPara qui\u00e9n es adecuada la pasta de dientes con aceite de \u00e1rbol de t\u00e9?<\/h2>\n\n\n\n<p>La pasta de dientes con aceite de \u00e1rbol de t\u00e9 es adecuada para una amplia gama de personas, especialmente recomendada para los siguientes consumidores: <\/p>\n\n\n\n<p>1. Las personas a las que les molesta el mal olor bucal, como los fumadores, suelen quedarse despiertas hasta tarde; <\/p>\n\n\n\n<p>2. Las personas con dientes sensibles necesitan limpiar suavemente la multitud; <\/p>\n\n\n\n<p>3. Los pacientes diab\u00e9ticos, debido al alto riesgo de enfermedad periodontal, necesitan prestar especial atenci\u00f3n al cuidado bucal; <\/p>\n\n\n\n<p>4. Me gustar\u00eda probar un nuevo tipo de productos de cuidado bucal para los consumidores, para disfrutar de la salud bucal que aporta el aceite de \u00e1rbol de t\u00e9.<\/p>\n\n\n\n<h2 class=\"wp-block-heading\">Proceso de producci\u00f3n de pasta de dientes con aceite de \u00e1rbol de t\u00e9<\/h2>\n\n\n\n<p>Como fabricante cualitativo de pasta de dientes con aceite de \u00e1rbol de t\u00e9, utilizamos el siguiente proceso de producci\u00f3n especial: <\/p>\n\n\n\n<p>1. Selecci\u00f3n estricta de las materias primas del extracto de semilla de Camellia sinensis para garantizar su pureza y calidad; <\/p>\n\n\n\n<p>2. Control preciso de la cantidad de extracto de semilla de Camellia sinensis agregada para garantizar que el producto sea seguro y efectivo; <\/p>\n\n\n\n<p>3. Se utiliza tecnolog\u00eda de molienda a baja temperatura para liberar completamente la actividad del extracto de semilla de Camellia sinensis; <\/p>\n\n\n\n<p>4. llenado as\u00e9ptico para garantizar que el producto sea seguro e higi\u00e9nico;<\/p>\n\n\n\n<p>5. Todo el proceso de control de calidad para garantizar que cada pasta de dientes cumpla con los est\u00e1ndares nacionales. Como fabricante de pasta de dientes de aceite de \u00e1rbol de t\u00e9 de calidad, cada pasta de dientes cumple con los est\u00e1ndares nacionales.<\/p>","protected":false},"excerpt":{"rendered":"Tea tree oil toothpaste manufacturing common formulas The core ingredient of Tea Tree Oil Toothpaste, Camellia Sinensis Seed Extract, is a natural oil extracted from Camellia Sinensis seeds, which has anti-inflammatory and antibacterial effects. Oil tea seed extract can effectively inhibit the growth of harmful bacteria in the oral cavity, reduce the formation of plaque, [&hellip;]","protected":false},"featured_media":631,"menu_order":0,"template":"","meta":[],"product-tag":[],"products":[71],"class_list":["post-630","product","type-product","status-publish","has-post-thumbnail","hentry","products-toothpaste"],"acf":[],"_links":{"self":[{"href":"https:\/\/www.ruiqigo.com\/es\/wp-json\/wp\/v2\/product\/630","targetHints":{"allow":["GET"]}}],"collection":[{"href":"https:\/\/www.ruiqigo.com\/es\/wp-json\/wp\/v2\/product"}],"about":[{"href":"https:\/\/www.ruiqigo.com\/es\/wp-json\/wp\/v2\/types\/product"}],"version-history":[{"count":0,"href":"https:\/\/www.ruiqigo.com\/es\/wp-json\/wp\/v2\/product\/630\/revisions"}],"wp:featuredmedia":[{"embeddable":true,"href":"https:\/\/www.ruiqigo.com\/es\/wp-json\/wp\/v2\/media\/631"}],"wp:attachment":[{"href":"https:\/\/www.ruiqigo.com\/es\/wp-json\/wp\/v2\/media?parent=630"}],"wp:term":[{"taxonomy":"product-tag","embeddable":true,"href":"https:\/\/www.ruiqigo.com\/es\/wp-json\/wp\/v2\/product-tag?post=630"},{"taxonomy":"products","embeddable":true,"href":"https:\/\/www.ruiqigo.com\/es\/wp-json\/wp\/v2\/products?post=630"}],"curies":[{"name":"wp","href":"https:\/\/api.w.org\/{rel}","templated":true}]}}