{"id":635,"date":"2024-07-25T15:47:07","date_gmt":"2024-07-25T07:47:07","guid":{"rendered":"https:\/\/ruiqigo.com\/?post_type=product&#038;p=635"},"modified":"2025-09-03T15:22:48","modified_gmt":"2025-09-03T07:22:48","slug":"fluoride-mouthwash","status":"publish","type":"product","link":"https:\/\/www.ruiqigo.com\/es\/product\/fluoride-mouthwash","title":{"rendered":"Enjuague bucal con fl\u00faor"},"content":{"rendered":"<h2 class=\"wp-block-heading\">F\u00f3rmulas comunes<\/h2>\n\n\n\n<p><strong>Monofluorofosfato de sodio<\/strong>El ingrediente principal del enjuague bucal con fl\u00faor es un tipo de fl\u00faor ampliamente utilizado en productos para el cuidado bucal, que puede mejorar eficazmente la capacidad anti\u00e1cida del esmalte dental y reducir la incidencia de caries. El contenido de fl\u00faor 0.02% est\u00e1 en l\u00ednea con los est\u00e1ndares nacionales e internacionales, lo que puede desempe\u00f1ar un papel en el fl\u00faor, pero tambi\u00e9n para garantizar la seguridad de uso. Adem\u00e1s, el monofluorofosfato de sodio tambi\u00e9n puede promover la remineralizaci\u00f3n de los dientes y reparar la caries dental temprana.<\/p>\n\n\n\n<h2 class=\"wp-block-heading\">Escenarios aplicables<\/h2>\n\n\n\n<p>El enjuague bucal con fl\u00faor es adecuado para una variedad de situaciones, especialmente para las siguientes ocasiones: <\/p>\n\n\n\n<p>1. despu\u00e9s de las comidas, limpieza eficaz de los restos de comida y protecci\u00f3n de los dientes; <\/p>\n\n\n\n<p>2. despu\u00e9s de permanecer despierto toda la noche y fumar, para reducir el mal sabor de boca y cuidar la salud de los dientes; <\/p>\n\n\n\n<p>3. en ocasiones especiales, como bodas, entrevistas, etc., para mantener el aliento fresco; <\/p>\n\n\n\n<p>4. despu\u00e9s del tratamiento de enfermedades bucales, para ayudar a limpiar la cavidad bucal.<\/p>\n\n\n\n<h2 class=\"wp-block-heading\">\u00bfPara qui\u00e9n est\u00e1 destinado el enjuague bucal con fl\u00faor?<\/h2>\n\n\n\n<p>Los enjuagues bucales con fl\u00faor son adecuados para una amplia gama de personas, especialmente recomendados para los siguientes consumidores: <\/p>\n\n\n\n<p>1. ni\u00f1os, adolescentes y adultos para prevenir la caries dental y mantener la salud bucal; <\/p>\n\n\n\n<p>2. personas con dientes sensibles que necesitan mejorar la dureza del esmalte; <\/p>\n\n\n\n<p>3. pacientes diab\u00e9ticos que presentan un alto riesgo de padecer enfermedad periodontal y necesitan prestar especial atenci\u00f3n al cuidado de la salud bucal; <\/p>\n\n\n\n<p>4. Consumidores a los que les gusta probar nuevos productos para el cuidado de la salud bucal para disfrutar de los beneficios del enjuague bucal con fl\u00faor. La salud bucal que aporta el enjuague bucal con fl\u00faor.<\/p>\n\n\n\n<h2 class=\"wp-block-heading\">Proceso de producci\u00f3n<\/h2>\n\n\n\n<p>Para garantizar la calidad del enjuague bucal con fl\u00faor, adoptamos el siguiente proceso de producci\u00f3n especial: <\/p>\n\n\n\n<p>1. Examen estricto de las materias primas de monofluorofosfato de sodio para garantizar su pureza y calidad; <\/p>\n\n\n\n<p>2. control preciso de la cantidad de monofluorofosfato de sodio a\u00f1adido para garantizar la seguridad y eficacia del producto; <\/p>\n\n\n\n<p>3. Se utiliza tecnolog\u00eda de mezcla a baja temperatura para liberar al m\u00e1ximo la actividad del monofluorofosfato de sodio; <\/p>\n\n\n\n<p>4. llenado as\u00e9ptico, para garantizar que el producto sea seguro e higi\u00e9nico; <\/p>\n\n\n\n<p>5. Control de calidad completo para garantizar que cada botella de enjuague bucal con fl\u00faor sea segura e higi\u00e9nica. Control de calidad para garantizar que cada botella de enjuague bucal con fl\u00faor cumpla con la norma nacional. <\/p>\n\n\n\n<p>A trav\u00e9s del proceso anterior, le ofrecemos un producto de cuidado bucal confiable y de alta calidad.<\/p>","protected":false},"excerpt":{"rendered":"Common Formulas Sodium Monofluorophosphate, the core ingredient of Fluoride Mouthwash, is a kind of fluoride widely used in oral care products, which can effectively enhance the anti-acid ability of tooth enamel and reduce the incidence of tooth decay.0.02% fluorine content is in line with national and international standards, which can play a role in the [&hellip;]","protected":false},"featured_media":667,"menu_order":0,"template":"","meta":[],"product-tag":[201,206,207,208,212,213,214,216],"products":[72],"class_list":["post-635","product","type-product","status-publish","has-post-thumbnail","hentry","product-tag-mouthwash-manufacturer","product-tag-mouthwash-companies","product-tag-mouthwash-factory","product-tag-mouthwash-suppliers","product-tag-mouthwash-contract-manufacturer","product-tag-antiseptic-mouthwashes-manufacturer","product-tag-mouthwash-manufacturers-usa","product-tag-private-label-mouthwash-manufacturers","products-mouthwash"],"acf":[],"_links":{"self":[{"href":"https:\/\/www.ruiqigo.com\/es\/wp-json\/wp\/v2\/product\/635","targetHints":{"allow":["GET"]}}],"collection":[{"href":"https:\/\/www.ruiqigo.com\/es\/wp-json\/wp\/v2\/product"}],"about":[{"href":"https:\/\/www.ruiqigo.com\/es\/wp-json\/wp\/v2\/types\/product"}],"version-history":[{"count":0,"href":"https:\/\/www.ruiqigo.com\/es\/wp-json\/wp\/v2\/product\/635\/revisions"}],"wp:featuredmedia":[{"embeddable":true,"href":"https:\/\/www.ruiqigo.com\/es\/wp-json\/wp\/v2\/media\/667"}],"wp:attachment":[{"href":"https:\/\/www.ruiqigo.com\/es\/wp-json\/wp\/v2\/media?parent=635"}],"wp:term":[{"taxonomy":"product-tag","embeddable":true,"href":"https:\/\/www.ruiqigo.com\/es\/wp-json\/wp\/v2\/product-tag?post=635"},{"taxonomy":"products","embeddable":true,"href":"https:\/\/www.ruiqigo.com\/es\/wp-json\/wp\/v2\/products?post=635"}],"curies":[{"name":"wp","href":"https:\/\/api.w.org\/{rel}","templated":true}]}}