{"id":636,"date":"2024-07-24T18:01:18","date_gmt":"2024-07-24T10:01:18","guid":{"rendered":"https:\/\/ruiqigo.com\/?post_type=product&#038;p=636"},"modified":"2024-11-01T14:21:18","modified_gmt":"2024-11-01T06:21:18","slug":"floss-with-stick","status":"publish","type":"product","link":"https:\/\/www.ruiqigo.com\/es\/product\/floss-with-stick","title":{"rendered":"Usar hilo dental con palillo"},"content":{"rendered":"<h2 class=\"wp-block-heading\">F\u00f3rmulas comunes para la fabricaci\u00f3n de hilo dental con palillo<\/h2>\n\n\n\n<p>El ingrediente activo del hilo dental con varilla, la fibra UHMWPE, tiene las caracter\u00edsticas de alta resistencia y alta fricci\u00f3n, lo que puede penetrar profundamente en las grietas de los dientes y eliminar eficazmente los residuos de alimentos y la placa. El hilo dental est\u00e1 hecho de pl\u00e1stico HIPS de grado alimenticio, con un mango ergon\u00f3mico, lo que lo hace c\u00f3modo de sostener y ahorra energ\u00eda. Como fabricante l\u00edder de hilo dental con varilla, el factor de menta\/fruta agregado puede refrescar el aliento y eliminar los residuos de alimentos.<\/p>\n\n\n\n<h2 class=\"wp-block-heading\">Escenarios aplicables del uso del hilo dental con palillo<\/h2>\n\n\n\n<p>El hilo dental con palillo es adecuado para una variedad de situaciones, especialmente para las siguientes ocasiones: <\/p>\n\n\n\n<p>1. Despu\u00e9s de las comidas, limpia eficazmente los residuos de comida, mantiene el aliento fresco; <\/p>\n\n\n\n<p>2. Durante la ortodoncia, espacio de limpieza auxiliar; <\/p>\n\n\n\n<p>3. ocasiones especiales, como bodas, entrevistas de trabajo, etc., para mantener el aliento fresco; <\/p>\n\n\n\n<p>4. Despu\u00e9s del tratamiento de la enfermedad bucal, espacio de limpieza auxiliar.<\/p>\n\n\n\n<h2 class=\"wp-block-heading\">\u00bfPara qui\u00e9n es adecuado el hilo dental con palillo?<\/h2>\n\n\n\n<p>El hilo dental con palillo es adecuado para una amplia gama de personas, especialmente recomendado para los siguientes consumidores: <\/p>\n\n\n\n<p>1. personas con alta conciencia de la higiene bucal; <\/p>\n\n\n\n<p>2. personas con necesidades especiales como ortodoncia e implantes dentales; <\/p>\n\n\n\n<p>3. personas que necesitan mantener el aliento fresco en ocasiones especiales; <\/p>\n\n\n\n<p>4. personas que necesitan limpiarse los dientes despu\u00e9s del tratamiento de enfermedades bucales.<\/p>\n\n\n\n<h2 class=\"wp-block-heading\">Proceso de producci\u00f3n de hilo dental con palillo<\/h2>\n\n\n\n<p>Como fabricante profesional de hilo dental con palillo, adoptamos el siguiente proceso de producci\u00f3n especial: <\/p>\n\n\n\n<p>1. Selecci\u00f3n estricta de materias primas de fibra de polietileno de peso molecular ultra alto UHMWPE para garantizar su pureza y calidad; <\/p>\n\n\n\n<p>2. Control preciso del proceso de tejido de hilo Floss para garantizar que el producto no se detenga ni se deshaga; <\/p>\n\n\n\n<p>3. El uso de pl\u00e1sticos HIPS de grado alimenticio para garantizar la seguridad de Stick; <\/p>\n\n\n\n<p>4. Llenado as\u00e9ptico para garantizar que el producto sea seguro e higi\u00e9nico; <\/p>\n\n\n\n<p>5. Control de calidad completo para garantizar que cada hilo dental con palo cumple con el est\u00e1ndar nacional.<\/p>","protected":false},"excerpt":{"rendered":"Floss with stick manufacturing common formulas The active ingredient in Floss with Stick, UHMWPE fiber, has the characteristics of high strength and high friction, which can penetrate deep into the crevices of the teeth and effectively remove food residues and plaque.Stick is made of HIPS food-grade plastic, with an ergonomic handle, which makes it comfortable [&hellip;]","protected":false},"featured_media":637,"menu_order":0,"template":"","meta":[],"product-tag":[],"products":[74],"class_list":["post-636","product","type-product","status-publish","has-post-thumbnail","hentry","products-floss-stick"],"acf":[],"_links":{"self":[{"href":"https:\/\/www.ruiqigo.com\/es\/wp-json\/wp\/v2\/product\/636","targetHints":{"allow":["GET"]}}],"collection":[{"href":"https:\/\/www.ruiqigo.com\/es\/wp-json\/wp\/v2\/product"}],"about":[{"href":"https:\/\/www.ruiqigo.com\/es\/wp-json\/wp\/v2\/types\/product"}],"version-history":[{"count":0,"href":"https:\/\/www.ruiqigo.com\/es\/wp-json\/wp\/v2\/product\/636\/revisions"}],"wp:featuredmedia":[{"embeddable":true,"href":"https:\/\/www.ruiqigo.com\/es\/wp-json\/wp\/v2\/media\/637"}],"wp:attachment":[{"href":"https:\/\/www.ruiqigo.com\/es\/wp-json\/wp\/v2\/media?parent=636"}],"wp:term":[{"taxonomy":"product-tag","embeddable":true,"href":"https:\/\/www.ruiqigo.com\/es\/wp-json\/wp\/v2\/product-tag?post=636"},{"taxonomy":"products","embeddable":true,"href":"https:\/\/www.ruiqigo.com\/es\/wp-json\/wp\/v2\/products?post=636"}],"curies":[{"name":"wp","href":"https:\/\/api.w.org\/{rel}","templated":true}]}}