{"id":641,"date":"2024-07-24T18:09:35","date_gmt":"2024-07-24T10:09:35","guid":{"rendered":"https:\/\/ruiqigo.com\/?post_type=product&#038;p=641"},"modified":"2024-11-01T14:23:37","modified_gmt":"2024-11-01T06:23:37","slug":"biodegradable-floss-sticks","status":"publish","type":"product","link":"https:\/\/www.ruiqigo.com\/es\/product\/biodegradable-floss-sticks","title":{"rendered":"Palillo de hilo dental biodegradable"},"content":{"rendered":"<h2 class=\"wp-block-heading\">F\u00f3rmulas habituales para la fabricaci\u00f3n de hilo dental biodegradable<\/h2>\n\n\n\n<p>El ingrediente activo de los palitos de hilo dental biodegradables, la fibra UHMWPE, tiene caracter\u00edsticas de alta resistencia y alta fricci\u00f3n, que pueden penetrar profundamente en las grietas de los dientes, eliminando eficazmente los restos de comida y la placa, mientras que el almid\u00f3n de ma\u00edz degradable PLA se utiliza en el palito, el mango est\u00e1 dise\u00f1ado ergon\u00f3micamente para que sea c\u00f3modo de sostener y ahorre esfuerzo al usarlo. El factor menta\/fruta agregado puede refrescar el aliento y eliminar los residuos de comida.<\/p>\n\n\n\n<h2 class=\"wp-block-heading\">Escenarios aplicables del hilo dental biodegradable<\/h2>\n\n\n\n<p>Los palitos de hilo dental biodegradables se pueden utilizar en una variedad de situaciones, especialmente en las siguientes ocasiones: <\/p>\n\n\n\n<p>1. despu\u00e9s de las comidas, para limpiar eficazmente los restos de comida y mantener el aliento fresco; <\/p>\n\n\n\n<p>2. durante el tratamiento de ortodoncia, para ayudar a limpiar el espacio; <\/p>\n\n\n\n<p>3. ocasiones especiales, como bodas, entrevistas, etc., para mantener el aliento fresco; <\/p>\n\n\n\n<p>4. Despu\u00e9s del tratamiento de enfermedades bucales, para ayudar a limpiar el espacio.<\/p>\n\n\n\n<h2 class=\"wp-block-heading\">\u00bfPara qui\u00e9n es adecuado el hilo dental biodegradable?<\/h2>\n\n\n\n<p>Los palitos de hilo dental biodegradables son adecuados para una amplia gama de personas y est\u00e1n especialmente recomendados para los siguientes consumidores: <\/p>\n\n\n\n<p>1. personas con alta conciencia de la higiene bucal; <\/p>\n\n\n\n<p>2. personas especiales como ortodoncia e implantes dentales; <\/p>\n\n\n\n<p>3. personas que necesitan mantener el aliento fresco en ocasiones especiales; <\/p>\n\n\n\n<p>4. personas que necesitan ayudar en la limpieza despu\u00e9s del tratamiento de enfermedades bucales.<\/p>\n\n\n\n<h2 class=\"wp-block-heading\">Proceso de producci\u00f3n de hilo dental biodegradable<\/h2>\n\n\n\n<p>Como digno fabricante de palitos de hilo dental biodegradables, adoptamos el siguiente proceso de producci\u00f3n especial: <\/p>\n\n\n\n<p>1. Examinar estrictamente las materias primas de la fibra de polietileno de peso molecular ultra alto UHMWPE para garantizar su pureza y calidad; <\/p>\n\n\n\n<p>2. Controlar con precisi\u00f3n el proceso de tejido del hilo Floss para garantizar que el producto no se rompa ni se deshaga; <\/p>\n\n\n\n<p>3. Uso de almid\u00f3n de ma\u00edz biodegradable PLA para garantizar que los Sticks sean respetuosos con el medio ambiente; <\/p>\n\n\n\n<p>4. El llenado as\u00e9ptico garantiza que los productos sean seguros e higi\u00e9nicos; <\/p>\n\n\n\n<p>Como fabricante l\u00edder de palitos de hilo dental biodegradables, todo el proceso de control de calidad garantiza que cada palito de hilo dental biodegradable cumpla con los est\u00e1ndares nacionales.<\/p>\n\n\n\n<p><\/p>","protected":false},"excerpt":{"rendered":"Biodegradable floss stick manufacturing common formulas The active ingredient in Biodegradable Floss Sticks, UHMWPE fiber, has high strength and high friction characteristics, which can penetrate deep into the crevices of the teeth, effectively removing food debris and plaque, while PLA degradable corn starch is made into the Stick, the handle is ergonomically designed to make [&hellip;]","protected":false},"featured_media":642,"menu_order":0,"template":"","meta":[],"product-tag":[],"products":[74],"class_list":["post-641","product","type-product","status-publish","has-post-thumbnail","hentry","products-floss-stick"],"acf":[],"_links":{"self":[{"href":"https:\/\/www.ruiqigo.com\/es\/wp-json\/wp\/v2\/product\/641","targetHints":{"allow":["GET"]}}],"collection":[{"href":"https:\/\/www.ruiqigo.com\/es\/wp-json\/wp\/v2\/product"}],"about":[{"href":"https:\/\/www.ruiqigo.com\/es\/wp-json\/wp\/v2\/types\/product"}],"version-history":[{"count":0,"href":"https:\/\/www.ruiqigo.com\/es\/wp-json\/wp\/v2\/product\/641\/revisions"}],"wp:featuredmedia":[{"embeddable":true,"href":"https:\/\/www.ruiqigo.com\/es\/wp-json\/wp\/v2\/media\/642"}],"wp:attachment":[{"href":"https:\/\/www.ruiqigo.com\/es\/wp-json\/wp\/v2\/media?parent=641"}],"wp:term":[{"taxonomy":"product-tag","embeddable":true,"href":"https:\/\/www.ruiqigo.com\/es\/wp-json\/wp\/v2\/product-tag?post=641"},{"taxonomy":"products","embeddable":true,"href":"https:\/\/www.ruiqigo.com\/es\/wp-json\/wp\/v2\/products?post=641"}],"curies":[{"name":"wp","href":"https:\/\/api.w.org\/{rel}","templated":true}]}}