{"id":646,"date":"2024-07-25T15:09:22","date_gmt":"2024-07-25T07:09:22","guid":{"rendered":"https:\/\/ruiqigo.com\/?post_type=product&#038;p=646"},"modified":"2024-11-01T14:14:29","modified_gmt":"2024-11-01T06:14:29","slug":"potassium-nitrate-toothpaste","status":"publish","type":"product","link":"https:\/\/www.ruiqigo.com\/es\/product\/potassium-nitrate-toothpaste","title":{"rendered":"Pasta de dientes con nitrato de potasio"},"content":{"rendered":"<h2 class=\"wp-block-heading\">F\u00f3rmulas habituales para la fabricaci\u00f3n de pasta de dientes con nitrato de potasio<\/h2>\n\n\n\n<p>El ingrediente principal de la pasta de dientes con nitrato de potasio, el nitrato de potasio, tiene el efecto de aliviar la sensibilidad dental. El nitrato de potasio puede reducir eficazmente la sensibilidad de los dientes al fr\u00edo, al calor, al dulce y a otros est\u00edmulos, y al mismo tiempo tiene efectos antibacterianos y antiinflamatorios, lo que ayuda a prevenir enfermedades bucales. Adem\u00e1s, el nitrato de potasio tambi\u00e9n puede ayudar a mejorar el entorno bucal y reducir la formaci\u00f3n de placa, reduciendo as\u00ed la incidencia de caries.<\/p>\n\n\n\n<h2 class=\"wp-block-heading\">Escenarios de aplicaci\u00f3n de la pasta de dientes con nitrato de potasio<\/h2>\n\n\n\n<p>La pasta de dientes con nitrato de potasio es adecuada para una variedad de situaciones, especialmente para las siguientes ocasiones: 1. personas con dientes sensibles, para reducir eficazmente la sensibilidad dental; <\/p>\n\n\n\n<p>2. despu\u00e9s de las comidas, para limpiar eficazmente los restos de comida, para mantener el aliento fresco; <\/p>\n\n\n\n<p>3. despu\u00e9s de permanecer despierto toda la noche, despu\u00e9s de fumar, para reducir el mal sabor de boca, para cuidar la salud de los dientes; <\/p>\n\n\n\n<p>4. ocasiones especiales, como bodas, entrevistas de trabajo, etc., para mantener el aliento fresco.<\/p>\n\n\n\n<h2 class=\"wp-block-heading\">\u00bfPara qui\u00e9n es adecuada la pasta de dientes con nitrato de potasio?<\/h2>\n\n\n\n<p>La pasta de dientes con nitrato de potasio es adecuada para una amplia gama de personas y est\u00e1 especialmente recomendada para los siguientes consumidores: <\/p>\n\n\n\n<p>1. personas con dientes sensibles que necesitan aliviar la sensibilidad dental; <\/p>\n\n\n\n<p>2. Las personas a las que les molesta el mal olor bucal, como los fumadores, suelen permanecer despiertas toda la noche; <\/p>\n\n\n\n<p>3. pacientes diab\u00e9ticos que presentan un alto riesgo de padecer enfermedad periodontal y necesitan prestar especial atenci\u00f3n al cuidado bucal; <\/p>\n\n\n\n<p>4. consumidores a quienes les gusta probar nuevos productos para el cuidado bucal; <\/p>\n\n\n\n<p>5. consumidores a quienes les gusta disfrutar de la pasta de dientes con nitrato de potasio y disfrutar de los beneficios de la pasta de dientes con nitrato de potasio. <\/p>\n\n\n\n<h2 class=\"wp-block-heading\">Proceso de producci\u00f3n de pasta de dientes con nitrato de potasio<\/h2>\n\n\n\n<p>Como fabricante profesional de pasta de dientes con nitrato de potasio, adoptamos el siguiente proceso de producci\u00f3n especial: <\/p>\n\n\n\n<p>1. Selecci\u00f3n estricta de las materias primas de nitrato de potasio para garantizar su pureza y calidad; <\/p>\n\n\n\n<p>2. Control preciso de la cantidad de nitrato de potasio a\u00f1adido para garantizar que el producto sea seguro y eficaz; <\/p>\n\n\n\n<p>3. Se adopta tecnolog\u00eda de molienda a baja temperatura para liberar completamente la actividad del nitrato de potasio; <\/p>\n\n\n\n<p>4. El llenado as\u00e9ptico garantiza que el producto sea seguro e higi\u00e9nico; <\/p>\n\n\n\n<p>5. Control de calidad completo para garantizar que cada pasta dental con nitrato de potasio cumpla con el est\u00e1ndar nacional. A trav\u00e9s del proceso mencionado anteriormente, como fabricante profesional de pasta dental con nitrato de potasio, le ofreceremos un producto de cuidado bucal confiable y de alta calidad.<\/p>\n\n\n\n<p><\/p>","protected":false},"excerpt":{"rendered":"Potassium nitrate toothpaste manufacturing common formulas Potassium Nitrate Toothpaste&#8217;s core ingredient, Potassium Nitrate, has the effect of relieving tooth sensitivity. Potassium nitrate can effectively reduce the sensitivity of teeth to cold, hot, sweet and other stimuli, and at the same time has antibacterial and anti-inflammatory effects, which helps to prevent oral diseases. In addition, potassium [&hellip;]","protected":false},"featured_media":653,"menu_order":0,"template":"","meta":[],"product-tag":[],"products":[71],"class_list":["post-646","product","type-product","status-publish","has-post-thumbnail","hentry","products-toothpaste"],"acf":[],"_links":{"self":[{"href":"https:\/\/www.ruiqigo.com\/es\/wp-json\/wp\/v2\/product\/646","targetHints":{"allow":["GET"]}}],"collection":[{"href":"https:\/\/www.ruiqigo.com\/es\/wp-json\/wp\/v2\/product"}],"about":[{"href":"https:\/\/www.ruiqigo.com\/es\/wp-json\/wp\/v2\/types\/product"}],"version-history":[{"count":0,"href":"https:\/\/www.ruiqigo.com\/es\/wp-json\/wp\/v2\/product\/646\/revisions"}],"wp:featuredmedia":[{"embeddable":true,"href":"https:\/\/www.ruiqigo.com\/es\/wp-json\/wp\/v2\/media\/653"}],"wp:attachment":[{"href":"https:\/\/www.ruiqigo.com\/es\/wp-json\/wp\/v2\/media?parent=646"}],"wp:term":[{"taxonomy":"product-tag","embeddable":true,"href":"https:\/\/www.ruiqigo.com\/es\/wp-json\/wp\/v2\/product-tag?post=646"},{"taxonomy":"products","embeddable":true,"href":"https:\/\/www.ruiqigo.com\/es\/wp-json\/wp\/v2\/products?post=646"}],"curies":[{"name":"wp","href":"https:\/\/api.w.org\/{rel}","templated":true}]}}