{"id":652,"date":"2024-07-25T15:14:31","date_gmt":"2024-07-25T07:14:31","guid":{"rendered":"https:\/\/ruiqigo.com\/?post_type=product&#038;p=652"},"modified":"2024-11-01T14:14:59","modified_gmt":"2024-11-01T06:14:59","slug":"stannous-fluoride-toothpaste","status":"publish","type":"product","link":"https:\/\/www.ruiqigo.com\/es\/product\/stannous-fluoride-toothpaste","title":{"rendered":"Pasta de dientes con fluoruro estanoso"},"content":{"rendered":"<h3 class=\"wp-block-heading\">F\u00f3rmulas habituales en la fabricaci\u00f3n de pasta dental con fluoruro esta\u00f1oso<\/h3>\n\n\n\n<p>El ingrediente principal de la pasta de dientes con fluoruro de esta\u00f1o, el fluoruro de esta\u00f1o, es un fluoruro ampliamente utilizado en productos para el cuidado bucal, que puede mejorar eficazmente la capacidad del esmalte para resistir la acidez y reducir la incidencia de caries. El fluoruro de esta\u00f1o tambi\u00e9n promueve la remineralizaci\u00f3n de los dientes y la restauraci\u00f3n de caries tempranas. Adem\u00e1s, el fluoruro de esta\u00f1o es inofensivo para el cuerpo humano y adecuado para un uso a largo plazo.<\/p>\n\n\n\n<h3 class=\"wp-block-heading\">Escenarios de aplicaci\u00f3n de la pasta dental con fluoruro esta\u00f1oso<\/h3>\n\n\n\n<p>La pasta de dientes con fluoruro esta\u00f1oso es adecuada para una variedad de situaciones, especialmente para las siguientes ocasiones: <\/p>\n\n\n\n<p>1. despu\u00e9s de las comidas, limpieza eficaz de los restos de comida y protecci\u00f3n de los dientes; <\/p>\n\n\n\n<p>2. despu\u00e9s de permanecer despierto toda la noche y fumar, para aliviar el mal sabor de boca y cuidar la salud de los dientes; <\/p>\n\n\n\n<p>3. ocasiones especiales, como bodas, entrevistas, etc., para mantener el aliento fresco; <\/p>\n\n\n\n<p>4. despu\u00e9s del tratamiento de enfermedades bucales, para ayudar a limpiar la cavidad bucal.<\/p>\n\n\n\n<h3 class=\"wp-block-heading\">\u00bfPara qui\u00e9n es adecuada la pasta de dientes con fl\u00faor esta\u00f1oso?<\/h3>\n\n\n\n<p>La pasta de dientes con fluoruro de esta\u00f1o es adecuada para una amplia gama de personas y est\u00e1 especialmente recomendada para los siguientes consumidores:<\/p>\n\n\n\n<p>1. ni\u00f1os, adolescentes y adultos, para prevenir las caries y mantener la salud bucal; <\/p>\n\n\n\n<p>2. personas con dientes sensibles, que necesitan mejorar la dureza del esmalte; <\/p>\n\n\n\n<p>3. Los pacientes diab\u00e9ticos, debido al alto riesgo de enfermedad periodontal, necesitan prestar especial atenci\u00f3n al cuidado bucal; <\/p>\n\n\n\n<p>4. Consumidores a quienes les gusta probar nuevos productos para el cuidado bucal, disfrutar de la pasta de dientes con fluoruro de esta\u00f1o y del buen sabor de la pasta de dientes con fluoruro de esta\u00f1o. Consumidores a quienes les gusta probar nuevos productos para el cuidado bucal y disfrutar de la salud bucal que brinda la pasta de dientes con fluoruro de esta\u00f1o.<\/p>\n\n\n\n<h3 class=\"wp-block-heading\">Proceso de producci\u00f3n de pasta dental con fluoruro esta\u00f1oso<\/h3>\n\n\n\n<p>Como fabricante profesional de pasta dental con fluoruro de esta\u00f1o, adoptamos el siguiente proceso de producci\u00f3n especial: <\/p>\n\n\n\n<p>1) Examinar estrictamente las materias primas de fluoruro esta\u00f1oso para garantizar su pureza y calidad; <\/p>\n\n\n\n<p>2) Control preciso de la cantidad de fluoruro estannoso a\u00f1adido para garantizar la seguridad y eficacia del producto; <\/p>\n\n\n\n<p>3) Adopci\u00f3n de tecnolog\u00eda de molienda a baja temperatura para liberar la actividad del fluoruro estannoso al m\u00e1ximo; <\/p>\n\n\n\n<p>4) Llenado as\u00e9ptico para garantizar la seguridad e higiene del producto; <\/p>\n\n\n\n<p>5) Control de calidad completo para garantizar la seguridad e higiene del producto. Como gran fabricante de pasta dental con fluoruro de esta\u00f1o, todo el proceso de control de calidad garantiza que cada pasta dental con fluoruro de esta\u00f1o cumpla con el est\u00e1ndar nacional. A trav\u00e9s del proceso mencionado anteriormente, le ofrecemos un producto de cuidado bucal confiable y de alta calidad.<\/p>","protected":false},"excerpt":{"rendered":"Stannous fluoride toothpaste manufacturing common formulas Stannous Fluoride Toothpaste&#8217;s core ingredient, Stannous Fluoride, is a fluoride widely used in oral care products, which can effectively enhance the enamel&#8217;s ability to resist acidity and reduce the incidence of tooth decay. Stannous fluoride also promotes remineralization of teeth and restoration of early cavities. In addition, stannous fluoride [&hellip;]","protected":false},"featured_media":657,"menu_order":0,"template":"","meta":[],"product-tag":[],"products":[71],"class_list":["post-652","product","type-product","status-publish","has-post-thumbnail","hentry","products-toothpaste"],"acf":[],"_links":{"self":[{"href":"https:\/\/www.ruiqigo.com\/es\/wp-json\/wp\/v2\/product\/652","targetHints":{"allow":["GET"]}}],"collection":[{"href":"https:\/\/www.ruiqigo.com\/es\/wp-json\/wp\/v2\/product"}],"about":[{"href":"https:\/\/www.ruiqigo.com\/es\/wp-json\/wp\/v2\/types\/product"}],"version-history":[{"count":0,"href":"https:\/\/www.ruiqigo.com\/es\/wp-json\/wp\/v2\/product\/652\/revisions"}],"wp:featuredmedia":[{"embeddable":true,"href":"https:\/\/www.ruiqigo.com\/es\/wp-json\/wp\/v2\/media\/657"}],"wp:attachment":[{"href":"https:\/\/www.ruiqigo.com\/es\/wp-json\/wp\/v2\/media?parent=652"}],"wp:term":[{"taxonomy":"product-tag","embeddable":true,"href":"https:\/\/www.ruiqigo.com\/es\/wp-json\/wp\/v2\/product-tag?post=652"},{"taxonomy":"products","embeddable":true,"href":"https:\/\/www.ruiqigo.com\/es\/wp-json\/wp\/v2\/products?post=652"}],"curies":[{"name":"wp","href":"https:\/\/api.w.org\/{rel}","templated":true}]}}