{"id":661,"date":"2024-07-25T15:18:07","date_gmt":"2024-07-25T07:18:07","guid":{"rendered":"https:\/\/ruiqigo.com\/?post_type=product&#038;p=661"},"modified":"2024-11-01T10:32:29","modified_gmt":"2024-11-01T02:32:29","slug":"berryoxide-toothpaste","status":"publish","type":"product","link":"https:\/\/www.ruiqigo.com\/es\/product\/berryoxide-toothpaste","title":{"rendered":"Pasta de dientes con \u00f3xido de bayas"},"content":{"rendered":"<h2 class=\"wp-block-heading\">F\u00f3rmulas habituales de fabricaci\u00f3n de pasta de dientes Berryoxide<\/h2>\n\n\n\n<p>El ingrediente principal de la pasta de dientes Berryoxide, el per\u00f3xido, tiene un fuerte efecto oxidante, que puede matar eficazmente las bacterias en la boca y prevenir enfermedades bucales. El per\u00f3xido tambi\u00e9n puede ayudar a neutralizar los \u00e1cidos bucales y mejorar el entorno bucal, lo que ayuda a prevenir la caries dental y la enfermedad periodontal. Adem\u00e1s, el per\u00f3xido es inofensivo para el cuerpo humano y adecuado para un uso a largo plazo.<\/p>\n\n\n\n<h2 class=\"wp-block-heading\">Escenarios de aplicaci\u00f3n de la pasta de dientes Berryoxide<\/h2>\n\n\n\n<p>La pasta de dientes Berryoxide es adecuada para una variedad de escenarios, especialmente para las siguientes ocasiones: 1. despu\u00e9s de las comidas, para limpiar eficazmente los restos de comida y mantener el aliento fresco; 2. despu\u00e9s de permanecer despierto toda la noche y fumar, para reducir el mal sabor de boca y cuidar la salud de los dientes; 3. en ocasiones especiales, como bodas, entrevistas, etc., para mantener el aliento fresco; 4. despu\u00e9s del tratamiento de enfermedades bucales, para ayudar a limpiar la cavidad bucal.<\/p>\n\n\n\n<h2 class=\"wp-block-heading\">\u00bfPara qui\u00e9n es adecuada la pasta de dientes Berryoxide?<\/h2>\n\n\n\n<p>La pasta de dientes Berryoxide es adecuada para una amplia gama de personas y est\u00e1 especialmente recomendada para los siguientes consumidores:<\/p>\n\n\n\n<p> 1. Las personas a las que les molesta el mal olor bucal, como los fumadores, suelen quedarse despiertas hasta tarde; <\/p>\n\n\n\n<p>2. Las personas con dientes sensibles necesitan limpiar suavemente la multitud; <\/p>\n\n\n\n<p>3. Los pacientes diab\u00e9ticos, debido al alto riesgo de enfermedad periodontal, necesitan prestar especial atenci\u00f3n al cuidado bucal; <\/p>\n\n\n\n<p>4. Me gustar\u00eda probar un nuevo tipo de productos para el cuidado bucal que los consumidores puedan disfrutar. La pasta de dientes Berryoxide aporta salud bucal.<\/p>\n\n\n\n<h2 class=\"wp-block-heading\">Proceso de producci\u00f3n de pasta de dientes Berryoxide<\/h2>\n\n\n\n<p>Como fabricante profesional de pasta de dientes Berryoxide, adoptamos el siguiente proceso de producci\u00f3n especial:<\/p>\n\n\n\n<p> 1. Examen estricto de las materias primas de per\u00f3xido para garantizar su pureza y calidad; <\/p>\n\n\n\n<p>2. Control preciso de la cantidad de per\u00f3xido a\u00f1adido para garantizar la seguridad y eficacia del producto; <\/p>\n\n\n\n<p>3. Adopci\u00f3n de tecnolog\u00eda de mezcla a baja temperatura para liberar completamente la actividad de los per\u00f3xidos; <\/p>\n\n\n\n<p>4. Llenado as\u00e9ptico para garantizar que el producto sea seguro e higi\u00e9nico; <\/p>\n\n\n\n<p>5. Control de calidad completo para garantizar que cada pasta de dientes Berryoxide sea segura e higi\u00e9nica. Como fabricante l\u00edder de pasta de dientes Berryoxide, controlamos la calidad para garantizar que cada pasta de dientes Berryoxide cumpla con el est\u00e1ndar nacional. A trav\u00e9s del proceso mencionado anteriormente, le ofrecemos un producto de cuidado bucal confiable y de alta calidad.<\/p>","protected":false},"excerpt":{"rendered":"Berryoxide toothpaste manufacturing common formulas The core ingredient of Berryoxide Toothpaste, peroxide, has a strong oxidizing effect, which can effectively kill bacteria in the mouth and prevent oral diseases. Peroxide can also help neutralize oral acids and improve the oral environment, which helps prevent tooth decay and periodontal disease. In addition, peroxide is harmless to [&hellip;]","protected":false},"featured_media":662,"menu_order":0,"template":"","meta":[],"product-tag":[],"products":[71],"class_list":["post-661","product","type-product","status-publish","has-post-thumbnail","hentry","products-toothpaste"],"acf":[],"_links":{"self":[{"href":"https:\/\/www.ruiqigo.com\/es\/wp-json\/wp\/v2\/product\/661","targetHints":{"allow":["GET"]}}],"collection":[{"href":"https:\/\/www.ruiqigo.com\/es\/wp-json\/wp\/v2\/product"}],"about":[{"href":"https:\/\/www.ruiqigo.com\/es\/wp-json\/wp\/v2\/types\/product"}],"version-history":[{"count":0,"href":"https:\/\/www.ruiqigo.com\/es\/wp-json\/wp\/v2\/product\/661\/revisions"}],"wp:featuredmedia":[{"embeddable":true,"href":"https:\/\/www.ruiqigo.com\/es\/wp-json\/wp\/v2\/media\/662"}],"wp:attachment":[{"href":"https:\/\/www.ruiqigo.com\/es\/wp-json\/wp\/v2\/media?parent=661"}],"wp:term":[{"taxonomy":"product-tag","embeddable":true,"href":"https:\/\/www.ruiqigo.com\/es\/wp-json\/wp\/v2\/product-tag?post=661"},{"taxonomy":"products","embeddable":true,"href":"https:\/\/www.ruiqigo.com\/es\/wp-json\/wp\/v2\/products?post=661"}],"curies":[{"name":"wp","href":"https:\/\/api.w.org\/{rel}","templated":true}]}}