{"id":666,"date":"2024-07-25T15:56:03","date_gmt":"2024-07-25T07:56:03","guid":{"rendered":"https:\/\/ruiqigo.com\/?post_type=product&#038;p=666"},"modified":"2025-09-03T15:22:37","modified_gmt":"2025-09-03T07:22:37","slug":"chlorhexidine-gluconate-mouthwash","status":"publish","type":"product","link":"https:\/\/www.ruiqigo.com\/es\/product\/chlorhexidine-gluconate-mouthwash","title":{"rendered":"Enjuague bucal con gluconato de clorhexidina"},"content":{"rendered":"<h2 class=\"wp-block-heading\">F\u00f3rmulas comunes<\/h2>\n\n\n\n<p>El ingrediente principal del enjuague bucal con gluconato de clorhexidina, <strong>Gluconato de clorhexidina<\/strong>, es un agente antimicrobiano de amplio espectro que puede inhibir eficazmente el crecimiento de bacterias en la boca y prevenir enfermedades bucales. El gluconato de clorhexidina es inofensivo y adecuado para un uso prolongado. Adem\u00e1s, el gluconato de clorhexidina tiene un efecto desinfectante suave, que puede eliminar eficazmente el olor bucal y mejorar el entorno bucal.<\/p>\n\n\n\n<h2 class=\"wp-block-heading\">Escenarios aplicables<\/h2>\n\n\n\n<p>El enjuague bucal con gluconato de clorhexidina es adecuado para una variedad de situaciones, especialmente para las siguientes ocasiones: <\/p>\n\n\n\n<p>1. \u00daselo despu\u00e9s de las comidas para limpiar eficazmente los restos de comida y mantener el aliento fresco; <\/p>\n\n\n\n<p>2. Despu\u00e9s de trasnochar y fumar, para reducir el olor bucal y cuidar la salud de los dientes; <\/p>\n\n\n\n<p>3. En ocasiones especiales, como bodas, entrevistas, etc., para mantener el aliento fresco; <\/p>\n\n\n\n<p>4. Despu\u00e9s del tratamiento de enfermedades bucales, para ayudar a limpiar la boca. Limpiar la cavidad bucal.<\/p>\n\n\n\n<h2 class=\"wp-block-heading\">\u00bfPara qui\u00e9n est\u00e1 indicado el enjuague bucal con gluconato de clorhexidina?<\/h2>\n\n\n\n<p>El enjuague bucal con gluconato de clorhexidina es adecuado para una amplia gama de personas y est\u00e1 especialmente recomendado para los siguientes consumidores: <\/p>\n\n\n\n<p>1. personas a las que les molesta el olor bucal, como los fumadores, las personas que suelen trasnochar; <\/p>\n\n\n\n<p>2. personas con dientes sensibles, que necesitan una limpieza suave; <\/p>\n\n\n\n<p>3. Los pacientes diab\u00e9ticos, que tienen un alto riesgo de padecer enfermedad periodontal, necesitan prestar especial atenci\u00f3n al cuidado bucal;<\/p>\n\n\n\n<p> 4. Los consumidores a quienes les gusta probar nuevos productos para el cuidado bucal, disfrutan del enjuague bucal con gluconato de clorhexidina; <\/p>\n\n\n\n<p>5. Consumidores a quienes les gusta probar nuevos productos para el cuidado bucal. Consumidores a quienes les gusta probar nuevos productos para el cuidado bucal y disfrutar de la salud bucal que brindan los enjuagues bucales con gluconato de clorhexidina.<\/p>\n\n\n\n<h2 class=\"wp-block-heading\">Proceso de producci\u00f3n<\/h2>\n\n\n\n<p>Para garantizar la calidad del enjuague bucal con gluconato de clorhexidina, adoptamos el siguiente proceso de producci\u00f3n especial: <\/p>\n\n\n\n<p>1. Examen estricto de las materias primas de gluconato de clorhexidina para garantizar su pureza y calidad; <\/p>\n\n\n\n<p>2. Control preciso de la cantidad de gluconato de clorhexidina a\u00f1adido para garantizar la seguridad y eficacia del producto; <\/p>\n\n\n\n<p>3. Adopci\u00f3n de tecnolog\u00eda de mezcla a baja temperatura para liberar la actividad del gluconato de clorhexidina en toda su extensi\u00f3n; <\/p>\n\n\n\n<p>4. Llenado as\u00e9ptico para garantizar la seguridad e higiene del producto; <\/p>\n\n\n\n<p>5. Control de calidad completo para garantizar que cada botella de enjuague bucal con gluconato de clorhexidina cumpla con el est\u00e1ndar nacional. <\/p>\n\n\n\n<p>A trav\u00e9s del proceso anterior, le ofrecemos un producto de cuidado bucal seguro y de alta calidad.<\/p>","protected":false},"excerpt":{"rendered":"Common Formulas Chlorhexidine Gluconate Mouthwash&#8217;s core ingredient, Chlorhexidine Gluconate, is a broad-spectrum antimicrobial agent that can effectively inhibit the growth of bacteria in the mouth and prevent oral diseases. Chlorhexidine Gluconate is harmless and suitable for long-term use. In addition, chlorhexidine gluconate has a mild disinfecting effect, which can effectively remove oral odor and improve [&hellip;]","protected":false},"featured_media":673,"menu_order":0,"template":"","meta":[],"product-tag":[201,206,208,209,212,213,215],"products":[72],"class_list":["post-666","product","type-product","status-publish","has-post-thumbnail","hentry","product-tag-mouthwash-manufacturer","product-tag-mouthwash-companies","product-tag-mouthwash-suppliers","product-tag-chlorhexidine-gluconate-mouthwash-manufacturer","product-tag-mouthwash-contract-manufacturer","product-tag-antiseptic-mouthwashes-manufacturer","product-tag-chlorhexidine-mouthwash-manufacturer","products-mouthwash"],"acf":[],"_links":{"self":[{"href":"https:\/\/www.ruiqigo.com\/es\/wp-json\/wp\/v2\/product\/666","targetHints":{"allow":["GET"]}}],"collection":[{"href":"https:\/\/www.ruiqigo.com\/es\/wp-json\/wp\/v2\/product"}],"about":[{"href":"https:\/\/www.ruiqigo.com\/es\/wp-json\/wp\/v2\/types\/product"}],"version-history":[{"count":0,"href":"https:\/\/www.ruiqigo.com\/es\/wp-json\/wp\/v2\/product\/666\/revisions"}],"wp:featuredmedia":[{"embeddable":true,"href":"https:\/\/www.ruiqigo.com\/es\/wp-json\/wp\/v2\/media\/673"}],"wp:attachment":[{"href":"https:\/\/www.ruiqigo.com\/es\/wp-json\/wp\/v2\/media?parent=666"}],"wp:term":[{"taxonomy":"product-tag","embeddable":true,"href":"https:\/\/www.ruiqigo.com\/es\/wp-json\/wp\/v2\/product-tag?post=666"},{"taxonomy":"products","embeddable":true,"href":"https:\/\/www.ruiqigo.com\/es\/wp-json\/wp\/v2\/products?post=666"}],"curies":[{"name":"wp","href":"https:\/\/api.w.org\/{rel}","templated":true}]}}