{"id":677,"date":"2024-07-25T16:01:02","date_gmt":"2024-07-25T08:01:02","guid":{"rendered":"https:\/\/ruiqigo.com\/?post_type=product&#038;p=677"},"modified":"2025-09-03T15:22:29","modified_gmt":"2025-09-03T07:22:29","slug":"xylitol-mouthwash","status":"publish","type":"product","link":"https:\/\/www.ruiqigo.com\/es\/product\/xylitol-mouthwash","title":{"rendered":"Enjuague bucal con xilitol"},"content":{"rendered":"<h2 class=\"wp-block-heading\">F\u00f3rmulas comunes<\/h2>\n\n\n\n<p>El ingrediente principal del enjuague bucal con xilitol,<strong> Xilitol<\/strong>, es un edulcorante natural con propiedades anticaries. El xilitol inhibe el crecimiento de las bacterias que provocan caries en la boca y reduce la formaci\u00f3n de placa, reduciendo as\u00ed la incidencia de caries. Adem\u00e1s, el xilitol puede proporcionar un sabor fresco, mejorar el entorno bucal y cuidar la salud dental.<\/p>\n\n\n\n<h2 class=\"wp-block-heading\">Escenarios aplicables<\/h2>\n\n\n\n<p>El enjuague bucal con xilitol es adecuado para una variedad de situaciones, especialmente para las siguientes ocasiones: <\/p>\n\n\n\n<p>1. despu\u00e9s de las comidas, limpiando eficazmente los restos de comida, protegiendo los dientes; <\/p>\n\n\n\n<p>2. despu\u00e9s de permanecer despierto toda la noche, fumando, para reducir el mal sabor de boca y cuidar la salud dental; <\/p>\n\n\n\n<p>3. en ocasiones especiales, como bodas, entrevistas de trabajo, etc., para mantener el aliento fresco; <\/p>\n\n\n\n<p>4. despu\u00e9s del tratamiento de enfermedades bucales, para ayudar a limpiar la cavidad bucal.<\/p>\n\n\n\n<h2 class=\"wp-block-heading\">\u00bfPara qui\u00e9n est\u00e1 indicado el enjuague bucal con xilitol?<\/h2>\n\n\n\n<p>El enjuague bucal con xilitol es adecuado para una amplia gama de personas, especialmente recomendado para los siguientes consumidores: <\/p>\n\n\n\n<p>1. ni\u00f1os, adolescentes y adultos, para prevenir la caries dental y mantener la salud bucal; <\/p>\n\n\n\n<p>2. personas con dientes sensibles que necesitan una limpieza suave; <\/p>\n\n\n\n<p>3. Los pacientes diab\u00e9ticos, debido al alto riesgo de enfermedad periodontal, necesitan prestar especial atenci\u00f3n al cuidado de la salud bucal; <\/p>\n\n\n\n<p>4. A los consumidores que les gusta probar nuevos productos para el cuidado de la salud bucal, \u00a1disfr\u00fatenlo! El enjuague bucal con xilitol aporta salud bucal.<\/p>\n\n\n\n<h2 class=\"wp-block-heading\">Proceso de producci\u00f3n<\/h2>\n\n\n\n<p>Para garantizar la calidad del enjuague bucal con xilitol, adoptamos el siguiente proceso de producci\u00f3n especial: <\/p>\n\n\n\n<p>1. Selecci\u00f3n estricta de las materias primas de xilitol para garantizar su pureza y calidad; <\/p>\n\n\n\n<p>2. control preciso de la cantidad de xilitol a\u00f1adido para garantizar que el producto sea seguro y eficaz; <\/p>\n\n\n\n<p>3. el uso de tecnolog\u00eda de mezcla a baja temperatura, la liberaci\u00f3n completa de la actividad del xilitol; <\/p>\n\n\n\n<p>4. llenado as\u00e9ptico para garantizar que el producto sea seguro e higi\u00e9nico; <\/p>\n\n\n\n<p>5. Todo el proceso de control de calidad garantiza que cada botella de enjuague bucal con xilitol sea segura e higi\u00e9nica. Cada botella de enjuague bucal con xilitol cumple con la norma nacional. <\/p>\n\n\n\n<p>A trav\u00e9s del proceso anterior, le ofrecemos un producto de cuidado bucal confiable y de alta calidad.<\/p>","protected":false},"excerpt":{"rendered":"Common Formulas Xylitol Mouthwash&#8217;s core ingredient, Xylitol, is a natural sweetener with anti-cavity properties. Xylitol inhibits the growth of caries-causing bacteria in the mouth and reduces the formation of plaque, thus reducing the incidence of tooth decay. In addition, xylitol can provide a fresh taste, improve the oral environment and take care of dental health. [&hellip;]","protected":false},"featured_media":678,"menu_order":0,"template":"","meta":[],"product-tag":[201,206,207,208,212,213,216],"products":[72],"class_list":["post-677","product","type-product","status-publish","has-post-thumbnail","hentry","product-tag-mouthwash-manufacturer","product-tag-mouthwash-companies","product-tag-mouthwash-factory","product-tag-mouthwash-suppliers","product-tag-mouthwash-contract-manufacturer","product-tag-antiseptic-mouthwashes-manufacturer","product-tag-private-label-mouthwash-manufacturers","products-mouthwash"],"acf":[],"_links":{"self":[{"href":"https:\/\/www.ruiqigo.com\/es\/wp-json\/wp\/v2\/product\/677","targetHints":{"allow":["GET"]}}],"collection":[{"href":"https:\/\/www.ruiqigo.com\/es\/wp-json\/wp\/v2\/product"}],"about":[{"href":"https:\/\/www.ruiqigo.com\/es\/wp-json\/wp\/v2\/types\/product"}],"version-history":[{"count":0,"href":"https:\/\/www.ruiqigo.com\/es\/wp-json\/wp\/v2\/product\/677\/revisions"}],"wp:featuredmedia":[{"embeddable":true,"href":"https:\/\/www.ruiqigo.com\/es\/wp-json\/wp\/v2\/media\/678"}],"wp:attachment":[{"href":"https:\/\/www.ruiqigo.com\/es\/wp-json\/wp\/v2\/media?parent=677"}],"wp:term":[{"taxonomy":"product-tag","embeddable":true,"href":"https:\/\/www.ruiqigo.com\/es\/wp-json\/wp\/v2\/product-tag?post=677"},{"taxonomy":"products","embeddable":true,"href":"https:\/\/www.ruiqigo.com\/es\/wp-json\/wp\/v2\/products?post=677"}],"curies":[{"name":"wp","href":"https:\/\/api.w.org\/{rel}","templated":true}]}}