{"id":682,"date":"2024-07-25T16:21:43","date_gmt":"2024-07-25T08:21:43","guid":{"rendered":"https:\/\/ruiqigo.com\/?post_type=product&#038;p=682"},"modified":"2025-09-03T15:22:15","modified_gmt":"2025-09-03T07:22:15","slug":"baking-soda-mouthwash","status":"publish","type":"product","link":"https:\/\/www.ruiqigo.com\/es\/product\/baking-soda-mouthwash","title":{"rendered":"Enjuague bucal con bicarbonato de sodio"},"content":{"rendered":"<h2 class=\"wp-block-heading\">F\u00f3rmulas comunes<\/h2>\n\n\n\n<p><strong>Bicarbonato de sodio<\/strong>El ingrediente principal del enjuague bucal con bicarbonato de sodio tiene una acci\u00f3n exfoliante suave que elimina eficazmente las manchas y la placa de la superficie de los dientes. El bicarbonato de sodio tambi\u00e9n puede ayudar a neutralizar los \u00e1cidos bucales y mejorar el entorno bucal, lo que ayuda a prevenir la caries y la enfermedad periodontal. Adem\u00e1s, el bicarbonato de sodio es inofensivo para el cuerpo humano y adecuado para un uso a largo plazo.<\/p>\n\n\n\n<h2 class=\"wp-block-heading\">Escenario aplicable<\/h2>\n\n\n\n<p>El enjuague bucal con bicarbonato de sodio es adecuado para una variedad de situaciones, especialmente para las siguientes ocasiones: <\/p>\n\n\n\n<p>1. despu\u00e9s de las comidas, para limpiar eficazmente los restos de comida y proteger los dientes; <\/p>\n\n\n\n<p>2. despu\u00e9s de permanecer despierto toda la noche y fumar, para reducir el mal sabor de boca y cuidar la salud de los dientes; <\/p>\n\n\n\n<p>3. en ocasiones especiales, como bodas, entrevistas, etc., para mantener el aliento fresco; <\/p>\n\n\n\n<p>4. despu\u00e9s del tratamiento de enfermedades bucales, para ayudar a limpiar la cavidad bucal.<\/p>\n\n\n\n<h2 class=\"wp-block-heading\">Poblaci\u00f3n aplicable<\/h2>\n\n\n\n<p>El enjuague bucal con bicarbonato de sodio es adecuado para una amplia gama de personas, especialmente recomendado para los siguientes consumidores: <\/p>\n\n\n\n<p>1. Las personas con manchas en la superficie de los dientes, necesitan ser cuidadosos al eliminar las manchas; <\/p>\n\n\n\n<p>2. Las personas con alta acidez en la boca, necesitan mejorar el ambiente bucal; <\/p>\n\n\n\n<p>3. Las personas mayores deben ser cuidadosas al limpiar los dientes para prevenir la enfermedad periodontal; <\/p>\n\n\n\n<p>4. ni\u00f1os y adolescentes, a desarrollar buenos h\u00e1bitos de higiene bucal.<\/p>\n\n\n\n<h2 class=\"wp-block-heading\">Proceso de producci\u00f3n<\/h2>\n\n\n\n<p>Para garantizar la calidad del enjuague bucal de bicarbonato de sodio, adoptamos el siguiente proceso de producci\u00f3n especial: <\/p>\n\n\n\n<p>1. Selecci\u00f3n estricta de las materias primas de bicarbonato de sodio para garantizar su pureza y calidad; <\/p>\n\n\n\n<p>2. Control preciso de la cantidad de bicarbonato de sodio a\u00f1adido para garantizar que el producto sea suave y tenga efecto descontaminante; <\/p>\n\n\n\n<p>3. el uso de tecnolog\u00eda de mezcla a baja temperatura, la liberaci\u00f3n completa de la actividad del bicarbonato de sodio; <\/p>\n\n\n\n<p>4. llenado as\u00e9ptico para garantizar que el producto sea seguro e higi\u00e9nico; <\/p>\n\n\n\n<p>5. Control de calidad completo para garantizar que cada botella de enjuague bucal con bicarbonato de sodio sea segura e higi\u00e9nica. Control de calidad para garantizar que cada botella de enjuague bucal con bicarbonato de sodio cumpla con el est\u00e1ndar nacional. <\/p>\n\n\n\n<p>A trav\u00e9s del proceso anterior, le ofrecemos un producto de cuidado bucal confiable y de alta calidad.<\/p>","protected":false},"excerpt":{"rendered":"Common Formulas Sodium bicarbonate, the core ingredient of Baking Soda Mouthwash, has a gentle scrubbing action that effectively removes stains and plaque from the surface of teeth. Sodium bicarbonate can also help neutralize oral acids and improve the oral environment, which helps prevent tooth decay and periodontal disease. In addition, sodium bicarbonate is harmless to [&hellip;]","protected":false},"featured_media":688,"menu_order":0,"template":"","meta":[],"product-tag":[201,206,207,208,211,212,216],"products":[72],"class_list":["post-682","product","type-product","status-publish","has-post-thumbnail","hentry","product-tag-mouthwash-manufacturer","product-tag-mouthwash-companies","product-tag-mouthwash-factory","product-tag-mouthwash-suppliers","product-tag-alkaline-mouthwash-manufacturer","product-tag-mouthwash-contract-manufacturer","product-tag-private-label-mouthwash-manufacturers","products-mouthwash"],"acf":[],"_links":{"self":[{"href":"https:\/\/www.ruiqigo.com\/es\/wp-json\/wp\/v2\/product\/682","targetHints":{"allow":["GET"]}}],"collection":[{"href":"https:\/\/www.ruiqigo.com\/es\/wp-json\/wp\/v2\/product"}],"about":[{"href":"https:\/\/www.ruiqigo.com\/es\/wp-json\/wp\/v2\/types\/product"}],"version-history":[{"count":0,"href":"https:\/\/www.ruiqigo.com\/es\/wp-json\/wp\/v2\/product\/682\/revisions"}],"wp:featuredmedia":[{"embeddable":true,"href":"https:\/\/www.ruiqigo.com\/es\/wp-json\/wp\/v2\/media\/688"}],"wp:attachment":[{"href":"https:\/\/www.ruiqigo.com\/es\/wp-json\/wp\/v2\/media?parent=682"}],"wp:term":[{"taxonomy":"product-tag","embeddable":true,"href":"https:\/\/www.ruiqigo.com\/es\/wp-json\/wp\/v2\/product-tag?post=682"},{"taxonomy":"products","embeddable":true,"href":"https:\/\/www.ruiqigo.com\/es\/wp-json\/wp\/v2\/products?post=682"}],"curies":[{"name":"wp","href":"https:\/\/api.w.org\/{rel}","templated":true}]}}