{"id":692,"date":"2024-07-25T20:26:42","date_gmt":"2024-07-25T12:26:42","guid":{"rendered":"https:\/\/ruiqigo.com\/?post_type=product&#038;p=692"},"modified":"2025-09-03T15:22:06","modified_gmt":"2025-09-03T07:22:06","slug":"nystatin-mouthwash","status":"publish","type":"product","link":"https:\/\/www.ruiqigo.com\/es\/product\/nystatin-mouthwash","title":{"rendered":"Enjuague bucal con nistatina"},"content":{"rendered":"<h2 class=\"wp-block-heading\">F\u00f3rmulas comunes<\/h2>\n\n\n\n<p>El ingrediente principal del enjuague bucal Nystatin, <strong>micotoxina<\/strong>Es un agente antimicrobiano de amplio espectro que puede inhibir eficazmente el crecimiento de bacterias en la boca y prevenir enfermedades bucales. Es inofensivo para el cuerpo humano y adecuado para un uso prolongado. <\/p>\n\n\n\n<p><strong>Aceite de ricino hidrogenado PEG-40<\/strong> Tiene un efecto desinfectante suave, que puede eliminar eficazmente el olor bucal y mejorar el ambiente bucal. <\/p>\n\n\n\n<p>Adem\u00e1s, <strong>Fresa, naranja, canela, t\u00e9 verde, menta y otros sabores.<\/strong> Puede proporcionar un sabor fresco y ayudar a aliviar las molestias bucales.<\/p>\n\n\n\n<h2 class=\"wp-block-heading\">Escenarios aplicables<\/h2>\n\n\n\n<p>El enjuague bucal con nistatina se puede utilizar en una variedad de situaciones, especialmente en las siguientes ocasiones: <\/p>\n\n\n\n<p>1. despu\u00e9s de las comidas, para limpiar eficazmente los restos de comida y mantener el aliento fresco; <\/p>\n\n\n\n<p>2. despu\u00e9s de permanecer despierto toda la noche y fumar, para reducir el mal aliento y cuidar la salud de los dientes; <\/p>\n\n\n\n<p>3. en ocasiones especiales como bodas, entrevistas, etc., para mantener el aliento fresco; <\/p>\n\n\n\n<p>4. despu\u00e9s del tratamiento de enfermedades bucales, para ayudar a limpiar la cavidad bucal.<\/p>\n\n\n\n<h2 class=\"wp-block-heading\">\u00bfPara qui\u00e9n est\u00e1 indicado el enjuague bucal con nistatina?<\/h2>\n\n\n\n<p>El enjuague bucal Nystatin es adecuado para una amplia gama de personas, especialmente recomendado para los siguientes consumidores: <\/p>\n\n\n\n<p>1. Las personas a las que les molesta el mal olor bucal, como los fumadores, suelen quedarse despiertas hasta tarde; <\/p>\n\n\n\n<p>2. Las personas con dientes sensibles necesitan limpiar suavemente la multitud; <\/p>\n\n\n\n<p>3. Los pacientes diab\u00e9ticos, debido al alto riesgo de enfermedad periodontal, necesitan prestar especial atenci\u00f3n al cuidado bucal; <\/p>\n\n\n\n<p>4. \u00a1Me gustar\u00eda probar un nuevo tipo de productos para el cuidado bucal para que los consumidores los disfruten! El enjuague bucal Nystatin brinda salud bucal.<\/p>\n\n\n\n<h2 class=\"wp-block-heading\">Proceso de producci\u00f3n<\/h2>\n\n\n\n<p>Para garantizar la calidad del enjuague bucal de nistatina, adoptamos el siguiente proceso de producci\u00f3n especial: <\/p>\n\n\n\n<p>1. Examen estricto de las materias primas de \u00e1cido micofen\u00f3lico y aceite de ricino hidrogenado PEG-40 para garantizar su pureza y calidad; <\/p>\n\n\n\n<p>2. Control preciso de la cantidad de materias primas a\u00f1adidas para garantizar que el producto sea seguro y eficaz; <\/p>\n\n\n\n<p>3. El uso de tecnolog\u00eda de mezcla a baja temperatura, las materias primas para liberar completamente la actividad del llenado as\u00e9ptico para garantizar que el producto sea seguro e higi\u00e9nico. <\/p>\n\n\n\n<p>4. Control de calidad completo para garantizar que el producto sea seguro e higi\u00e9nico; <\/p>\n\n\n\n<p>5. Todo el proceso de control de calidad para garantizar que cada botella de enjuague bucal Nystatin cumpla con los est\u00e1ndares nacionales. <\/p>\n\n\n\n<p>A trav\u00e9s del proceso anterior, le ofrecemos un producto de cuidado bucal confiable y de alta calidad.<\/p>","protected":false},"excerpt":{"rendered":"Common Formulas The core ingredient of Nystatin Mouthwash, mycotoxin, is a broad-spectrum antimicrobial agent that can effectively inhibit the growth of bacteria in the mouth and prevent oral diseases. It is harmless to human body and suitable for long-term use. PEG-40 hydrogenated castor oil has a mild disinfectant effect, which can effectively remove oral odor [&hellip;]","protected":false},"featured_media":698,"menu_order":0,"template":"","meta":[],"product-tag":[201,206,207,208,212,213,216],"products":[72],"class_list":["post-692","product","type-product","status-publish","has-post-thumbnail","hentry","product-tag-mouthwash-manufacturer","product-tag-mouthwash-companies","product-tag-mouthwash-factory","product-tag-mouthwash-suppliers","product-tag-mouthwash-contract-manufacturer","product-tag-antiseptic-mouthwashes-manufacturer","product-tag-private-label-mouthwash-manufacturers","products-mouthwash"],"acf":[],"_links":{"self":[{"href":"https:\/\/www.ruiqigo.com\/es\/wp-json\/wp\/v2\/product\/692","targetHints":{"allow":["GET"]}}],"collection":[{"href":"https:\/\/www.ruiqigo.com\/es\/wp-json\/wp\/v2\/product"}],"about":[{"href":"https:\/\/www.ruiqigo.com\/es\/wp-json\/wp\/v2\/types\/product"}],"version-history":[{"count":0,"href":"https:\/\/www.ruiqigo.com\/es\/wp-json\/wp\/v2\/product\/692\/revisions"}],"wp:featuredmedia":[{"embeddable":true,"href":"https:\/\/www.ruiqigo.com\/es\/wp-json\/wp\/v2\/media\/698"}],"wp:attachment":[{"href":"https:\/\/www.ruiqigo.com\/es\/wp-json\/wp\/v2\/media?parent=692"}],"wp:term":[{"taxonomy":"product-tag","embeddable":true,"href":"https:\/\/www.ruiqigo.com\/es\/wp-json\/wp\/v2\/product-tag?post=692"},{"taxonomy":"products","embeddable":true,"href":"https:\/\/www.ruiqigo.com\/es\/wp-json\/wp\/v2\/products?post=692"}],"curies":[{"name":"wp","href":"https:\/\/api.w.org\/{rel}","templated":true}]}}