{"id":63,"date":"2024-04-26T00:53:00","date_gmt":"2024-04-25T16:53:00","guid":{"rendered":"https:\/\/ruiqigo.com\/?page_id=63"},"modified":"2024-12-24T10:13:44","modified_gmt":"2024-12-24T02:13:44","slug":"terms-conditions","status":"publish","type":"page","link":"https:\/\/www.ruiqigo.com\/fi\/terms-conditions","title":{"rendered":"Ehdot"},"content":{"rendered":"<p>N\u00e4m\u00e4 k\u00e4ytt\u00f6ehdot (j\u00e4ljemp\u00e4n\u00e4 &quot;k\u00e4ytt\u00f6ehdot&quot;) koskevat verkkosivustoja - www.ruiqigo.com - (yhteisesti &quot;3TOP-verkkosivusto&quot;), jotka 3TOP, Inc. (j\u00e4ljemp\u00e4n\u00e4 &quot;3TOP&quot;) omistaa ja yll\u00e4pit\u00e4\u00e4. N\u00e4m\u00e4 k\u00e4ytt\u00f6ehdot yhdess\u00e4 tietosuojak\u00e4yt\u00e4nt\u00f6mme ja ev\u00e4stek\u00e4yt\u00e4nt\u00f6mme kanssa muodostavat yhdess\u00e4 sopimuksen (j\u00e4ljemp\u00e4n\u00e4 &quot;Sopimus&quot;) sinun, loppuk\u00e4ytt\u00e4j\u00e4n ja 3TOP:n v\u00e4lill\u00e4.<\/p>\n\n\n\n<p>3TOP-verkkosivuston k\u00e4ytt\u00f6 edellytt\u00e4\u00e4, ett\u00e4 hyv\u00e4ksyt t\u00e4m\u00e4n sopimuksen sis\u00e4lt\u00e4m\u00e4t ehdot ja ilmoitukset muuttamatta. Kun k\u00e4yt\u00e4t, lataat, katselet ja\/tai asennat mit\u00e4 tahansa 3TOP-verkkosivuston sis\u00e4lt\u00f6\u00e4 tai 3TOP-verkkosivustolla tarjottavia verkkosivustopalveluita, vahvistat lukeneesi t\u00e4m\u00e4n sopimuksen kokonaisuudessaan ja ymm\u00e4rt\u00e4v\u00e4si sen ja ett\u00e4 hyv\u00e4ksyt t\u00e4m\u00e4n sopimuksen sis\u00e4lt\u00e4m\u00e4t k\u00e4ytt\u00f6ehdot, tietosuojak\u00e4yt\u00e4nn\u00f6t ja ev\u00e4stek\u00e4yt\u00e4nn\u00f6t.<\/p>\n\n\n\n<p>Hyv\u00e4ksyt my\u00f6s, ett\u00e4 mik\u00e4\u00e4n 3TOP:n ja sen jakelijoiden, edustajien tai ty\u00f6ntekij\u00f6iden kirjallinen tai suullinen lausunto ei lis\u00e4\u00e4 t\u00e4m\u00e4n sopimuksen j\u00e4ljemp\u00e4n\u00e4 esitettyjen Rajoitettu takuu ja Vastuurajoitukset -osioiden soveltamisalaa.<\/p>\n\n\n\n<p>K\u00e4ytt\u00e4ess\u00e4si 3TOP-verkkosivustoa hyv\u00e4ksyt t\u00e4m\u00e4n sopimuksen ehdot. Jos et hyv\u00e4ksy t\u00e4m\u00e4n sopimuksen ehtoja, \u00e4l\u00e4 k\u00e4yt\u00e4 3TOP-verkkosivustoa tai k\u00e4yt\u00e4, lataa, tallenna, tarkastele tai asenna mit\u00e4\u00e4n verkkosivuston sis\u00e4lt\u00f6\u00e4 tai verkkosivustopalveluita.<\/p>\n\n\n\n<p>I. M\u00e4\u00e4ritelm\u00e4t<br>&quot;Digitaalinen tieto&quot; tarkoittaa mit\u00e4 tahansa 3TOP-verkkosivustolta saatavilla olevaa dataa, joka sis\u00e4lt\u00e4\u00e4, mutta ei rajoittuen, mit\u00e4 tahansa teksti\u00e4, taulukoita, laskentataulukoita, kaavioita, asiakirjoja, kuvia tai valokuvia tai ohjelmistoja, jotka sis\u00e4ltyv\u00e4t digitaalisiin tiedostoihin.<\/p>\n\n\n\n<p>&quot;Verkkosivuston sis\u00e4lt\u00f6&quot; tarkoittaa digitaalista tietoa, joka voidaan saada lataamalla, tallentamalla tai kopioimalla 3TOP-verkkosivustolta ja jonka sitten sin\u00e4, loppuk\u00e4ytt\u00e4j\u00e4, tallennat, asennat, suoritat, k\u00e4yt\u00e4t, katselet, muokkaat tai muokkaat. T\u00e4llainen verkkosivuston sis\u00e4lt\u00f6 voi sis\u00e4lt\u00e4\u00e4 lis\u00e4ehtoja, jotka on m\u00e4\u00e4ritelty n\u00e4iden osien mukana tulevassa erillisess\u00e4 sopimuksessa.<\/p>\n\n\n\n<p>&quot;Verkkosivustopalvelut&quot; tarkoittaa digitaalista tietoa, joka on annettu sinun, loppuk\u00e4ytt\u00e4j\u00e4n, saataville ladattavaksi, tallennettavaksi tai kopioitavaksi 3TOP-verkkosivustolta.<\/p>\n\n\n\n<p>II. Muokkaus<br>3TOP varaa oikeuden muuttaa ja muokata n\u00e4it\u00e4 k\u00e4ytt\u00f6ehtoja milloin tahansa ilmoittamalla tai ilman ennakkoilmoitusta. Jatkuva p\u00e4\u00e4sysi verkkosivuston sis\u00e4lt\u00f6\u00f6n tai sivustopalveluihin merkitsee kaikkien uusien ehtojen hyv\u00e4ksymist\u00e4. Jos vastustat jotakin uutta ehtoa tai ehtoa: (a) lopeta p\u00e4\u00e4sy 3TOP-verkkosivustolle ja kaikkeen verkkosivuston sis\u00e4lt\u00f6\u00f6n ja sivustopalveluihin; ja (b) palauttaa kaiken verkkosivuston sis\u00e4ll\u00f6n 3TOP:lle tai tuhota kaiken hallussasi tai hallinnassasi olevan Verkkosivuston sis\u00e4ll\u00f6n.<\/p>\n\n\n\n<p>3TOP voi milloin tahansa tehd\u00e4 muutoksia verkkosivuston sis\u00e4lt\u00f6\u00f6n, verkkosivustopalveluun tai mihin tahansa niiss\u00e4 viitattuihin kohteisiin ilman erillist\u00e4 ilmoitusta, eik\u00e4 sill\u00e4 ole velvollisuutta tukea tai p\u00e4ivitt\u00e4\u00e4 verkkosivuston sis\u00e4lt\u00f6\u00e4 tai verkkosivustopalveluita.<\/p>\n\n\n\n<p>III. Kielletty toiminta<br>P\u00e4\u00e4sy ja k\u00e4ytt\u00f6 3TOP-verkkosivustolle ja sen sis\u00e4lt\u00f6\u00f6n my\u00f6nnet\u00e4\u00e4n lisenssin\u00e4, ei omistusoikeuden siirtona, ja se on tiukasti rajoitettu vain tiedotustarkoituksiin, ei muihin tarkoituksiin. Kaikki oikeudet, joita ei ole nimenomaisesti my\u00f6nnetty t\u00e4ss\u00e4, on nimenomaisesti varattu 3TOP:lle, eik\u00e4 se tarkoita muita oikeuksia. Rajoittamatta edell\u00e4 mainittua ja ellei toisin ole kirjallisesti sovittu 3TOP:n kanssa, hyv\u00e4ksyt seuraavat erityiset rajoitukset, jotka koskevat 3TOP-verkkosivuston ja sen sis\u00e4ll\u00f6n k\u00e4ytt\u00f6\u00e4:<\/p>\n\n\n\n<p>Et saa kopioida, muokata, muuttaa, mukauttaa, vuokrata, myyd\u00e4, jakaa, n\u00e4ytt\u00e4\u00e4 julkisesti, esitt\u00e4\u00e4 tai siirt\u00e4\u00e4 mit\u00e4\u00e4n osaa verkkosivuston sis\u00e4ll\u00f6st\u00e4 tai digitaalisista tiedoista, luoda mit\u00e4\u00e4n johdannaisteoksia, jotka perustuvat mihink\u00e4\u00e4n verkkosivuston sis\u00e4ll\u00f6n tai digitaalisen tiedon osaan, etk\u00e4 k\u00e4ytt\u00e4\u00e4 mit\u00e4\u00e4n verkkosivuston sis\u00e4ll\u00f6n tai digitaalisten tietojen osaa mihink\u00e4\u00e4n kaupalliseen tarkoitukseen, paitsi edell\u00e4 mainituissa tapauksissa;<br>Et saa hankkia tai yritt\u00e4\u00e4 hankkia materiaalia tai tietoa mill\u00e4\u00e4n tavalla, jota ei ole tarkoituksella asetettu saataville tai joita ei ole annettu 3TOP-verkkosivuston kautta;<br>Et saa yritt\u00e4\u00e4 k\u00e4\u00e4nt\u00e4\u00e4, purkaa tai purkaa mit\u00e4\u00e4n verkkosivuston sis\u00e4lt\u00f6\u00e4, digitaalista tietoa tai osaa 3TOP-verkkosivustosta tai tuoda k\u00e4ytt\u00f6\u00f6n laitteita tai materiaaleja, jotka olisivat haitallisia tai teknisesti haitallisia 3TOP-verkkosivustolle, verkkosivuston sis\u00e4ll\u00f6lle tai digitaaliselle tiedolle, kuten viruksia, troijalaisia, matoja ja logiikkapommeja, mutta niihin rajoittumatta;<br>Et saa sis\u00e4llytt\u00e4\u00e4 verkkosivuston sis\u00e4lt\u00f6\u00e4, digitaalista tietoa tai osaa niist\u00e4 muihin materiaaleihin, tuotteisiin tai palveluihin tai k\u00e4ytt\u00e4\u00e4 verkkosivuston sis\u00e4lt\u00f6\u00e4 tai digitaalisia tietoja tuotantotarkoituksiin;<br>Et saa poistaa, muuttaa tai peitt\u00e4\u00e4 mit\u00e4\u00e4n omistusoikeudellisia selitteit\u00e4, patentteja, tavaramerkkej\u00e4 tai tekij\u00e4noikeusilmoituksia, jotka sis\u00e4ltyv\u00e4t 3TOP-verkkosivustoon, verkkosivuston sis\u00e4lt\u00f6\u00f6n tai digitaaliseen tietoon.<br>Et saa k\u00e4ytt\u00e4\u00e4 3TOP-verkkosivustoa mill\u00e4\u00e4n tavalla, joka voisi vahingoittaa, est\u00e4\u00e4, ylikuormittaa tai heikent\u00e4\u00e4 3TOP-verkkosivustoa tai h\u00e4irit\u00e4 muita osapuolia k\u00e4ytt\u00e4m\u00e4st\u00e4 ja nauttimasta 3TOP-verkkosivustosta;<br>Et saa yritt\u00e4\u00e4 saada luvatta p\u00e4\u00e4sy\u00e4, h\u00e4irit\u00e4, vahingoittaa tai h\u00e4irit\u00e4 mit\u00e4\u00e4n 3TOP-verkkosivuston osaa, palvelimia, joille 3TOP-verkkosivusto on tallennettu, tai mit\u00e4\u00e4n palvelinta, tietokonetta tai tietokantaa, joka on yhdistetty 3TOP-verkkosivustoon, tai muuten yritt\u00e4\u00e4 h\u00e4irit\u00e4 3TOP-verkkosivuston asianmukaista toimintaa;<br>Et saa k\u00e4ytt\u00e4\u00e4 3TOP-verkkosivustoa, verkkosivuston sis\u00e4lt\u00f6\u00e4 tai digitaalisia tietoja mihink\u00e4\u00e4n tarkoitukseen, joka mill\u00e4\u00e4n tavalla rikkoo soveltuvaa liittovaltion, osavaltion, paikallista tai kansainv\u00e4list\u00e4 lakia tai s\u00e4\u00e4nn\u00f6st\u00e4 (mukaan lukien rajoituksetta mitk\u00e4 tahansa lait, jotka koskevat tietojen tai ohjelmistojen vienti\u00e4 Yhdysvaltoihin tai muihin maihin tai muista maista) tai jotka ovat kiellettyj\u00e4 t\u00e4ss\u00e4 sopimuksessa.<br>Sitoudut my\u00f6s k\u00e4ytt\u00e4m\u00e4\u00e4n kohtuullisia toimia est\u00e4\u00e4ksesi mink\u00e4 tahansa verkkosivuston sis\u00e4ll\u00f6n tai digitaalisen tiedon luvattoman k\u00e4yt\u00f6n, j\u00e4ljent\u00e4misen, jakelun tai julkaisemisen. Verkkosivuston sis\u00e4ll\u00f6n tai digitaalisen tiedon luvaton k\u00e4ytt\u00f6, j\u00e4ljent\u00e4minen, jakelu tai julkaiseminen on kielletty\u00e4 ja rikkoo t\u00e4t\u00e4 sopimusta.<\/p>\n\n\n\n<p>IV. 3TOP:lle toimitetut materiaalit<br>3TOP ei vaadi omistusoikeutta materiaaleihin, jotka toimitat 3TOP:lle (mukaan lukien palaute ja ehdotukset) tai l\u00e4het\u00e4t, lataat, sy\u00f6t\u00e4t tai l\u00e4het\u00e4t millek\u00e4\u00e4n 3TOP-verkkosivustolle tai siihen liittyviin palveluihin (yhteisesti &quot;l\u00e4hetykset&quot;). L\u00e4hett\u00e4m\u00e4ll\u00e4, lataamalla, sy\u00f6tt\u00e4m\u00e4ll\u00e4, toimittamalla tai l\u00e4hett\u00e4m\u00e4ll\u00e4 l\u00e4het\u00e4t kuitenkin 3TOP:lle, sen tyt\u00e4ryhti\u00f6ille ja tarvittaville alilisenssin haltijoille luvan k\u00e4ytt\u00e4\u00e4 l\u00e4hetyst\u00e4si heid\u00e4n Internet-yritystens\u00e4 toiminnan yhteydess\u00e4, mukaan lukien rajoituksetta oikeudet: kopioida, levitt\u00e4\u00e4, l\u00e4hett\u00e4\u00e4, n\u00e4ytt\u00e4\u00e4 julkisesti, esitt\u00e4\u00e4 julkisesti, j\u00e4ljent\u00e4\u00e4, muokata, k\u00e4\u00e4nt\u00e4\u00e4 ja muotoilla uudelleen l\u00e4hetyst\u00e4si; ja julkaista nimesi l\u00e4hetyksen yhteydess\u00e4.<\/p>\n\n\n\n<p>Mit\u00e4\u00e4n korvausta ei makseta l\u00e4hetyksenne k\u00e4yt\u00f6st\u00e4 t\u00e4ss\u00e4 esitetyll\u00e4 tavalla. 3TOP ei ole velvollinen julkaisemaan tai k\u00e4ytt\u00e4m\u00e4\u00e4n toimittamaasi L\u00e4hetyst\u00e4, ja se voi poistaa mink\u00e4 tahansa L\u00e4hetyksen milloin tahansa 3TOP:n oman harkinnan mukaan.<\/p>\n\n\n\n<p>L\u00e4hett\u00e4m\u00e4ll\u00e4, lataamalla, sy\u00f6tt\u00e4m\u00e4ll\u00e4, toimittamalla tai l\u00e4hett\u00e4m\u00e4ll\u00e4 hakemuksesi takaat ja vakuutat, ett\u00e4 omistat tai muuten hallitset kaikkia sis\u00e4lt\u00f6\u00f6si liittyvi\u00e4 oikeuksia t\u00e4ss\u00e4 osiossa kuvatulla tavalla, mukaan lukien rajoituksetta tekij\u00e4noikeudet ja kaikki oikeudet, joita sinun tarvitsee toimittaa, l\u00e4hett\u00e4\u00e4, ladata, sy\u00f6tt\u00e4\u00e4 tai l\u00e4hett\u00e4\u00e4 L\u00e4hetyksi\u00e4.<\/p>\n\n\n\n<p>V. Immateriaaliomaisuus ja omistus<br>Sinulla ei ole omistusoikeuksia 3TOP-verkkosivustoon, verkkosivuston sis\u00e4lt\u00f6\u00f6n tai digitaaliseen tietoon. Voit k\u00e4ytt\u00e4\u00e4 verkkosivuston sis\u00e4lt\u00f6\u00e4 ja digitaalisia tietoja niin kauan kuin hyv\u00e4ksyt t\u00e4m\u00e4n sopimuksen ehdot ja noudatat niit\u00e4. 3TOP pid\u00e4tt\u00e4\u00e4 kaikki oikeudet, omistusoikeudet ja edut verkkosivuston sis\u00e4lt\u00f6\u00f6n ja digitaaliseen tietoon, mukaan lukien kaikki niiden immateriaalioikeudet. Ellei toisin nimenomaisesti mainita, 3TOP ei my\u00f6nn\u00e4 mit\u00e4\u00e4n nimenomaisia tai ep\u00e4suoraa oikeutta mink\u00e4\u00e4n 3TOP-patentin, tekij\u00e4noikeuden, tavaramerkkien tai muiden t\u00e4m\u00e4n sopimuksen mukaisten immateriaalioikeuksien perusteella. Kaikki oikeudet, joita t\u00e4m\u00e4 sopimus ei nimenomaisesti my\u00f6nn\u00e4, on varattu 3TOP:lle sen yksinomaiseen ja t\u00e4ydelliseen k\u00e4ytt\u00f6\u00f6n ja omistukseen.<\/p>\n\n\n\n<p>Kaikki verkkosivuston sis\u00e4lt\u00f6 ja digitaaliset tiedot ovat tekij\u00e4noikeussuojan alaisia Yhdysvaltojen ja muiden maiden lakien sek\u00e4 kansainv\u00e4listen sopimusten m\u00e4\u00e4r\u00e4ysten mukaisesti. Tekij\u00e4noikeudella suojatun materiaalin lataaminen, kopioiminen ja muokkaaminen ilman asianmukaista lupaa voi olla tekij\u00e4noikeuslain vastaista.<\/p>\n\n\n\n<p>3TOP\u00ae ja erilaiset 3TOP-verkkosivustolla n\u00e4kyv\u00e4t tuotenimet, kauppanimet, palvelunimet, iskulauseet ja logot ovat 3TOP:n rekister\u00f6ityj\u00e4 tai rekister\u00f6im\u00e4tt\u00f6mi\u00e4 tavaramerkkej\u00e4. 3TOP:n tavaramerkkej\u00e4 ja pukua ei saa k\u00e4ytt\u00e4\u00e4 mink\u00e4\u00e4n tuotteen tai palvelun yhteydess\u00e4, joka ei liity 3TOP:iin, mill\u00e4\u00e4n tavalla, joka saattaa aiheuttaa sekaannusta asiakkaiden keskuudessa, tai mill\u00e4\u00e4n tavalla, joka v\u00e4heksyy tai halventaa 3TOP:ia. Et saa k\u00e4ytt\u00e4\u00e4 t\u00e4llaisia merkkej\u00e4 ilman 3TOP:n etuk\u00e4teen antamaa kirjallista lupaa, jonka suostumus 3TOP voi ev\u00e4t\u00e4 omassa suunnassaan.<\/p>\n\n\n\n<p>VI. Korvaus<br>HYV\u00c4KSYT KORVAUSTA, puolustamaan ja pit\u00e4m\u00e4\u00e4n HARMLESS 3TOP:N MUKAAN LUKIEN SEN TOIMINNAT, JOHTAJAT, TY\u00d6NTEKIJ\u00c4T, TYT\u00c4RYHTI\u00d6T, LISENSSIEN MY\u00d6NT\u00c4J\u00c4T, TOIMITTAJAT, TIEDONTARVITTAJAT SEK\u00c4 AGENTAJAT KAIKKIILTA LASKUVAILLEILTA JA VASTAISTA. OIKEUDENK\u00c4YTT\u00d6, VASTUUT, VAHINGOT, TUOMIOT, tappiot, KULUT, KUSTANNUKSET JA MAKSUT, MUKAANLUUN RAJOITTAMATTA KOHTUVAT ASIANAJAPALVELUT SEK\u00c4 NIIHIN LIITTYV\u00c4T MAKSUT, JOTKA LIITTYV\u00c4T TAI JOHDANUT SIIN K\u00c4YTT\u00d6\u00d6N 3 SIVUSTON K\u00c4YTT\u00d6\u00d6N VERKKOSIVUSTON SIS\u00c4LT\u00d6 JA DIGITAALISET TIEDOT; KAIKKI SINUN TEKEM\u00c4T TOIMITUKSET; SINUN T\u00c4M\u00c4N SOPIMUKSEN EHTOJEN TAI KOLMANSEN OSAPUOLEN OIKEUSTEN RIKKOMUKSESTA; TAI SINUN SOVELLETTAVIEN LAIKEIDEN, S\u00c4\u00c4NT\u00d6JEN TAI M\u00c4\u00c4R\u00c4YKSEN RIKKOMINEN, MUKAAN LUKIEN HUOMIOON TAI V\u00c4\u00c4RIN K\u00c4YTT\u00d6\u00c4.<\/p>\n\n\n\n<p>VII. Vastuuvapauslauseke ja rajoitettu takuu<br>VASTUUVAPAUSLAUSEKE VERKKOSIVUSTON SIS\u00c4LT\u00d6\u00c4, DIGITAALISTA TIETOA JA VERKKOPALVELUJA KOSKEVAT: PAITSI T\u00c4SS\u00c4 SOPIMUKSESSA M\u00c4\u00c4R\u00c4TTY\u00c4 VASTUUVAPAUSLAUSEKEA 3TOP EI OLE MISS\u00c4\u00c4N TAPAUKSESSA VASTUUSSA MISS\u00c4\u00c4N LUONNEISTA, MINK\u00c4\u00c4N OIKEUDELLINEN TEORIA, VASTAUS LIITTYV\u00c4T:<\/p>\n\n\n\n<p>VERKKOSIVUSTON SIS\u00c4LT\u00d6, DIGITAALISET TIEDOT TAI VERKKOSIVUSTOPALVELUT, JOITA ON K\u00c4YTETT\u00c4VISS\u00c4 3TOP-VERKKOSIVULLA TAI KAUTTA, MUKAANLUUN VIRHEET TAI PUUTTEET T\u00c4LLAINEN VERKKOSIVUSTON SIS\u00c4LT\u00d6, DIGITAALISET TIEDOT TAI VERKKOPALVELUT; TAI<br>K\u00c4YT\u00d6ST\u00c4, VERKKOSIVUSTON SIS\u00c4LT\u00d6N, DIGITAALISTEN TIETOJEN TAI VERKKOSIVUSTOPALVELUJEN K\u00c4YT\u00d6ST\u00c4 JOHTUNUT MENETYKSET TAI VAHINGOT.<br>SOVELLETTAVAN LAIN SALLITTUNA RAJOITUSSA VERKKOSIVUSTON SIS\u00c4LT\u00d6, DIGITAALISET TIEDOT JA VERKKOPALVELUT TARJOTAAN &quot;SELLAISENAAN&quot; JA 3TOP KIIST\u00c4\u00c4 NIMENOMAISESTI KAIKISTA TAKUITA, JOKA ILMOITTAMATTA TAI ILMOITTAMATTA. MYYNTIKELPOISUUDESTA, TYYDYTT\u00c4V\u00c4ST\u00c4 LAADUSTA, SOVELTUVUUDESTA TIETTYYN TARKOITUKSEEN, OMISTUKSESTA JA LOUKKAMATTOMUKSESTA. ESIMERKKI\u00c4 EIK\u00c4 RAJOITUKSEEN 3TOP EI TAKAA, ett\u00e4:<\/p>\n\n\n\n<p>VERKKOSIVUSTON SIS\u00c4LT\u00d6, DIGITAALISET TIEDOT TAI VERKKOSIVUSTON PALVELUT TARJOTAAN TAI TARJOTAAN KESKEYTYM\u00c4TT\u00d6M\u00c4LL\u00c4, OIKEIN, TURVALLISELLA TAI VIRHEETT\u00d6M\u00c4LL\u00c4 TAPALLA;<br>VERKKOSIVUSTON SIS\u00c4LT\u00d6, DIGITAALISET TIEDOT TAI VERKKOPALVELUT OVAT TAI TULEVAT T\u00c4YDELLISI\u00c4, TARKKOJA, TURVALLISTA TAI LUOTETTAVIA;<br>VERKKOSIVUSTON SIS\u00c4LT\u00d6, DIGITAALISET TIEDOT TAI VERKKOSIVUSTOPALVELUT OVAT TAI TULEVAT VAPAA VIRUSISTA TAI MUISTA HAITALLISISTA OSISTA; TAI<br>VERKKOSIVUSTON SIS\u00c4LT\u00d6, DIGITAALISET TIEDOT TAI VERKKOSIVUSTOPALVELUT T\u00c4YTT\u00c4\u00c4N KAIKKI VAATIMUKSESI.<br>OSAPUOLTEN TARKOITTAVAT T\u00c4M\u00c4N VASTUUVAPAUSLAUSEKKEEN EDELL\u00c4 MINK\u00c4\u00c4N VALTION, UCC:n TAI MIHIN VASTAAVAAN OLUETTUUN TAKUUM\u00c4\u00c4R\u00c4YKSEN.<\/p>\n\n\n\n<p>VIII. Vastuun rajoitukset<br>3TOP:LLA EI OLE MIT\u00c4\u00c4N VELVOITTEETTA TAI VASTUUTTA K\u00c4YTT\u00c4J\u00c4 KOHTAAN LAIN ALALLA SALLITTUISSA RAJOISSA 3TOP:N VERKKOSIVUSTOSTA, VERKKOSIVUN SIS\u00c4LL\u00d6ST\u00c4, DIGITAALISTA TIETOA TAI VERKKOSIVUSTOPALVELUISTA (JOKA SYNTYY SOPIMUKSESTA, TUOTTEIDEN SOPIMUKSESTA, NLIGENTYSOPIMUKSESTA VASTUU, TEKIJ\u00c4NOIKEUDEN LOKKUMINEN TAI MUUT LAIN TAI OMAP\u00c4\u00c4OMAN MUKAINEN TOIMENPIDE) MIST\u00c4\u00c4N SUORISTA, SATUNNAISISTA, EP\u00c4SUORISTA, ERITYISISTA, SEURALLISISTA TAI RANGAISTUKSISTA VAHINGOISTA TAI VASTUUTA (MUKAANLUUNTA ILMAN RAJOITUKSIA, MY\u00d6NT\u00c4MISEEN TUOTTO, LIIKETOIMINNAN MENETTYMINEN TAI ODOTETUT S\u00c4\u00c4ST\u00d6T, K\u00c4YT\u00d6N MENETYKSET, LIIKEARVON MENETYKSET TAI MUUN), JOKA JOKA JOHTUU TAI YHTEYDESS\u00c4 K\u00c4YTT\u00d6\u00d6N TAI K\u00c4YTT\u00d6\u00d6N (TAI KYSYMYKSET K\u00c4YTT\u00c4\u00c4 TAI K\u00c4YTT\u00d6\u00c4) 3.SIVUSTOSIVUJA. TAI VERKKOPALVELUT. T\u00c4M\u00c4 RAJOITUS K\u00c4YTET\u00c4\u00c4N VAHINGOIHIN, JOITA RAJOITTAMATTA SYNTYY:<\/p>\n\n\n\n<p>VERKKOSIVUSTON SIS\u00c4LT\u00d6\u00c4, DIGITAALISTA TIETOA TAI VERKKOSIVUSTOPALVELUJA K\u00c4YTT\u00d6 TAI KYVYTT\u00d6 TAI K\u00c4YTT\u00d6;<br>KORVAAVAIDEN TAVAROIDEN JA PALVELUJEN HANKINTAKUSTANNUKSET;<br>KOLMANSIEN OSAPUOLTEN LUVATON K\u00c4YTT\u00d6 TAI L\u00c4HETYSTESI MUUTTAMINEN;<br>KOLMANSIEN OSAPUOLEN SIS\u00c4LT\u00d6 ON SAATAVILLA SINUN 3TOP-VERKKO-SIVUSTON KAUTTA; TAI<br>MUUT VERKKOSIVUSTON SIS\u00c4LT\u00d6\u00d6N LIITTYV\u00c4T ASIAT, DIGITAALISET TIEDOT TAI VERKKOSIVUSTOPALVELUT.<br>JOTKIN OSAVALTIOT EIV\u00c4T SALLI SATUNNAISTEN TAI SEURANTAISTEN VAHINGON POISTAMISTA TAI RAJOITTAMISTA, JOTEN EDELL\u00c4 MAINITTU RAJOITUS TAI RAJOITUS EI EHK\u00c4 KOSKE SINUA. T\u00c4M\u00c4 TAKUU ANTAA SINULLE TIETTYJ\u00c4 LAILLISIA OIKEUKSIA, JA SINULLA SAATTAA OLLA MUITA OIKEUKSIA, JOTKA VAIHTELEVAT OSAvaltioittain.<\/p>\n\n\n\n<p>IX. Irtisanominen<br>3TOP voi oman harkintansa mukaan lopettaa verkkosivuston sis\u00e4ll\u00f6n, digitaalisten tietojen tai verkkosivustopalveluiden k\u00e4yt\u00f6n tai p\u00e4\u00e4syn niihin ja poistaa ja h\u00e4vitt\u00e4\u00e4 mink\u00e4 tahansa verkkosivuston sis\u00e4ll\u00f6n, digitaalisen tiedon tai verkkosivustopalvelun milloin tahansa ilman erillist\u00e4 ilmoitusta mist\u00e4 tahansa syyst\u00e4, mukaan lukien, mutta ei rajoittuen, k\u00e4ytt\u00e4ytyminen, joka rikkoo n\u00e4it\u00e4 k\u00e4ytt\u00f6ehtoja tai muita 3TOP:n k\u00e4yt\u00e4nt\u00f6j\u00e4 tai ohjeita, jotka on m\u00e4\u00e4ritelty muualla digitaalisissa tiedoissa tai verkkosivustojen sis\u00e4ll\u00f6ss\u00e4. 3TOP ei ole miss\u00e4\u00e4n tapauksessa vastuussa sinulle tai millek\u00e4\u00e4n kolmannelle osapuolelle verkkosivuston sis\u00e4ll\u00f6n, digitaalisten tietojen tai verkkosivustopalvelujen k\u00e4yt\u00f6n tai p\u00e4\u00e4syn lopettamisesta.<\/p>\n\n\n\n<p>X. Lainvalinta<br>Kaikki t\u00e4st\u00e4 sopimuksesta johtuvat tai siihen liittyv\u00e4t riidat ratkaistaan Pennsylvanian liittovaltion lain mukaisesti, lukuun ottamatta sen lainvalintas\u00e4\u00e4nt\u00f6j\u00e4. Pennsylvanian osavaltion ja liittovaltion tuomioistuimet ovat yksinomainen foorumi ja paikka ratkaista kaikki riidat, jotka johtuvat n\u00e4ist\u00e4 k\u00e4ytt\u00f6ehdoista tai t\u00e4st\u00e4 sopimuksesta tai muuten liittyv\u00e4t niihin. Suostuksesi henkil\u00f6kohtaiseen laink\u00e4ytt\u00f6valtaan ja paikkaan Pennsylvanian osavaltion ja liittovaltion tuomioistuimille annetaan k\u00e4ytt\u00e4m\u00e4ll\u00e4 verkkosivuston sis\u00e4lt\u00f6\u00e4, digitaalisia tietoja tai verkkosivustopalveluja.<\/p>\n\n\n\n<p>XI. Erotettavuus<br>Jos jokin t\u00e4m\u00e4n Sopimuksen m\u00e4\u00e4r\u00e4ys katsotaan mit\u00e4tt\u00f6m\u00e4ksi, t\u00e4yt\u00e4nt\u00f6\u00f6npanokelvottomaksi tai laittomaksi, kyseisen m\u00e4\u00e4r\u00e4yksen katsotaan korvattavan p\u00e4tev\u00e4ll\u00e4, t\u00e4yt\u00e4nt\u00f6\u00f6npanokelpoisella m\u00e4\u00e4r\u00e4yksell\u00e4, joka vastaa parhaiten alkuper\u00e4isen ehdon tarkoitusta, eik\u00e4 se vaikuta mill\u00e4\u00e4n tavalla muiden ehtojen p\u00e4tevyyteen tai t\u00e4yt\u00e4nt\u00f6\u00f6npanokelpoisuuteen.<\/p>","protected":false},"excerpt":{"rendered":"These Terms and Conditions of Use (hereinafter \u201cTerms of Use\u201d) apply to the websites \u2014 www.ruiqigo.com \u2014 (collectively, the \u201c3TOP Website\u201d), which are owned and operated by 3TOP, Inc. (hereinafter \u201c3TOP\u201d). These Terms of Use, together with our Privacy Policy and Cookie Policy, collectively form an agreement (hereinafter \u201cAgreement\u201d) between you, the end user, and [&hellip;]","protected":false},"author":9,"featured_media":0,"parent":0,"menu_order":0,"comment_status":"closed","ping_status":"closed","template":"","meta":{"footnotes":""},"class_list":["post-63","page","type-page","status-publish","hentry"],"acf":[],"_links":{"self":[{"href":"https:\/\/www.ruiqigo.com\/fi\/wp-json\/wp\/v2\/pages\/63","targetHints":{"allow":["GET"]}}],"collection":[{"href":"https:\/\/www.ruiqigo.com\/fi\/wp-json\/wp\/v2\/pages"}],"about":[{"href":"https:\/\/www.ruiqigo.com\/fi\/wp-json\/wp\/v2\/types\/page"}],"author":[{"embeddable":true,"href":"https:\/\/www.ruiqigo.com\/fi\/wp-json\/wp\/v2\/users\/9"}],"replies":[{"embeddable":true,"href":"https:\/\/www.ruiqigo.com\/fi\/wp-json\/wp\/v2\/comments?post=63"}],"version-history":[{"count":0,"href":"https:\/\/www.ruiqigo.com\/fi\/wp-json\/wp\/v2\/pages\/63\/revisions"}],"wp:attachment":[{"href":"https:\/\/www.ruiqigo.com\/fi\/wp-json\/wp\/v2\/media?parent=63"}],"curies":[{"name":"wp","href":"https:\/\/api.w.org\/{rel}","templated":true}]}}