{"id":64,"date":"2024-04-26T00:55:27","date_gmt":"2024-04-25T16:55:27","guid":{"rendered":"https:\/\/ruiqigo.com\/?page_id=64"},"modified":"2024-12-24T10:07:42","modified_gmt":"2024-12-24T02:07:42","slug":"privacy-policy","status":"publish","type":"page","link":"https:\/\/www.ruiqigo.com\/fi\/privacy-policy","title":{"rendered":"Tietosuojak\u00e4yt\u00e4nt\u00f6"},"content":{"rendered":"<h3 class=\"wp-block-heading\">Mit\u00e4 tietoja ker\u00e4\u00e4mme?<\/h3>\n\n\n\n<p>Ker\u00e4\u00e4mme sinulta tietoja, kun rekister\u00f6idyt sivustolle, teet tilauksen, osallistut kilpailuun tai arvontaan, vastaat kyselyyn tai viestiin, kuten s\u00e4hk\u00f6postiin, tai osallistut johonkin muuhun sivuston ominaisuuteen. Tilauksen tai rekister\u00f6itymisen yhteydess\u00e4 voimme pyyt\u00e4\u00e4 sinulta nime\u00e4si, s\u00e4hk\u00f6postiosoitettasi, postiosoitettasi, puhelinnumeroasi, luottokorttitietojasi tai muita tietoja. Voit kuitenkin vierailla sivustollamme nimett\u00f6m\u00e4n\u00e4. Ker\u00e4\u00e4mme tietoja my\u00f6s lahjan saajista, jotta voimme toteuttaa lahjan oston. Lahjan saajista ker\u00e4\u00e4mi\u00e4mme tietoja ei k\u00e4ytet\u00e4 markkinointitarkoituksiin. Kuten monet verkkosivustot, k\u00e4yt\u00e4mme &quot;ev\u00e4steit\u00e4&quot; parantaaksemme k\u00e4ytt\u00f6kokemustasi ja ker\u00e4t\u00e4ksemme tietoja vierailijoista ja vierailuista verkkosivustoillamme. Katso &quot;K\u00e4yt\u00e4mmek\u00f6 ev\u00e4steit\u00e4&quot;? alla olevasta osiosta l\u00f6yd\u00e4t tietoja ev\u00e4steist\u00e4 ja niiden k\u00e4yt\u00f6st\u00e4.<\/p>\n\n\n\n<h3 class=\"wp-block-heading\">Miten k\u00e4yt\u00e4mme tietojasi?<\/h3>\n\n\n\n<p>Saatamme k\u00e4ytt\u00e4\u00e4 sinulta ker\u00e4\u00e4mi\u00e4mme tietoja, kun rekister\u00f6idyt, ostat tuotteita, osallistut kilpailuun tai promootioon, vastaat kyselyyn tai markkinointiviestint\u00e4\u00e4n, surffailet verkkosivustolla tai k\u00e4yt\u00e4t tiettyj\u00e4 muita sivuston ominaisuuksia seuraavilla tavoilla: Sivustokokemuksesi personoimiseksi ja tarjotaksemme sinulle eniten kiinnostavaa sis\u00e4lt\u00f6\u00e4 ja tuotetarjouksia. Jotta voimme palvella sinua paremmin vastaamalla asiakaspalvelupyynt\u00f6ihisi. Voit k\u00e4sitell\u00e4 tapahtumasi nopeasti. Kilpailun, mainoskampanjan, kyselyn tai muun sivuston ominaisuuden hallintaan. Jos olet tilannut s\u00e4hk\u00f6postiuutiskirjeemme, voimme l\u00e4hett\u00e4\u00e4 sinulle ajoittain s\u00e4hk\u00f6postiviestej\u00e4. Jos et en\u00e4\u00e4 halua saada meilt\u00e4 myynninedist\u00e4miss\u00e4hk\u00f6postiviestej\u00e4, katso alla olevaa &quot;Suostumuksen peruuttaminen&quot; -osiota. Jos et ole ilmoittautunut s\u00e4hk\u00f6postiuutiskirjeiden vastaanottamiseen, et saa n\u00e4it\u00e4 s\u00e4hk\u00f6postiviestej\u00e4. Vierailijat, jotka rekister\u00f6ityv\u00e4t tai osallistuvat muihin sivuston ominaisuuksiin, kuten markkinointiohjelmiin ja vain j\u00e4senille tarkoitettuun sis\u00e4lt\u00f6\u00f6n, saavat valita, haluavatko he olla s\u00e4hk\u00f6postilistallamme ja saada meilt\u00e4 s\u00e4hk\u00f6postiviestej\u00e4.<\/p>\n\n\n\n<h3 class=\"wp-block-heading\">Kuinka suojaamme vierailijatietoja?<\/h3>\n\n\n\n<p>Toteutamme erilaisia turvatoimia henkil\u00f6tietojesi turvallisuuden yll\u00e4pit\u00e4miseksi. Henkil\u00f6tietosi ovat suojattujen verkkojen takana, ja niihin on p\u00e4\u00e4sy vain rajoitetulla m\u00e4\u00e4r\u00e4ll\u00e4 henkil\u00f6it\u00e4, joilla on erityiset k\u00e4ytt\u00f6oikeudet t\u00e4llaisiin j\u00e4rjestelmiin ja joiden on pidett\u00e4v\u00e4 tiedot luottamuksellisina. Kun teet tilauksia tai k\u00e4yt\u00e4t henkil\u00f6tietojasi, tarjoamme suojatun palvelimen k\u00e4ytt\u00f6\u00e4. Kaikki toimittamasi arkaluontoiset\/luottotiedot v\u00e4litet\u00e4\u00e4n Secure Socket Layer (SSL) -tekniikan kautta ja salataan sitten tietokantoihimme, jotta niit\u00e4 voidaan k\u00e4ytt\u00e4\u00e4 vain yll\u00e4 kuvatulla tavalla.<\/p>\n\n\n\n<h3 class=\"wp-block-heading\">K\u00e4yt\u00e4mmek\u00f6 &quot;ev\u00e4steit\u00e4&quot;?<\/h3>\n\n\n\n<p>Kyll\u00e4. Ev\u00e4steet ovat pieni\u00e4 tiedostoja, jotka sivusto tai sen palveluntarjoaja siirt\u00e4\u00e4 tietokoneesi kiintolevylle verkkoselaimesi kautta (jos sallit), joiden avulla sivuston tai palveluntarjoajan j\u00e4rjestelm\u00e4t voivat tunnistaa selaimesi ja siepata ja muistaa tiettyj\u00e4 tietoja. K\u00e4yt\u00e4mme esimerkiksi ev\u00e4steit\u00e4 auttaaksemme meit\u00e4 muistamaan ja k\u00e4sittelem\u00e4\u00e4n ostoskorissasi olevat tuotteet. Niit\u00e4 k\u00e4ytet\u00e4\u00e4n my\u00f6s auttamaan meit\u00e4 ymm\u00e4rt\u00e4m\u00e4\u00e4n mieltymyksi\u00e4si sivuston aikaisemman tai nykyisen toiminnan perusteella, mik\u00e4 antaa meille mahdollisuuden tarjota sinulle parempia palveluita. K\u00e4yt\u00e4mme my\u00f6s ev\u00e4steit\u00e4, jotka auttavat meit\u00e4 kokoamaan koottuja tietoja sivuston liikenteest\u00e4 ja sivuston vuorovaikutuksesta, jotta voimme tarjota parempia sivustokokemuksia ja ty\u00f6kaluja tulevaisuudessa. Saatamme tehd\u00e4 sopimuksen kolmannen osapuolen palveluntarjoajien kanssa auttaaksemme meit\u00e4 ymm\u00e4rt\u00e4m\u00e4\u00e4n paremmin sivustomme k\u00e4vij\u00f6it\u00e4. N\u00e4m\u00e4 palveluntarjoajat eiv\u00e4t saa k\u00e4ytt\u00e4\u00e4 puolestamme ker\u00e4ttyj\u00e4 tietoja paitsi auttaakseen meit\u00e4 harjoittamaan ja parantamaan liiketoimintaamme. Voit valita, ett\u00e4 tietokoneesi varoittaa sinua aina, kun ev\u00e4ste l\u00e4hetet\u00e4\u00e4n, tai voit poistaa kaikki ev\u00e4steet k\u00e4yt\u00f6st\u00e4. Voit tehd\u00e4 t\u00e4m\u00e4n selaimesi (kuten Google Chrome, Microsoft Edge tai Safari) asetusten kautta. Jokainen selain on hieman erilainen, joten katso selaimesi Ohje-valikkoa saadaksesi tiet\u00e4\u00e4 oikean tavan muokata ev\u00e4steit\u00e4si. Jos poistat ev\u00e4steet k\u00e4yt\u00f6st\u00e4, et p\u00e4\u00e4se k\u00e4ytt\u00e4m\u00e4\u00e4n monia ominaisuuksia, jotka tekev\u00e4t sivustosi k\u00e4ytt\u00f6kokemuksesta tehokkaamman, ja jotkin palveluistamme eiv\u00e4t toimi kunnolla. Voit kuitenkin edelleen tehd\u00e4 tilauksia puhelimitse ottamalla yhteytt\u00e4 asiakaspalveluun.<\/p>\n\n\n\n<h3 class=\"wp-block-heading\">Luovutammeko ker\u00e4\u00e4mi\u00e4mme tietoja ulkopuolisille osapuolille?<\/h3>\n\n\n\n<p>Emme myy, vaihda tai muutoin siirr\u00e4 henkil\u00f6kohtaisia tunnistetietojasi ulkopuolisille osapuolille, ellemme ilmoita sinulle etuk\u00e4teen, paitsi alla kuvatulla tavalla. Termi &quot;ulkopuoliset tahot&quot; ei sis\u00e4ll\u00e4 liiketoimintaamme. Se ei my\u00f6sk\u00e4\u00e4n sis\u00e4ll\u00e4 verkkosivustojen is\u00e4nn\u00f6intikumppaneita ja muita osapuolia, jotka auttavat meit\u00e4 verkkosivustomme toiminnassa, liiketoiminnassamme tai palvelemaan sinua, kunhan n\u00e4m\u00e4 osapuolet suostuvat pit\u00e4m\u00e4\u00e4n n\u00e4m\u00e4 tiedot luottamuksellisina. Saatamme my\u00f6s luovuttaa tietosi, kun uskomme, ett\u00e4 niiden julkaiseminen on asianmukaista noudattaa lakia, valvoa sivustomme k\u00e4yt\u00e4nt\u00f6j\u00e4 tai suojella omia tai muiden oikeuksia, omaisuutta tai turvallisuutta. Ei-henkil\u00f6kohtaisia vierailijatietoja voidaan kuitenkin luovuttaa muille osapuolille markkinointia, mainontaa tai muuta k\u00e4ytt\u00f6\u00e4 varten. Kuinka voit kielt\u00e4yty\u00e4, poistaa tai muokata meille antamiasi tietoja? Jos haluat muokata s\u00e4hk\u00f6postitilauksiasi, ilmoita siit\u00e4 meille muokkaamalla asetuksiasi &quot;Oma tili&quot; -osiossa. Huomaa, ett\u00e4 s\u00e4hk\u00f6postituotannon aikataulujen vuoksi saatat saada jo tuotannossa olevia s\u00e4hk\u00f6posteja. Voit poistaa kaikki online-tilitietosi tietokannastamme kirjautumalla sivustomme &quot;Oma tili&quot; -osioon ja poistamalla toimitusosoitteesi, laskutusosoitteesi ja maksutietosi. Huomaa, ett\u00e4 saatamme s\u00e4ilytt\u00e4\u00e4 tietoja yksitt\u00e4isest\u00e4 myyntitapahtumasta kyseisen tapahtuman palvelemiseksi ja kirjanpidon s\u00e4ilytt\u00e4miseksi. Kolmannen osapuolen linkit, joiden tarkoituksena on tarjota sinulle lis\u00e4arvoa, voimme sis\u00e4llytt\u00e4\u00e4 sivustollemme kolmansien osapuolien linkkej\u00e4. N\u00e4ill\u00e4 linkitetyill\u00e4 sivustoilla on erilliset ja riippumattomat tietosuojak\u00e4yt\u00e4nn\u00f6t. Siksi meill\u00e4 ei ole mit\u00e4\u00e4n vastuuta n\u00e4iden linkitettyjen sivustojen sis\u00e4ll\u00f6st\u00e4 ja toiminnasta. Pyrimme kuitenkin suojelemaan sivustomme eheytt\u00e4 ja otamme mielell\u00e4mme vastaan palautetta n\u00e4ist\u00e4 linkitetyist\u00e4 sivustoista (mukaan lukien jos tietty linkki ei toimi). Jos p\u00e4\u00e4t\u00e4mme muuttaa tietosuojak\u00e4yt\u00e4nt\u00f6\u00e4mme, muutokset julkaistaan t\u00e4ll\u00e4 sivulla. K\u00e4yt\u00e4nn\u00f6n muutokset koskevat vain muutosp\u00e4iv\u00e4n j\u00e4lkeen ker\u00e4ttyj\u00e4 tietoja. T\u00e4t\u00e4 k\u00e4yt\u00e4nt\u00f6\u00e4 on viimeksi muutettu 25.5.2018.<\/p>\n\n\n\n<h3 class=\"wp-block-heading\">Kysymyksi\u00e4 ja palautetta<\/h3>\n\n\n\n<p>Otamme mielell\u00e4mme vastaan kysymyksesi, kommentit ja huolenaiheesi tietosuojasta. L\u00e4het\u00e4 meille palautetta tietosuojasta tai muista ongelmista. Vain online-k\u00e4yt\u00e4nt\u00f6. T\u00e4m\u00e4 online-tietosuojak\u00e4yt\u00e4nt\u00f6 koskee vain verkkosivustomme kautta ker\u00e4tty\u00e4 tietoa, ei offline-tilassa ker\u00e4tty\u00e4 tietoa.<\/p>\n\n\n\n<h3 class=\"wp-block-heading\">Sinun suostumuksesi<\/h3>\n\n\n\n<p>Kun teet ostoksen verkkosivustomme kautta tai l\u00e4het\u00e4t kyselyn henkil\u00f6kohtaisilla tai yritystiedoilla saadaksesi tarjouksen tai suorittaaksesi maksun mill\u00e4 tahansa tavalla tilauksesta tai j\u00e4rjest\u00e4m\u00e4ll\u00e4 toimituksen, suostut siihen, ett\u00e4 ker\u00e4\u00e4mme, tallennamme ja k\u00e4yt\u00e4mme n\u00e4it\u00e4 tietoja hy\u00f6dyksesi ja\/tai palveluidemme ja tarjontamme parantamiseksi. N\u00e4in toimimalla hyv\u00e4ksyt my\u00f6s sen, ett\u00e4 paljastamme, ett\u00e4 olet MugFactory-asiakas, ja my\u00f6s siihen, ett\u00e4 k\u00e4yt\u00e4mme yrityksesi nime\u00e4, logoa ja pakkausta tuotteidemme ja palveluidemme esittelyyn, ellei toisin mainita.<\/p>\n\n\n\n<h3 class=\"wp-block-heading\">Suostumuksen peruuttaminen<\/h3>\n\n\n\n<p>Voit milloin tahansa peruuttaa suostumuksesi MugFactoryn tietojesi ker\u00e4\u00e4miseen, k\u00e4ytt\u00f6\u00f6n tai luovuttamiseen ottamalla meihin yhteytt\u00e4. MugFactory pid\u00e4tt\u00e4\u00e4 oikeuden s\u00e4ilytt\u00e4\u00e4 kaikki aiemmin ker\u00e4tyt tiedot tilausten t\u00e4ytt\u00e4miseksi tai riitojen tai tutkimusten ratkaisemiseksi. Vieraillessasi verkkosivuillamme saamme automaattisesti laitteesi IP-osoitteen, karkean maantieteellisen alueen ja muut perustiedot selaimestasi ja k\u00e4ytt\u00f6j\u00e4rjestelm\u00e4st\u00e4si, jotta voimme auttaa paremmin ja tarjota asiakkaillemme paremman, r\u00e4\u00e4t\u00e4l\u00f6idyn k\u00e4ytt\u00f6kokemuksen.<\/p>","protected":false},"excerpt":{"rendered":"What information do we collect? We collect information from you when you register on the site, place an order, enter a contest or sweepstakes, respond to a survey or communication such as e-mail, or participate in another site feature. When ordering or registering, we may ask you for your name, e-mail address, mailing address, phone [&hellip;]","protected":false},"author":9,"featured_media":0,"parent":0,"menu_order":0,"comment_status":"closed","ping_status":"closed","template":"","meta":{"footnotes":""},"class_list":["post-64","page","type-page","status-publish","hentry"],"acf":[],"_links":{"self":[{"href":"https:\/\/www.ruiqigo.com\/fi\/wp-json\/wp\/v2\/pages\/64","targetHints":{"allow":["GET"]}}],"collection":[{"href":"https:\/\/www.ruiqigo.com\/fi\/wp-json\/wp\/v2\/pages"}],"about":[{"href":"https:\/\/www.ruiqigo.com\/fi\/wp-json\/wp\/v2\/types\/page"}],"author":[{"embeddable":true,"href":"https:\/\/www.ruiqigo.com\/fi\/wp-json\/wp\/v2\/users\/9"}],"replies":[{"embeddable":true,"href":"https:\/\/www.ruiqigo.com\/fi\/wp-json\/wp\/v2\/comments?post=64"}],"version-history":[{"count":0,"href":"https:\/\/www.ruiqigo.com\/fi\/wp-json\/wp\/v2\/pages\/64\/revisions"}],"wp:attachment":[{"href":"https:\/\/www.ruiqigo.com\/fi\/wp-json\/wp\/v2\/media?parent=64"}],"curies":[{"name":"wp","href":"https:\/\/api.w.org\/{rel}","templated":true}]}}