{"id":7,"date":"2024-04-24T15:36:45","date_gmt":"2024-04-24T07:36:45","guid":{"rendered":"https:\/\/ruiqigo.com\/?page_id=7"},"modified":"2026-03-18T11:16:16","modified_gmt":"2026-03-18T03:16:16","slug":"about","status":"publish","type":"page","link":"https:\/\/www.ruiqigo.com\/fi\/about","title":{"rendered":"Tietoja meist\u00e4"},"content":{"rendered":"<div data-elementor-type=\"wp-page\" data-elementor-id=\"7\" class=\"elementor elementor-7\" data-elementor-post-type=\"page\">\n\t\t\t\t<div class=\"elementor-element elementor-element-d10c7eb e-flex e-con-boxed e-con e-parent\" data-id=\"d10c7eb\" data-element_type=\"container\" data-e-type=\"container\">\n\t\t\t\t\t<div class=\"e-con-inner\">\n\t\t<div class=\"elementor-element elementor-element-9b6fcdb e-con-full e-flex e-con e-child\" data-id=\"9b6fcdb\" data-element_type=\"container\" data-e-type=\"container\">\n\t\t\t\t<div class=\"elementor-element elementor-element-4b5b7e6 elementor-widget__width-inherit elementor-widget elementor-widget-heading\" data-id=\"4b5b7e6\" data-element_type=\"widget\" data-e-type=\"widget\" data-widget_type=\"heading.default\">\n\t\t\t\t<div class=\"elementor-widget-container\">\n\t\t\t\t\t<h2 class=\"elementor-heading-title elementor-size-default\">Keit\u00e4 olemme<\/h2>\t\t\t\t<\/div>\n\t\t\t\t<\/div>\n\t\t\t\t<div class=\"elementor-element elementor-element-59e7b52 elementor-widget__width-inherit elementor-widget elementor-widget-text-editor\" data-id=\"59e7b52\" data-element_type=\"widget\" data-e-type=\"widget\" data-widget_type=\"text-editor.default\">\n\t\t\t\t<div class=\"elementor-widget-container\">\n\t\t\t\t\t\t\t\t\t<p>Laadukas, kustannustehokas ja tuloshakuinen kumppani sinulle.<\/p>\t\t\t\t\t\t\t\t<\/div>\n\t\t\t\t<\/div>\n\t\t\t\t<div class=\"elementor-element elementor-element-baf9d12 elementor-widget__width-initial elementor-widget-tablet__width-inherit elementor-widget elementor-widget-text-editor\" data-id=\"baf9d12\" data-element_type=\"widget\" data-e-type=\"widget\" data-widget_type=\"text-editor.default\">\n\t\t\t\t<div class=\"elementor-widget-container\">\n\t\t\t\t\t\t\t\t\t<p>3TOP on RuiqiGO:n oma tuotemerkki. RuiqiGO on Sanzhuangyuan Biotechnologyn tyt\u00e4ryhti\u00f6, joka on ollut kauneus- ja henkil\u00f6kohtaisen hygienian alan johtava yritys yli 20 vuoden ajan. Sill\u00e4 on nyt laaja, t\u00e4ysin varusteltu p\u00e4ivitt\u00e4iskemikaalitehdas, joka on erikoistunut kaikenlaisten p\u00e4ivitt\u00e4iskemikaalien k\u00e4sittelyyn.<\/p>\n<!-- \/wp:paragraph --><!-- wp:paragraph -->\n<p>3TOP:n t\u00e4rkeimm\u00e4t p\u00e4ivitt\u00e4iset kemiank\u00e4sittelypalvelut sis\u00e4lt\u00e4v\u00e4t kaikenlaiset\u00a0<a href=\"https:\/\/www.ruiqigo.com\/fi\/products\/hair-care\/\" target=\"_blank\" rel=\"noopener\">hiustenhoitotuotteiden valmistus<\/a>,\u00a0<a href=\"https:\/\/www.ruiqigo.com\/fi\/products\/body-care\/\" target=\"_blank\" rel=\"noopener\">vartalon ja ihonhoitotuotteiden valmistus<\/a>,\u00a0<a href=\"https:\/\/www.ruiqigo.com\/fi\/products\/oral-care\/\" target=\"_blank\" rel=\"noopener\">suunhoitotuotteiden valmistus<\/a>, ja\u00a0<a href=\"https:\/\/www.ruiqigo.com\/fi\/products\/facial-care\/\" target=\"_blank\" rel=\"noopener\">kasvojenhoitotuotteiden valmistus<\/a>. Ammattimaisena p\u00e4ivitt\u00e4isen\u00e4 kemikaalitehtaana 3TOP ei voi vain tarjota kaikenlaisia omien merkkien p\u00e4ivitt\u00e4isi\u00e4 kemikaalien valmistusta, vaan my\u00f6s tarjota\u00a0<a href=\"https:\/\/www.ruiqigo.com\/fi\/service\/\" target=\"_blank\" rel=\"noopener\">p\u00e4ivitt\u00e4iset kemikaalien OEM- ja ODM-palvelut<\/a>\u00a0p\u00e4ivitt\u00e4isille kemikaaleille, ja se voi auttaa asiakkaita kehitt\u00e4m\u00e4\u00e4n menestyksekk\u00e4\u00e4sti omaa p\u00e4ivitt\u00e4ist\u00e4 kemikaaliliiketoimintaansa p\u00e4ivitt\u00e4isten kemikaalien kaavojen suunnittelusta, p\u00e4ivitt\u00e4isten kemikaalien tuotannosta ja p\u00e4ivitt\u00e4isten kemikaalien pakkausten suunnittelusta.<\/p>\n<p>Suuvesien ja hengityssuihkeiden valmistusohjelmia varten meill\u00e4 on my\u00f6s erikoistunut suunhoitoalusta: <a href=\"https:\/\/oralabx.com\/mouthwash-oem-manufacturer\/\" target=\"_blank\" rel=\"noopener\">Private Label -suuveden valmistaja<\/a>.<\/p>\t\t\t\t\t\t\t\t<\/div>\n\t\t\t\t<\/div>\n\t\t\t\t<div class=\"elementor-element elementor-element-7d98755 elementor-widget__width-initial elementor-widget-tablet__width-inherit elementor-widget elementor-widget-image\" data-id=\"7d98755\" data-element_type=\"widget\" data-e-type=\"widget\" data-widget_type=\"image.default\">\n\t\t\t\t<div class=\"elementor-widget-container\">\n\t\t\t\t\t\t\t\t\t\t\t\t\t\t\t<img fetchpriority=\"high\" decoding=\"async\" width=\"900\" height=\"500\" src=\"https:\/\/www.ruiqigo.com\/wp-content\/uploads\/2024\/08\/About-Us.jpg\" class=\"attachment-full size-full wp-image-941\" alt=\"p\u00e4ivitt\u00e4inen kemiallinen k\u00e4sittely\" srcset=\"https:\/\/www.ruiqigo.com\/wp-content\/uploads\/2024\/08\/About-Us.jpg 900w, https:\/\/www.ruiqigo.com\/wp-content\/uploads\/2024\/08\/About-Us-768x427.jpg 768w\" sizes=\"(max-width: 900px) 100vw, 900px\" \/>\t\t\t\t\t\t\t\t\t\t\t\t\t\t\t<\/div>\n\t\t\t\t<\/div>\n\t\t\t\t<div class=\"elementor-element elementor-element-f228ce6 elementor-widget__width-initial elementor-widget-tablet__width-inherit elementor-widget elementor-widget-video\" data-id=\"f228ce6\" data-element_type=\"widget\" data-e-type=\"widget\" data-settings=\"{&quot;youtube_url&quot;:&quot;https:\\\/\\\/youtu.be\\\/t-G1J8qjwMY&quot;,&quot;autoplay&quot;:&quot;yes&quot;,&quot;loop&quot;:&quot;yes&quot;,&quot;video_type&quot;:&quot;youtube&quot;,&quot;controls&quot;:&quot;yes&quot;}\" data-widget_type=\"video.default\">\n\t\t\t\t<div class=\"elementor-widget-container\">\n\t\t\t\t\t\t\t<div class=\"elementor-wrapper elementor-open-inline\">\n\t\t\t<div class=\"elementor-video\"><\/div>\t\t<\/div>\n\t\t\t\t\t\t<\/div>\n\t\t\t\t<\/div>\n\t\t\t\t<div class=\"elementor-element elementor-element-df1cfca elementor-widget__width-initial elementor-widget-tablet__width-inherit elementor-widget elementor-widget-text-editor\" data-id=\"df1cfca\" data-element_type=\"widget\" data-e-type=\"widget\" data-widget_type=\"text-editor.default\">\n\t\t\t\t<div class=\"elementor-widget-container\">\n\t\t\t\t\t\t\t\t\t<p>Vahvasti laatuun ja asiakastyytyv\u00e4isyyteen sitoutuneen 3TOPin tehtaan kuukausittainen tuotantokapasiteetti on yli 200 000 tonnia shampoota ja vartalopesua, ja vuotuinen vientim\u00e4\u00e4r\u00e4 on yli 250 tonnia. Tehdas on varustettu edistyneill\u00e4 tuotantolinjoilla, mukaan lukien sterilointihuone, raaka-ainevarasto, annosteluhuone, annosteluhuone, t\u00e4ytt\u00f6linja ja pakkauslinja. Tehtaalla on my\u00f6s kattava laadunhallintaj\u00e4rjestelm\u00e4, jossa on tiukka laatutestaus raaka-aineiden valinnasta valmiiden tuotteiden pakkauksiin. Lis\u00e4ksi tehtaalla on laaja tuotantokapasiteetti ja nopea reagointikyky, mik\u00e4 mahdollistaa nopean sopeutumisen markkinoiden muutoksiin.<\/p>\t\t\t\t\t\t\t\t<\/div>\n\t\t\t\t<\/div>\n\t\t\t\t<\/div>\n\t\t\t\t<div class=\"elementor-element elementor-element-4eb5aaf6 elementor-widget elementor-widget-text-editor\" data-id=\"4eb5aaf6\" data-element_type=\"widget\" data-e-type=\"widget\" data-widget_type=\"text-editor.default\">\n\t\t\t\t<div class=\"elementor-widget-container\">\n\t\t\t\t\t\t\t\t\t<!-- wp:heading {\"textAlign\":\"center\",\"style\":{\"color\":{\"text\":\"#007f44\"},\"elements\":{\"link\":{\"color\":{\"text\":\"#007f44\"}}}},\"fontSize\":\"x-large\"} -->\n<div class=\"wp-block-columns are-vertically-aligned-center mb-40\">\n<div class=\"wp-block-column is-vertically-aligned-center\"><!-- \/wp:paragraph --><\/div>\n<!-- \/wp:column --><\/div>\n<!-- \/wp:columns --><!-- wp:columns {\"className\":\"pt-60 pb-60 mb-60\",\"style\":{\"color\":{\"background\":\"#eaeff2\"},\"elements\":{\"link\":{\"color\":{\"text\":\"var:preset|color|black\"}}}},\"textColor\":\"black\"} -->\n<div class=\"wp-block-columns pt-60 pb-60 mb-60 has-black-color has-text-color has-background has-link-color\" style=\"background-color: #eaeff2;\"><!-- wp:column -->\n<div class=\"wp-block-column\"><!-- wp:heading {\"textAlign\":\"center\",\"level\":3} -->\n<h3 class=\"wp-block-heading has-text-align-center\"><strong>20+ vuotta<\/strong><\/h3>\n<!-- \/wp:heading --><!-- wp:paragraph {\"align\":\"center\"} -->\n<p class=\"has-text-align-center\">20 vuoden kokemus tee\u00f6ljyn viljelyst\u00e4<\/p>\n<!-- \/wp:paragraph --><\/div>\n<!-- \/wp:column --><!-- wp:column -->\n<div class=\"wp-block-column\"><!-- wp:heading {\"textAlign\":\"center\",\"level\":3} -->\n<h3 class=\"wp-block-heading has-text-align-center\"><strong>10,000<\/strong>m<sup>2<\/sup><\/h3>\n<!-- \/wp:heading --><!-- wp:paragraph {\"align\":\"center\"} -->\n<p class=\"has-text-align-center\">10 000 hehtaarin tee\u00f6ljyviljelm\u00e4<\/p>\n<!-- \/wp:paragraph --><\/div>\n<!-- \/wp:column --><!-- wp:column -->\n<div class=\"wp-block-column\"><!-- wp:heading {\"textAlign\":\"center\",\"level\":3} -->\n<h3 class=\"wp-block-heading has-text-align-center\"><strong>200,000<\/strong><\/h3>\n<!-- \/wp:heading --><!-- wp:paragraph {\"align\":\"center\"} -->\n<p class=\"has-text-align-center\">Kuukausituotanto 200 000 tonnia<\/p>\n<!-- \/wp:paragraph --><\/div>\n<!-- \/wp:column --><\/div>\n<!-- \/wp:columns --><!-- wp:paragraph {\"align\":\"center\",\"style\":{\"color\":{\"text\":\"#007f44\"},\"elements\":{\"link\":{\"color\":{\"text\":\"#007f44\"}}}},\"fontSize\":\"x-large\"} -->\n<p class=\"has-text-align-center has-text-color has-link-color has-x-large-font-size\" style=\"color: #007f44;\"><strong>Mit\u00e4 teemme<\/strong><\/p>\n<!-- \/wp:paragraph --><!-- wp:paragraph {\"align\":\"center\",\"style\":{\"color\":{\"text\":\"#6c757d\"},\"elements\":{\"link\":{\"color\":{\"text\":\"#6c757d\"}}}}} -->\n<p class=\"has-text-align-center has-text-color has-link-color\" style=\"color: #6c757d;\">Tarjoamme palveluja, jotka on suunniteltu toteuttamaan visiosi<\/p>\n<!-- \/wp:paragraph --><!-- wp:columns {\"className\":\"mb-60\"} -->\n<div class=\"wp-block-columns mb-60\"><!-- wp:column {\"style\":{\"color\":{\"background\":\"#eaeff2\"}}} -->\n<div class=\"wp-block-column has-background\" style=\"background-color: #eaeff2;\"><!-- wp:image {\"id\":953,\"sizeSlug\":\"full\",\"linkDestination\":\"none\"} -->\n<figure class=\"wp-block-image size-full\"><img decoding=\"async\" width=\"600\" height=\"400\" class=\"wp-image-953\" src=\"https:\/\/ruiqigo.com\/wp-content\/uploads\/2024\/08\/Customized-formulas.jpg\" alt=\"Mukauta p\u00e4ivitt\u00e4isen k\u00e4yt\u00f6n kaavoja\" \/><\/figure>\n<!-- \/wp:image --><!-- wp:group {\"className\":\"pl-20 pr-20 pt-30 pb-30\",\"layout\":{\"type\":\"constrained\"}} -->\n<div class=\"wp-block-group pl-20 pr-20 pt-30 pb-30\"><!-- wp:heading {\"textAlign\":\"center\",\"level\":3} -->\n<h3 class=\"wp-block-heading has-text-align-center\"><strong>Mukautetut kaavat<\/strong><\/h3>\n<!-- \/wp:heading --><!-- wp:paragraph -->\n<p>Eik\u00f6 sinulla ole valmistettavaa resepti\u00e4, mutta haluat aloittaa br\u00e4ndisi? Ota yhteytt\u00e4! Pyrimme tuntemaan br\u00e4ndisi tarkoituksen, ty\u00f6skentelemme kanssasi mukauttaaksemme kaavan ja tuotamme haluamasi tuotteet yhdell\u00e4 kertaa!<\/p>\n<!-- \/wp:paragraph --><\/div>\n<!-- \/wp:group --><\/div>\n<!-- \/wp:column --><!-- wp:column {\"style\":{\"color\":{\"background\":\"#eaeff2\"}}} -->\n<div class=\"wp-block-column has-background\" style=\"background-color: #eaeff2;\"><!-- wp:image {\"id\":954,\"sizeSlug\":\"full\",\"linkDestination\":\"none\"} -->\n<figure class=\"wp-block-image size-full\"><img decoding=\"async\" width=\"600\" height=\"400\" class=\"wp-image-954\" src=\"https:\/\/ruiqigo.com\/wp-content\/uploads\/2024\/08\/Ready-made-recipes.jpg\" alt=\"Valmiit reseptit\" \/><\/figure>\n<!-- \/wp:image --><!-- wp:group {\"className\":\"pl-20 pr-20 pt-30 pb-30\",\"layout\":{\"type\":\"constrained\"}} -->\n<div class=\"wp-block-group pl-20 pr-20 pt-30 pb-30\"><!-- wp:heading {\"textAlign\":\"center\",\"level\":3} -->\n<h3 class=\"wp-block-heading has-text-align-center\"><strong>Valmiit reseptit<\/strong><\/h3>\n<!-- \/wp:heading --><!-- wp:paragraph -->\n<p>Haluatko valmistaa tietyn tuotteen, mutta et tied\u00e4 resepti\u00e4? Onko sinulla ideoita, mutta ei j\u00e4rkev\u00e4\u00e4 resepti\u00e4? Ty\u00f6skentele kanssamme formulaatio- ja tuotanto-ongelmien ratkaisemiseksi. Valitse resepteist\u00e4mme ja tee muutama s\u00e4\u00e4t\u00f6 tuotteesi toteuttamiseksi.<\/p>\n<!-- \/wp:paragraph --><\/div>\n<!-- \/wp:group --><\/div>\n<!-- \/wp:column --><!-- wp:column {\"style\":{\"color\":{\"background\":\"#eaeff2\"}}} -->\n<div class=\"wp-block-column has-background\" style=\"background-color: #eaeff2;\"><!-- wp:image {\"id\":956,\"sizeSlug\":\"full\",\"linkDestination\":\"none\"} -->\n<figure class=\"wp-block-image size-full\"><img loading=\"lazy\" decoding=\"async\" width=\"600\" height=\"400\" class=\"wp-image-956\" src=\"https:\/\/ruiqigo.com\/wp-content\/uploads\/2024\/08\/Customizable-packaging.jpg\" alt=\"Mukauta p\u00e4ivitt\u00e4isen k\u00e4yt\u00f6n pakkaus\" \/><\/figure>\n<!-- \/wp:image --><!-- wp:group {\"className\":\"pl-20 pr-20 pt-30 pb-30\",\"layout\":{\"type\":\"constrained\"}} -->\n<div class=\"wp-block-group pl-20 pr-20 pt-30 pb-30\"><!-- wp:heading {\"textAlign\":\"center\",\"level\":3} -->\n<h3 class=\"wp-block-heading has-text-align-center\"><strong>Mukautettava pakkaus<\/strong><\/h3>\n<!-- \/wp:heading --><!-- wp:paragraph -->\n<p>P\u00e4ivitt\u00e4isten hoitotuotteiden kaunis pakkaus on symboli niiden korkeasta laadusta ja hyvist\u00e4 ainesosista. Meill\u00e4 on kokemusta tuotteiden pakkausten suunnittelusta, joten tee yhteisty\u00f6t\u00e4 kanssamme, niin suunnitellaan paketti, joka viimeistelee.<\/p>\n<!-- \/wp:paragraph --><\/div>\n<!-- \/wp:group --><\/div>\n<!-- \/wp:column --><!-- wp:column {\"style\":{\"color\":{\"background\":\"#eaeff2\"}}} -->\n<div class=\"wp-block-column has-background\" style=\"background-color: #eaeff2;\"><!-- wp:image {\"id\":957,\"sizeSlug\":\"full\",\"linkDestination\":\"none\"} -->\n<figure class=\"wp-block-image size-full\"><img decoding=\"async\" class=\"wp-image-957\" src=\"https:\/\/ruiqigo.com\/wp-content\/uploads\/2024\/08\/Sustainable-manner.jpg\" alt=\"Kest\u00e4v\u00e4 tapa\" \/><\/figure>\n<!-- \/wp:image --><!-- wp:group {\"className\":\"pl-20 pr-20 pt-30 pb-30\",\"layout\":{\"type\":\"constrained\"}} -->\n<div class=\"wp-block-group pl-20 pr-20 pt-30 pb-30\"><!-- wp:heading {\"textAlign\":\"center\",\"level\":3} -->\n<h3 class=\"wp-block-heading has-text-align-center\"><strong>Kest\u00e4v\u00e4 tapa<\/strong><\/h3>\n<!-- \/wp:heading --><!-- wp:paragraph -->\n<p>Ajatteletko kest\u00e4vyytt\u00e4? Tehtaamme ovat sitoutuneet kest\u00e4v\u00e4\u00e4n tuotantofilosofiaan ja tuotteemme ovat t\u00e4ynn\u00e4 kest\u00e4vi\u00e4 v\u00e4rej\u00e4, joten yhteisty\u00f6 kanssamme voi edist\u00e4\u00e4 kest\u00e4v\u00e4n visionne toteutumista.<\/p>\n<!-- \/wp:paragraph --><\/div>\n<!-- \/wp:group --><\/div>\n<!-- \/wp:column --><\/div>\n<!-- \/wp:columns --><!-- wp:paragraph {\"align\":\"center\",\"style\":{\"color\":{\"text\":\"#007f44\"},\"elements\":{\"link\":{\"color\":{\"text\":\"#007f44\"}}}},\"fontSize\":\"x-large\"} -->\n<p class=\"has-text-align-center has-text-color has-link-color has-x-large-font-size\" style=\"color: #007f44;\"><strong>Autamme sinua<\/strong><\/p>\n<!-- \/wp:paragraph --><!-- wp:columns {\"className\":\"mb-60\"} -->\n<div class=\"wp-block-columns mb-60\"><!-- wp:column -->\n<div class=\"wp-block-column\"><!-- wp:cover {\"url\":\"https:\/\/ruiqigo.com\/wp-content\/uploads\/2024\/08\/1.-Help-you-build-your-own-brand.jpg\",\"id\":959,\"dimRatio\":30,\"overlayColor\":\"black\",\"isUserOverlayColor\":true,\"isDark\":false,\"layout\":{\"type\":\"constrained\"}} -->\n<div class=\"wp-block-cover is-light\"><img loading=\"lazy\" decoding=\"async\" width=\"600\" height=\"400\" class=\"wp-block-cover__image-background wp-image-959\" src=\"https:\/\/ruiqigo.com\/wp-content\/uploads\/2024\/08\/1.-Help-you-build-your-own-brand.jpg\" alt=\"\" data-object-fit=\"cover\" \/>\n<div class=\"wp-block-cover__inner-container\"><!-- wp:paragraph {\"align\":\"center\",\"style\":{\"elements\":{\"link\":{\"color\":{\"text\":\"var:preset|color|white\"}}},\"typography\":{\"fontSize\":\"24px\"}},\"textColor\":\"white\"} -->\n<p class=\"has-text-align-center has-white-color has-text-color has-link-color\" style=\"font-size: 24px;\">1. Auta sinua rakentamaan omaa br\u00e4ndi\u00e4si<\/p>\n<!-- \/wp:paragraph --><\/div>\n<\/div>\n<!-- \/wp:cover --><\/div>\n<!-- \/wp:column --><!-- wp:column -->\n<div class=\"wp-block-column\"><!-- wp:cover {\"url\":\"https:\/\/ruiqigo.com\/wp-content\/uploads\/2024\/08\/2.-Help-you-produce-products-that-meet-the-specific-needs-of-beauty-salons.jpg\",\"id\":960,\"dimRatio\":30,\"overlayColor\":\"black\",\"isUserOverlayColor\":true,\"isDark\":false,\"layout\":{\"type\":\"constrained\"}} -->\n<div class=\"wp-block-cover is-light\"><img loading=\"lazy\" decoding=\"async\" width=\"600\" height=\"400\" class=\"wp-block-cover__image-background wp-image-960\" src=\"https:\/\/ruiqigo.com\/wp-content\/uploads\/2024\/08\/2.-Help-you-produce-products-that-meet-the-specific-needs-of-beauty-salons.jpg\" alt=\"\" data-object-fit=\"cover\" \/>\n<div class=\"wp-block-cover__inner-container\"><!-- wp:paragraph {\"align\":\"center\",\"placeholder\":\"\u7f16\u5199\u6807\u9898\u2026\",\"style\":{\"elements\":{\"link\":{\"color\":{\"text\":\"var:preset|color|white\"}}},\"typography\":{\"fontSize\":\"24px\"}},\"textColor\":\"white\"} -->\n<p class=\"has-text-align-center has-white-color has-text-color has-link-color\" style=\"font-size: 24px;\">2. Auttaa sinua valmistamaan tuotteita, jotka vastaavat kauneussalonkien erityistarpeita<\/p>\n<!-- \/wp:paragraph --><\/div>\n<\/div>\n<!-- \/wp:cover --><\/div>\n<!-- \/wp:column --><!-- wp:column -->\n<div class=\"wp-block-column\"><!-- wp:cover {\"url\":\"https:\/\/ruiqigo.com\/wp-content\/uploads\/2024\/08\/3.-Producing-products-with-established-formulations-and-packaging-in-large-quantities-for-you.jpg\",\"id\":961,\"dimRatio\":30,\"overlayColor\":\"black\",\"isUserOverlayColor\":true,\"isDark\":false,\"layout\":{\"type\":\"constrained\"}} -->\n<div class=\"wp-block-cover is-light\"><img loading=\"lazy\" decoding=\"async\" width=\"600\" height=\"400\" class=\"wp-block-cover__image-background wp-image-961\" src=\"https:\/\/ruiqigo.com\/wp-content\/uploads\/2024\/08\/3.-Producing-products-with-established-formulations-and-packaging-in-large-quantities-for-you.jpg\" alt=\"\" data-object-fit=\"cover\" \/>\n<div class=\"wp-block-cover__inner-container\"><!-- wp:paragraph {\"align\":\"center\",\"placeholder\":\"\u7f16\u5199\u6807\u9898\u2026\",\"style\":{\"elements\":{\"link\":{\"color\":{\"text\":\"var:preset|color|white\"}}},\"typography\":{\"fontSize\":\"24px\"}},\"textColor\":\"white\"} -->\n<p class=\"has-text-align-center has-white-color has-text-color has-link-color\" style=\"font-size: 24px;\">3. Tuotteita, joissa on vakiintunut koostumus ja pakkaus suuria m\u00e4\u00e4ri\u00e4 sinulle<\/p>\n<!-- \/wp:paragraph --><\/div>\n<\/div>\n<!-- \/wp:cover --><\/div>\n<!-- \/wp:column --><\/div>\n<!-- \/wp:columns --><!-- wp:paragraph {\"align\":\"center\",\"style\":{\"color\":{\"text\":\"#007f44\"},\"elements\":{\"link\":{\"color\":{\"text\":\"#007f44\"}}}},\"fontSize\":\"x-large\"} -->\n<p class=\"has-text-align-center has-text-color has-link-color has-x-large-font-size\" style=\"color: #007f44;\"><strong>Miksi valita meid\u00e4t<\/strong><\/p>\n<!-- \/wp:paragraph --><!-- wp:paragraph {\"align\":\"center\",\"style\":{\"color\":{\"text\":\"#6c757d\"},\"elements\":{\"link\":{\"color\":{\"text\":\"#6c757d\"}}}}} -->\n<p class=\"has-text-align-center has-text-color has-link-color\" style=\"color: #6c757d;\">Etumme ovat oikean valintasi merkitys<\/p>\n<!-- \/wp:paragraph --><!-- wp:list {\"ordered\":true,\"className\":\"mb-60\"} -->\n<ol class=\"wp-block-list mb-60\"><!-- wp:list-item -->\n<li><strong>LAADUKKAAT TUOTTEET<\/strong>: Kehittyneet p\u00e4ivitt\u00e4iset kemikaalien tuotantolaitokset ja tiukat laadunvalvontaj\u00e4rjestelm\u00e4t varmistavat, ett\u00e4 tuotteet t\u00e4ytt\u00e4v\u00e4t kansainv\u00e4liset standardit. Laadukkaat raaka-aineet ja tuotantoprosessin tiukka valvonta takaavat tuotteiden turvallisuuden ja tehokkuuden.<\/li>\n<!-- \/wp:list-item --><!-- wp:list-item -->\n<li><strong>MUKAUTUS:<\/strong>\u00a0Voimme r\u00e4\u00e4t\u00e4l\u00f6id\u00e4 p\u00e4ivitt\u00e4isi\u00e4 kemiallisia tuotteita vastaamaan asiakkaidemme tarpeita heid\u00e4n br\u00e4ndikonseptinsa, kohdemarkkinoidensa ja tuotteen asemoinnin mukaan.<\/li>\n<!-- \/wp:list-item --><!-- wp:list-item -->\n<li><strong>NOPEA VASTAUS: <\/strong>Tehokas tuotantoprosessi voi vastata tarpeisiisi nopeasti. Voimme joustavasti muokata tuotantoaikataulua tilausm\u00e4\u00e4r\u00e4n ja toimitusajan mukaan varmistaaksemme tuotteiden oikea-aikaisen toimituksen.<\/li>\n<!-- \/wp:list-item --><!-- wp:list-item -->\n<li><strong>HINTASETU: <\/strong>3TOPilla on kustannusetu ja se voi tarjota asiakkailleen kilpailukykyiset hinnat. Voimme tehokkaasti hallita tuotantokustannuksia ja tarjota sinulle edullisen hinnan.<\/li>\n<!-- \/wp:list-item --><!-- wp:list-item -->\n<li><strong>YMP\u00c4RIST\u00d6YST\u00c4V\u00c4LLINEN PAKKAUS:<\/strong>\u00a0K\u00e4yt\u00e4mme biohajoavia ja kierr\u00e4tett\u00e4vi\u00e4 p\u00e4ivitt\u00e4isten kemikaalien pakkausmateriaaleja ja otamme aktiivisesti k\u00e4ytt\u00f6\u00f6n ymp\u00e4rist\u00f6yst\u00e4v\u00e4llisi\u00e4 tuotantoprosesseja ymp\u00e4rist\u00f6vaikutusten minimoimiseksi.<\/li>\n<!-- \/wp:list-item --><!-- wp:list-item -->\n<li><strong>AMMATTITIIMI:<\/strong>\u00a0Kokeneen T&amp;K-tiimin avulla voimme tarjota sinulle ammattimaista teknist\u00e4 tukea. Voimme tarjota kaavasuunnittelua, pakkaussuunnittelua, tuotetestausta ja muita palveluita tarpeidesi mukaan.<\/li>\n<!-- \/wp:list-item --><\/ol>\n<!-- \/wp:list --><!-- wp:paragraph {\"align\":\"center\",\"style\":{\"color\":{\"text\":\"#007f44\"},\"elements\":{\"link\":{\"color\":{\"text\":\"#007f44\"}}}},\"fontSize\":\"x-large\"} -->\n<p class=\"has-text-align-center has-text-color has-link-color has-x-large-font-size\" style=\"color: #007f44;\"><strong>Todistus<\/strong><\/p>\n<!-- \/wp:paragraph --><!-- wp:columns -->\n<div class=\"wp-block-columns\"><!-- wp:column -->\n<div class=\"wp-block-column\"><!-- wp:image {\"id\":211,\"sizeSlug\":\"full\",\"linkDestination\":\"none\"} -->\n<figure class=\"wp-block-image size-full\"><img loading=\"lazy\" decoding=\"async\" width=\"1200\" height=\"1600\" class=\"wp-image-211\" src=\"https:\/\/ruiqigo.com\/wp-content\/uploads\/2024\/06\/GMP.jpg\" alt=\"Todistus\" srcset=\"https:\/\/www.ruiqigo.com\/wp-content\/uploads\/2024\/06\/GMP.jpg 1200w, https:\/\/www.ruiqigo.com\/wp-content\/uploads\/2024\/06\/GMP-768x1024.jpg 768w, https:\/\/www.ruiqigo.com\/wp-content\/uploads\/2024\/06\/GMP-1152x1536.jpg 1152w\" sizes=\"(max-width: 1200px) 100vw, 1200px\" \/><\/figure>\n<!-- \/wp:image --><\/div>\n<!-- \/wp:column --><!-- wp:column -->\n<div class=\"wp-block-column\"><!-- wp:image {\"id\":210,\"sizeSlug\":\"full\",\"linkDestination\":\"none\"} -->\n<figure class=\"wp-block-image size-full\"><img loading=\"lazy\" decoding=\"async\" width=\"1200\" height=\"1600\" class=\"wp-image-210\" src=\"https:\/\/ruiqigo.com\/wp-content\/uploads\/2024\/06\/FDA.jpg\" alt=\"Todistus\" srcset=\"https:\/\/www.ruiqigo.com\/wp-content\/uploads\/2024\/06\/FDA.jpg 1200w, https:\/\/www.ruiqigo.com\/wp-content\/uploads\/2024\/06\/FDA-768x1024.jpg 768w, https:\/\/www.ruiqigo.com\/wp-content\/uploads\/2024\/06\/FDA-1152x1536.jpg 1152w\" sizes=\"(max-width: 1200px) 100vw, 1200px\" \/><\/figure>\n<!-- \/wp:image --><\/div>\n<!-- \/wp:column --><!-- wp:column -->\n<div class=\"wp-block-column\"><!-- wp:image {\"id\":208,\"sizeSlug\":\"full\",\"linkDestination\":\"none\"} -->\n<figure class=\"wp-block-image size-full\"><img loading=\"lazy\" decoding=\"async\" width=\"1200\" height=\"1600\" class=\"wp-image-208\" src=\"https:\/\/ruiqigo.com\/wp-content\/uploads\/2024\/06\/ISO22716.jpg\" alt=\"Todistus\" srcset=\"https:\/\/www.ruiqigo.com\/wp-content\/uploads\/2024\/06\/ISO22716.jpg 1200w, https:\/\/www.ruiqigo.com\/wp-content\/uploads\/2024\/06\/ISO22716-768x1024.jpg 768w, https:\/\/www.ruiqigo.com\/wp-content\/uploads\/2024\/06\/ISO22716-1152x1536.jpg 1152w\" sizes=\"(max-width: 1200px) 100vw, 1200px\" \/><\/figure>\n<!-- \/wp:image --><\/div>\n<!-- \/wp:column --><!-- wp:column -->\n<div class=\"wp-block-column\"><!-- wp:image {\"id\":209,\"sizeSlug\":\"full\",\"linkDestination\":\"none\"} -->\n<figure class=\"wp-block-image size-full\"><img loading=\"lazy\" decoding=\"async\" width=\"1200\" height=\"1600\" class=\"wp-image-209\" src=\"https:\/\/ruiqigo.com\/wp-content\/uploads\/2024\/06\/WALMART.jpg\" alt=\"Todistus\" srcset=\"https:\/\/www.ruiqigo.com\/wp-content\/uploads\/2024\/06\/WALMART.jpg 1200w, https:\/\/www.ruiqigo.com\/wp-content\/uploads\/2024\/06\/WALMART-768x1024.jpg 768w, https:\/\/www.ruiqigo.com\/wp-content\/uploads\/2024\/06\/WALMART-1152x1536.jpg 1152w\" sizes=\"(max-width: 1200px) 100vw, 1200px\" \/><\/figure>\n<!-- \/wp:image --><\/div>\n<!-- \/wp:column --><!-- wp:column -->\n<div class=\"wp-block-column\"><!-- wp:image {\"id\":207,\"sizeSlug\":\"full\",\"linkDestination\":\"none\"} -->\n<figure class=\"wp-block-image size-full\"><img loading=\"lazy\" decoding=\"async\" width=\"1200\" height=\"1600\" class=\"wp-image-207\" src=\"https:\/\/ruiqigo.com\/wp-content\/uploads\/2024\/06\/ISO9001.jpg\" alt=\"Todistus\" srcset=\"https:\/\/www.ruiqigo.com\/wp-content\/uploads\/2024\/06\/ISO9001.jpg 1200w, https:\/\/www.ruiqigo.com\/wp-content\/uploads\/2024\/06\/ISO9001-768x1024.jpg 768w, https:\/\/www.ruiqigo.com\/wp-content\/uploads\/2024\/06\/ISO9001-1152x1536.jpg 1152w\" sizes=\"(max-width: 1200px) 100vw, 1200px\" \/><\/figure>\n<!-- \/wp:image --><\/div>\n<!-- \/wp:column --><\/div>\n<!-- \/wp:columns -->\t\t\t\t\t\t\t\t<\/div>\n\t\t\t\t<\/div>\n\t\t\t\t\t<\/div>\n\t\t\t\t<\/div>\n\t\t\t\t<\/div>","protected":false},"excerpt":{"rendered":"Who We Are A quality, cost-effective and result-oriented partner for you. 3TOP is the proprietary brand of RuiqiGO, a subsidiary of Sanzhuangyuan Biotechnology, which has been a leader in the beauty and personal care industry for over 20 years. By now, it has a large-scale, fully equipped daily chemical factory specializing in the processing of [&hellip;]","protected":false},"author":9,"featured_media":764,"parent":0,"menu_order":0,"comment_status":"closed","ping_status":"closed","template":"","meta":{"footnotes":""},"class_list":["post-7","page","type-page","status-publish","has-post-thumbnail","hentry"],"acf":[],"_links":{"self":[{"href":"https:\/\/www.ruiqigo.com\/fi\/wp-json\/wp\/v2\/pages\/7","targetHints":{"allow":["GET"]}}],"collection":[{"href":"https:\/\/www.ruiqigo.com\/fi\/wp-json\/wp\/v2\/pages"}],"about":[{"href":"https:\/\/www.ruiqigo.com\/fi\/wp-json\/wp\/v2\/types\/page"}],"author":[{"embeddable":true,"href":"https:\/\/www.ruiqigo.com\/fi\/wp-json\/wp\/v2\/users\/9"}],"replies":[{"embeddable":true,"href":"https:\/\/www.ruiqigo.com\/fi\/wp-json\/wp\/v2\/comments?post=7"}],"version-history":[{"count":0,"href":"https:\/\/www.ruiqigo.com\/fi\/wp-json\/wp\/v2\/pages\/7\/revisions"}],"wp:featuredmedia":[{"embeddable":true,"href":"https:\/\/www.ruiqigo.com\/fi\/wp-json\/wp\/v2\/media\/764"}],"wp:attachment":[{"href":"https:\/\/www.ruiqigo.com\/fi\/wp-json\/wp\/v2\/media?parent=7"}],"curies":[{"name":"wp","href":"https:\/\/api.w.org\/{rel}","templated":true}]}}