{"id":8,"date":"2024-04-24T15:41:08","date_gmt":"2024-04-24T07:41:08","guid":{"rendered":"https:\/\/ruiqigo.com\/?page_id=8"},"modified":"2024-11-21T17:44:56","modified_gmt":"2024-11-21T09:44:56","slug":"sustainability","status":"publish","type":"page","link":"https:\/\/www.ruiqigo.com\/fi\/sustainability","title":{"rendered":"Kest\u00e4vyys"},"content":{"rendered":"<p>Kiinan teollisuus keskittyy &quot;kaksoishiilen&quot; tavoitteeseen, jonka tavoitteena on v\u00e4hent\u00e4\u00e4 hiilidioksidip\u00e4\u00e4st\u00f6j\u00e4 ja saastumista. T\u00e4m\u00e4 on t\u00e4rke\u00e4\u00e4 talouden ja yhteiskunnan ymp\u00e4rist\u00f6yst\u00e4v\u00e4llisemm\u00e4n ja kest\u00e4v\u00e4mm\u00e4n kehityksen kannalta. My\u00f6s p\u00e4ivitt\u00e4inen ihonhoitoteollisuus ty\u00f6skentelee t\u00e4m\u00e4n tavoitteen eteen. 3TOP tukee kest\u00e4v\u00e4n kehityksen ajatusta ja on menestynyt hyvin energian s\u00e4\u00e4st\u00e4misess\u00e4, hiilidioksidin v\u00e4hent\u00e4misess\u00e4 ja ymp\u00e4rist\u00f6nsuojelussa. 3TOP osoittaa sitoutumisensa kest\u00e4v\u00e4\u00e4n kehitykseen kolmella p\u00e4\u00e4tavalla: miten se kasvattaa raaka-aineita, miten se py\u00f6ritt\u00e4\u00e4 tehtaitaan ja mill\u00e4 pakkauksilla se k\u00e4ytt\u00e4\u00e4. Yrityksen l\u00e4hestymistapaan kuuluu kest\u00e4v\u00e4 hankinta, ymp\u00e4rist\u00f6yst\u00e4v\u00e4llinen valmistus ja pakkausmateriaalit.<\/p>\n\n\n\n<h2 class=\"wp-block-heading has-text-align-center\"><strong>1. Raaka-ainetuotannon perusta<\/strong><\/h2>\n\n\n\n<h3 class=\"wp-block-heading\"><strong>Kest\u00e4vien raaka-aineiden valinta<\/strong><\/h3>\n\n\n\n<div class=\"wp-block-columns are-vertically-aligned-center mb-60 is-layout-flex wp-container-core-columns-is-layout-9d6595d7 wp-block-columns-is-layout-flex\">\n<div class=\"wp-block-column is-vertically-aligned-center is-layout-flow wp-block-column-is-layout-flow\">\n<figure class=\"wp-block-image size-full\"><img fetchpriority=\"high\" decoding=\"async\" width=\"800\" height=\"450\" src=\"https:\/\/www.ruiqigo.com\/wp-content\/uploads\/2024\/07\/7.jpg\" alt=\"\" class=\"wp-image-719\" srcset=\"https:\/\/www.ruiqigo.com\/wp-content\/uploads\/2024\/07\/7.jpg 800w, https:\/\/www.ruiqigo.com\/wp-content\/uploads\/2024\/07\/7-768x432.jpg 768w\" sizes=\"(max-width: 800px) 100vw, 800px\" \/><\/figure>\n<\/div>\n\n\n\n<div class=\"wp-block-column is-vertically-aligned-center is-layout-flow wp-block-column-is-layout-flow\">\n<p>3TOP asettaa etusijalle kest\u00e4v\u00e4t sertifioidut raaka-aineet, kuten orgaaniset kasviuutteet ja luonnolliset ainesosat, v\u00e4hent\u00e4\u00e4kseen haitallisia ymp\u00e4rist\u00f6vaikutuksia. Yksi edustavista ainesosista on tee\u00f6ljy, joka ei ole vain ruoka\u00f6ljy, vaan sill\u00e4 on my\u00f6s pitk\u00e4 historia ihonhoidossa. Tee\u00f6ljyll\u00e4 on kyky ravita hiuksia ja suojata p\u00e4\u00e4nahkaa. Tee\u00f6ljy sis\u00e4lt\u00e4\u00e4 runsaasti ravintoaineita, jotka ravitsevat hiuksia tyvest\u00e4 latvaan ja tarjoavat kokonaisvaltaista hoitoa hiuksille. Monille ihmisille tee\u00f6ljy on kokeilemisen arvoinen luonnollinen hiustenhoitotuote. Mukana on my\u00f6s Tea Saponin Extract, luonnollinen kasviuute, joka on johdettu teejauhokakusta \u00f6ljyn uuton j\u00e4lkeen ja jolla on erilaisia antioksidanttisia ja tulehdusta ehk\u00e4isevi\u00e4 ominaisuuksia, jotka tekev\u00e4t siit\u00e4 my\u00f6s erinomaisen tuotteen luonnollisiin hoitoihin.<\/p>\n<\/div>\n<\/div>\n\n\n\n<div class=\"wp-block-columns are-vertically-aligned-center mb-60 is-layout-flex wp-container-core-columns-is-layout-9d6595d7 wp-block-columns-is-layout-flex\">\n<div class=\"wp-block-column is-vertically-aligned-center is-layout-flow wp-block-column-is-layout-flow\">\n<p>3TOP k\u00e4ytt\u00e4\u00e4 tuotteissaan teesaponiinia, joka on per\u00e4isin omalta teeviljelm\u00e4lt\u00e4. T\u00e4m\u00e4 istutus kattaa 10 000 eekkeri\u00e4 Yong Tai Countyssa l\u00e4hell\u00e4 Fuzhoun, Fujianin maakunnan p\u00e4\u00e4kaupunkia. 3TOP hallitsee huolellisesti teekasvin laatua l\u00e4hteest\u00e4 alkaen ja s\u00e4\u00e4t\u00e4\u00e4 sen k\u00e4sittelytapoja k\u00e4ytett\u00e4v\u00e4ksi ihonhoitoteollisuudessa. Yrityksen iso teeviljelm\u00e4 on hyvin hoidettu, jotta raaka-aineet ovat puhtaita ja turvallisia. Yhdell\u00e4 tavalla 3TOP voi pit\u00e4\u00e4 raaka-aineiden laadun tasaisena ja luotettavana.<\/p>\n<\/div>\n\n\n\n<div class=\"wp-block-column is-vertically-aligned-center is-layout-flow wp-block-column-is-layout-flow\">\n<figure class=\"wp-block-image size-full\"><img decoding=\"async\" width=\"800\" height=\"450\" src=\"https:\/\/www.ruiqigo.com\/wp-content\/uploads\/2024\/07\/5.jpg\" alt=\"\" class=\"wp-image-721\" srcset=\"https:\/\/www.ruiqigo.com\/wp-content\/uploads\/2024\/07\/5.jpg 800w, https:\/\/www.ruiqigo.com\/wp-content\/uploads\/2024\/07\/5-768x432.jpg 768w\" sizes=\"(max-width: 800px) 100vw, 800px\" \/><\/figure>\n<\/div>\n<\/div>\n\n\n\n<h3 class=\"wp-block-heading\"><strong>Luonnonmukainen ja ymp\u00e4rist\u00f6yst\u00e4v\u00e4llinen istutusmalli<\/strong><\/h3>\n\n\n\n<div class=\"wp-block-columns are-vertically-aligned-center mb-60 is-layout-flex wp-container-core-columns-is-layout-9d6595d7 wp-block-columns-is-layout-flex\">\n<div class=\"wp-block-column is-vertically-aligned-center is-layout-flow wp-block-column-is-layout-flow\">\n<figure class=\"wp-block-image size-full\"><img decoding=\"async\" width=\"800\" height=\"450\" src=\"https:\/\/www.ruiqigo.com\/wp-content\/uploads\/2024\/07\/10.jpg\" alt=\"\" class=\"wp-image-723\" srcset=\"https:\/\/www.ruiqigo.com\/wp-content\/uploads\/2024\/07\/10.jpg 800w, https:\/\/www.ruiqigo.com\/wp-content\/uploads\/2024\/07\/10-768x432.jpg 768w\" sizes=\"(max-width: 800px) 100vw, 800px\" \/><\/figure>\n<\/div>\n\n\n\n<div class=\"wp-block-column is-vertically-aligned-center is-layout-flow wp-block-column-is-layout-flow\">\n<p>3TOP:n perustassa otamme k\u00e4ytt\u00f6\u00f6n luomuviljelymenetelmi\u00e4 ja kielt\u00e4ydymme kemiallisten torjunta-aineiden ja lannoitteiden k\u00e4yt\u00f6st\u00e4. Annamme kasvien kasvaa luonnollisesti kosteutetun sateen alla ja el\u00e4\u00e4 sopusoinnussa maaper\u00e4n ja mikro-organismien kanssa varmistaaksemme raaka-aineiden puhtauden ja turvallisuuden. Samaan aikaan 3TOP keskittyy luonnon monimuotoisuuden s\u00e4ilytt\u00e4miseen ja kodin suojelemiseen, joissa kaikenlaiset olennot viihtyv\u00e4t. Luomuviljelyn lis\u00e4ksi 3TOP esittelee aktiivisesti edistyneit\u00e4 vett\u00e4 s\u00e4\u00e4st\u00e4vi\u00e4 kasteluj\u00e4rjestelmi\u00e4, jotka minimoivat veden hukkaa s\u00e4\u00e4t\u00e4m\u00e4ll\u00e4 tarkasti veden m\u00e4\u00e4r\u00e4\u00e4 ja kasteluaikaa. Keskitymme my\u00f6s j\u00e4tevesien k\u00e4sittelyyn ja kierr\u00e4tykseen varmistaaksemme, ett\u00e4 jokainen vesipisara hy\u00f6dynnet\u00e4\u00e4n parhaalla mahdollisella tavalla.<\/p>\n<\/div>\n<\/div>\n\n\n\n<h2 class=\"wp-block-heading has-text-align-center\"><strong>2. Tuotantolaitos<\/strong><\/h2>\n\n\n\n<div class=\"wp-block-columns are-vertically-aligned-center mb-60 is-layout-flex wp-container-core-columns-is-layout-9d6595d7 wp-block-columns-is-layout-flex\">\n<div class=\"wp-block-column is-vertically-aligned-center is-layout-flow wp-block-column-is-layout-flow\">\n<h3 class=\"wp-block-heading\"><strong>Energians\u00e4\u00e4st\u00f6\u00e4 ja tehokkuuden parantamista<\/strong><\/h3>\n\n\n\n<p>3TOP noudattaa &quot;vihre\u00e4\u00e4 ja v\u00e4litt\u00e4v\u00e4\u00e4&quot; tuotantotapaa. He ovat rakentaneet suuren, ymp\u00e4rist\u00f6yst\u00e4v\u00e4llisen 40 000 neli\u00f6metrin tehtaan, jossa on 60 hehtaarin teollisuusalue ja korkeatasoinen puhdaspaja. He pit\u00e4v\u00e4t kiinni &quot;s\u00e4\u00e4st\u00e4 energiaa, toimi vihre\u00e4n\u00e4, suojele ymp\u00e4rist\u00f6\u00e4&quot; -politiikkaa. 3TOP k\u00e4ytt\u00e4\u00e4 nykyaikaisia GMP-standardien mukaisia laitteita ja linjoja, joita k\u00e4ytet\u00e4\u00e4n l\u00e4\u00e4kkeiden valmistuksessa. Heid\u00e4n tehtaissaan, jossa he valmistavat shampoota ja muuta, vapautuvat kaasut ovat paljon alhaisemmat kuin mit\u00e4 Kiinan kotimaiset standardit vaativat. T\u00e4m\u00e4 auttaa heit\u00e4 s\u00e4\u00e4st\u00e4m\u00e4\u00e4n yli 600 kuutiometri\u00e4 maakaasua joka p\u00e4iv\u00e4 ja yli 600 000 RMB kaasukustannuksissa vuosittain.<\/p>\n<\/div>\n\n\n\n<div class=\"wp-block-column is-vertically-aligned-center is-layout-flow wp-block-column-is-layout-flow\">\n<figure class=\"wp-block-image size-full\"><img loading=\"lazy\" decoding=\"async\" width=\"800\" height=\"450\" src=\"https:\/\/www.ruiqigo.com\/wp-content\/uploads\/2024\/07\/11.jpg\" alt=\"\" class=\"wp-image-726\" srcset=\"https:\/\/www.ruiqigo.com\/wp-content\/uploads\/2024\/07\/11.jpg 800w, https:\/\/www.ruiqigo.com\/wp-content\/uploads\/2024\/07\/11-768x432.jpg 768w\" sizes=\"(max-width: 800px) 100vw, 800px\" \/><\/figure>\n<\/div>\n<\/div>\n\n\n\n<div class=\"wp-block-columns are-vertically-aligned-center mb-60 is-layout-flex wp-container-core-columns-is-layout-9d6595d7 wp-block-columns-is-layout-flex\">\n<div class=\"wp-block-column is-vertically-aligned-center is-layout-flow wp-block-column-is-layout-flow\">\n<figure class=\"wp-block-image size-full\"><img loading=\"lazy\" decoding=\"async\" width=\"800\" height=\"450\" src=\"https:\/\/www.ruiqigo.com\/wp-content\/uploads\/2024\/07\/3.jpg\" alt=\"\" class=\"wp-image-728\" srcset=\"https:\/\/www.ruiqigo.com\/wp-content\/uploads\/2024\/07\/3.jpg 800w, https:\/\/www.ruiqigo.com\/wp-content\/uploads\/2024\/07\/3-768x432.jpg 768w\" sizes=\"(max-width: 800px) 100vw, 800px\" \/><\/figure>\n<\/div>\n\n\n\n<div class=\"wp-block-column is-vertically-aligned-center is-layout-flow wp-block-column-is-layout-flow\">\n<h3 class=\"wp-block-heading\"><strong>Puhtaan energian k\u00e4ytt\u00f6<\/strong><strong><\/strong><\/h3>\n\n\n\n<p>Asentamalla 2 sarjaa aurinkos\u00e4hk\u00f6voimantuotantoj\u00e4rjestelmi\u00e4 3TOP hy\u00f6dynt\u00e4\u00e4 vihre\u00e4\u00e4 energiaa ja v\u00e4hent\u00e4\u00e4 s\u00e4hk\u00f6nkulutusta, mik\u00e4 saavuttaa korkean hy\u00f6tysuhteen ja energians\u00e4\u00e4st\u00f6n tuotannossa. S\u00e4hk\u00f6n tuottaminen aurinkos\u00e4hk\u00f6ll\u00e4 ei ainoastaan v\u00e4henn\u00e4 merkitt\u00e4v\u00e4sti riippuvuutta perinteisist\u00e4 energial\u00e4hteist\u00e4, vaan my\u00f6s v\u00e4hent\u00e4\u00e4 merkitt\u00e4v\u00e4sti hiilidioksidip\u00e4\u00e4st\u00f6j\u00e4, mik\u00e4 edist\u00e4\u00e4 maapallon ymp\u00e4rist\u00f6nsuojelua.<\/p>\n<\/div>\n<\/div>\n\n\n\n<div class=\"wp-block-columns are-vertically-aligned-center mb-60 is-layout-flex wp-container-core-columns-is-layout-9d6595d7 wp-block-columns-is-layout-flex\">\n<div class=\"wp-block-column is-vertically-aligned-center is-layout-flow wp-block-column-is-layout-flow\">\n<h3 class=\"wp-block-heading\"><strong>Vihre\u00e4 prosessi<\/strong><strong><\/strong><\/h3>\n\n\n\n<p>3TOP tutkii jatkuvasti vihreit\u00e4 tuotantoprosesseja saavuttaakseen erityisi\u00e4 ymp\u00e4rist\u00f6tavoitteita. Esimerkiksi muovisten mikrohelmien hylk\u00e4\u00e4minen. P\u00e4ivitt\u00e4iset hygieniatuotteet sis\u00e4lt\u00e4v\u00e4t usein suuria m\u00e4\u00e4ri\u00e4 muovisia mikrohelmi\u00e4, jotka ovat alle 2 millimetrin kokoisia muovihiukkasia. Koska ne ovat pieni\u00e4, kun k\u00e4yt\u00e4t kylpytuotteita, joissa on muovisia mikrohelmi\u00e4, ne putoavat pesualtaaseen, kulkeutuvat vedenk\u00e4sittelylaitosten ohi ja p\u00e4\u00e4tyv\u00e4t mereen. Kalat ja \u00e4yri\u00e4iset sy\u00f6v\u00e4t niit\u00e4, ja sitten niist\u00e4 tulee osa ruokaamme ja jopa kehoamme. Vuonna 2015 kosmetiikan ja henkil\u00f6kohtaisen hygienian parissa ty\u00f6skentelev\u00e4 eurooppalainen ryhm\u00e4 sanoi, ett\u00e4 yritysten tulisi lopettaa muovisten mikrohelmien k\u00e4ytt\u00e4minen tuotteissaan yksin.<\/p>\n<\/div>\n\n\n\n<div class=\"wp-block-column is-vertically-aligned-center is-layout-flow wp-block-column-is-layout-flow\">\n<figure class=\"wp-block-image size-full\"><img loading=\"lazy\" decoding=\"async\" width=\"800\" height=\"450\" src=\"https:\/\/www.ruiqigo.com\/wp-content\/uploads\/2024\/07\/6.jpg\" alt=\"\" class=\"wp-image-741\" srcset=\"https:\/\/www.ruiqigo.com\/wp-content\/uploads\/2024\/07\/6.jpg 800w, https:\/\/www.ruiqigo.com\/wp-content\/uploads\/2024\/07\/6-768x432.jpg 768w\" sizes=\"(max-width: 800px) 100vw, 800px\" \/><\/figure>\n<\/div>\n<\/div>\n\n\n\n<p>3TOP on jo jonkin aikaa valmistanut ihonhoito- ja k\u00e4sienpesutuotteita pienten muovihelmien sijaan luonnollisilla aineilla. He k\u00e4ytt\u00e4v\u00e4t esimerkiksi saksanp\u00e4hkin\u00f6it\u00e4, manteleita ja oliivinkivi\u00e4, koska ne sopivat juuri kosmetiikan valmistukseen ja ne puhdistavat hell\u00e4varaisesti naarmuttamatta ihoasi. 3TOP muuttaa n\u00e4m\u00e4 luonnollisiksi kuorinnoiksi muovihelmien tilalle. My\u00f6s luonnonmateriaalit voivat joskus saada tuotteet n\u00e4ytt\u00e4m\u00e4\u00e4n tummemmilta, mutta 3TOP korjaa t\u00e4m\u00e4n lis\u00e4\u00e4m\u00e4ll\u00e4 vaaleita v\u00e4rej\u00e4, kuten titaanidioksidia. T\u00e4m\u00e4 on turvallista eik\u00e4 h\u00e4iritse ihoasi. Lis\u00e4ksi 3TOP k\u00e4ytt\u00e4\u00e4 erikoislaatuista maissit\u00e4rkkelyst\u00e4, joka on hieman karkeaa. Se puhdistaa hyvin, ei naarmuta ja hajoaa helposti, mik\u00e4 on hyv\u00e4 ymp\u00e4rist\u00f6lle.<\/p>\n\n\n\n<div class=\"wp-block-columns are-vertically-aligned-center mb-60 is-layout-flex wp-container-core-columns-is-layout-9d6595d7 wp-block-columns-is-layout-flex\">\n<div class=\"wp-block-column is-vertically-aligned-center is-layout-flow wp-block-column-is-layout-flow\">\n<figure class=\"wp-block-image size-full\"><img loading=\"lazy\" decoding=\"async\" width=\"800\" height=\"450\" src=\"https:\/\/www.ruiqigo.com\/wp-content\/uploads\/2024\/07\/12.jpg\" alt=\"\" class=\"wp-image-733\" srcset=\"https:\/\/www.ruiqigo.com\/wp-content\/uploads\/2024\/07\/12.jpg 800w, https:\/\/www.ruiqigo.com\/wp-content\/uploads\/2024\/07\/12-768x432.jpg 768w\" sizes=\"(max-width: 800px) 100vw, 800px\" \/><\/figure>\n<\/div>\n\n\n\n<div class=\"wp-block-column is-vertically-aligned-center is-layout-flow wp-block-column-is-layout-flow\">\n<h3 class=\"wp-block-heading\"><strong>J\u00e4teveden ja kaasun kierr\u00e4tys<\/strong><strong><\/strong><\/h3>\n\n\n\n<p>3TOP noudattaa ajatusta &quot;vihre\u00e4 missio, selke\u00e4 tulevaisuus&quot; k\u00e4sitelless\u00e4\u00e4n j\u00e4tevett\u00e4 ja kaasua. He ovat ottaneet k\u00e4ytt\u00f6\u00f6n j\u00e4rjestelmi\u00e4 j\u00e4teveden kierr\u00e4tt\u00e4miseksi ja j\u00e4tekaasun puhdistamiseksi tehtaallaan. J\u00e4tevesij\u00e4rjestelm\u00e4 muuttaa hyvien suodattimien ja erikoispuhdistuksen avulla likaisesta vedest\u00e4 ymp\u00e4rist\u00f6n kannalta parempaa vett\u00e4, jota voidaan k\u00e4ytt\u00e4\u00e4 uudelleen. Samaan aikaan j\u00e4tekaasuj\u00e4rjestelm\u00e4 k\u00e4ytt\u00e4\u00e4 hienoja tapoja puhdistaa haitalliset kaasut ja tehd\u00e4 niist\u00e4 turvallisia. J\u00e4tevesij\u00e4rjestelm\u00e4 pystyy puhdistamaan 100 tonnia vett\u00e4 joka p\u00e4iv\u00e4, ja j\u00e4tekaasuj\u00e4rjestelm\u00e4 voi v\u00e4hent\u00e4\u00e4 kemiallisia kaasuja 70% ja CO2-kaasua viel\u00e4 30% jokaista valmistamaa kohdetta kohden. Lis\u00e4ksi 3TOP huolehtii siit\u00e4, kuinka he k\u00e4ytt\u00e4v\u00e4t ja heitt\u00e4v\u00e4t roskiin esimerkiksi raaka-aineita ja kemikaaleja. Heill\u00e4 on j\u00e4rjestelm\u00e4, joka pit\u00e4\u00e4 ne erill\u00e4\u00e4n ja s\u00e4ilytt\u00e4\u00e4 ne, ja he ty\u00f6skentelev\u00e4t toisen yrityksen kanssa kierr\u00e4tt\u00e4\u00e4kseen ne ajoissa.<\/p>\n<\/div>\n<\/div>\n\n\n\n<h2 class=\"wp-block-heading has-text-align-center\"><strong>3. Ymp\u00e4rist\u00f6yst\u00e4v\u00e4lliset pakkausmateriaalit<\/strong><\/h2>\n\n\n\n<div class=\"wp-block-columns are-vertically-aligned-center mb-60 is-layout-flex wp-container-core-columns-is-layout-9d6595d7 wp-block-columns-is-layout-flex\">\n<div class=\"wp-block-column is-vertically-aligned-center is-layout-flow wp-block-column-is-layout-flow\">\n<h3 class=\"wp-block-heading\"><strong>Ensiluokkaisten ymp\u00e4rist\u00f6yst\u00e4v\u00e4llisten materiaalien k\u00e4ytt\u00f6:<\/strong><strong><\/strong><\/h3>\n\n\n\n<p>3TOP tiet\u00e4\u00e4, ett\u00e4 vanhat pakkaukset voivat vahingoittaa ymp\u00e4rist\u00f6\u00e4, joten he k\u00e4ytt\u00e4v\u00e4t sen sijaan ymp\u00e4rist\u00f6yst\u00e4v\u00e4llisi\u00e4 materiaaleja. He k\u00e4ytt\u00e4v\u00e4t tuotepakkauksissaan biohajoavaa muovia. N\u00e4m\u00e4 muovit hajoavat helposti luonnossa eiv\u00e4tk\u00e4 vahingoita ymp\u00e4rist\u00f6\u00e4 tai kasveja. Biohajoavat muovit ovat suosittu ja hyvin testattu pakkausvaihtoehto. Ne voivat hajota nopeasti erityisten aineiden avulla, jotka nopeuttavat prosessia. L\u00f6yd\u00e4t biohajoavia pakkauksia, kuten pusseja, pillej\u00e4 ja kyni\u00e4. Vuodesta 2020 l\u00e4htien 3TOP on ty\u00f6st\u00e4nyt pakkauksia, jotka voidaan kierr\u00e4tt\u00e4\u00e4 tai jotka hajoavat luonnossa. He ovat tehneet pieni\u00e4 matkakokoisia pusseja, jotka ovat 10-12 ml, ja ihmiset Euroopassa ja Yhdysvalloissa pit\u00e4v\u00e4t niist\u00e4 todella.<\/p>\n<\/div>\n\n\n\n<div class=\"wp-block-column is-vertically-aligned-center is-layout-flow wp-block-column-is-layout-flow\">\n<figure class=\"wp-block-image size-full\"><img loading=\"lazy\" decoding=\"async\" width=\"800\" height=\"450\" src=\"https:\/\/www.ruiqigo.com\/wp-content\/uploads\/2024\/07\/9.jpg\" alt=\"\" class=\"wp-image-730\" srcset=\"https:\/\/www.ruiqigo.com\/wp-content\/uploads\/2024\/07\/9.jpg 800w, https:\/\/www.ruiqigo.com\/wp-content\/uploads\/2024\/07\/9-768x432.jpg 768w\" sizes=\"(max-width: 800px) 100vw, 800px\" \/><\/figure>\n<\/div>\n<\/div>\n\n\n\n<div class=\"wp-block-columns are-vertically-aligned-center mb-60 is-layout-flex wp-container-core-columns-is-layout-9d6595d7 wp-block-columns-is-layout-flex\">\n<div class=\"wp-block-column is-vertically-aligned-center is-layout-flow wp-block-column-is-layout-flow\">\n<figure class=\"wp-block-image size-full\"><img loading=\"lazy\" decoding=\"async\" width=\"800\" height=\"450\" src=\"https:\/\/www.ruiqigo.com\/wp-content\/uploads\/2024\/07\/8.jpg\" alt=\"\" class=\"wp-image-736\" srcset=\"https:\/\/www.ruiqigo.com\/wp-content\/uploads\/2024\/07\/8.jpg 800w, https:\/\/www.ruiqigo.com\/wp-content\/uploads\/2024\/07\/8-768x432.jpg 768w\" sizes=\"(max-width: 800px) 100vw, 800px\" \/><\/figure>\n<\/div>\n\n\n\n<div class=\"wp-block-column is-vertically-aligned-center is-layout-flow wp-block-column-is-layout-flow\">\n<h3 class=\"wp-block-heading\"><strong>Optimoi pakkaussuunnittelu<\/strong><strong><\/strong><\/h3>\n\n\n\n<p>3TOP pyrkii my\u00f6s parantamaan pakkausten k\u00e4ytt\u00f6\u00e4 ja v\u00e4hent\u00e4m\u00e4\u00e4n niiden k\u00e4ytt\u00f6\u00e4. He selvitt\u00e4v\u00e4t, kuinka paljon tilaa ja kuinka raskaita heid\u00e4n tuotteensa tarvitsevat, jotta he voivat tehd\u00e4 pienempi\u00e4 ja kevyempi\u00e4 laatikoita. T\u00e4m\u00e4 auttaa pit\u00e4m\u00e4\u00e4n tuotteet turvassa, kun niit\u00e4 siirret\u00e4\u00e4n, ja v\u00e4hent\u00e4\u00e4 my\u00f6s j\u00e4tett\u00e4. Esimerkiksi 3TOP teki uuden laatikon shampoomerkille. Se n\u00e4ytt\u00e4\u00e4 hyv\u00e4lt\u00e4 ja s\u00e4\u00e4st\u00e4\u00e4 mustetta, pahvia, pehmustetta ja tilaa, jonka se vie l\u00e4hetyksess\u00e4. Vanhoilla laatikoilla mahtui nelj\u00e4 isoon laatikkoon, jossa oli kuva. Uudessa laatikossa on erityinen pohja, jonka myym\u00e4l\u00e4n ty\u00f6ntekij\u00e4t voivat ottaa pois ja k\u00e4ytt\u00e4\u00e4 shampoon k\u00e4sittelyyn ja esittelyyn myym\u00e4l\u00e4ss\u00e4. Uusi muotoilu k\u00e4ytt\u00e4\u00e4 paljon v\u00e4hemm\u00e4n materiaalia. Siin\u00e4 on yksinkertainen &quot;paperikorkki&quot;, joka irtoaa helposti suojaamaan shampoota kuljetuksen aikana, eik\u00e4 sit\u00e4 tarvitse painaa. T\u00e4m\u00e4 parempi pakkaus s\u00e4\u00e4st\u00e4\u00e4 67 tonnia paperia, tarkoittaa, ett\u00e4 shampoon siirt\u00e4miseen tarvitaan 52 isoa kuorma-autoa v\u00e4hemm\u00e4n, ja v\u00e4hent\u00e4\u00e4 musteen k\u00e4ytt\u00f6\u00e4 jopa 80% vuodessa.<\/p>\n<\/div>\n<\/div>\n\n\n\n<p>Lis\u00e4ksi 3TOP jatkaa my\u00f6s muiden pullo- ja t\u00f6lkkituotteiden uuden pumppupuristinsuunnittelun parantamista, mik\u00e4 s\u00e4\u00e4st\u00e4\u00e4 8 tonnia muovia vuodessa ja 40 tonnia paperin ulkopakkauksia vuodessa optimoimalla pakkausprosessia. \u00c4skett\u00e4in lanseeratut shampootuotteet ovat s\u00e4\u00e4st\u00e4neet noin 13% pakkaustarvikkeita pulloa kohden parantamalla korkin ja pullon muotoilua.<\/p>\n\n\n\n<div class=\"wp-block-columns are-vertically-aligned-center mb-60 is-layout-flex wp-container-core-columns-is-layout-9d6595d7 wp-block-columns-is-layout-flex\">\n<div class=\"wp-block-column is-vertically-aligned-center is-layout-flow wp-block-column-is-layout-flow\">\n<h3 class=\"wp-block-heading\"><strong>K\u00e4ynnistettiin pakkausten kierr\u00e4tysstrategia<\/strong><strong><\/strong><\/h3>\n\n\n\n<p>American Association for the Advancement of Science (AAAS) tutkimus osoittaa, ett\u00e4 noin 40% vuosittain tuotetusta yli 400 miljoonasta muovitonnista tulee pakkauksista ja ett\u00e4 t\u00e4m\u00e4 muovipakkaus k\u00e4ytet\u00e4\u00e4n yleens\u00e4 vain kerran ennen kuin se heitet\u00e4\u00e4n pois. Vastauksena 3TOP on ottanut k\u00e4ytt\u00f6\u00f6n pakkausten kierr\u00e4tysohjelman kuluttajille kannustaakseen heit\u00e4 osallistumaan ymp\u00e4rist\u00f6aloitteisiin. Asiakkaat voivat tuoda tyhji\u00e4 kosmetiikkapulloja erikoisliikkeisiin kierr\u00e4tett\u00e4v\u00e4ksi. Vastineeksi he saavat ilmaisen n\u00e4ytepaketin kosmetiikkaa. T\u00e4m\u00e4 auttaa ihmisi\u00e4 ker\u00e4\u00e4m\u00e4\u00e4n ja kierr\u00e4tt\u00e4m\u00e4\u00e4n enemm\u00e4n pulloja, mik\u00e4 v\u00e4hent\u00e4\u00e4 roskia. Ker\u00e4tyt pullot joko muunnetaan uusiksi esineiksi tai niist\u00e4 tehd\u00e4\u00e4n energiaa.<\/p>\n<\/div>\n\n\n\n<div class=\"wp-block-column is-vertically-aligned-center is-layout-flow wp-block-column-is-layout-flow\">\n<figure class=\"wp-block-image size-full\"><img loading=\"lazy\" decoding=\"async\" width=\"800\" height=\"450\" src=\"https:\/\/www.ruiqigo.com\/wp-content\/uploads\/2024\/07\/2.jpg\" alt=\"\" class=\"wp-image-739\" srcset=\"https:\/\/www.ruiqigo.com\/wp-content\/uploads\/2024\/07\/2.jpg 800w, https:\/\/www.ruiqigo.com\/wp-content\/uploads\/2024\/07\/2-768x432.jpg 768w\" sizes=\"(max-width: 800px) 100vw, 800px\" \/><\/figure>\n<\/div>\n<\/div>\n\n\n\n<h2 class=\"wp-block-heading has-text-align-center\"><strong>Johtop\u00e4\u00e4t\u00f6s<\/strong><strong><\/strong><\/h2>\n\n\n\n<p>3TOP ymm\u00e4rt\u00e4\u00e4, ett\u00e4 kest\u00e4v\u00e4 kehitys ei ole vain iskulause, vaan my\u00f6s teko. Siksi 3TOP osallistuu aktiivisesti erilaisiin ymp\u00e4rist\u00f6nsuojelutoimiin, ajaa vihre\u00e4n kulutuksen k\u00e4sitett\u00e4 ja edist\u00e4\u00e4 alan kehityst\u00e4 ymp\u00e4rist\u00f6yst\u00e4v\u00e4llisemp\u00e4\u00e4n ja kest\u00e4v\u00e4mp\u00e4\u00e4n suuntaan. Toivomme, ett\u00e4 ponnisteluillamme useammat ihmiset ymm\u00e4rt\u00e4v\u00e4t ja kiinnitt\u00e4v\u00e4t huomiota kest\u00e4v\u00e4\u00e4n kehitykseen ja edist\u00e4v\u00e4t yhdess\u00e4 maapallon tulevaisuutta. P\u00e4ivitt\u00e4isten kemiallisten tuotteidemme valinta on huolehtia ja vastuuta maasta ja tulevista sukupolvista. Katsotaanpa vihre\u00e4mp\u00e4\u00e4 ja parempaa tulevaisuutta!<\/p>","protected":false},"excerpt":{"rendered":"China&#8217;s industries are focusing on the &#8216;dual-carbon&#8217; goal, which aims to reduce carbon emissions and pollution. This is important for making the economy and society more environmentally friendly and sustainable. The daily skincare industry is also working towards this goal. 3TOP supports the idea of sustainable development and has done well in saving energy, reducing [&hellip;]","protected":false},"author":9,"featured_media":717,"parent":0,"menu_order":0,"comment_status":"closed","ping_status":"closed","template":"","meta":{"footnotes":""},"class_list":["post-8","page","type-page","status-publish","has-post-thumbnail","hentry"],"acf":[],"_links":{"self":[{"href":"https:\/\/www.ruiqigo.com\/fi\/wp-json\/wp\/v2\/pages\/8","targetHints":{"allow":["GET"]}}],"collection":[{"href":"https:\/\/www.ruiqigo.com\/fi\/wp-json\/wp\/v2\/pages"}],"about":[{"href":"https:\/\/www.ruiqigo.com\/fi\/wp-json\/wp\/v2\/types\/page"}],"author":[{"embeddable":true,"href":"https:\/\/www.ruiqigo.com\/fi\/wp-json\/wp\/v2\/users\/9"}],"replies":[{"embeddable":true,"href":"https:\/\/www.ruiqigo.com\/fi\/wp-json\/wp\/v2\/comments?post=8"}],"version-history":[{"count":0,"href":"https:\/\/www.ruiqigo.com\/fi\/wp-json\/wp\/v2\/pages\/8\/revisions"}],"wp:featuredmedia":[{"embeddable":true,"href":"https:\/\/www.ruiqigo.com\/fi\/wp-json\/wp\/v2\/media\/717"}],"wp:attachment":[{"href":"https:\/\/www.ruiqigo.com\/fi\/wp-json\/wp\/v2\/media?parent=8"}],"curies":[{"name":"wp","href":"https:\/\/api.w.org\/{rel}","templated":true}]}}