{"id":835,"date":"2024-07-30T15:57:32","date_gmt":"2024-07-30T07:57:32","guid":{"rendered":"https:\/\/ruiqigo.com\/?page_id=835"},"modified":"2024-12-24T10:10:52","modified_gmt":"2024-12-24T02:10:52","slug":"cookie-policy","status":"publish","type":"page","link":"https:\/\/www.ruiqigo.com\/fi\/cookie-policy","title":{"rendered":"Ev\u00e4stek\u00e4yt\u00e4nt\u00f6"},"content":{"rendered":"<h3 class=\"wp-block-heading\">Mit\u00e4 ev\u00e4steet ovat?<\/h3>\n\n\n\n<p>Ev\u00e4stetiedosto ei anna meille p\u00e4\u00e4sy\u00e4 laitteeseesi tai muihin sinusta koskeviin tietoihin kuin tiedot, jotka p\u00e4\u00e4t\u00e4t jakaa kanssamme, ja se voi sis\u00e4lt\u00e4\u00e4 anonyymin yksil\u00f6llisen tunnisteen.<\/p>\n\n\n\n<h3 class=\"wp-block-heading\">Kuinka k\u00e4yt\u00e4mme ev\u00e4steit\u00e4?<\/h3>\n\n\n\n<p>K\u00e4yt\u00e4mme ev\u00e4steit\u00e4 seurataksemme toimintaa Aerotech-verkkosivustolla ja s\u00e4ilytt\u00e4\u00e4ksemme tiettyj\u00e4 tietoja.<\/p>\n\n\n\n<p>Esimerkkej\u00e4 ev\u00e4steist\u00e4, joita saatamme k\u00e4ytt\u00e4\u00e4 ja miten voimme k\u00e4ytt\u00e4\u00e4 niit\u00e4, ovat:<\/p>\n\n\n\n<ul class=\"wp-block-list\">\n<li>Istuntoev\u00e4steet: N\u00e4it\u00e4 ev\u00e4steit\u00e4 k\u00e4ytet\u00e4\u00e4n verkkosivuston toimintaan ja ne poistetaan laitteeltasi selausistunnon lopussa.<\/li>\n\n\n\n<li>Asetusev\u00e4steet: N\u00e4it\u00e4 ev\u00e4steit\u00e4 k\u00e4ytet\u00e4\u00e4n muistamaan mieltymyksesi ja erilaiset asetuksesi.<\/li>\n\n\n\n<li>Suojausev\u00e4steet: N\u00e4m\u00e4 ev\u00e4steet mahdollistavat ja tukevat tietoturvaominaisuuksiamme ja auttavat meit\u00e4 havaitsemaan haitallisen toiminnan.<\/li>\n\n\n\n<li>Tilastoev\u00e4steet: N\u00e4it\u00e4 ev\u00e4steit\u00e4 k\u00e4ytet\u00e4\u00e4n tunnistamaan, mill\u00e4 verkkosivuillamme vierailemme ja mill\u00e4 sivuilla niit\u00e4 k\u00e4ytet\u00e4\u00e4n. T\u00e4m\u00e4 auttaa meit\u00e4 analysoimaan verkkosivujen liikennett\u00e4 koskevia tietoja, kuten Google Analyticsin avulla, parantaaksemme verkkosivustoamme. K\u00e4yt\u00e4mme n\u00e4it\u00e4 tietoja vain tilastollisiin analyysitarkoituksiin, mink\u00e4 j\u00e4lkeen tiedot poistetaan j\u00e4rjestelm\u00e4st\u00e4.<\/li>\n<\/ul>\n\n\n\n<h3 class=\"wp-block-heading\">Ev\u00e4steiden hallinta<\/h3>\n\n\n\n<p>Voit hyv\u00e4ksy\u00e4 tai hyl\u00e4t\u00e4 ev\u00e4steet. Jos et halua k\u00e4ytt\u00e4\u00e4 ev\u00e4steit\u00e4 verkkosivustollamme, voit hallita tai poistaa ne k\u00e4yt\u00f6st\u00e4 seuraavilla tavoilla:<\/p>\n\n\n\n<ul class=\"wp-block-list\">\n<li>Voit my\u00f6s m\u00e4\u00e4ritt\u00e4\u00e4 selaimesi asetukset est\u00e4m\u00e4\u00e4n ev\u00e4steet. Voit my\u00f6s poistaa kaikki tietokoneesi kiintolevyll\u00e4 jo olevat ev\u00e4steet etsim\u00e4ll\u00e4 ja poistamalla tiedostoja, joissa on &quot;ev\u00e4ste&quot;.<\/li>\n\n\n\n<li>Voit hallita Google Analyticsin tietojen ker\u00e4\u00e4mist\u00e4 analyyttisi\u00e4 tarkoituksia varten vierailemalla t\u00e4ll\u00e4 sivulla.<\/li>\n<\/ul>\n\n\n\n<p>Muista, ett\u00e4 ev\u00e4steiden kielt\u00e4minen tai poistaminen k\u00e4yt\u00f6st\u00e4 voi tarkoittaa, ett\u00e4 sinulla ei ehk\u00e4 ole p\u00e4\u00e4sy\u00e4 tiettyihin verkkosivuston ominaisuuksiin. Kaikkien ev\u00e4steiden poistaminen tietokoneeltasi voi my\u00f6s vaikuttaa my\u00f6hemp\u00e4\u00e4n k\u00e4yntiisi tietyill\u00e4 verkkosivustoilla, mukaan lukien MugFactory-verkkosivusto, vaatimalla sinua sy\u00f6tt\u00e4m\u00e4\u00e4n tietyt tiedot uudelleen, kun palaat.<\/p>\n\n\n\n<p>Lis\u00e4tietoja siit\u00e4, kuinka 3TOP voi ker\u00e4t\u00e4 ja k\u00e4ytt\u00e4\u00e4 muita henkil\u00f6kohtaisia tietoja, on tietosuojak\u00e4yt\u00e4nn\u00f6ss\u00e4mme.<\/p>","protected":false},"excerpt":{"rendered":"What are cookies? A cookie file does not give us access to your device or any information about you other than the data you choose to share with us, and it may include an anonymous unique identifier. How do we use cookies? We use cookies to track the activity on the Aerotech Website and hold [&hellip;]","protected":false},"author":9,"featured_media":0,"parent":0,"menu_order":0,"comment_status":"closed","ping_status":"closed","template":"","meta":{"footnotes":""},"class_list":["post-835","page","type-page","status-publish","hentry"],"acf":[],"_links":{"self":[{"href":"https:\/\/www.ruiqigo.com\/fi\/wp-json\/wp\/v2\/pages\/835","targetHints":{"allow":["GET"]}}],"collection":[{"href":"https:\/\/www.ruiqigo.com\/fi\/wp-json\/wp\/v2\/pages"}],"about":[{"href":"https:\/\/www.ruiqigo.com\/fi\/wp-json\/wp\/v2\/types\/page"}],"author":[{"embeddable":true,"href":"https:\/\/www.ruiqigo.com\/fi\/wp-json\/wp\/v2\/users\/9"}],"replies":[{"embeddable":true,"href":"https:\/\/www.ruiqigo.com\/fi\/wp-json\/wp\/v2\/comments?post=835"}],"version-history":[{"count":0,"href":"https:\/\/www.ruiqigo.com\/fi\/wp-json\/wp\/v2\/pages\/835\/revisions"}],"wp:attachment":[{"href":"https:\/\/www.ruiqigo.com\/fi\/wp-json\/wp\/v2\/media?parent=835"}],"curies":[{"name":"wp","href":"https:\/\/api.w.org\/{rel}","templated":true}]}}