{"id":1042,"date":"2024-09-06T14:56:39","date_gmt":"2024-09-06T06:56:39","guid":{"rendered":"https:\/\/ruiqigo.com\/?post_type=product&#038;p=1042"},"modified":"2025-09-03T15:21:38","modified_gmt":"2025-09-03T07:21:38","slug":"propolis-mouthwash","status":"publish","type":"product","link":"https:\/\/www.ruiqigo.com\/fi\/product\/propolis-mouthwash","title":{"rendered":"Propolis - suuvesi"},"content":{"rendered":"<h2 class=\"wp-block-heading\">Propolis-suuveden resepti<\/h2>\n\n\n\n<p><strong>1. Propolis: <\/strong>Propolis-suuveden t\u00e4rke\u00e4n\u00e4 ainesosana propolis on luonnollinen uute, jolla on antibakteerisia ja tulehdusta est\u00e4vi\u00e4 vaikutuksia, jotka voivat edist\u00e4\u00e4 kudosten uudistumista ja suun terveytt\u00e4.<\/p>\n\n\n\n<p><strong>2. Ksylitoli: <\/strong>Se voi edist\u00e4\u00e4 syljen erityst\u00e4 ja v\u00e4hent\u00e4\u00e4 happamia aineita, mik\u00e4 v\u00e4hent\u00e4\u00e4 hampaiden eroosiota<\/p>\n\n\n\n<p><strong>3. Minttu: <\/strong>Sill\u00e4 on raikas ja makea tuoksu, joka voi parantaa suuveden makua ja saavuttaa raikkaan hengityksen vaikutuksen.<\/p>\n\n\n\n<p><strong>4. Glyseriini:<\/strong> Se auttaa pit\u00e4m\u00e4\u00e4n suun kosteutettuna ja lievitt\u00e4\u00e4 suun kuivumista<\/p>\n\n\n\n<h2 class=\"wp-block-heading\">Propolis-suuveden ominaisuudet<\/h2>\n\n\n\n<h3 class=\"wp-block-heading\">1. Luonnolliset ainesosat<\/h3>\n\n\n\n<p>P\u00e4\u00e4ainesosa on propolis, ja propolis on luonnollinen aine, jossa on useita vaikuttavia aineita.<\/p>\n\n\n\n<h3 class=\"wp-block-heading\">2. Antibakteerinen ja tulehdusta est\u00e4v\u00e4<\/h3>\n\n\n\n<p>Propoliksen vaikuttavat aineosat voivat est\u00e4\u00e4 ja poistaa haitallisia bakteereja suussa ja v\u00e4hent\u00e4\u00e4 suun tulehdusta.<\/p>\n\n\n\n<h3 class=\"wp-block-heading\">3. Liev\u00e4 ja ei \u00e4rsyt\u00e4 ihoa<\/h3>\n\n\n\n<p>Suuvetemme ei sis\u00e4ll\u00e4 alkoholia tai muita \u00e4rsytt\u00e4vi\u00e4 ainesosia, ja se on hell\u00e4varaisempi ja mukavampi, sopien useimmille ihmisille.<\/p>\n\n\n\n<h3 class=\"wp-block-heading\">4. K\u00e4tev\u00e4 ja kannettava<\/h3>\n\n\n\n<p>Suuvesi on helppok\u00e4ytt\u00f6inen, eik\u00e4 sit\u00e4 tarvitse valita tilaisuuden tullen, ja pakkaussuunnittelumme on helppo kuljettaa mukana ja k\u00e4ytt\u00e4\u00e4 milloin tahansa.<\/p>\n\n\n\n<h2 class=\"wp-block-heading\">Joitakin tehokkuusvaikutuksia&nbsp;<\/h2>\n\n\n\n<h3 class=\"wp-block-heading\">1. Tulehdusta ja kipua lievitt\u00e4v\u00e4<\/h3>\n\n\n\n<p>Propolis-suuveden vaikuttavilla aineilla on voimakas antibakteerinen kyky, joka voi est\u00e4\u00e4 bakteerien kasvua ja v\u00e4hent\u00e4\u00e4 bakteerien aiheuttamaa haittaa suun limakalvolle, mik\u00e4 v\u00e4hent\u00e4\u00e4 tulehdusta. Propoliksella on luonnollinen kipua lievitt\u00e4v\u00e4 vaikutus, se voi vaikuttaa suun sis\u00e4puolelle, lievitt\u00e4\u00e4 suun haavaumia ja turvonneiden ikenien oireita.<\/p>\n\n\n\n<h3 class=\"wp-block-heading\">2. Suun sairauksien ehk\u00e4isy<\/h3>\n\n\n\n<p>Ihmiskehon suuymp\u00e4rist\u00f6 on normaalisti hapan, ja bakteerit jatkavat kasvuaan ja lis\u00e4\u00e4ntymist\u00e4\u00e4n happamassa ymp\u00e4rist\u00f6ss\u00e4, mik\u00e4 johtaa krooniseen tulehdukseen, kuten parodontiittiin, joka on vakava uhka hampaiden ja ikenien terveydelle. Propolis-suuvetemme voi neutraloida suun pH-arvon, est\u00e4\u00e4 bakteerien kasvua suussa ja muodostaa suhteellisen terveen suuymp\u00e4rist\u00f6n. Pitk\u00e4aikainen k\u00e4ytt\u00f6 voi ehk\u00e4ist\u00e4 parodontiitia, kariesta ja muita suun sairauksia.<\/p>\n\n\n\n<h3 class=\"wp-block-heading\">3. Paranna suun immuniteettia<\/h3>\n\n\n\n<p>Propolis-suuvesi est\u00e4\u00e4 tulehduksen pahenemista tulehdusta est\u00e4vien vaikutusten avulla, v\u00e4hent\u00e4\u00e4 suun infektioiden riski\u00e4 ja s\u00e4\u00e4telee suun sis\u00e4ll\u00e4 olevaa immuunivastetta, mik\u00e4 suojaa suun terveytt\u00e4. Toiseksi, propolis-suuveden vaikuttavat aineet voivat parantaa kehon immuniteettia ja vaikuttaa ep\u00e4suorasti suun sis\u00e4puolelle parantaakseen suun vastustuskyky\u00e4 taudinaiheuttajia vastaan. Sen lis\u00e4ksi lis\u00e4\u00e4m\u00e4mme antioksidanttiaineosat voivat poistaa vapaita radikaaleja suusta, v\u00e4hent\u00e4\u00e4 vapaiden radikaalien aiheuttamia haittoja suun limakalvolle ja auttaa parantamaan immuniteettia.<\/p>\n\n\n\n<h3 class=\"wp-block-heading\">4. Raikas hengitys<\/h3>\n\n\n\n<p>Pahanhajuisen hengityksen syyt jaetaan fysiologisiin ja patologisiin. Patologinen viittaa suun sairauksiin, kuten ientulehdukseen ja parodontiittiin. N\u00e4m\u00e4 sairaudet aiheuttavat pahanhajuista hengityst\u00e4 eli halitoosia. Fysiologinen viittaa ruokaj\u00e4\u00e4mien ja huonojen ruokailutottumusten aiheuttamaan pahanhajuiseen hengitykseen, kun taas fysiologinen on lyhyempi kuin patologinen. Siksi propolis-suuvetemme on uutettu ainesosista, kuten mintusta, joka poistaa hajuja suusta, pit\u00e4\u00e4 hengityksen raikkaana ja antaa pitk\u00e4kestoisen tuoksun sek\u00e4 ehk\u00e4isee sosiaalista kiusallisuutta aterioiden j\u00e4lkeen. Pitk\u00e4aikainen k\u00e4ytt\u00f6 voi my\u00f6s auttaa patologisen halitoosin hoidossa.<\/p>\n\n\n\n<h3 class=\"wp-block-heading\">5. Edist\u00e4\u00e4 kudosten paranemista<\/h3>\n\n\n\n<p>Propoliksella on tulehdusta ja kipua lievitt\u00e4vi\u00e4 vaikutuksia, jotka auttavat my\u00f6s v\u00e4hent\u00e4m\u00e4\u00e4n tulehduksen aiheuttamia vaurioita ja nopeuttamaan kudosten korjausta. Lis\u00e4ksi propolis-suuveteen lis\u00e4tyt aktiiviset aineosat voivat tunkeutua vaurioituneisiin kudoksiin, stimuloida solujen lis\u00e4\u00e4ntymist\u00e4 ja erilaistumista sek\u00e4 edist\u00e4\u00e4 suun limakalvojen korjausta. Samalla propoliksella on my\u00f6s supistava vaikutus, joka voi pienent\u00e4\u00e4 haavaa ja pit\u00e4\u00e4 sen kuivana ja puhtaana, tarjoten hyv\u00e4n ymp\u00e4rist\u00f6n kudosten korjautumisen nopeuttamiselle. T\u00e4m\u00e4 on ep\u00e4ilem\u00e4tt\u00e4 t\u00e4rke\u00e4 apupuhdistusv\u00e4line potilaille, joilla on suun tulehdus, kuten aftahaava.<\/p>\n\n\n\n<h2 class=\"wp-block-heading\">K\u00e4ytt\u00f6ohjeet<\/h2>\n\n\n\n<p>Tuotteisiimme on liitetty ohjeet. On suositeltavaa k\u00e4ytt\u00e4\u00e4 niit\u00e4 ohjeiden mukaisesti. Ravista hyvin ennen k\u00e4ytt\u00f6\u00e4, jotta sis\u00e4inen aine sekoittuu tasaisesti.&nbsp;<\/p>\n\n\n\n<h3 class=\"wp-block-heading\">Vaihe 1: <\/h3>\n\n\n\n<p>Ota suuvett\u00e4 sopiva m\u00e4\u00e4r\u00e4. Pullokorkissamme on sis\u00e4puolella kierre, jota voidaan k\u00e4ytt\u00e4\u00e4 mittausv\u00e4lineen\u00e4, noin 10\u201315 ml.\u00a0<\/p>\n\n\n\n<h3 class=\"wp-block-heading\">Vaihe 2:<\/h3>\n\n\n\n<p>Laita sitten suuvett\u00e4 suuhun ja kurlaa useita kertoja vasemmalta oikealle ja sitten suun etuosaan. Lopuksi anna suuveden valua kielell\u00e4 varmistaen, ett\u00e4 suuvesi peitt\u00e4\u00e4 kaikki suun nurkat ja raot. Kurlausaika on yleens\u00e4 30 sekunnista 1 minuuttiin.<\/p>\n\n\n\n<h3 class=\"wp-block-heading\">Vaihe 3:<\/h3>\n\n\n\n<p>Sylje lopuksi suuvesi pois ja varo nielem\u00e4st\u00e4 sit\u00e4. Suosittelemme, ettet juo vett\u00e4 tai sy\u00f6 puoleen tuntiin kurlauksen j\u00e4lkeen, jotta suojakalvo muodostuu paremmin ja hengitys pysyy raikkaana.\u00a0<\/p>\n\n\n\n<p>Suuveden k\u00e4ytt\u00f6tiheys vaihtelee henkil\u00f6st\u00e4 toiseen. Sit\u00e4 voidaan yleens\u00e4 k\u00e4ytt\u00e4\u00e4 hampaiden harjauksen tai aterioiden j\u00e4lkeen. Jos k\u00e4yt\u00f6n aikana ilmenee ep\u00e4mukavuutta, lopeta k\u00e4ytt\u00f6 v\u00e4litt\u00f6m\u00e4sti ja ota yhteytt\u00e4 l\u00e4\u00e4k\u00e4riin. Suuvetemme on helppo kuljettaa mukana ja sit\u00e4 voi pit\u00e4\u00e4 kotona tai matkalla, mutta se tulee s\u00e4ilytt\u00e4\u00e4 viile\u00e4ss\u00e4 ja kuivassa paikassa.<\/p>\n\n\n\n<h2 class=\"wp-block-heading\">Sovellettava v\u00e4est\u00f6<\/h2>\n\n\n\n<p>Propolis-suuvetemme on turvallinen, hell\u00e4varainen ja \u00e4rsytt\u00e4m\u00e4t\u00f6n, ja se on v\u00e4ltt\u00e4m\u00e4t\u00f6n apu useimmille ihmisille, erityisesti niille, jotka k\u00e4rsiv\u00e4t suun tulehduksesta sek\u00e4 tupakoinnin, suun puhdistamatta j\u00e4tt\u00e4misen ja huonojen ruokailutottumusten aiheuttamasta pahanhajuisesta hengityksest\u00e4. Pakkaussuunnittelumme sopii my\u00f6s kannettavaksi milloin tahansa, ja se sopii k\u00e4ytett\u00e4v\u00e4ksi ty\u00f6matkoilla, matkoilla, deittailussa ja muissa sosiaalisissa tilaisuuksissa, raikastaa hengityst\u00e4 ja parantaa itseluottamusta. Raskaana olevien naisten, propolis-allergikkojen, imett\u00e4vien lasten ja muiden erityisryhmien on kuitenkin k\u00e4ytett\u00e4v\u00e4 sit\u00e4 l\u00e4\u00e4k\u00e4rin ohjauksessa.<\/p>\n\n\n\n<h2 class=\"wp-block-heading\">Johtop\u00e4\u00e4t\u00f6s<\/h2>\n\n\n\n<p>Suunhoito on pitk\u00e4aikainen prosessi, ja meid\u00e4n tulisi yhdist\u00e4\u00e4 erilaisia suun puhdistustapoja, kuten hammasharjat, hammaslanka, suuvesi jne., suun terveyden yll\u00e4pit\u00e4miseksi. Yhten\u00e4 suunhoidon apuv\u00e4lineen\u00e4 propolis-suuvetemme lis\u00e4\u00e4 puhdasta luonnollista propolista ja muita tavalliseen suuveteen perustuvia ainesosia. Sill\u00e4 on my\u00f6s hyv\u00e4 antibakteerinen ja tulehdusta est\u00e4v\u00e4 vaikutus miedon ja \u00e4rsytt\u00e4m\u00e4tt\u00f6m\u00e4n puhdistuksen yhteydess\u00e4, syv\u00e4puhdistuksen aikana, ehk\u00e4isten aktiivisesti suun sairauksia, parantaen suun immuniteettia ja raikastaen hengityksen. Sill\u00e4 ei ole vain monia hy\u00f6tyj\u00e4, vaan se toimii my\u00f6s useimmille ihmisille ja on luotettava valinta.<\/p>\n\n\n\n<p><\/p>","protected":false},"excerpt":{"rendered":"Recipe for Propolis Mouthwash 1. Propolis: As an important ingredient in propolis mouthwash, propolis is a natural extract with antibacterial and anti-inflammatory effects, which can promote tissue regeneration and oral health 2. Xylitol: It can promote saliva secretion, and reduce acidic substances, thereby reducing tooth erosion 3. Mint: It has a fresh and sweet aroma, [&hellip;]","protected":false},"featured_media":1043,"menu_order":0,"template":"","meta":[],"product-tag":[201,206,207,208,212,213,216],"products":[72],"class_list":["post-1042","product","type-product","status-publish","has-post-thumbnail","hentry","product-tag-mouthwash-manufacturer","product-tag-mouthwash-companies","product-tag-mouthwash-factory","product-tag-mouthwash-suppliers","product-tag-mouthwash-contract-manufacturer","product-tag-antiseptic-mouthwashes-manufacturer","product-tag-private-label-mouthwash-manufacturers","products-mouthwash"],"acf":[],"_links":{"self":[{"href":"https:\/\/www.ruiqigo.com\/fi\/wp-json\/wp\/v2\/product\/1042","targetHints":{"allow":["GET"]}}],"collection":[{"href":"https:\/\/www.ruiqigo.com\/fi\/wp-json\/wp\/v2\/product"}],"about":[{"href":"https:\/\/www.ruiqigo.com\/fi\/wp-json\/wp\/v2\/types\/product"}],"version-history":[{"count":0,"href":"https:\/\/www.ruiqigo.com\/fi\/wp-json\/wp\/v2\/product\/1042\/revisions"}],"wp:featuredmedia":[{"embeddable":true,"href":"https:\/\/www.ruiqigo.com\/fi\/wp-json\/wp\/v2\/media\/1043"}],"wp:attachment":[{"href":"https:\/\/www.ruiqigo.com\/fi\/wp-json\/wp\/v2\/media?parent=1042"}],"wp:term":[{"taxonomy":"product-tag","embeddable":true,"href":"https:\/\/www.ruiqigo.com\/fi\/wp-json\/wp\/v2\/product-tag?post=1042"},{"taxonomy":"products","embeddable":true,"href":"https:\/\/www.ruiqigo.com\/fi\/wp-json\/wp\/v2\/products?post=1042"}],"curies":[{"name":"wp","href":"https:\/\/api.w.org\/{rel}","templated":true}]}}