{"id":1074,"date":"2024-09-14T16:01:50","date_gmt":"2024-09-14T08:01:50","guid":{"rendered":"https:\/\/ruiqigo.com\/?post_type=product&#038;p=1074"},"modified":"2024-11-14T17:28:10","modified_gmt":"2024-11-14T09:28:10","slug":"rosemary-essential-oil","status":"publish","type":"product","link":"https:\/\/www.ruiqigo.com\/fi\/product\/rosemary-essential-oil","title":{"rendered":"Rosmariinin eteerinen \u00f6ljy"},"content":{"rendered":"<h2 class=\"wp-block-heading\">Rosmariinin eteerisen \u00f6ljyn valmistuksen yleiset kaavat<\/h2>\n\n\n\n<p>Rosmariinin eteerisen \u00f6ljyn tuotantoprosessissa valvomme tarkasti jokaista vaihetta varmistaaksemme aktiivisten ainesosien ja tuoksun pitoisuuden. Ammattitaitoiset hajuvesisuunnittelijat ohjaavat kaavaa. Kolmesta p\u00e4\u00e4ainesosasta jokainen on t\u00e4rke\u00e4 hiusten terveyden suojelemisessa:<\/p>\n\n\n\n<p>1. Rosmariini: Rosmariini on runsaasti antioksidantteja sis\u00e4lt\u00e4v\u00e4\u00e4, ja se voi tunkeutua hiuskerroksiin, korjata vaurioituneita hiuksia ja tehd\u00e4 hiuksista terveemm\u00e4t ja kiilt\u00e4v\u00e4mm\u00e4t. Lis\u00e4ksi rosmariinin vaikuttavat aineet voivat stimuloida p\u00e4\u00e4nahan verenkiertoa ja tarjota riitt\u00e4v\u00e4sti ravintoaineita hiustupeille, mik\u00e4 edist\u00e4\u00e4 hiusten kasvua. Lis\u00e4ksi rosmariinilla on tiettyj\u00e4 antibakteerisia vaikutuksia, jotka voivat v\u00e4hent\u00e4\u00e4 hilsett\u00e4 ja p\u00e4\u00e4nahan tulehdusta.<\/p>\n\n\n\n<p>2. Piparminttu: Piparmintulla on voimakas rauhoittava vaikutus ja se imeytyy nopeasti p\u00e4\u00e4nahkaan, tuoden rauhoittavan ja rentoutuneen tunteen, auttaen v\u00e4hent\u00e4m\u00e4\u00e4n p\u00e4\u00e4nahan kutinaa ja yll\u00e4pit\u00e4m\u00e4\u00e4n raikkaan olon. Samalla sen raikas tuoksu voi my\u00f6s virkist\u00e4\u00e4 mielt\u00e4, jotta voit rentoutua nopeasti. Lis\u00e4ksi piparmintun eteerinen \u00f6ljy voi my\u00f6s puhdistaa p\u00e4\u00e4nahan syv\u00e4lt\u00e4, poistaa ylim\u00e4\u00e4r\u00e4ist\u00e4 \u00f6ljy\u00e4 ja likaa sek\u00e4 s\u00e4\u00e4dell\u00e4 \u00f6ljytasapainoa.<\/p>\n\n\n\n<p>3. Laventeli: Laventelilla on rauhoittava vaikutus, joka auttaa lievitt\u00e4m\u00e4\u00e4n j\u00e4nnityst\u00e4, parantamaan unenlaatua ja hoitamaan hiusten terveytt\u00e4. Samalla sill\u00e4 on my\u00f6s tietty korjaava vaikutus, joka voi korjata vaurioituneita hiuksia, silottaa hiuksia ja tehd\u00e4 niist\u00e4 sile\u00e4mm\u00e4t ja kiilt\u00e4v\u00e4mm\u00e4t.<\/p>\n\n\n\n<h2 class=\"wp-block-heading\">Ominaisuudet<\/h2>\n\n\n\n<p>1. Luonnolliset ainesosat, puhtaat ja luonnolliset: Rosmariinin eteerinen \u00f6ljy on eritt\u00e4in puhdasta tislaustekniikalla uutettua tuotetta, ja siihen on huolellisesti lis\u00e4tty erilaisia luonnollisia ainesosia ravintoaineiden s\u00e4ilytt\u00e4miseksi ilman ep\u00e4puhtauksia, joten voit olla varma sen k\u00e4yt\u00f6st\u00e4.<\/p>\n\n\n\n<p>2. Useita vaikutuksia, kattava hoito: N\u00e4m\u00e4 luonnolliset ainesosat vaikuttavat jokaisella eri tavalla hiusten terveyden hoidon kaikilla osa-alueilla edist\u00e4en hiusten luonnollista kasvua ja tehden hiuksista vahvemmat ja kirkkaammat.<\/p>\n\n\n\n<p>3. Imeytyy helposti, ei rasvainen: Huolellisesti valitut eteeriset \u00f6ljymme tunkeutuvat nopeasti p\u00e4\u00e4nahkaan, imeytyv\u00e4t ja toimivat ilman rasvaista tunnetta.<\/p>\n\n\n\n<p>4. Raikas tuoksu, rauhoittava ja rentouttava: Mintun raikkaus ja rosmariinin ainutlaatuinen aromi voivat auttaa rauhoittamaan mielialaa, rentouttamaan kehoa ja mielt\u00e4 sek\u00e4 lievitt\u00e4m\u00e4\u00e4n stressi\u00e4.<\/p>\n\n\n\n<h2 class=\"wp-block-heading\">Rosmariinin eteerisen \u00f6ljyn hy\u00f6dyt<\/h2>\n\n\n\n<p>1. Ravitse hiuksia: Rosmariinin eteerinen \u00f6ljy voi tunkeutua hiuskerroksiin, antaa hiuksille tarvittavaa kosteutta ja ravintoa sek\u00e4 ravitsee p\u00e4\u00e4nahkaa. Pitk\u00e4aikainen k\u00e4ytt\u00f6 voi tehd\u00e4 hiuksista joustavammat, vahvemmat ja kiilt\u00e4v\u00e4mm\u00e4t.<\/p>\n\n\n\n<p>2. Hilseen ja kutinan hoitoon: Eteerisill\u00e4 \u00f6ljyill\u00e4mme on voimakas antibakteerinen ja tulehdusta est\u00e4v\u00e4 vaikutus, joka voi v\u00e4hent\u00e4\u00e4 p\u00e4\u00e4nahan kutinaa ja hilsett\u00e4 torjumalla bakteereja ja tulehdusta p\u00e4\u00e4nahassa. Samalla rosmariinin eteerinen \u00f6ljy voi rauhoittaa p\u00e4\u00e4nahkaa, mik\u00e4 tekee siit\u00e4 miellytt\u00e4v\u00e4mm\u00e4n ja edist\u00e4\u00e4 tervett\u00e4 kasvua.<\/p>\n\n\n\n<p>3. \u00d6ljynpoisto ja \u00f6ljynhallinta: eteerisen \u00f6ljyn piparminttuainesosa voi puhdistaa p\u00e4\u00e4nahan, poistaa \u00f6ljy\u00e4 ja likaa, pit\u00e4\u00e4 hiukset raikkaina ja vaatia sen k\u00e4ytt\u00f6\u00e4 \u00f6ljynpoiston ja \u00f6ljynhallinnan vaikutuksen saavuttamiseksi.<\/p>\n\n\n\n<p>4. Edist\u00e4\u00e4 kasvua: Rosmariinin eteerinen \u00f6ljy on runsaasti antioksidantteja, jotka voivat torjua vapaita radikaaleja edist\u00e4\u00e4kseen tervett\u00e4 hiusten kasvua. Se voi my\u00f6s stimuloida p\u00e4\u00e4nahan verenkiertoa ja tarjota enemm\u00e4n happea ja ravinteita hiustupeille, mik\u00e4 edist\u00e4\u00e4 hiusten kasvua.<\/p>\n\n\n\n<p>5. Lievitt\u00e4\u00e4 ahdistusta: Laventelin ainesosat auttavat rauhoittamaan ja masennusta ehk\u00e4isev\u00e4sti, voivat lievitt\u00e4\u00e4 ahdistunutta mielialaa, poistaa h\u00e4iri\u00f6tekij\u00f6it\u00e4, antaa ihmisten rentoutua ja rauhoittua nopeasti ja edist\u00e4v\u00e4t henkisen pahoinvoinnin paranemista. Samalla rosmariinin ainutlaatuinen tuoksu voi virkist\u00e4\u00e4 mielt\u00e4 ja auttaa parantamaan muistia ja keskittymiskyky\u00e4.<\/p>\n\n\n\n<p>6. Kivunlievitys: Rosmariinin tulehdusta est\u00e4v\u00e4t ominaisuudet voivat v\u00e4hent\u00e4\u00e4 kudostulehduksen esiintymist\u00e4, mik\u00e4 voi lievitt\u00e4\u00e4 niveltulehduksen, ekseeman ja muiden sairauksien aiheuttamaa kipua ja turvotusta. Rosmariinin eteerinen \u00f6ljy voi siis auttaa t\u00e4m\u00e4n tyyppisten sairauksien hoidossa.<\/p>\n\n\n\n<p>7. Hyv\u00e4 ruoansulatus: Rosmariini voi edist\u00e4\u00e4 sappinesteen tuotantoa, mik\u00e4 puolestaan parantaa ruoansulatusj\u00e4rjestelm\u00e4\u00e4 ja stimuloi ruokahalua. Rosmariinin eteerisen \u00f6ljyn k\u00e4ytt\u00f6 voi siis auttaa lievitt\u00e4m\u00e4\u00e4n oireita, kuten vatsavaivoja ja ruoansulatush\u00e4iri\u00f6it\u00e4.<\/p>\n\n\n\n<h2 class=\"wp-block-heading\">Kuinka k\u00e4ytt\u00e4\u00e4 rosmariinin eteerist\u00e4 \u00f6ljy\u00e4 hiuksiin?<\/h2>\n\n\n\n<p>Ammattimaisena rosmariinin eteerisen \u00f6ljyn valmistajana rosmariinin eteerisen \u00f6ljyn korkeampi pitoisuus tekee suositukseksi sekoittaa sit\u00e4 muihin perus\u00f6ljyihin eteerisen \u00f6ljyn laimentamiseksi, jotta p\u00e4\u00e4nahka ei \u00e4rsyty. Voit valita mieleisesi perus\u00f6ljyn ja sekoittaa sen suhteessa 1:100 varmistaen, ett\u00e4 pitoisuus ei ylit\u00e4 3%:t\u00e4. Innovatiivisena rosmariinin eteerisen \u00f6ljyn valmistajana merkitsemme tuotantoprosessissa asiaankuuluvat k\u00e4ytt\u00f6ohjeet tuotepakkaukseen. Luethan ne huolellisesti ennen k\u00e4ytt\u00f6\u00e4.<\/p>\n\n\n\n<p>1. Ennen shampoopesua: Kampaa hiukset ennen shampoopesua. Voit kaataa valmiiksi valmistettua eteerist\u00e4 \u00f6ljy\u00e4 k\u00e4mmenelle hieroaksesi ja l\u00e4mmitt\u00e4\u00e4ksesi sit\u00e4, hieroa sitten hell\u00e4varaisesti p\u00e4\u00e4nahkaan ja hieroa sormella ja vatsalla noin 5 minuuttia. Anna vaikuttaa 30 minuuttia hieronnan j\u00e4lkeen ja pese hiuksesi. T\u00e4m\u00e4 auttaa parantamaan verenkiertoa, rentouttamaan p\u00e4\u00e4nahkaa ja edist\u00e4m\u00e4\u00e4n hiusten kasvua.<\/p>\n\n\n\n<p>2. Shampoopesu: Voit lis\u00e4t\u00e4 muutaman tipan rosmariinin eteerist\u00e4 \u00f6ljy\u00e4 shampooseen, sekoittaa hyvin ja pest\u00e4 hiuksesi normaalin shampoopesun ohjeiden mukaisesti. Jos hiukset ovat rasvoittuvat tai pitk\u00e4t, voit pest\u00e4 ne useita kertoja. T\u00e4m\u00e4 varmistaa puhtauden, mutta auttaa my\u00f6s pit\u00e4m\u00e4\u00e4n hiukset raikkaina, hallitsemaan \u00f6ljytasapainoa ja stimuloimaan hiusten kasvua.<\/p>\n\n\n\n<p>3. Shampoopesun j\u00e4lkeen: Sekoita rosmariinin eteerinen \u00f6ljy ja hoitoaine shampoopesun j\u00e4lkeen suhteessa ja levit\u00e4 tasaisesti hiusten latvoihin, erityisesti niihin, jotka kuivuvat helposti ja haarautuvat. Hiero hell\u00e4varaisesti, kunnes imeytyy, ja pese sitten l\u00e4mpim\u00e4ll\u00e4 vedell\u00e4. T\u00e4m\u00e4 prosessi tekee hiuksista silkkisemm\u00e4t ja kiilt\u00e4v\u00e4mm\u00e4t. Pitk\u00e4aikainen k\u00e4ytt\u00f6 edist\u00e4\u00e4 hiusten ravitsemista, jolloin hiukset saavat riitt\u00e4v\u00e4sti kosteutta, eiv\u00e4tk\u00e4 ole en\u00e4\u00e4 kuivat ja niist\u00e4 tulee vahvemmat ja terveemm\u00e4t.<\/p>\n\n\n\n<h2 class=\"wp-block-heading\">Varoitus<\/h2>\n\n\n\n<p>1. Laimentaessasi varmista, ett\u00e4 valittu perus\u00f6ljy on puhdasta ja sopii ihotyypillesi.<\/p>\n\n\n\n<p>2. Allergiatesti on suositeltavaa ennen rosmariinin eteerisen \u00f6ljyn k\u00e4ytt\u00f6\u00e4.<\/p>\n\n\n\n<p>3. Jos k\u00e4yt\u00f6n aikana ilmenee ep\u00e4mukavuutta, laite on v\u00e4litt\u00f6m\u00e4sti lopetettava ja puhdistettava vedell\u00e4.<\/p>\n\n\n\n<p>4. Raskaana olevat naiset ja lapset ovat herkempi\u00e4 eteerisille \u00f6ljyille ja niit\u00e4 tulee k\u00e4ytt\u00e4\u00e4 varoen.<\/p>\n\n\n\n<p>5. Rosmariinin eteerinen \u00f6ljy tulee s\u00e4ilytt\u00e4\u00e4 viile\u00e4ss\u00e4, kuivassa paikassa, poissa suorasta auringonvalosta.<\/p>\n\n\n\n<p>6. Liiallinen k\u00e4ytt\u00f6 voi aiheuttaa sivuvaikutuksia, joten liiallista k\u00e4ytt\u00f6\u00e4 ja usein toistuvaa k\u00e4ytt\u00f6\u00e4 tulee v\u00e4ltt\u00e4\u00e4.<\/p>\n\n\n\n<h2 class=\"wp-block-heading\">Johtop\u00e4\u00e4t\u00f6s<\/h2>\n\n\n\n<p>Rosmariinin eteerinen \u00f6ljy, jolla on ominaisuuksia ravitsevien hiusten, kasvun edist\u00e4miseksi sek\u00e4 kivun ja ahdistuksen lievitt\u00e4miseksi, on laajalti k\u00e4yt\u00f6ss\u00e4 ihmisill\u00e4, joilla on erilaisia hius- ja p\u00e4\u00e4nahkaongelmia, mutta on huomattava, ett\u00e4 raskaana olevien naisten ja lasten sek\u00e4 herkk\u00e4ihoisten tulisi k\u00e4\u00e4nty\u00e4 l\u00e4\u00e4k\u00e4rin puoleen. Ammattimaisena rosmariinin eteerisen \u00f6ljyn valmistajana rosmariinin eteerinen \u00f6ljymme valmistetaan tiukasti tuotantoprosessin mukaisesti, useiden laatutestien avulla tuotteen turvallisuuden ja vakauden varmistamiseksi. Se on saanut joitakin kansainv\u00e4lisi\u00e4 turvallisuussertifikaatteja ja on luotettava tuote.<\/p>\n\n\n\n<p><\/p>","protected":false},"excerpt":{"rendered":"Rosemary Essential Oil Manufacturing Common Formulas In the production process of rosemary essential oil, we strictly control every step to ensure the concentration of active ingredients and fragrance, and have professional perfumers to guide the formula, among which there are three main ingredients each plays an important role in protecting the health of hair: 1. [&hellip;]","protected":false},"featured_media":1075,"menu_order":0,"template":"","meta":[],"product-tag":[],"products":[49,53],"class_list":["post-1074","product","type-product","status-publish","has-post-thumbnail","hentry","products-hair-care","products-essential-oil"],"acf":[],"_links":{"self":[{"href":"https:\/\/www.ruiqigo.com\/fi\/wp-json\/wp\/v2\/product\/1074","targetHints":{"allow":["GET"]}}],"collection":[{"href":"https:\/\/www.ruiqigo.com\/fi\/wp-json\/wp\/v2\/product"}],"about":[{"href":"https:\/\/www.ruiqigo.com\/fi\/wp-json\/wp\/v2\/types\/product"}],"version-history":[{"count":0,"href":"https:\/\/www.ruiqigo.com\/fi\/wp-json\/wp\/v2\/product\/1074\/revisions"}],"wp:featuredmedia":[{"embeddable":true,"href":"https:\/\/www.ruiqigo.com\/fi\/wp-json\/wp\/v2\/media\/1075"}],"wp:attachment":[{"href":"https:\/\/www.ruiqigo.com\/fi\/wp-json\/wp\/v2\/media?parent=1074"}],"wp:term":[{"taxonomy":"product-tag","embeddable":true,"href":"https:\/\/www.ruiqigo.com\/fi\/wp-json\/wp\/v2\/product-tag?post=1074"},{"taxonomy":"products","embeddable":true,"href":"https:\/\/www.ruiqigo.com\/fi\/wp-json\/wp\/v2\/products?post=1074"}],"curies":[{"name":"wp","href":"https:\/\/api.w.org\/{rel}","templated":true}]}}