{"id":1080,"date":"2024-09-14T14:55:04","date_gmt":"2024-09-14T06:55:04","guid":{"rendered":"https:\/\/ruiqigo.com\/?post_type=product&#038;p=1080"},"modified":"2024-11-14T22:16:48","modified_gmt":"2024-11-14T14:16:48","slug":"batana-oil","status":"publish","type":"product","link":"https:\/\/www.ruiqigo.com\/fi\/product\/batana-oil","title":{"rendered":"Batana \u00f6ljy\u00a0"},"content":{"rendered":"<h2 class=\"wp-block-heading\">Kuinka laatia Batana Oil -hiustenhoitosarja<\/h2>\n\n\n\n<p>Johtavana Batana-\u00f6ljyn valmistajana Batana-\u00f6ljyll\u00e4 on merkitt\u00e4v\u00e4 vaikutus hiustenhoitoon sen t\u00e4rkeiden ravintoaineiden ansiosta, jotka ravitsevat hiuksia, parantavat hiusten kest\u00e4vyytt\u00e4, hidastavat ik\u00e4\u00e4ntymist\u00e4 ja hoitavat hiusten terveytt\u00e4.<\/p>\n\n\n\n<p>Rasvahapot: Rasvahapot voivat ravita hiuksia syv\u00e4lt\u00e4 tehden niist\u00e4 terveemm\u00e4t ja kiilt\u00e4v\u00e4mm\u00e4t. Lis\u00e4ksi rasvahapot voivat parantaa hiusten kimmoisuutta ja sitkeytt\u00e4 sek\u00e4 v\u00e4hent\u00e4\u00e4 katkeilua.<\/p>\n\n\n\n<p>E-vitamiini: E-vitamiini on luonnollinen antioksidantti, jolla on tietty korjaava vaikutus, joka voi parantaa vaurioituneita hiuksia ja v\u00e4hent\u00e4\u00e4 hiusten katkeilua ja halkeilua. E-vitamiini voi my\u00f6s edist\u00e4\u00e4 verenkiertoa p\u00e4\u00e4nahassa, mik\u00e4 antaa hiuksille enemm\u00e4n ravinteita ja edist\u00e4\u00e4 niiden kasvua.<\/p>\n\n\n\n<p>Antioksidantit: Antioksidantit voivat taistella vapaita radikaaleja vastaan hidastaen hiusten ja p\u00e4\u00e4nahan hapettumisprosessia, auttaa hidastamaan hiusten ik\u00e4\u00e4ntymisprosessia ja suojaamaan hiuksia UV-s\u00e4teilt\u00e4, mik\u00e4 tekee hiuksista kirkkaammat ja terveemm\u00e4t.<\/p>\n\n\n\n<h2 class=\"wp-block-heading\">Ominaisuudet<\/h2>\n\n\n\n<p>1. Luonnollinen ja saasteeton: Batana-eteerinen \u00f6ljymme uutetaan lis\u00e4\u00e4m\u00e4tt\u00e4 muita kemiallisia komponentteja tuotantoprosessin aikana. Ainesosat ovat puhtaita, eiv\u00e4t sis\u00e4ll\u00e4 \u00e4rsytt\u00e4vi\u00e4 ainesosia ja niit\u00e4 voidaan k\u00e4ytt\u00e4\u00e4 turvallisesti.<\/p>\n\n\n\n<p>2. Helppo imeyty\u00e4: Verrattuna tavallisiin hiustenhoitotuotteiden eteerisiin \u00f6ljyihin, Batana-eteeriset \u00f6ljymme imeytyv\u00e4t nopeammin ja paremmin, eiv\u00e4tk\u00e4 ne ole rasvaisia, joten k\u00e4ytt\u00f6kokemus on miellytt\u00e4v\u00e4mpi ja niit\u00e4 voidaan k\u00e4ytt\u00e4\u00e4 muiden tuotteiden kanssa, eiv\u00e4tk\u00e4 ne ole raskaita.<\/p>\n\n\n\n<p>3. Koko iholle: Batana\u00f6ljyn ravitsevat, kosteuttavat ja helposti imeytyv\u00e4t ominaisuudet osoittavat my\u00f6s, ett\u00e4 se sopii useille hiustyypeille. Se ei ainoastaan kosteutta tehokkaasti kuivia hiuksia ja saavuta kosteuttavaa vaikutusta, vaan my\u00f6s tasapainottaa \u00f6ljyn erityst\u00e4 ja v\u00e4hent\u00e4\u00e4 rasvoittuvien hiusten rasvaista tunnetta. Sekahiuksille se voi tietenkin parantaa hiusten yleist\u00e4 terveytt\u00e4 ja on ostamisen arvoinen vaihtoehto.<\/p>\n\n\n\n<h2 class=\"wp-block-heading\">Batana\u00f6ljyn hy\u00f6dyt<\/h2>\n\n\n\n<p>1. Syv\u00e4ravitseva ja kosteuttava: Batanan eteerinen \u00f6ljy voi tunkeutua syv\u00e4lle p\u00e4\u00e4nahkaan, pehment\u00e4\u00e4 ja rauhoittaa sit\u00e4 sek\u00e4 ravitsee ja kosteuttaa hiuksia. T\u00e4m\u00e4 on hyv\u00e4 hiustenhoito\u00f6ljy kuiville ja vaurioituneille hiuksille, sill\u00e4 se voi parantaa hiusten laatua ja poistaa kuivien hiusten ongelmat.<\/p>\n\n\n\n<p>2. Luonnollinen kiilto: Batana\u00f6ljy ei ainoastaan silota hiuksia, vaan my\u00f6s palauttaa niiden kiillon. Tekee hiuksista sile\u00e4mm\u00e4t ja parantaa niiden yleisilmett\u00e4.<\/p>\n\n\n\n<p>3. Korjaa vaurioita: Batana\u00f6ljyn antioksidanttiaineet voivat korjata vaurioituneita hiuksia syv\u00e4lt\u00e4 v\u00e4hent\u00e4en siten hiusten katkeilua ja halkeilua. My\u00f6s usein toistuvan silityksen ja v\u00e4rj\u00e4yksen aiheuttamat vauriot ja vakava kaksihaaraisuus voivat olla oikea l\u00e4\u00e4ke. Pitk\u00e4aikainen k\u00e4ytt\u00f6 voi parantaa hiusten sitkeytt\u00e4, jolloin hiukset ovat terveemm\u00e4t eiv\u00e4tk\u00e4 helposti halkeile ja katkeile.<\/p>\n\n\n\n<p>4. Edist\u00e4 kasvua: Tarkkuusvalmistajana terve p\u00e4\u00e4nahka edist\u00e4\u00e4 hiusten kasvua, ja Batana-eteerisen \u00f6ljyn tarjoamat ravintoaineet voivat edist\u00e4\u00e4 p\u00e4\u00e4nahan terveytt\u00e4 ja tarjota hyv\u00e4n kasvuymp\u00e4rist\u00f6n hiustuppille. Batana-\u00f6ljyn hierominen p\u00e4\u00e4nahkaan stimuloi verenkiertoa ja edist\u00e4\u00e4 hiusten yleist\u00e4 terveytt\u00e4, mik\u00e4 v\u00e4hent\u00e4\u00e4 hiustenl\u00e4ht\u00f6\u00e4 ja katkeilua ja auttaa hiuksia kasvamaan luonnollisesti.<\/p>\n\n\n\n<p>5. Ihon rauhoittaminen: Hiustenhoidon lis\u00e4ksi Batanaa voidaan k\u00e4ytt\u00e4\u00e4 my\u00f6s muihin tarkoituksiin, kuten ep\u00e4tasaisen ihon s\u00e4vyn parantamiseen, ihon kosteuttamiseen, ihon ik\u00e4\u00e4ntymisen hidastamiseen ja muihin vaikutuksiin. Pitk\u00e4aikaisessa k\u00e4yt\u00f6ss\u00e4 huomaat muutoksia ihossa.<\/p>\n\n\n\n<h2 class=\"wp-block-heading\">Kuinka k\u00e4ytt\u00e4\u00e4 Batana-\u00f6ljy\u00e4 hiuksiin?<\/h2>\n\n\n\n<p>Ammattimaisena Batana-\u00f6ljyn valmistajana t\u00e4ss\u00e4 on monia tapoja k\u00e4ytt\u00e4\u00e4 Batana-\u00f6ljy\u00e4, ja voit valita yhden tai useamman, jotka sopivat sinulle parhaiten hiustyyppisi perusteella:<\/p>\n\n\n\n<p>1. Ennen shampoopesua: Ota sopiva m\u00e4\u00e4r\u00e4 eteerist\u00e4 \u00f6ljy\u00e4 ja hiero sit\u00e4 k\u00e4mmenell\u00e4si l\u00e4mmitt\u00e4\u00e4ksesi sit\u00e4. Hiero kuuma eteerinen \u00f6ljy p\u00e4\u00e4nahkaan ja hiuksiin, erityisesti kuiviin ja vaurioituneisiin osiin, ja kiinnit\u00e4 sitten hiukset suihkumyssyll\u00e4 tai muovikelmulla. Odota puoli tuntia ennen pesua tai seuraavana aamuna. T\u00e4m\u00e4 prosessi auttaa Batanan eteerist\u00e4 \u00f6ljy\u00e4 tunkeutumaan syvemm\u00e4lle hiussuoriin, emulgoimaan \u00f6ljyj\u00e4 ja likaa sek\u00e4 ravitsemaan p\u00e4\u00e4nahkaa.<\/p>\n\n\n\n<p>2. Shampoopesun aikana: Voit hieroa pienen m\u00e4\u00e4r\u00e4n eteerist\u00e4 \u00f6ljy\u00e4 p\u00e4\u00e4nahkaan ja hiuksiin shampoopesun aikana. Voit my\u00f6s sekoittaa sit\u00e4 shampooseen tai hoitoaineeseen. Koko p\u00e4\u00e4nahan peitt\u00e4minen eteerisell\u00e4 \u00f6ljyll\u00e4 ja sen hell\u00e4varainen hierominen 3\u20135 minuutin ajan puhdistaa ja rentouttaa p\u00e4\u00e4nahkaa, edist\u00e4\u00e4 verenkiertoa ja siten stimuloi hiustuppeja. Hieronnan j\u00e4lkeen huuhtele vedell\u00e4. T\u00e4m\u00e4 auttaa eteerist\u00e4 \u00f6ljy\u00e4 ravitsemaan hiuksia paremmin ja tekem\u00e4\u00e4n niist\u00e4 sile\u00e4mm\u00e4t ja kiilt\u00e4v\u00e4mm\u00e4t.<\/p>\n\n\n\n<p>3. Shampoopesun ja hiustenpesun j\u00e4lkeen kuivaa vesi pyyhkeell\u00e4 ja pid\u00e4 sit\u00e4 hieman kosteana. Ota sitten sopiva m\u00e4\u00e4r\u00e4 eteerist\u00e4 \u00f6ljy\u00e4, hiero sit\u00e4 ja l\u00e4mmit\u00e4 sit\u00e4 ja levit\u00e4 hiuksiin, erityisesti niihin latvoihin, jotka helposti haarautuvat. Levitt\u00e4misen j\u00e4lkeen anna hiusten kuivua itsekseen tai f\u00f6\u00f6naa ne varoen kuumentamasta niit\u00e4 liikaa. N\u00e4in hiuksesi ovat kosteutettuja ja suojattuja.<\/p>\n\n\n\n<h2 class=\"wp-block-heading\">Varoitus<\/h2>\n\n\n\n<p>1. Ensimm\u00e4isell\u00e4 k\u00e4ytt\u00f6kerralla on suositeltavaa tehd\u00e4 ihotesti allergioiden ehk\u00e4isemiseksi<\/p>\n\n\n\n<p>2. On suositeltavaa, ett\u00e4 lapset k\u00e4ytt\u00e4v\u00e4t laitetta vanhempiensa valvonnassa<\/p>\n\n\n\n<p>3. Jos ainetta joutuu silmiin k\u00e4yt\u00f6n aikana, huuhtele v\u00e4litt\u00f6m\u00e4sti puhtaalla vedell\u00e4<\/p>\n\n\n\n<p>4. S\u00e4ilyt\u00e4 viile\u00e4ss\u00e4 ja kuivassa paikassa, poissa suorasta auringonvalosta<\/p>\n\n\n\n<p>5. Hienojen hiusten k\u00e4ytt\u00f6tiheyden ei tulisi olla liian korkea<\/p>\n\n\n\n<h2 class=\"wp-block-heading\">Johtop\u00e4\u00e4t\u00f6s<\/h2>\n\n\n\n<p>Batanan eteerinen \u00f6ljy on monipuolinen, hell\u00e4varainen ja \u00e4rsytt\u00e4m\u00e4t\u00f6n monille eri hiustyypeille. Tehokkaat ratkaisut kuiviin, kaksihaaraisiin, hiustenl\u00e4ht\u00f6\u00f6n jne. ovat t\u00e4rke\u00e4ss\u00e4 roolissa hiustenhoidossamme. Erinomaisena Batana-\u00f6ljyn valmistajana meill\u00e4 on useita kerroksia valintaprosessien ansiosta, jotka takaavat korkealaatuiset ja luonnolliset raaka-aineet. Lis\u00e4ksi Batanan eteerinen \u00f6ljy on luotettava tuote useiden valmistusprosessien ansiosta.<\/p>\n\n\n\n<p><\/p>","protected":false},"excerpt":{"rendered":"How To Formulate A Batana Oil Hair Care Line As a leading Batana Oil manufacturer, Batana oil has a significant effect on hair care thanks to its key nutrients, which nourish hair, enhance hair toughness, delay aging, and care for your hair health. Fatty acids: Fatty acids can deeply nourish hair, making hair more healthy [&hellip;]","protected":false},"featured_media":1081,"menu_order":0,"template":"","meta":[],"product-tag":[],"products":[49,53],"class_list":["post-1080","product","type-product","status-publish","has-post-thumbnail","hentry","products-hair-care","products-essential-oil"],"acf":[],"_links":{"self":[{"href":"https:\/\/www.ruiqigo.com\/fi\/wp-json\/wp\/v2\/product\/1080","targetHints":{"allow":["GET"]}}],"collection":[{"href":"https:\/\/www.ruiqigo.com\/fi\/wp-json\/wp\/v2\/product"}],"about":[{"href":"https:\/\/www.ruiqigo.com\/fi\/wp-json\/wp\/v2\/types\/product"}],"version-history":[{"count":0,"href":"https:\/\/www.ruiqigo.com\/fi\/wp-json\/wp\/v2\/product\/1080\/revisions"}],"wp:featuredmedia":[{"embeddable":true,"href":"https:\/\/www.ruiqigo.com\/fi\/wp-json\/wp\/v2\/media\/1081"}],"wp:attachment":[{"href":"https:\/\/www.ruiqigo.com\/fi\/wp-json\/wp\/v2\/media?parent=1080"}],"wp:term":[{"taxonomy":"product-tag","embeddable":true,"href":"https:\/\/www.ruiqigo.com\/fi\/wp-json\/wp\/v2\/product-tag?post=1080"},{"taxonomy":"products","embeddable":true,"href":"https:\/\/www.ruiqigo.com\/fi\/wp-json\/wp\/v2\/products?post=1080"}],"curies":[{"name":"wp","href":"https:\/\/api.w.org\/{rel}","templated":true}]}}