{"id":1101,"date":"2024-09-20T13:55:29","date_gmt":"2024-09-20T05:55:29","guid":{"rendered":"https:\/\/ruiqigo.com\/?post_type=product&#038;p=1101"},"modified":"2024-09-20T13:55:29","modified_gmt":"2024-09-20T05:55:29","slug":"minoxidil-hair-growth-solution","status":"publish","type":"product","link":"https:\/\/www.ruiqigo.com\/fi\/product\/minoxidil-hair-growth-solution","title":{"rendered":"Minoksidiili hiustenkasvuliuos"},"content":{"rendered":"<h2 class=\"wp-block-heading\">Minoksidiilihiusten kasvunesteen valmistuksen yleiset kaavat<\/h2>\n\n\n\n<p>Tuotantoprosessiimme kuuluu p\u00e4\u00e4asiassa raaka-aineiden valmistelu, reaktiosynteesi, puhdistus, valmistus ja t\u00e4ytt\u00f6. Laadunvalvonta k\u00e4y l\u00e4pi koko prosessin sen varmistamiseksi, ett\u00e4 tuotteen laatu t\u00e4ytt\u00e4\u00e4 asiaankuuluvat standardit ja vaatimukset. P\u00e4\u00e4reseptit ovat:<\/p>\n\n\n\n<p>1. Minoksidiili: Ydinaktiivinen ainesosa voi laajentaa verisuonia, edist\u00e4\u00e4 verenkiertoa, tarjota hiuksille enemm\u00e4n happea ja ravinteita sek\u00e4 stimuloida hiusten kasvua.<\/p>\n\n\n\n<p>2. Propyleeniglykoli: liuottimena sill\u00e4 on p\u00e4\u00e4asiassa rooli liuottamisessa ja korroosionestossa, ja sill\u00e4 on my\u00f6s kosteuttava vaikutus ihoon.<\/p>\n\n\n\n<p>3. Etanoli: Lis\u00e4vaikutus, joka auttaa minoksidiilia liukenemaan ja pysym\u00e4\u00e4n vakaana.<\/p>\n\n\n\n<p>4. Glyseriini: kosteuttajana se voi lis\u00e4t\u00e4 tuotteen mukavuutta.<\/p>\n\n\n\n<p>5. Puhdas vesi: laimennus<\/p>\n\n\n\n<h2 class=\"wp-block-heading\">Minoksidiilin hiustenkasvuratkaisun edut<\/h2>\n\n\n\n<p>1. Edist\u00e4 hiusten kasvua: Minoksidiilihiustenkasvuliuos voi stimuloida hiustuppien solujen lis\u00e4\u00e4ntymist\u00e4 ja erilaistumista, mik\u00e4 edist\u00e4\u00e4 hiusten kasvua ja auttaa palauttamaan vaurioituneiden hiustuppien toiminnan.<\/p>\n\n\n\n<p>2. Paranna p\u00e4\u00e4nahan ymp\u00e4rist\u00f6\u00e4: Minoksidiili-hiustenkasvuliuos edist\u00e4\u00e4 verenkiertoa laajentamalla verisuonia, mik\u00e4 tuo enemm\u00e4n happea ja ravinteita hiustuppiin. Pitk\u00e4aikainen k\u00e4ytt\u00f6 voi parantaa p\u00e4\u00e4nahan ymp\u00e4rist\u00f6\u00e4.<\/p>\n\n\n\n<p>3. Paranna hiustenl\u00e4ht\u00f6\u00e4: Minoksidiilihiustenkasvuliuos voi v\u00e4hent\u00e4\u00e4 hiustenl\u00e4ht\u00f6\u00e4, erityisesti androgeenista ja seborrooista alopesiasta k\u00e4rsivill\u00e4 ihmisill\u00e4.<\/p>\n\n\n\n<p>4. Lis\u00e4\u00e4 hiusten paksuutta ja tiheytt\u00e4: Tuotteidemme pitk\u00e4aikainen k\u00e4ytt\u00f6 voi paitsi v\u00e4hent\u00e4\u00e4 hiustenl\u00e4ht\u00f6\u00e4 ja edist\u00e4\u00e4 hiusten kasvua, my\u00f6s hiukset imev\u00e4t jatkuvasti ravinteita, mik\u00e4 tekee niist\u00e4 terveempi\u00e4 ja paksumpia.<\/p>\n\n\n\n<p>5. Pidenn\u00e4 lepotilassa olevaa hiusnyssyklin aikaa: Minoksidiili-hiustenkasvuliuos voi s\u00e4\u00e4dell\u00e4 hiusnyssylien kasvusykli\u00e4 siten, ett\u00e4 lepotilassa olevat hiusnyssyleet siirtyv\u00e4t kasvuvaiheeseen etuk\u00e4teen, mik\u00e4 pident\u00e4\u00e4 hiusten elinkaarta.<\/p>\n\n\n\n<p>6. Korjaa p\u00e4\u00e4nahan suojamuuria: Minoksidiililla on my\u00f6s tulehdusta est\u00e4vi\u00e4 vaikutuksia, ja p\u00e4\u00e4nahan tulehdus yleens\u00e4 vahingoittaa suojamuuria, joten pitk\u00e4aikainen k\u00e4ytt\u00f6 voi auttaa v\u00e4hent\u00e4m\u00e4\u00e4n n\u00e4it\u00e4 vaurioita ja edist\u00e4m\u00e4\u00e4n p\u00e4\u00e4nahan suojamuuria.<\/p>\n\n\n\n<h2 class=\"wp-block-heading\">Kuinka k\u00e4ytt\u00e4\u00e4 minoksidiilihiusten kasvua edist\u00e4v\u00e4\u00e4 liuosta?<\/h2>\n\n\n\n<p>1. Puhdista p\u00e4\u00e4nahka: Ennen minoksidiilihiustenkasvuliuoksen k\u00e4ytt\u00f6\u00e4 varmista, ett\u00e4 p\u00e4\u00e4nahka on puhdas ja kuiva, jotta l\u00e4\u00e4ke imeytyy paremmin.<\/p>\n\n\n\n<p>2. Levit\u00e4 tai suihkuta: hiukset voidaan jakaa nelj\u00e4\u00e4n osaan ja levitt\u00e4\u00e4 sitten kasvuliuos tasaisesti hiustenl\u00e4ht\u00f6alueelle tai suihkuta suutinta p\u00e4\u00e4nahkaa vasten varmistaaksesi, ett\u00e4 neste peittyy tasaisesti p\u00e4\u00e4nahkaan, ja hiero sitten varovasti sormenvatsalla 3\u20135 minuuttia, kunnes se on t\u00e4ysin imeytynyt.<\/p>\n\n\n\n<p>3. Pese k\u00e4det heti hieronnan j\u00e4lkeen, jotta et koske muihin nesteen osiin. \u00c4l\u00e4 my\u00f6sk\u00e4\u00e4n pese hiuksiasi heti levitt\u00e4misen j\u00e4lkeen, on suositeltavaa odottaa yli tunti ja k\u00e4ytt\u00e4\u00e4 tuotetta kerran aamuin illoin.<\/p>\n\n\n\n<h2 class=\"wp-block-heading\">Varoitus<\/h2>\n\n\n\n<p>1. V\u00e4lt\u00e4 sekoittamista muiden l\u00e4\u00e4kkeiden kanssa. T\u00e4t\u00e4 tuotetta k\u00e4ytett\u00e4ess\u00e4 sinun tulee keskustella l\u00e4\u00e4k\u00e4risi kanssa siit\u00e4, voidaanko muita l\u00e4\u00e4kkeit\u00e4 sekoittaa Minoxidil-hiustenkasvuliuostuotteiden kanssa.<\/p>\n\n\n\n<p>2. Raskaana olevien naisten, lasten, imett\u00e4vien naisten ja syd\u00e4nsairauksia sairastavien tai aiemmin syd\u00e4nsairauksia sairastavien potilaiden k\u00e4yt\u00f6ss\u00e4 on noudatettava varovaisuutta l\u00e4\u00e4k\u00e4rin ohjauksessa.<\/p>\n\n\n\n<p>3. Allergiatesti on suositeltavaa ennen minoksidiilihiustenkasvuliuoksen k\u00e4ytt\u00f6\u00e4.<\/p>\n\n\n\n<p>4. T\u00e4m\u00e4n tuotteen k\u00e4ytt\u00f6jakso on yleens\u00e4 4 kuukautta. Jos lopetat sen k\u00e4yt\u00f6n t\u00e4n\u00e4 aikana, hiustenl\u00e4ht\u00f6 voi alkaa uudelleen ja hiukset voivat irrota nopeammin.<\/p>\n\n\n\n<p>5. T\u00e4m\u00e4 tuote sopii useimmille ihmisille, 18\u201340-vuotiaille hoitovaikutus on paras.<\/p>\n\n\n\n<p>6. T\u00e4m\u00e4 tuote sopii hiustenl\u00e4hd\u00f6n varhaiseen ja keskivaiheeseen, kirkkaan hiustenl\u00e4ht\u00f6alueen hoitoon ja muihin tilanteisiin, mutta muista noudattaa l\u00e4\u00e4k\u00e4rin neuvoja ennen k\u00e4ytt\u00f6\u00e4.<\/p>\n\n\n\n<p>7. T\u00e4m\u00e4n tuotteen k\u00e4yt\u00f6n j\u00e4lkeen iho on herkempi auringolle, joten kiinnit\u00e4 huomiota aurinkosuojaan.<\/p>\n\n\n\n<p>7. Jos k\u00e4yt\u00f6n aikana ilmenee ep\u00e4mukavuutta, lopeta k\u00e4ytt\u00f6 v\u00e4litt\u00f6m\u00e4sti ja puhdista vedell\u00e4.<\/p>\n\n\n\n<p>8. Minoksidiili-hiusliuos tulee s\u00e4ilytt\u00e4\u00e4 viile\u00e4ss\u00e4 ja kuivassa paikassa, poissa suorasta auringonvalosta.<\/p>\n\n\n\n<h2 class=\"wp-block-heading\">Johtop\u00e4\u00e4t\u00f6s<\/h2>\n\n\n\n<p>Minoksidiili-hiustenkasvuliuos on hiustenl\u00e4hd\u00f6st\u00e4 ja -l\u00e4hd\u00f6st\u00e4, erityisesti androgeenisesta alopesiasta, k\u00e4rsivien suosiossa, koska se parantaa hiustenl\u00e4ht\u00f6\u00e4, laajentaa hiustuppeja, edist\u00e4\u00e4 kasvua ja korjaa hiustenl\u00e4ht\u00f6nestotekij\u00f6it\u00e4. Tehtaamme parantaa olemassa olevia koostumuksia ja jatkuvasti tuotteiden helppok\u00e4ytt\u00f6isyytt\u00e4 useiden kerrosten laadunvalvonnan sek\u00e4 teknisen henkil\u00f6st\u00f6n tutkimus- ja kehitysty\u00f6n avulla. Samalla varmistamme, ett\u00e4 tuotteiden laatu ja turvallisuus vastaavat korkeimpia standardeja ja vastaavat tarpeitasi. Lis\u00e4ksi olemme merkinneet k\u00e4ytt\u00f6ohjeet tuotteen pakkaukseen yksityiskohtaisesti. Toivomme, ett\u00e4 luet ohjeet huolellisesti ennen k\u00e4ytt\u00f6\u00e4 ja mukautat niit\u00e4 ihotyyppisi mukaan parhaiden tulosten saavuttamiseksi.<\/p>\n\n\n\n<p><\/p>","protected":false},"excerpt":{"rendered":"Minoxidil Hair Growth Solution Manufacturing Common Formulas Our production process mainly includes raw material preparation, reaction synthesis, purification, preparation, and filling. The quality inspection runs through the whole process to ensure that the product quality meets the relevant standards and requirements. The main formulas are: 1. Minoxidil: The core active ingredient can dilate blood vessels, [&hellip;]","protected":false},"featured_media":1102,"menu_order":0,"template":"","meta":[],"product-tag":[],"products":[49],"class_list":["post-1101","product","type-product","status-publish","has-post-thumbnail","hentry","products-hair-care"],"acf":[],"_links":{"self":[{"href":"https:\/\/www.ruiqigo.com\/fi\/wp-json\/wp\/v2\/product\/1101","targetHints":{"allow":["GET"]}}],"collection":[{"href":"https:\/\/www.ruiqigo.com\/fi\/wp-json\/wp\/v2\/product"}],"about":[{"href":"https:\/\/www.ruiqigo.com\/fi\/wp-json\/wp\/v2\/types\/product"}],"version-history":[{"count":0,"href":"https:\/\/www.ruiqigo.com\/fi\/wp-json\/wp\/v2\/product\/1101\/revisions"}],"wp:featuredmedia":[{"embeddable":true,"href":"https:\/\/www.ruiqigo.com\/fi\/wp-json\/wp\/v2\/media\/1102"}],"wp:attachment":[{"href":"https:\/\/www.ruiqigo.com\/fi\/wp-json\/wp\/v2\/media?parent=1101"}],"wp:term":[{"taxonomy":"product-tag","embeddable":true,"href":"https:\/\/www.ruiqigo.com\/fi\/wp-json\/wp\/v2\/product-tag?post=1101"},{"taxonomy":"products","embeddable":true,"href":"https:\/\/www.ruiqigo.com\/fi\/wp-json\/wp\/v2\/products?post=1101"}],"curies":[{"name":"wp","href":"https:\/\/api.w.org\/{rel}","templated":true}]}}