{"id":1121,"date":"2024-09-20T17:27:59","date_gmt":"2024-09-20T09:27:59","guid":{"rendered":"https:\/\/ruiqigo.com\/?post_type=product&#038;p=1121"},"modified":"2024-11-14T17:27:54","modified_gmt":"2024-11-14T09:27:54","slug":"pumpkin-seed-oil","status":"publish","type":"product","link":"https:\/\/www.ruiqigo.com\/fi\/product\/pumpkin-seed-oil","title":{"rendered":"Kurpitsansiemen\u00f6ljy\u00a0\u00a0"},"content":{"rendered":"<h2 class=\"wp-block-heading\">Kurpitsansiemen\u00f6ljyn valmistuksen yleiset kaavat<\/h2>\n\n\n\n<p>Pid\u00e4mme eritt\u00e4in t\u00e4rke\u00e4n\u00e4 kurpitsansiemen\u00f6ljyn laatua, joten jokaista tuotantoprosessia valvotaan tiukasti. Ensinn\u00e4kin valitsemme raaka-aineiksi laadukkaat, saastuttamattomat kurpitsansiemenet ja k\u00e4yt\u00e4mme niiden uuttamiseen kylm\u00e4puristustekniikkaa, jolla voidaan varmistaa ravinteiden eheys ja aktiivisuus. Luotettavana kurpitsansiemen\u00f6ljyn valmistajana kurpitsansiemen\u00f6ljyn koostumuksessa kurpitsansiemen on keskeinen ainesosa ja sit\u00e4 sekoitetaan suhteessa muihin antioksidantteihin. Seuraavat ovat tuotteidemme p\u00e4\u00e4koostumukset:<\/p>\n\n\n\n<p>1. Kurpitsansiemenet: Kurpitsansiemeniss\u00e4 olevilla erilaisilla rasvahapoilla on anti-inflammatorisia ominaisuuksia, jotka voivat parantaa vaurioituneita hiuksia. Sen sis\u00e4lt\u00e4m\u00e4t ravintoaineet voivat my\u00f6s edist\u00e4\u00e4 hiusten terveytt\u00e4 ja kasvua.<\/p>\n\n\n\n<p>2. E-vitamiini: E-vitamiini on voimakas antioksidantti, joka taistelee p\u00e4\u00e4nahan vapaita radikaaleja vastaan, mik\u00e4 hidastaa ik\u00e4\u00e4ntymist\u00e4 ja suojaa soluja vaurioilta.<\/p>\n\n\n\n<h2 class=\"wp-block-heading\">Kurpitsansiemen\u00f6ljyn edut<\/h2>\n\n\n\n<p>1. Ravitse hiuksia: Kurpitsansiemen\u00f6ljy voi tarjota runsaasti ravintoa hiuksille ja parantaa kuivia hiuksia, keltaisia ja muita ongelmia.<\/p>\n\n\n\n<p>2. Korjaa vaurioita: Kurpitsansiemen\u00f6ljyss\u00e4 oleva E-vitamiini ja muut antioksidantit taistelevat vapaita radikaaleja vastaan ja voivat my\u00f6s taistella hilseen liittyvien oireiden ja p\u00e4\u00e4nahan infektioiden kanssa, korjata syv\u00e4lt\u00e4 ja parantaa hiusten laatua.<\/p>\n\n\n\n<p>3. Kosteuslukkovesi: Tuotteemme on keskilaatuinen \u00f6ljy, joka soveltuu p\u00e4\u00e4nahalle levitett\u00e4v\u00e4ksi, voi lukita veden tiukasti ja parantaa hiusten halkeilua, katkeilua ja muita ongelmia.<\/p>\n\n\n\n<p>4. Paranna hiustenl\u00e4ht\u00f6\u00e4: Kun kehon DHT (dihydrotestosteroni) on liikaa, se johtaa hiustenl\u00e4ht\u00f6ongelmiin, ja kurpitsansiemen\u00f6ljy voi v\u00e4hent\u00e4\u00e4 DHT:n tuotantoa, mik\u00e4 suojaa hiustuppien terveytt\u00e4 ja v\u00e4hent\u00e4\u00e4 hiustenl\u00e4ht\u00f6\u00e4.<\/p>\n\n\n\n<p>5. Edist\u00e4\u00e4 kasvua: Jotkut kurpitsansiemen\u00f6ljyn komponentit voivat edist\u00e4\u00e4 verenkiertoa, tarjota enemm\u00e4n ravinteita ja happea karvatupille ja auttaa hiuksia kasvamaan luonnollisesti.<\/p>\n\n\n\n<p>6. Paranna ihoa: Kurpitsansiemen\u00f6ljyll\u00e4 ei ole vain huomattava vaikutus hiustenhoitoon, vaan se on my\u00f6s luonnollinen ihonhoitotuote, joka voi olla antioksidantti, ik\u00e4\u00e4ntymist\u00e4 est\u00e4v\u00e4, ravitseva ja kosteuttava ja voi parantaa ihon laatua ja tehd\u00e4 ihostasi terveemm\u00e4n pitk\u00e4aikaisessa k\u00e4yt\u00f6ss\u00e4.<\/p>\n\n\n\n<h2 class=\"wp-block-heading\">Kuinka k\u00e4ytt\u00e4\u00e4 kurpitsansiemen\u00f6ljy\u00e4 hiusten kasvuun?<\/h2>\n\n\n\n<p>Luotettavana kurpitsansiemen\u00f6ljyn valmistajana valitsemme huolellisesti korkealaatuiset kurpitsansiemenet, ja ammattiteknikot tarkastavat jokaisen tuotantoprosessin niiden puhtauden ja turvallisuuden varmistamiseksi. Kurpitsansiemen\u00f6ljy\u00e4 voi k\u00e4ytt\u00e4\u00e4 hiustenhoidossa monella tapaa, voit valita itsellesi sopivan todellisen toiveen ja pitk\u00e4aikaisen k\u00e4yt\u00f6n mukaan ja uskon, ett\u00e4 hiuksistasi tulee terveemm\u00e4t, paksummat ja kiilt\u00e4v\u00e4t. Seuraavassa on useita k\u00e4ytt\u00f6tapoja, joihin voidaan viitata:<\/p>\n\n\n\n<p>1. Ennen shampoopesua: Kampaa hiuksesi ennen shampoopesua ja levit\u00e4 tuotetta k\u00e4mmenelle kuumenemaan. Levit\u00e4 sitten tasaisesti p\u00e4\u00e4nahkaan ja hiuksiin, voit hieroa kevyesti sormen vatsalla 3-5 minuuttia ja odottaa 10 minuuttia imeytymisen edist\u00e4miseksi. Pese hiuksesi viimeisen\u00e4 ja varmista, ett\u00e4 peset ne huolellisesti pesun yhteydess\u00e4.<\/p>\n\n\n\n<p>2. Shampoo: Shampooprosessissa voit pudottaa kaksi tippaa kurpitsansiemen\u00f6ljy\u00e4 shampoon tai hoitoaineeseen, normaalin shampooprosessin mukaisesti voit k\u00e4ytt\u00e4\u00e4 enemm\u00e4n aikaa hiuspohjan hieromiseen sormella ja vatsalla edist\u00e4\u00e4ksesi verenkiertoa ja eteeristen \u00f6ljyjen imeytymist\u00e4. Huuhtele l\u00e4mpim\u00e4ll\u00e4 vedell\u00e4, jotta ei j\u00e4\u00e4 j\u00e4\u00e4mi\u00e4.<\/p>\n\n\n\n<p>3. Hiusten pesun j\u00e4lkeen: Kuivaa hiusten pesun j\u00e4lkeen vesi pyyhkeell\u00e4, jotta hiukset pysyv\u00e4t puolikuivina; Ota sitten pieni m\u00e4\u00e4r\u00e4 kurpitsansiemen\u00f6ljy\u00e4, hiero ja kuumenna ja levit\u00e4 tasaisesti hiusten k\u00e4rkeen hiusten latvoihin, erityisesti kuiviin, vaurioituneisiin osiin. Varo levitt\u00e4m\u00e4st\u00e4 p\u00e4\u00e4nahkaa, jotta hiukset eiv\u00e4t rasvoittu. Levityksen j\u00e4lkeen voit kuivata hiustenkuivaajalla alhaisessa l\u00e4mp\u00f6tilassa tai ilmakuivaa.<\/p>\n\n\n\n<h2 class=\"wp-block-heading\">Varoitus<\/h2>\n\n\n\n<p>1. Ensimm\u00e4ist\u00e4 kertaa k\u00e4ytett\u00e4ess\u00e4 tulee tehd\u00e4 allergiatesti, jotta varmistetaan, ettei allergista reaktiota esiinny ennen k\u00e4ytt\u00f6\u00e4.<\/p>\n\n\n\n<p>2. Potilaille, joilla on eryteemahaavoja tai eritt\u00e4in rasvaisia hiusjuuria, suositellaan k\u00e4ytett\u00e4v\u00e4ksi l\u00e4\u00e4k\u00e4rin opastuksella.<\/p>\n\n\n\n<p>3. Kurpitsansiemen\u00f6ljy sopii useimmille ihmisille, erityisesti niille, joilla on vaurioituneet hiukset, kalju hiukset, kuivat hiukset ja niin edelleen<\/p>\n\n\n\n<p>4. Tuotteemme sopii kaikkiin tilanteisiin, k\u00e4ytettiinp\u00e4 sit\u00e4 ennen hiustenpesua, sen aikana ja j\u00e4lkeen hiustenpesua tai p\u00e4ivitt\u00e4ist\u00e4 hoitoa.<\/p>\n\n\n\n<p>5, kun sit\u00e4 k\u00e4ytet\u00e4\u00e4n hallitsemaan m\u00e4\u00e4r\u00e4\u00e4, jotta v\u00e4ltet\u00e4\u00e4n liiallinen hiusten rasvaisuus ja vaikea puhdistaa.<\/p>\n\n\n\n<p>6. Jos ihon punoitusta, p\u00e4\u00e4nahan kutinaa tai muita oireita ilmenee k\u00e4yt\u00f6n aikana, lopeta k\u00e4ytt\u00f6 v\u00e4litt\u00f6m\u00e4sti ja puhdista se vedell\u00e4.<\/p>\n\n\n\n<p>7. T\u00e4m\u00e4 tuote tulee s\u00e4ilytt\u00e4\u00e4 viile\u00e4ss\u00e4, kuivassa paikassa suojassa suoralta auringonvalolta.<\/p>\n\n\n\n<h2 class=\"wp-block-heading\">Johtop\u00e4\u00e4t\u00f6s<\/h2>\n\n\n\n<p>Jos etsit t\u00e4ysin luonnollista, haitatonta eteerist\u00e4 \u00f6ljy\u00e4 hiustenhoitoon, kurpitsansiemen\u00f6ljymme on paras valinta. Pid\u00e4mme eritt\u00e4in t\u00e4rke\u00e4n\u00e4 tuotteiden laatua ja turvallisuutta. Laadunvalvonta, ymp\u00e4rist\u00f6nsuojelu ja energians\u00e4\u00e4st\u00f6 ovat painopisteit\u00e4 koko tuotantoprosessissa. Raaka-aineiden seulonnasta jalostukseen ja pakkaamiseen on olemassa erilaisia laatutestej\u00e4, mukaan lukien sensoriset indikaattorit, toiminnalliset indikaattorit, iho\u00e4rsytystestit jne., jotta varmistetaan eteeristen \u00f6ljyjen vakaus ja turvallisuus. Tehokkaan kurpitsansiemen\u00f6ljyn valmistajana tuotteet ovat samaan aikaan my\u00f6s kolmannen osapuolen ammatillisten testauslaitosten todentamat, jotta ne t\u00e4ytt\u00e4v\u00e4t asiaankuuluvat standardit. Toivon, ett\u00e4 se tuo sinulle hyv\u00e4n hiustenhoitokokemuksen, ja uskon, ett\u00e4 jatkuvassa k\u00e4yt\u00f6ss\u00e4si hiuksiisi tulee varmasti merkitt\u00e4vi\u00e4 muutoksia.<\/p>","protected":false},"excerpt":{"rendered":"Pumpkin Seed Oil Manufacturing Common Formulas We attach great importance to the quality of pumpkin seed oil, so every process of production is strictly controlled. First of all, we will select high-quality, pollution-free pumpkin seeds as raw materials, and use cold-pressing technology to extract them which can ensure the integrity and activity of nutrients. As [&hellip;]","protected":false},"featured_media":1122,"menu_order":0,"template":"","meta":[],"product-tag":[],"products":[53],"class_list":["post-1121","product","type-product","status-publish","has-post-thumbnail","hentry","products-essential-oil"],"acf":[],"_links":{"self":[{"href":"https:\/\/www.ruiqigo.com\/fi\/wp-json\/wp\/v2\/product\/1121","targetHints":{"allow":["GET"]}}],"collection":[{"href":"https:\/\/www.ruiqigo.com\/fi\/wp-json\/wp\/v2\/product"}],"about":[{"href":"https:\/\/www.ruiqigo.com\/fi\/wp-json\/wp\/v2\/types\/product"}],"version-history":[{"count":0,"href":"https:\/\/www.ruiqigo.com\/fi\/wp-json\/wp\/v2\/product\/1121\/revisions"}],"wp:featuredmedia":[{"embeddable":true,"href":"https:\/\/www.ruiqigo.com\/fi\/wp-json\/wp\/v2\/media\/1122"}],"wp:attachment":[{"href":"https:\/\/www.ruiqigo.com\/fi\/wp-json\/wp\/v2\/media?parent=1121"}],"wp:term":[{"taxonomy":"product-tag","embeddable":true,"href":"https:\/\/www.ruiqigo.com\/fi\/wp-json\/wp\/v2\/product-tag?post=1121"},{"taxonomy":"products","embeddable":true,"href":"https:\/\/www.ruiqigo.com\/fi\/wp-json\/wp\/v2\/products?post=1121"}],"curies":[{"name":"wp","href":"https:\/\/api.w.org\/{rel}","templated":true}]}}