{"id":1309,"date":"2024-10-18T14:12:00","date_gmt":"2024-10-18T06:12:00","guid":{"rendered":"https:\/\/ruiqigo.com\/?post_type=product&#038;p=1309"},"modified":"2025-06-17T16:45:49","modified_gmt":"2025-06-17T08:45:49","slug":"lavender-body-wash","status":"publish","type":"product","link":"https:\/\/www.ruiqigo.com\/fi\/product\/lavender-body-wash","title":{"rendered":"Laventeli vartalopesu"},"content":{"rendered":"<h2 class=\"wp-block-heading\">Laventeli-vartalonpesuaineen valmistuksen yleiset kaavat<\/h2>\n\n\n\n<p>Pid\u00e4mme laventeli-suihkugeelin tuotantoprosessia eritt\u00e4in t\u00e4rke\u00e4n\u00e4. Suunnittelemme huolellisesti useita koostumuksia ja otamme huomioon eri ihotyyppien tarpeet, jotta tuotteesta tulisi mahdollisimman monipuolinen.<\/p>\n\n\n\n<p>Laventelin eteerinen \u00f6ljy: Suihkugeelien p\u00e4\u00e4ainesosa, laventelin tuoksu, voi rauhoittaa kehoa ja mielt\u00e4 ja tarjota rentouttavan ja miellytt\u00e4v\u00e4n kylpykokemuksen. Lis\u00e4ksi laventelin eteerisell\u00e4 \u00f6ljyll\u00e4 on valkaisevia ominaisuuksia, se korjaa vaurioituneita soluja ja muita vaikutuksia, se voi nuorentaa ja tehd\u00e4 ihosta sile\u00e4mm\u00e4n ja herkemm\u00e4n.<\/p>\n\n\n\n<p>Pinta-aktiiviset aineet: Pinta-aktiiviset aineet eiv\u00e4t ainoastaan tuota runsasta vaahtoa, paranna suihkugeelin puhdistustehoa ja poista tehokkaasti likaa ja \u00f6ljy\u00e4, vaan ne my\u00f6s muodostavat ihon pinnalle suojakalvon, joka est\u00e4\u00e4 iho\u00e4rsytyst\u00e4.<\/p>\n\n\n\n<p>Kookos\u00f6ljy: Kookos\u00f6ljyn rasvahapoilla on hyv\u00e4t kosteuttavat ominaisuudet, jotka voivat sitoa vett\u00e4 ja parantaa kuivaa, karheaa ihoa ja muita ongelmia. Samalla kookos\u00f6ljy on hell\u00e4varaisempaa, voi v\u00e4hent\u00e4\u00e4 ihon ep\u00e4mukavuutta, korjata ihoa ja sopii paremmin herkille lihaksille.<\/p>\n\n\n\n<h2 class=\"wp-block-heading\">Laventeli-suihkusaippuan hy\u00f6dyt<\/h2>\n\n\n\n<p>Ammattimaisena laventelinvalmistajana suoritamme asiaankuuluvat laatutestit kaikille valmiiden tuotteiden pakkauksiin sy\u00f6tetyille raaka-aineille varmistaaksemme laadun ja turvallisuuden. Samalla jatkamme innovointia ja tutkimusta yhdist\u00e4m\u00e4ll\u00e4 erilaisia etuja ihonhoitotarpeidesi t\u00e4ytt\u00e4miseksi. T\u00e4ss\u00e4 on joitakin t\u00e4rkeimmist\u00e4 eduista:<\/p>\n\n\n\n<p>1. Rauhoittava ja rentouttava: Laventelin ainutlaatuinen tuoksu voi lievitt\u00e4\u00e4 j\u00e4nnityst\u00e4 ja stressi\u00e4. Suihkugeeli\u00e4 k\u00e4ytett\u00e4ess\u00e4 tuoksu luo rentouttavan ja miellytt\u00e4v\u00e4n tunnelman, joka voi rentouttaa kehoa ja mielt\u00e4 sek\u00e4 v\u00e4hent\u00e4\u00e4 stressi\u00e4 ja v\u00e4symyst\u00e4.<\/p>\n\n\n\n<p>2. S\u00e4\u00e4d\u00e4 veden ja \u00f6ljyn tasapainoa: Laventeli-suihkugeeli voi s\u00e4\u00e4t\u00e4\u00e4 \u00f6ljyn tasapainoa, v\u00e4hent\u00e4\u00e4 rasvaista tunnetta ja pit\u00e4\u00e4 ihon raikkaana.<\/p>\n\n\n\n<p>3. Kosteuttava ja kosteuttava: Lis\u00e4ttyjen kosteuttavien ainesosien avulla voimme lukita kosteuden tiukasti ihoon, kosteuttaa sit\u00e4, pit\u00e4\u00e4 sen kosteutettuna ja sile\u00e4n\u00e4 sek\u00e4 est\u00e4\u00e4 sen kuivumista.<\/p>\n\n\n\n<p>4. Antibakteerinen ja tulehdusta est\u00e4v\u00e4: Laventelin eteerisell\u00e4 \u00f6ljyll\u00e4 on antibakteerisia ja tulehdusta est\u00e4vi\u00e4 vaikutuksia, jotka voivat v\u00e4hent\u00e4\u00e4 ihon tulehdusta ja est\u00e4\u00e4 infektioita.<\/p>\n\n\n\n<p>5. Valkaisevat ja vaaleita l\u00e4iski\u00e4 poistavat tuotteemme: Tuotteillamme on valkaiseva ja vaaleita l\u00e4iski\u00e4 poistava vaikutus, mik\u00e4 auttaa v\u00e4hent\u00e4m\u00e4\u00e4n ihon tummuutta ja tekem\u00e4\u00e4n ihosta l\u00e4pin\u00e4kyv\u00e4mm\u00e4n.<\/p>\n\n\n\n<p>6. Paranna unta: Laventelin tuoksu ei ainoastaan rauhoita ja rentouta, vaan my\u00f6s parantaa unen laatua, mik\u00e4 sopii unettomuudesta ja unista k\u00e4rsiville.<\/p>\n\n\n\n<h2 class=\"wp-block-heading\">Miten laventeli-vartalonpesua k\u00e4ytet\u00e4\u00e4n vartalonhoitoon?<\/h2>\n\n\n\n<p>Olemme tehneet useita sekoituksia tuotantoprosessin aikana luodaksemme t\u00e4m\u00e4n runsaan vaahtoavan ja hell\u00e4varaisen suihkugeelin, joka on suunniteltu parantamaan kylpykokemustasi. P\u00e4ivitt\u00e4inen k\u00e4ytt\u00f6 jaetaan kylpyyn ja kylpyyn, joten voit valita kylvyn harrastuksesi mukaan.<\/p>\n\n\n\n<p>1. Suihku: Kastele ensin vartalo l\u00e4mpim\u00e4ll\u00e4 vedell\u00e4, kaada sitten sopiva m\u00e4\u00e4r\u00e4 suihkuvoidetta k\u00e4mmenelle tai sienelle, hiero vaahtoa varovasti ja levit\u00e4 tasaisesti koko vartalolle. Voit suorittaa sopivan hieronnan, puhdistaa ihohuokoset ja lievitt\u00e4\u00e4 kehoa ja mielt\u00e4. Lopuksi huuhtele koko vartalon vaahto vedell\u00e4.<\/p>\n\n\n\n<p>2. Kylpy: Kylpemisest\u00e4 pit\u00e4v\u00e4t voivat kaataa kylpyyn sopivan m\u00e4\u00e4r\u00e4n suihkugeeli\u00e4 ja sekoittaa sit\u00e4 tasaisesti, jotta muodostuu runsas vaahto ja samalla laventelin tuoksu luo miellytt\u00e4v\u00e4n ymp\u00e4rist\u00f6n. Jos jokin alue tarvitsee erityist\u00e4 hoitoa, voit lis\u00e4t\u00e4 sopivan m\u00e4\u00e4r\u00e4n suihkugeeli\u00e4 ja hieroa sit\u00e4 syv\u00e4lt\u00e4 parantaaksesi ihon kuntoa.<\/p>\n\n\n\n<p>3. K\u00e4yt\u00f6n j\u00e4lkeen: K\u00e4yt\u00f6n j\u00e4lkeen suihkugeeli\u00e4 voidaan yhdist\u00e4\u00e4 muihin ihonhoitotuotteisiin, kuten vartalovoiteeseen, veden imeytymisen edist\u00e4miseksi ja ihon kosteuttamiseksi entisest\u00e4\u00e4n.<\/p>\n\n\n\n<h2 class=\"wp-block-heading\">Varoitus<\/h2>\n\n\n\n<p>1. Allergiatesti on teht\u00e4v\u00e4 ennen suihkugeelin ensimm\u00e4ist\u00e4 k\u00e4ytt\u00f6kertaa. Jos allergisia oireita ilmenee, lopeta k\u00e4ytt\u00f6 v\u00e4litt\u00f6m\u00e4sti ja ota yhteys l\u00e4\u00e4k\u00e4riin.<\/p>\n\n\n\n<p>2. V\u00e4lt\u00e4 aineen joutumista silmiin. Jos ainetta joutuu silmiin, huuhtele ne v\u00e4litt\u00f6m\u00e4sti vedell\u00e4 ja hakeudu l\u00e4\u00e4k\u00e4rin hoitoon mahdollisimman pian.<\/p>\n\n\n\n<p>3. Kun k\u00e4yt\u00e4t laventeli-suihkusaippuaa muiden tuotteiden kanssa, varmista, ett\u00e4 niiden ainesosat eiv\u00e4t ole ristiriidassa kesken\u00e4\u00e4n tai aiheuta haittavaikutuksia.<\/p>\n\n\n\n<p>4. Noudata sopivan m\u00e4\u00e4r\u00e4n periaatetta. Liiallinen suihkusaippua vaahdottaa liikaa ja vaikeuttaa puhdistusta.<\/p>\n\n\n\n<p>5. Tuotteemme on s\u00e4ilytett\u00e4v\u00e4 viile\u00e4ss\u00e4 ja kuivassa paikassa, poissa suorasta auringonvalosta ja korkeasta l\u00e4mp\u00f6tilasta.<\/p>\n\n\n\n<p>6. Vaikka laventelisuihkugeelill\u00e4 on ihoa rauhoittava vaikutus, sit\u00e4 ei suositella k\u00e4ytett\u00e4v\u00e4ksi monta kertaa p\u00e4iv\u00e4ss\u00e4, ja liiallinen peseminen voi vahingoittaa ihon suojakerrosta.<\/p>\n\n\n\n<h2 class=\"wp-block-heading\">Johtop\u00e4\u00e4t\u00f6s<\/h2>\n\n\n\n<p>K\u00e4yt\u00e4mme moderneja tuotantolinjoja ja automaatiolaitteita varmistaaksemme, ett\u00e4 laventeli-suihkugeelimme tuotantoprosessi on tehokas, tarkka ja ymp\u00e4rist\u00f6yst\u00e4v\u00e4llinen samalla, kun tuotehygienia ja -turvallisuus taataan. Lis\u00e4ksi olemme tehneet k\u00e4ytt\u00e4j\u00e4tutkimuksia ja tied\u00e4mme, ett\u00e4 ihosi tarpeet ja mieltymykset ovat erilaisia. Siksi tarjoamme r\u00e4\u00e4t\u00e4l\u00f6ityj\u00e4 palveluita, ja tutkimus- ja kehitystiimimme valitsee huolellisesti sopivimman laventeli-suihkugeelin tarpeidesi mukaan. T\u00e4n\u00e4 aikana teemme my\u00f6s muutoksia palautteesi perusteella haluamasi vaikutuksen saavuttamiseksi. Kutsumme sinut vilpitt\u00f6m\u00e4sti tutustumaan tuotteisiimme. Tarjoamme my\u00f6s ammattimaisia vastauksia ja yksityiskohtaista tietoa.<\/p>","protected":false},"excerpt":{"rendered":"Lavender Body Wash Manufacturing Common Formulas We attach great importance to the production process of lavender body wash, not only carefully designing multiple formulas, but also considering the needs of different skin types, so that the product is more versatile. Lavender essential oil: The main ingredient of body wash, lavender scent can soothe the body [&hellip;]","protected":false},"featured_media":1310,"menu_order":0,"template":"","meta":[],"product-tag":[],"products":[57],"class_list":["post-1309","product","type-product","status-publish","has-post-thumbnail","hentry","products-body-wash"],"acf":[],"_links":{"self":[{"href":"https:\/\/www.ruiqigo.com\/fi\/wp-json\/wp\/v2\/product\/1309","targetHints":{"allow":["GET"]}}],"collection":[{"href":"https:\/\/www.ruiqigo.com\/fi\/wp-json\/wp\/v2\/product"}],"about":[{"href":"https:\/\/www.ruiqigo.com\/fi\/wp-json\/wp\/v2\/types\/product"}],"version-history":[{"count":0,"href":"https:\/\/www.ruiqigo.com\/fi\/wp-json\/wp\/v2\/product\/1309\/revisions"}],"wp:featuredmedia":[{"embeddable":true,"href":"https:\/\/www.ruiqigo.com\/fi\/wp-json\/wp\/v2\/media\/1310"}],"wp:attachment":[{"href":"https:\/\/www.ruiqigo.com\/fi\/wp-json\/wp\/v2\/media?parent=1309"}],"wp:term":[{"taxonomy":"product-tag","embeddable":true,"href":"https:\/\/www.ruiqigo.com\/fi\/wp-json\/wp\/v2\/product-tag?post=1309"},{"taxonomy":"products","embeddable":true,"href":"https:\/\/www.ruiqigo.com\/fi\/wp-json\/wp\/v2\/products?post=1309"}],"curies":[{"name":"wp","href":"https:\/\/api.w.org\/{rel}","templated":true}]}}