{"id":1342,"date":"2024-10-24T18:01:05","date_gmt":"2024-10-24T10:01:05","guid":{"rendered":"https:\/\/ruiqigo.com\/?post_type=product&#038;p=1342"},"modified":"2024-10-28T15:45:52","modified_gmt":"2024-10-28T07:45:52","slug":"exfoliating-body-wash","status":"publish","type":"product","link":"https:\/\/www.ruiqigo.com\/fi\/product\/exfoliating-body-wash","title":{"rendered":"Kuoriva vartalopesu"},"content":{"rendered":"<h2 class=\"wp-block-heading\">Kuorivan vartalonpesun valmistuksen yleiset kaavat<\/h2>\n\n\n\n<p>T\u00e4m\u00e4n kuorivan suihkugeelin valmistusprosessissa sekoitamme tieteellisesti useita eritt\u00e4in tehokkaita ainesosia ja valvomme tiukasti jokaista tuotantovaihetta varmistaaksemme tuotteen turvallisuuden ja tehokkuuden. T\u00e4ss\u00e4 ovat t\u00e4rkeimm\u00e4t ainesosat:<\/p>\n\n\n\n<p>1. Kuorintahiukkaset: Uutamme luonnollisia kuorivia hiukkasia jadebambusta ja mineraalisuoloista ja s\u00e4\u00e4d\u00e4mme niit\u00e4 tietyn suhteen mukaan, mik\u00e4 voi poistaa hell\u00e4varaisesti ik\u00e4\u00e4ntyv\u00e4n keratiinin iholta, ja luonnolliset kasviper\u00e4iset ainesosat voivat my\u00f6s ravita ihoa.<\/p>\n\n\n\n<p>2. Salisyylihappo: T\u00e4m\u00e4 hapan aine voi tunkeutua ihoon ja auttaa liuottamaan ja poistamaan syv\u00e4\u00e4 keratiinia \u00e4rsytt\u00e4m\u00e4tt\u00e4 ihoa liikaa. Samalla se edist\u00e4\u00e4 ihosolujen uudistumista ja tekee ihosta tasaisemman jatkuvassa k\u00e4yt\u00f6ss\u00e4.<\/p>\n\n\n\n<p>3. Niasiiniamidi: niasiiniamidi voi auttaa ihoa lukitsemaan vett\u00e4 ja parantaa ihon kosteuskyky\u00e4. Se voi my\u00f6s v\u00e4hent\u00e4\u00e4 melaniinin kertymist\u00e4 ja saavuttaa tietyn valkaisevan vaikutuksen. Samalla nikotiiniamidilla on antioksidanttinen vaikutus ja se hidastaa ihon ik\u00e4\u00e4ntymist\u00e4.<\/p>\n\n\n\n<p>4. Pinta-aktiiviset aineet: N\u00e4ill\u00e4 ainesosilla on hyv\u00e4 puhdistuskyky, ne voivat poistaa likaa ja \u00f6ljy\u00e4 ihon pinnalta ja pit\u00e4\u00e4 ihon raikkaana.<\/p>\n\n\n\n<p>5. Aromaterapia: Se voi lis\u00e4t\u00e4 suihkugeeliin miellytt\u00e4v\u00e4n tuoksun, parantaa kylpykokemusta ja rauhoittaa kehoa ja mielt\u00e4.<\/p>\n\n\n\n<h2 class=\"wp-block-heading\">Kuorintavoiteen toiminnot<\/h2>\n\n\n\n<p>Kuorivat aineet sis\u00e4lt\u00e4v\u00e4t yleens\u00e4 suuria hiukkasia, vaativat voimakkaan ihon hieronnan levitett\u00e4ess\u00e4, eik\u00e4 niill\u00e4 ole puhdistavaa vaikutusta. Siksi henkil\u00f6kohtaisen hygienian tuotteisiin keskittyv\u00e4n\u00e4 valmistajana olemme kehitt\u00e4neet kuorivan suihkugeelin n\u00e4iden haittojen pohjalta. Se kuorii hell\u00e4varaisesti, puhdistaa ihohuokoset syv\u00e4lt\u00e4 ja kosteuttaa ihoa. T\u00e4rkeimm\u00e4t vaikutukset ovat seuraavat:<\/p>\n\n\n\n<p>1. Syv\u00e4puhdistus: Kuorintageeli puhdistaa ihohuokoset syv\u00e4lt\u00e4, v\u00e4hent\u00e4\u00e4 lian ja rasvan kertymist\u00e4, auttaa ehk\u00e4isem\u00e4\u00e4n aknea, supistaa ihohuokosia ja pit\u00e4\u00e4 ihon raikkaana ja puhtaana.<\/p>\n\n\n\n<p>2. Poista kuollutta ihosolukkoa: Tuotteemme sis\u00e4lt\u00e4v\u00e4t kuorivia hiukkasia, jotka poistavat tehokkaasti kuolleita ihosoluja ja ik\u00e4\u00e4ntymisen merkkien aiheuttamaa kynsinauhoja ihon pinnalta. Pitk\u00e4aikainen k\u00e4ytt\u00f6 parantaa ep\u00e4tasaista ihon s\u00e4vy\u00e4 ja tekee ihosta sile\u00e4mm\u00e4n ja herkemm\u00e4n.<\/p>\n\n\n\n<p>3. Rauhoittava ja rentouttava: T\u00e4m\u00e4 kuoriva vartalosaippua sis\u00e4lt\u00e4\u00e4 luonnollisia kasviuutteita, jotka kosteuttavat ja rauhoittavat ihoa kuorinnan aikana, auttaen rentouttamaan kehoa ja mielt\u00e4 sek\u00e4 lievitt\u00e4m\u00e4\u00e4n v\u00e4symyst\u00e4.<\/p>\n\n\n\n<p>4. Ihon s\u00e4vyn kirkastaminen: Kuorintaprosessi voi edist\u00e4\u00e4 aineenvaihduntaa, v\u00e4hent\u00e4\u00e4 ihon hienoja juonteita ja iho voi ime\u00e4 ravinteita paremmin. Jatkuva k\u00e4ytt\u00f6 voi kirkastaa ihon s\u00e4vy\u00e4, ja ihosta tulee kiinte\u00e4mpi ja kimmoisampi.<\/p>\n\n\n\n<h2 class=\"wp-block-heading\">Kuinka kuorivaa suihkugeeli\u00e4 k\u00e4ytet\u00e4\u00e4n vartalonhoitoon?<\/h2>\n\n\n\n<p>Kuorivan suihkugeelin asianmukainen k\u00e4ytt\u00f6 voi auttaa poistamaan tehokkaasti ik\u00e4\u00e4ntymisen aiheuttamaa kuorintaa iholta ja puhdistamaan ihohuokoset syv\u00e4lt\u00e4. Valitsemme huolellisesti korkealaatuiset raaka-aineet ja sekoitamme ne kuumentamalla niit\u00e4 oikeassa suhteessa. Samalla testaamme valmiiden tuotteiden ulkon\u00e4\u00f6n, tuoksun, pH-arvon jne. varmistaaksemme niiden laadun ja hygieenisyyden.<\/p>\n\n\n\n<p>1. Valmisteluvaihe: Kastele vartalo l\u00e4mpim\u00e4ll\u00e4 vedell\u00e4, erityisesti kuorittavat alueet, kuten kyyn\u00e4rp\u00e4\u00e4t, polvet jne.<\/p>\n\n\n\n<p>2. Hieronta: Levit\u00e4 sopiva m\u00e4\u00e4r\u00e4 kuorivaa suihkugeeli\u00e4 k\u00e4mmenelle tai vaahtomuoville, vaahdota ja levit\u00e4 tasaisesti koko vartalolle, erityisesti paksun kynsinauhan alueelle. Hiero hell\u00e4varaisesti k\u00e4sin v\u00e4ltt\u00e4en liiallista voimaa. Hieronta-aika on yleens\u00e4 3\u20135 minuuttia. Paksun sarveiskerroksen vahvistamiseen tarkoitettuihin kohtiin hieronta puhdistaa ihon syv\u00e4lt\u00e4 ja poistaa ik\u00e4\u00e4ntyv\u00e4n keratiinikerroksen.<\/p>\n\n\n\n<p>3. Huuhtele ja kosteuta: Huuhtele vaahto pois vedell\u00e4 ja kuivaa pyyhkeell\u00e4 varmistaaksesi, ettei suihkuvoidetta j\u00e4\u00e4 j\u00e4ljelle. Kuorintasuihkuvoide voi auttaa avaamaan ihohuokosia paremmin, joten levit\u00e4 kosteuttavaa vartalovoidetta heti pesun j\u00e4lkeen edist\u00e4\u00e4ksesi imeytymist\u00e4, lukitaksesi kosteuden ja pit\u00e4\u00e4ksesi ihon kosteutettuna ja sile\u00e4n\u00e4.<\/p>\n\n\n\n<h2 class=\"wp-block-heading\">Varoitus<\/h2>\n\n\n\n<p>1. Tee anafylaksiatesti ennen k\u00e4ytt\u00f6\u00e4. Jos ilmenee allerginen reaktio, lopeta k\u00e4ytt\u00f6 v\u00e4litt\u00f6m\u00e4sti ja ota yhteys l\u00e4\u00e4k\u00e4riin.<\/p>\n\n\n\n<p>2. Kuorintasuihkugeelin k\u00e4ytt\u00f6tiheytt\u00e4 suositellaan 1\u20132 kertaa viikossa, eik\u00e4 sit\u00e4 tule k\u00e4ytt\u00e4\u00e4 liikaa, muuten iho kuivuu ja haurastuu.<\/p>\n\n\n\n<p>3. V\u00e4lt\u00e4 k\u00e4ytt\u00f6\u00e4 herkill\u00e4 alueilla, kuten kasvoilla, kaulalla ja intiimeill\u00e4 alueilla, iho\u00e4rsytyksen v\u00e4ltt\u00e4miseksi;<\/p>\n\n\n\n<p>4. K\u00e4ytett\u00e4ess\u00e4 veden l\u00e4mp\u00f6tilaa tulisi s\u00e4\u00e4t\u00e4\u00e4 35\u201340 asteen v\u00e4lill\u00e4, jotta v\u00e4ltet\u00e4\u00e4n liian korkea veden l\u00e4mp\u00f6tila, joka tuhoaa kynsinauhan;<\/p>\n\n\n\n<p>5. Kuorivaa suihkugeeli\u00e4 voidaan k\u00e4ytt\u00e4\u00e4 kosteuttavan vartalovoiteen kanssa. On suositeltavaa tarkistaa ainesosat ennen k\u00e4ytt\u00f6\u00e4 ep\u00e4mukavuuden v\u00e4ltt\u00e4miseksi.<\/p>\n\n\n\n<p>6. Suihkugeeli\u00e4 suositellaan s\u00e4ilytett\u00e4v\u00e4ksi kuivassa ja viile\u00e4ss\u00e4 paikassa, poissa suorasta auringonvalosta ja korkeista l\u00e4mp\u00f6tiloista.<\/p>\n\n\n\n<h2 class=\"wp-block-heading\">Johtop\u00e4\u00e4t\u00f6s<\/h2>\n\n\n\n<p>Meill\u00e4 on k\u00e4yt\u00f6ss\u00e4mme edistyneet tuotantolaitteet ja -prosessit, olipa kyse sitten raaka-aineiden valinnasta tai valmiiden tuotteiden t\u00e4yt\u00f6st\u00e4, valvomme tiukasti kuorivien vartalonpesuaineiden laatua varmistaaksemme, ett\u00e4 kaikki tuotteet ovat ISO9001-laatuj\u00e4rjestelm\u00e4n sertifioinnin ja asiaankuuluvien kansallisten turvallisuusstandardien mukaisia. Meill\u00e4 on tietysti vahva toimitusketju, joka varmistaa suurten tilausten valmistumisen. Samalla tarjoamme t\u00e4yden valikoiman r\u00e4\u00e4t\u00e4l\u00f6ityj\u00e4 palveluita. Luomme sinulle erityisen kuorivan vartalonpesuaineen vaatimustesi mukaan. Olipa kyseess\u00e4 sitten koostumus tai pakkaus, teemme parhaamme saavuttaaksemme haluamasi vaikutuksen. Jos haluat tiet\u00e4\u00e4 lis\u00e4\u00e4 tuotannostamme, ota meihin v\u00e4litt\u00f6m\u00e4sti yhteytt\u00e4.<\/p>","protected":false},"excerpt":{"rendered":"Exfoliating Body Wash Manufacturing Common Formulas In the process of making this exfoliating body wash, we scientifically mix a variety of highly effective ingredients and strictly control every step of production to ensure the safety and effectiveness of the product. Here are the main ingredients: 1. Exfoliating particles: We extract some natural exfoliating particles of [&hellip;]","protected":false},"featured_media":1343,"menu_order":0,"template":"","meta":[],"product-tag":[],"products":[57],"class_list":["post-1342","product","type-product","status-publish","has-post-thumbnail","hentry","products-body-wash"],"acf":[],"_links":{"self":[{"href":"https:\/\/www.ruiqigo.com\/fi\/wp-json\/wp\/v2\/product\/1342","targetHints":{"allow":["GET"]}}],"collection":[{"href":"https:\/\/www.ruiqigo.com\/fi\/wp-json\/wp\/v2\/product"}],"about":[{"href":"https:\/\/www.ruiqigo.com\/fi\/wp-json\/wp\/v2\/types\/product"}],"version-history":[{"count":0,"href":"https:\/\/www.ruiqigo.com\/fi\/wp-json\/wp\/v2\/product\/1342\/revisions"}],"wp:featuredmedia":[{"embeddable":true,"href":"https:\/\/www.ruiqigo.com\/fi\/wp-json\/wp\/v2\/media\/1343"}],"wp:attachment":[{"href":"https:\/\/www.ruiqigo.com\/fi\/wp-json\/wp\/v2\/media?parent=1342"}],"wp:term":[{"taxonomy":"product-tag","embeddable":true,"href":"https:\/\/www.ruiqigo.com\/fi\/wp-json\/wp\/v2\/product-tag?post=1342"},{"taxonomy":"products","embeddable":true,"href":"https:\/\/www.ruiqigo.com\/fi\/wp-json\/wp\/v2\/products?post=1342"}],"curies":[{"name":"wp","href":"https:\/\/api.w.org\/{rel}","templated":true}]}}