{"id":1506,"date":"2024-11-05T17:09:42","date_gmt":"2024-11-05T09:09:42","guid":{"rendered":"https:\/\/ruiqigo.com\/?post_type=product&#038;p=1506"},"modified":"2024-11-06T09:37:31","modified_gmt":"2024-11-06T01:37:31","slug":"natural-body-wash","status":"publish","type":"product","link":"https:\/\/www.ruiqigo.com\/fi\/product\/natural-body-wash","title":{"rendered":"Luonnollinen vartalopesu"},"content":{"rendered":"<h2 class=\"wp-block-heading\">Natural Body Wash Manufacturingin yleiset kaavat<\/h2>\n\n\n\n<p>3TOP:n valikoima laadukkaita <strong>luonnollisia kasviper\u00e4isi\u00e4 ainesosia<\/strong> on suunniteltu tarjoamaan sinulle hell\u00e4varainen ja tehokas puhdistus- ja ihoa hoitava vaikutus. Samanaikaisesti tiukka laadunvalvonta ja testaus suoritetaan jokaisessa tuotannon vaiheessa varmistaakseen luonnollisen vartalonpesun turvallisuuden ja tehokkuuden.<\/p>\n\n\n\n<p><strong>Teepuu\u00f6ljy: <\/strong>Teepuu\u00f6ljy on antibakteerinen ja anti-inflammatorinen, eliminoi bakteereja iholta ja v\u00e4hent\u00e4\u00e4 ihotulehdusta parantaen ihon tilaa. Samalla teepuu\u00f6ljy voi auttaa s\u00e4\u00e4telem\u00e4\u00e4n veden ja \u00f6ljyn tasapainoa ja syv\u00e4kosteuttaa ihoa, poistaa aknea, ehk\u00e4ist\u00e4 aknea ja ehk\u00e4ist\u00e4 kuivumista. Lis\u00e4ksi teepuu\u00f6ljyll\u00e4 on rauhoittava vaikutus, joka rentouttaa kehoa ja mielt\u00e4, lievitt\u00e4\u00e4 v\u00e4symyst\u00e4 ja stressi\u00e4.<\/p>\n\n\n\n<p><strong>Kuusamauute: <\/strong>Kuusama tunnetaan l\u00e4mp\u00f6\u00e4 puhdistavista ja myrkkyj\u00e4 poistavista ominaisuuksistaan, joten se voi auttaa parantamaan toksiinien kertymisen aiheuttamia iho-ongelmia ja lievitt\u00e4m\u00e4\u00e4n kutinaa. Lis\u00e4ksi kuusamauutteella on my\u00f6s antioksidanttisia vaikutuksia, jotka voivat vastustaa vapaiden radikaalien vaurioita, saavuttaa ik\u00e4\u00e4ntymist\u00e4 hidastavan vaikutuksen ja kiinteytt\u00e4\u00e4 ihoa.<\/p>\n\n\n\n<p><strong>Aloe vera<\/strong> on vahva kosteuttava vaikutus, voi lukita kosteuden, est\u00e4\u00e4 kuivaa ja karheaa ihoa, pitk\u00e4aikainen k\u00e4ytt\u00f6 voi tehd\u00e4 ihosta kosteutetun.<\/p>\n\n\n\n<p><strong>Pinta-aktiiviset aineet<\/strong> ovat t\u00e4rkeimm\u00e4t puhdistusaineet, jotka voivat tuottaa t\u00e4ytel\u00e4ist\u00e4 vaahtoa, auttaa poistamaan ihon pinnalta \u00f6ljy\u00e4 ja likaa ja pit\u00e4m\u00e4\u00e4n ihon kuivana ja puhtaana.<\/p>\n\n\n\n<h2 class=\"wp-block-heading\">Luonnollisen vartalonpesun toiminnot<\/h2>\n\n\n\n<p>Ammattimaisena luonnollisena vartalonpesuaineen valmistajana teimme kyselyn arvioidaksemme suihkugeelin k\u00e4yt\u00f6n tehokkuutta ja havaitsimme, ett\u00e4 jotkin tehokkaat suihkugeelit voivat aiheuttaa haittavaikutuksia, erityisesti ihmisille, joilla on herkk\u00e4 lihakset, \u00e4rsytyst\u00e4 k\u00e4ytett\u00e4ess\u00e4. Joten kehitimme luonnollisen vartalopesun, joka on hell\u00e4varaisempi, ainesosiltaan turvallisempi sek\u00e4 kosteuttava ja puhdistava. Sen t\u00e4rkeimm\u00e4t vaikutukset ovat:<\/p>\n\n\n\n<p>1<strong>. Liev\u00e4 ja \u00e4rsytt\u00e4m\u00e4t\u00f6n: <\/strong>Perinteiseen vartalopesuun verrattuna luonnollinen kasviuute on hell\u00e4varaisempi. Se ei sis\u00e4ll\u00e4 kemiallisia synteettisi\u00e4 aineita, eik\u00e4 se j\u00e4\u00e4 iholle, mik\u00e4 voi v\u00e4hent\u00e4\u00e4 iho\u00e4rsytyst\u00e4 ja sopii paremmin herk\u00e4lle iholle.<\/p>\n\n\n\n<p><strong>2. Antibakteerinen ja anti-inflammatorinen: <\/strong>Lis\u00e4\u00e4m\u00e4mme teepuu\u00f6ljyll\u00e4 on antibakteerisia ja anti-inflammatorisia vaikutuksia, jotka edist\u00e4v\u00e4t ihon suojaamista bakteereilta ja viruksilta, mik\u00e4 v\u00e4hent\u00e4\u00e4 ihotulehdusten riski\u00e4 ja tekee ihosta terveemm\u00e4n.<\/p>\n\n\n\n<p>3<strong>. Rauhoittaa kehoa ja mielt\u00e4: <\/strong>T\u00e4m\u00e4n luonnollisen vartalonpesuaineen kasvitieteellinen esanssi sis\u00e4lt\u00e4\u00e4 erilaisia rauhoittavia ainesosia, jotka auttavat rauhoittamaan kehoa ja mielt\u00e4, v\u00e4hent\u00e4m\u00e4\u00e4n stressi\u00e4 ja ahdistusta sek\u00e4 helpottamaan p\u00e4iv\u00e4n v\u00e4symyst\u00e4.<\/p>\n\n\n\n<p><strong>4. Puhdista ja kosteuta: <\/strong>Runsas vaahto auttaa poistamaan \u00f6ljyn, lian ja ylim\u00e4\u00e4r\u00e4isen kynsinauhojen ihon pinnalta ja pit\u00e4m\u00e4\u00e4n ihon raikkaana. Samalla k\u00e4yt\u00e4mme miedompia pinta-aktiivisia aineita, jotka eiv\u00e4t \u00e4rsyt\u00e4 ihoa.<\/p>\n\n\n\n<p>5<strong>. Anti-aging: <\/strong>Luonnollinen vartalonpesuaine ei vain voi vastustaa vapaita radikaaleja, vaan my\u00f6s v\u00e4hent\u00e4\u00e4 juonteiden muodostumista ja hidastaa ihon ik\u00e4\u00e4ntymist\u00e4 entisest\u00e4\u00e4n. Samalla se auttaa my\u00f6s poistamaan ihon pinnalta kuolleita ihosoluja, mik\u00e4 parantaa ep\u00e4tasaista ja sameaa ihon s\u00e4vy\u00e4, ja pitk\u00e4aikainen k\u00e4ytt\u00f6 voi tehd\u00e4 ihosta herkemm\u00e4n ja kirkkaamman.<\/p>\n\n\n\n<p><strong>6. Tasapaino\u00f6ljy: <\/strong>Vartalonpesuaineemme lis\u00e4\u00e4 my\u00f6s veden ja \u00f6ljyn tasapainoa s\u00e4\u00e4televi\u00e4 ainesosia, mik\u00e4 auttaa tasapainottamaan \u00f6ljy\u00e4, v\u00e4hent\u00e4m\u00e4\u00e4n \u00f6ljyn erityst\u00e4 iholla ja ehk\u00e4isem\u00e4\u00e4n entisest\u00e4\u00e4n huokosten tukkeutumista ja aknea, \u00f6ljyaknelihaksen k\u00e4ytt\u00f6 on varmaa.<\/p>\n\n\n\n<h2 class=\"wp-block-heading\">Kuinka k\u00e4ytt\u00e4\u00e4 luonnollista vartalopesua vartalonhoitoon?<\/h2>\n\n\n\n<p>Luonnollisen vartalonpesun laadun ja turvallisuuden varmistamiseksi asetamme tuotteelle useita testausprosesseja, kuten iho\u00e4rsytys-, kosteus-, allergia- ja muita testej\u00e4. Luonnollisen vartalonpesuaineen valmistajana toivomme voivamme tarjota sinulle luotettavan tuotetakuun. Selit\u00e4mme my\u00f6s yksityiskohtaisesti luonnollisen vartalonpesun k\u00e4yt\u00f6st\u00e4.<\/p>\n\n\n\n<p><strong>1. Kosteuta vartaloasi: <\/strong>Kostuta vartalosi ensin l\u00e4mpim\u00e4ll\u00e4 vedell\u00e4, mik\u00e4 auttaa avaamaan huokoset ja varmistamaan, ett\u00e4 vartalopesu voi puhdistaa t\u00e4ydellisesti.<\/p>\n\n\n\n<p><strong>2. Hiero ja vaahdota: <\/strong>Levit\u00e4 sopiva m\u00e4\u00e4r\u00e4 luonnollista vartalopesuainetta k\u00e4mmenelle tai kylpypallolle ja hiero t\u00e4ytel\u00e4isen vaahdon saamiseksi ja levit\u00e4 sitten tasaisesti koko vartalolle.<\/p>\n\n\n\n<p><strong>3. Hell\u00e4varainen hieronta: <\/strong>Voit hieroa ihoa hell\u00e4varaisesti k\u00e4sin tai ty\u00f6kalujen avulla, erityisesti kynsinauhojen takana olevaa aluetta, t\u00e4m\u00e4 vaihe auttaa puhdistamaan huokosten lian ja \u00f6ljyn, mutta my\u00f6s rentouttaa lihaksia ja rauhoittaa kehoa ja mielt\u00e4.<\/p>\n\n\n\n<p>4<strong>. Huuhtele pois: <\/strong>Puhdista vaahto hieronnan j\u00e4lkeen vedell\u00e4, varmista, ettei vaahtoa ole j\u00e4\u00e4nyt, ja pyyhi se puhtaaksi. Pesun j\u00e4lkeen iho kirkastuu.<\/p>\n\n\n\n<p>5<strong>. Pesun j\u00e4lkeinen hoito: <\/strong>Koska iho on helppo kuivua ja kuivassa ymp\u00e4rist\u00f6ss\u00e4, voit k\u00e4ytt\u00e4\u00e4 vartaloemulsiota syv\u00e4kosteuttamaan ihoa kylvyn j\u00e4lkeen, jotta iho saavuttaa t\u00e4yden kosteuttavan vaikutuksen ja tulee sile\u00e4mm\u00e4ksi.<\/p>\n\n\n\n<h2 class=\"wp-block-heading\">Varoitus<\/h2>\n\n\n\n<p><strong>1. Valitse itsellesi sopiva luonnollinen vartalopesu. <\/strong>Kuiva iho voi valita vartalopesun kosteuttavalla toiminnolla, rasvainen iho voi valita vartalopesun \u00f6ljy\u00e4 s\u00e4\u00e4telev\u00e4ll\u00e4 toiminnolla ja erityisi\u00e4 iho-ongelmia omaavat voivat kysy\u00e4 neuvoa l\u00e4\u00e4k\u00e4rilt\u00e4.<\/p>\n\n\n\n<p><strong>2. Suorita allergiatestit ennen k\u00e4ytt\u00f6\u00e4. <\/strong>Voit tehd\u00e4 allergiatestin ennen ensimm\u00e4ist\u00e4 k\u00e4ytt\u00f6kertaa v\u00e4ltt\u00e4\u00e4ksesi tietyn allergisen ainesosan aiheuttamat haitat. Jos testin aikana ilmenee ep\u00e4mukavuutta, lopeta sen k\u00e4ytt\u00f6 v\u00e4litt\u00f6m\u00e4sti ja huuhtele vedell\u00e4.<\/p>\n\n\n\n<p><strong>3. \u00c4l\u00e4 k\u00e4yt\u00e4 liikaa, <\/strong>liiallinen puhdistus tuhoaa ihosuojan, jolloin iho kuivuu ja herkistyy. V\u00e4lt\u00e4 siis liiallista hankausta ja huuhtelua k\u00e4ytt\u00e4ess\u00e4si tuotteitamme.<\/p>\n\n\n\n<p><strong>4. Kiinnit\u00e4 huomiota ainesosiin <\/strong>k\u00e4ytett\u00e4ess\u00e4 muiden vartalonhoitotuotteiden kanssa ja v\u00e4lt\u00e4 liian monien erityyppisten ihonhoitotuotteiden k\u00e4ytt\u00f6\u00e4, jotta se ei rasita ihoa.<\/p>\n\n\n\n<p>5. Luonnollista vartalopesuamme suositellaan s\u00e4ilytett\u00e4v\u00e4ksi viile\u00e4ss\u00e4 ja kuivassa paikassa, suojassa suoralta auringonvalolta ja korkeilta l\u00e4mp\u00f6tiloilta.<\/p>\n\n\n\n<p>6. Merkitsemme tuotteen valmistusp\u00e4iv\u00e4n ja s\u00e4ilyvyyden, joten sinun tulee kiinnitt\u00e4\u00e4 huomiota suihkugeelin s\u00e4ilyvyyden tarkistamiseen. On suositeltavaa k\u00e4ytt\u00e4\u00e4 viimeisen k\u00e4ytt\u00f6p\u00e4iv\u00e4n sis\u00e4ll\u00e4, koska vanhentuneet tuotteet menett\u00e4v\u00e4t tehonsa tai tuottavat haitallisia aineita.<\/p>\n\n\n\n<p>Lyhyesti sanottuna, 3TOPin huolellisesti kehitetty luonnollinen vartalopesu ei vain puhdista syv\u00e4sti, vaan my\u00f6s kosteuttaa tehokkaasti samalla, kun se hoitaa ihoasi hell\u00e4varaisesti, joten se on t\u00e4ydellinen valinta. Luonnollisen vartalonpesuaineen valmistajana olemme sitoutuneet tarjoamaan sinulle turvallisia ja terveellisi\u00e4 tuotteita, joten k\u00e4yt\u00e4mme nykyaikaista tuotantotekniikkaa, tieteellisi\u00e4 suhteita ja hyvi\u00e4 laatutestausj\u00e4rjestelmi\u00e4 varmistaaksemme jokaisen tuotteen tehokkuuden. Lis\u00e4ksi tarjoamme ainutlaatuisia <strong>r\u00e4\u00e4t\u00e4l\u00f6ityj\u00e4 palveluita <\/strong>t\u00e4ytt\u00e4\u00e4ksesi vaatimukset ja saavuttaaksesi jatkuvasti halutut tulokset. Jos haluat my\u00f6s omistaa a <strong>luonnollinen vartalonpesuainemerkki<\/strong>, ota meihin yhteytt\u00e4 jo t\u00e4n\u00e4\u00e4n.<\/p>","protected":false},"excerpt":{"rendered":"Natural Body Wash Manufacturing Common Formulas 3TOP&#8217;s selection of high-quality natural plant ingredients is designed to provide you with a gentle and effective cleaning and skin care effect. At the same time, strict quality control and testing are carried out at every stage of production to ensure the safety and effectiveness of natural body wash. [&hellip;]","protected":false},"featured_media":1511,"menu_order":0,"template":"","meta":[],"product-tag":[],"products":[57],"class_list":["post-1506","product","type-product","status-publish","has-post-thumbnail","hentry","products-body-wash"],"acf":[],"_links":{"self":[{"href":"https:\/\/www.ruiqigo.com\/fi\/wp-json\/wp\/v2\/product\/1506","targetHints":{"allow":["GET"]}}],"collection":[{"href":"https:\/\/www.ruiqigo.com\/fi\/wp-json\/wp\/v2\/product"}],"about":[{"href":"https:\/\/www.ruiqigo.com\/fi\/wp-json\/wp\/v2\/types\/product"}],"version-history":[{"count":0,"href":"https:\/\/www.ruiqigo.com\/fi\/wp-json\/wp\/v2\/product\/1506\/revisions"}],"wp:featuredmedia":[{"embeddable":true,"href":"https:\/\/www.ruiqigo.com\/fi\/wp-json\/wp\/v2\/media\/1511"}],"wp:attachment":[{"href":"https:\/\/www.ruiqigo.com\/fi\/wp-json\/wp\/v2\/media?parent=1506"}],"wp:term":[{"taxonomy":"product-tag","embeddable":true,"href":"https:\/\/www.ruiqigo.com\/fi\/wp-json\/wp\/v2\/product-tag?post=1506"},{"taxonomy":"products","embeddable":true,"href":"https:\/\/www.ruiqigo.com\/fi\/wp-json\/wp\/v2\/products?post=1506"}],"curies":[{"name":"wp","href":"https:\/\/api.w.org\/{rel}","templated":true}]}}