{"id":1851,"date":"2024-11-20T15:18:41","date_gmt":"2024-11-20T07:18:41","guid":{"rendered":"https:\/\/ruiqigo.com\/?post_type=product&#038;p=1851"},"modified":"2024-11-21T16:13:50","modified_gmt":"2024-11-21T08:13:50","slug":"leave-in-conditioner","status":"publish","type":"product","link":"https:\/\/www.ruiqigo.com\/fi\/product\/leave-in-conditioner","title":{"rendered":"J\u00e4tett\u00e4v\u00e4 hoitoaine"},"content":{"rendered":"<h2 class=\"wp-block-heading\">J\u00e4tett\u00e4v\u00e4 hoitoaine Manufacturing Common Formulas<\/h2>\n\n\n\n<p>P\u00e4\u00e4lle j\u00e4tett\u00e4vien hoitoaineiden valmistuksessa tutkimus- ja kehitystiimimme k\u00e4ytt\u00e4\u00e4 erilaisia innovatiivisia formulaatioita, jotka vastaavat erilaisia makuja ja tarpeita. Ammattimaisena pesuainevalmistajana raaka-ainevalikoimamme on my\u00f6s eritt\u00e4in tiukka, k\u00e4ytt\u00e4m\u00e4ll\u00e4 luonnollisia ja kevyit\u00e4 raaka-aineita varmistaaksemme, ett\u00e4 jokainen pullo voi saavuttaa korkean laadun. P\u00e4\u00e4aineosat ovat:<\/p>\n\n\n\n<p>1. Luonnollinen kasviesanssi: Luonnollisen kasviesanssin luonnollinen tuoksu voi rauhoittaa p\u00e4\u00e4nahkaa ja rentouttaa kehoa ja mielt\u00e4 samalla kun tasapainottaa \u00f6ljyn erityst\u00e4.<\/p>\n\n\n\n<p>2. Luonnolliset \u00f6ljyt: kuten argan\u00f6ljy, voivat tarjota runsaasti ravintoa. N\u00e4m\u00e4 luonnolliset \u00f6ljyt auttavat korjaamaan vaurioituneita hiuksia, menev\u00e4t syv\u00e4lle hiuksiin, ravitsevat juuria ja tekev\u00e4t hiuksista terveemm\u00e4t ja energisemm\u00e4t.<\/p>\n\n\n\n<p>3. Kosteuttava aine: glyseriini ja muut kosteuttavat aineet, voivat t\u00e4ydent\u00e4\u00e4 vett\u00e4, kosteuttaa kest\u00e4v\u00e4sti, v\u00e4hent\u00e4\u00e4 hiusten katkeilua ja p\u00f6rr\u00f6isyytt\u00e4 ja tehd\u00e4 hiuksista elastisempia.<\/p>\n\n\n\n<p>4. Antioksidantit: Antioksidantit voivat suojata hiuksia vapaiden radikaalien vaurioilta, est\u00e4\u00e4 entisest\u00e4\u00e4n hiusten ik\u00e4\u00e4ntymist\u00e4, kuivumista ja jakaantuneita latvoja ja tehd\u00e4 hiuksista vahvemmat ja terveempi\u00e4. Yleisi\u00e4 antioksidantteja ovat E-vitamiini ja teen polyfenolit.<\/p>\n\n\n\n<p>5. Silikoni\u00f6ljy: Silikoni\u00f6ljy voi tarjota v\u00e4litt\u00f6m\u00e4n sile\u00e4n vaikutuksen, v\u00e4hent\u00e4\u00e4 hiushaarukan solmun katkeamista kampauksen aikana ja suojata hiuksiamme ulkoisilta vaurioilta.<\/p>\n\n\n\n<h2 class=\"wp-block-heading\">J\u00e4tett\u00e4vien hoitoaineiden toiminnot<\/h2>\n\n\n\n<p>Huolehdittavassa hoitoaineessamme ei ole vain erilaisia formulaatioita, vaan se on my\u00f6s helppok\u00e4ytt\u00f6inen, ja siin\u00e4 on useita toimintoja, mik\u00e4 voi osoittaa sen ainutlaatuisen kilpailukyvyn hoitoainemarkkinoilla. T\u00e4ss\u00e4 ovat sen p\u00e4\u00e4toiminnot:<\/p>\n\n\n\n<p>1. Kosteuttava ja kosteuttava: Hiuksiin j\u00e4tett\u00e4v\u00e4n hoitoaineen kosteuttava ainesosa voi tarjota riitt\u00e4v\u00e4sti kosteutta ja ravintoa hiuksille, syv\u00e4lle hiuss\u00e4ikeihin ja kosteuttaa hiusten juuria. Pitk\u00e4kestoinen kosteuttava vaikutus auttaa tekem\u00e4\u00e4n hiuksista pehme\u00e4mpi\u00e4, sile\u00e4mpi\u00e4 ja kiilt\u00e4vi\u00e4.<\/p>\n\n\n\n<p>2. Paranna hiusten laatua: Hiuksiin j\u00e4tett\u00e4v\u00e4n hoitoaineemme pitk\u00e4aikainen k\u00e4ytt\u00f6 voi auttaa parantamaan hiusten laatua, ja tuotteidemme aktiiviset ainesosat voivat korjata vaurioituneet hiushilseet, mik\u00e4 palauttaa hiukset ja edist\u00e4\u00e4 terveiden hiusten kasvua.<\/p>\n\n\n\n<p>3. Muotoilu: K\u00e4yt\u00e4mme hiustenhoitoon kevyit\u00e4 ainesosia, jotka ovat kevyempi\u00e4 ja v\u00e4hemm\u00e4n stressaavia kuin eteeriset \u00f6ljyt. K\u00e4yt\u00f6n j\u00e4lkeen se voi tasoittaa p\u00f6rr\u00f6isyytt\u00e4, poistaa haarautumis- ja solmuongelmat, olla helppohoitoinen ja luoda erilaisia muotoja.<\/p>\n\n\n\n<p>4. Est\u00e4 staattinen s\u00e4hk\u00f6: Hiuksiin j\u00e4tett\u00e4v\u00e4ll\u00e4 hoitoaineellamme on antistaattisia ominaisuuksia, jotka v\u00e4hent\u00e4v\u00e4t hiusten v\u00e4list\u00e4 kitkaa ja v\u00e4hent\u00e4v\u00e4t varausten kertymist\u00e4 ja siten est\u00e4v\u00e4t staattisen s\u00e4hk\u00f6n muodostumisen, erityisesti kuivissa ymp\u00e4rist\u00f6iss\u00e4.<\/p>\n\n\n\n<p>5. Virkist\u00e4v\u00e4 \u00f6ljynhallinta: Tavallisiin hoitoaineisiin verrattuna iholle j\u00e4tett\u00e4v\u00e4t hoitoaineemme ovat kevyempi\u00e4 ja kevyempi\u00e4. Joten rasvaisille hiuksille se voi tehokkaasti hallita \u00f6ljy\u00e4 ja pit\u00e4\u00e4 hiukset tuoreina ja kiilt\u00e4vin\u00e4.<\/p>\n\n\n\n<p>6. Suojasulku: Pakkaukseen j\u00e4tett\u00e4v\u00e4ss\u00e4 hoitoaineessa olevat antioksidantit muodostavat suojakalvon, joka kest\u00e4\u00e4 ulkoisen ymp\u00e4rist\u00f6n vaurioita, kuten kuumailmakuivumista ja ultraviolettis\u00e4teit\u00e4.<\/p>\n\n\n\n<h2 class=\"wp-block-heading\">Kuinka k\u00e4ytt\u00e4\u00e4 hiuksiin j\u00e4tett\u00e4v\u00e4\u00e4 hoitoainetta?<\/h2>\n\n\n\n<p>K\u00e4tev\u00e4n\u00e4 hiustenhoitotuotteena, hiuksiin j\u00e4tett\u00e4v\u00e4 hoitoaineemme on helppok\u00e4ytt\u00f6inen ja sopii useimpiin tilanteisiin. Voimme my\u00f6s suunnitella sopivia pakkauksia erilaisten tarpeidesi mukaan, kuten perhe, matka ja niin edelleen. Merkitsemme sen k\u00e4yt\u00f6n my\u00f6s pakkaukseen, toivottavasti voit lukea sen ennen k\u00e4ytt\u00f6\u00e4.<\/p>\n\n\n\n<p>1. Kuivaa hiuksesi varovasti pyyhkeell\u00e4 puhdistuksen j\u00e4lkeen;<\/p>\n\n\n\n<p>2. Levit\u00e4 k\u00e4mmenelle sopiva m\u00e4\u00e4r\u00e4 hiuksiin j\u00e4tett\u00e4v\u00e4\u00e4 hoitoainetta ja levit\u00e4 sit\u00e4 tasaisesti hiusten keskelle latvaan;<\/p>\n\n\n\n<p>3. Kampaa hiuksesi hiuskammalla tai sormillasi.<\/p>\n\n\n\n<p>4. Kuivaa hiustenkuivaajalla tai ilmakuivaa<\/p>\n\n\n\n<h2 class=\"wp-block-heading\">Varoitus<\/h2>\n\n\n\n<p>1. Jos et voi hyvin, ennen kuin k\u00e4yt\u00e4t edistyneen allergiatestin ensimm\u00e4ist\u00e4 kertaa, lopeta sen k\u00e4ytt\u00f6 v\u00e4litt\u00f6m\u00e4sti ja ota yhteys l\u00e4\u00e4k\u00e4riin.<\/p>\n\n\n\n<p>2. On suositeltavaa k\u00e4ytt\u00e4\u00e4 sit\u00e4 korkeintaan kahdesti viikossa liiallisen ravinnon tai p\u00e4\u00e4nahan \u00f6ljyneritysh\u00e4iri\u00f6n v\u00e4ltt\u00e4miseksi.<\/p>\n\n\n\n<p>3. Ota kohtalainen m\u00e4\u00e4r\u00e4 joka kerta hiustesi pituuden mukaan, jotta hiukset eiv\u00e4t rasvoittu liikaa.<\/p>\n\n\n\n<p>4. Valitse oikea hiuksiin j\u00e4tett\u00e4v\u00e4 hoitoaine.<\/p>\n\n\n\n<p>5. V\u00e4lt\u00e4 kosketusta silmiin. Jos ainetta joutuu silmiin, huuhtele v\u00e4litt\u00f6m\u00e4sti vedell\u00e4.<\/p>\n\n\n\n<p>6. On suositeltavaa s\u00e4ilytt\u00e4\u00e4 viile\u00e4ss\u00e4 ja kuivassa paikassa, v\u00e4ltt\u00e4\u00e4 suoraa auringonvaloa ja korkeita l\u00e4mp\u00f6tiloja.<\/p>\n\n\n\n<h2 class=\"wp-block-heading\">Johtop\u00e4\u00e4t\u00f6s<\/h2>\n\n\n\n<p>Laadukkaiden hiuksiin j\u00e4tett\u00e4vien hoitoaineiden valmistajana keskitymme tuoteinnovaatioon ja eriytt\u00e4miseen kehitt\u00e4en jatkuvasti tuotteita erilaisiin hiustenhoitotarpeisiin. Tuotannossamme tutkimus- ja kehitystiimimme valitsi huolellisesti ja tieteellisesti sovitti erilaisia luonnollisia ravitsevia ainesosia, jotka ovat sitoutuneet luomaan sinulle tehokkaan hiustenhoidon, helppok\u00e4ytt\u00f6isen hiuksiin j\u00e4tett\u00e4v\u00e4n hoitoaineen. <\/p>\n\n\n\n<p>Samaan aikaan tarjoamme my\u00f6s ainutlaatuisia r\u00e4\u00e4t\u00e4l\u00f6ityj\u00e4 palveluita, monipuolinen muotoilu edist\u00e4\u00e4 br\u00e4ndin vaikutusta. Lis\u00e4ksi olemme perustaneet sarjan tiukkoja laadunvalvontaj\u00e4rjestelmi\u00e4 tuotteiden tuotantoa varten, jotta voimme tarjota sinulle turvallisia ja tehokkaita tuotteita. <\/p>\n\n\n\n<p>Jos olet kiinnostunut j\u00e4tett\u00e4v\u00e4st\u00e4 hoitoaineestamme, ota heti yhteytt\u00e4.<\/p>","protected":false},"excerpt":{"rendered":"Leave-in Conditioner Manufacturing Common Formulas In the production of leave-in conditioners, our research and development team uses a variety of innovative formulations to meet your different tastes and needs. As a professional leave-in conditioner manufacturer, our selection of raw materials is also very strict, using natural and lightweight raw materials to ensure that every bottle [&hellip;]","protected":false},"featured_media":1852,"menu_order":0,"template":"","meta":[],"product-tag":[],"products":[52],"class_list":["post-1851","product","type-product","status-publish","has-post-thumbnail","hentry","products-conditioner"],"acf":[],"_links":{"self":[{"href":"https:\/\/www.ruiqigo.com\/fi\/wp-json\/wp\/v2\/product\/1851","targetHints":{"allow":["GET"]}}],"collection":[{"href":"https:\/\/www.ruiqigo.com\/fi\/wp-json\/wp\/v2\/product"}],"about":[{"href":"https:\/\/www.ruiqigo.com\/fi\/wp-json\/wp\/v2\/types\/product"}],"version-history":[{"count":0,"href":"https:\/\/www.ruiqigo.com\/fi\/wp-json\/wp\/v2\/product\/1851\/revisions"}],"wp:featuredmedia":[{"embeddable":true,"href":"https:\/\/www.ruiqigo.com\/fi\/wp-json\/wp\/v2\/media\/1852"}],"wp:attachment":[{"href":"https:\/\/www.ruiqigo.com\/fi\/wp-json\/wp\/v2\/media?parent=1851"}],"wp:term":[{"taxonomy":"product-tag","embeddable":true,"href":"https:\/\/www.ruiqigo.com\/fi\/wp-json\/wp\/v2\/product-tag?post=1851"},{"taxonomy":"products","embeddable":true,"href":"https:\/\/www.ruiqigo.com\/fi\/wp-json\/wp\/v2\/products?post=1851"}],"curies":[{"name":"wp","href":"https:\/\/api.w.org\/{rel}","templated":true}]}}