{"id":1909,"date":"2024-11-22T15:17:58","date_gmt":"2024-11-22T07:17:58","guid":{"rendered":"https:\/\/ruiqigo.com\/?post_type=product&#038;p=1909"},"modified":"2024-11-22T15:17:59","modified_gmt":"2024-11-22T07:17:59","slug":"hand-cream-for-dry-hands","status":"publish","type":"product","link":"https:\/\/www.ruiqigo.com\/fi\/product\/hand-cream-for-dry-hands","title":{"rendered":"K\u00e4sivoide kuiville k\u00e4sille"},"content":{"rendered":"<h2 class=\"wp-block-heading\">K\u00e4sivoide kuiville k\u00e4sille, valmistaa yleisi\u00e4 kaavoja<\/h2>\n\n\n\n<p>Kuiville k\u00e4sille tutkimus- ja kehitystiimimme k\u00e4ytt\u00e4\u00e4 ainutlaatuista kaavaa, jossa on valikoima luonnollisia kasviuutteita ja kosteuttavia ainesosia, jotka ovat hell\u00e4varaisia iholle ja tarjoavat erinomaisen kosteuttavan ja korjaavan vaikutuksen k\u00e4siin. Katsotaanpa n\u00e4iden ainesosien p\u00e4\u00e4roolia:<\/p>\n\n\n\n<p>1. Laventelin eteerinen \u00f6ljy: Laventelin eteerisell\u00e4 \u00f6ljyll\u00e4 on antibakteerisia ja anti-inflammatorisia vaikutuksia, jotka voivat v\u00e4hent\u00e4\u00e4 k\u00e4sien ihon tulehdusta ja punoitusta sek\u00e4 edist\u00e4\u00e4 vaurioituneen ihon korjausta ja uusiutumista. Samalla sill\u00e4 on my\u00f6s rauhoittava vaikutus, joka rentouttaa kehoa ja mielt\u00e4, lievitt\u00e4\u00e4 stressi\u00e4 ja antaa sinulle miellytt\u00e4v\u00e4n kokemuksen.<\/p>\n\n\n\n<p>2. Glyseriini: Glyseriinill\u00e4 on vahva kosteuttava ja vett\u00e4 lukittava vaikutus, joka voi muodostaa suojaavan kalvon iholle, lukita tehokkaasti veden, est\u00e4\u00e4 haihtumista ja tehd\u00e4 k\u00e4sist\u00e4si kosteutettua. Lis\u00e4ksi se voi my\u00f6s s\u00e4\u00e4dell\u00e4 ihosuojaa, v\u00e4hent\u00e4\u00e4 ulkoisia vaurioita ja edist\u00e4\u00e4 vaurioituneen ihosuojan korjaamista.<\/p>\n\n\n\n<p>3. Hyaluronihappo: Se on my\u00f6s eritt\u00e4in tehokas kosteuttava ainesosa, ja se tarjoaa my\u00f6s ravinteita, jotka voivat tehokkaasti korjata kuivuuden ja vaurioiden aiheuttamia ongelmia. Samalla hyaluronihappo on t\u00e4rke\u00e4 ihon kimmoisuutta tukeva komponentti, joka voi auttaa k\u00e4sien ihoa palauttamaan kimmoisuuden, lievitt\u00e4m\u00e4\u00e4n ik\u00e4\u00e4ntymist\u00e4 ja kiinteytt\u00e4m\u00e4\u00e4n.<\/p>\n\n\n\n<p>4. Sheavoi: Sheavoilla on merkitt\u00e4v\u00e4 kosteuttava ja ravitseva vaikutus, joka voi kosteuttaa ja ravita ihosoluja pitk\u00e4\u00e4n ja lievitt\u00e4\u00e4 k\u00e4sien kuivan ja karhean ihon ongelmaa. Sill\u00e4 on my\u00f6s anti-inflammatorisia ja UV-suojattuja ominaisuuksia, jotka voivat lievitt\u00e4\u00e4 tulehdusta ja ep\u00e4mukavuutta ja edist\u00e4\u00e4 ihon paranemista ja uusiutumista, samalla kun se suojaa k\u00e4sien ihoa UV-vaurioilta ja tekee ihosta terveemm\u00e4n ja kiinte\u00e4mm\u00e4n.<\/p>\n\n\n\n<p>5. E-vitamiini: E-vitamiini on vahva antioksidantti, joka voi vastustaa vapaiden radikaalien aiheuttamia vaurioita iholle ja est\u00e4\u00e4 ihon ik\u00e4\u00e4ntymist\u00e4. Sill\u00e4 on my\u00f6s valkaiseva vaikutus, joka v\u00e4hent\u00e4\u00e4 ihonalaisen pigmentin kertymist\u00e4 ja tekee k\u00e4sien ihosta kirkkaamman. Samalla se voi nopeuttaa sarveiskerroksen paranemista, mik\u00e4 voi auttaa vaurioituneen tai kuivan ihon palautumisessa.<\/p>\n\n\n\n<h2 class=\"wp-block-heading\">K\u00e4sivoiteen toiminnot kuiville k\u00e4sille<\/h2>\n\n\n\n<p>Ammattimaisena k\u00e4sivoidevalmistajana olemme suunnitelleet vastaavan koostumuksen k\u00e4sien ihon tilan mukaan, toivoen t\u00e4ytt\u00e4v\u00e4n erilaisia mieltymyksi\u00e4 ja tarpeita. Monik\u00e4ytt\u00f6iset k\u00e4sivoiteet ovat my\u00f6s yksi kilpailuetuistamme. K\u00e4sivoiteemme sopivat useimmille ihmisille ja voivat syv\u00e4kosteuttaa, palauttaa kimmoisuuden, korjata esteit\u00e4 ja saada k\u00e4sien ihon taas hehkumaan.<\/p>\n\n\n\n<p>1. Est\u00e4 kuivumista ja hilseily\u00e4: K\u00e4sivoiteissamme on runsaasti kosteuttavia tekij\u00f6it\u00e4 ja ravitsevia ainesosia, jotka tunkeutuvat syv\u00e4lle ihoon, tarjoavat kosteutta ja ravinteita sek\u00e4 lukitsevat kosteuden kest\u00e4v\u00e4\u00e4n kosteutukseen. Ravitsevat ainesosat korjaavat vaurioitunutta ihoa ja edist\u00e4v\u00e4t paranemista ja uusiutumista. Pitk\u00e4aikainen k\u00e4ytt\u00f6 tekee kuivista, karheista, hilseilevist\u00e4 k\u00e4sist\u00e4si kosteutettuja ja terveit\u00e4.<\/p>\n\n\n\n<p>2. Ehk\u00e4ise ik\u00e4\u00e4ntymist\u00e4: Lis\u00e4\u00e4m\u00e4mme antioksidanttiainesosa, hyaluronihappo, voi tehokkaasti edist\u00e4\u00e4 kollageenin tuotantoa, jotta k\u00e4sien iho on kiinte\u00e4mpi ja joustavampi ja saavuttaa entisest\u00e4\u00e4n ik\u00e4\u00e4ntymist\u00e4 est\u00e4v\u00e4n vaikutuksen.<\/p>\n\n\n\n<p>3. Stimuloi kynsien kasvua: K\u00e4sivoiteet edist\u00e4v\u00e4t kynsien kasvua kosteuttamalla kynnen ymp\u00e4rill\u00e4 olevaa ihoa v\u00e4hent\u00e4\u00e4kseen kitkaa ja vastustuskyky\u00e4, jota kynsi voi kohdata kasvun aikana, ja pehment\u00e4\u00e4 entisest\u00e4\u00e4n kynsinauhoja tehden kynnen ymp\u00e4rill\u00e4 olevasta ihosta terveemm\u00e4n.<\/p>\n\n\n\n<p>4. Rauhoittava: K\u00e4sivoiteen tuoksulla on rauhoittava vaikutus, joka voi rentouttaa kehoa ja mielt\u00e4, lievitt\u00e4\u00e4 stressi\u00e4 ja tuoda sinulle miellytt\u00e4v\u00e4n kokemuksen.<\/p>\n\n\n\n<p>5. Paranna ihon v\u00e4ri\u00e4: Lis\u00e4simme my\u00f6s valkaisuaineita, jotka edist\u00e4v\u00e4t k\u00e4sien tylsyytt\u00e4, pitk\u00e4aikainen k\u00e4ytt\u00f6 voi tehd\u00e4 k\u00e4sien ihosta herkemm\u00e4n ja kirkkaamman.<\/p>\n\n\n\n<p>6. Suojaava este: K\u00e4sivoidetta levitett\u00e4ess\u00e4 se muodostaa luonnollisen suojakalvon, joka est\u00e4\u00e4 ulkoisen ymp\u00e4rist\u00f6n vauriot, kuten ultraviolettivalon, kuivan ymp\u00e4rist\u00f6n jne., jotta voit ty\u00f6skennell\u00e4 turvallisesti ulkona.<\/p>\n\n\n\n<h2 class=\"wp-block-heading\">Kuinka k\u00e4ytt\u00e4\u00e4 k\u00e4sivoidetta kuiville k\u00e4sille?<\/h2>\n\n\n\n<p>Erikoisk\u00e4sivoidettamme kuiville k\u00e4sille voidaan k\u00e4ytt\u00e4\u00e4 monissa tilanteissa, kuten k\u00e4sienpesun j\u00e4lkeen, kylmin\u00e4 ja kuivina vuodenaikoina, ulkoiluun jne. Sen pakkaus on suunniteltu helposti kuljetettavaksi ja sit\u00e4 voidaan k\u00e4ytt\u00e4\u00e4 tarpeen mukaan. Tuotteidemme laadun ja turvallisuuden takaamiseksi meill\u00e4 on koko tuotantoprosessissa erilaisia laadunhallintaj\u00e4rjestelmi\u00e4, joilla testataan k\u00e4sivoiteen ulkon\u00e4k\u00f6\u00e4, suorituskyky\u00e4 ja muita n\u00e4k\u00f6kohtia. K\u00e4ytt\u00f6tapa on my\u00f6s merkitty tuotteen pakkaukseen.<\/p>\n\n\n\n<p>1. Puhtaat k\u00e4det: Puhdista k\u00e4det ensin, jotta lika ja muut j\u00e4\u00e4m\u00e4t eiv\u00e4t vaikuta k\u00e4sivoiteen k\u00e4sienpesuvaikutukseen.<\/p>\n\n\n\n<p>2. Levit\u00e4 tasaisesti: Ota sopiva m\u00e4\u00e4r\u00e4 k\u00e4sivoidetta (halkaisijaltaan noin 1,5 cm) ja levit\u00e4 se ensin k\u00e4mmenelle ja levit\u00e4 sitten toisilleen molemmin k\u00e4sin varmistaaksesi, ett\u00e4 jokainen nurkka on peitetty, erityisesti tiikerin suu, kynnen reuna, sormien v\u00e4lit ja muut helposti huomiotta j\u00e4\u00e4v\u00e4t paikat.<\/p>\n\n\n\n<p>3. Oikea hieronta: Hiero varovasti k\u00e4sien ihoa molemmin k\u00e4sin levityksen j\u00e4lkeen edist\u00e4\u00e4ksesi verenkiertoa ja k\u00e4sivoiteen imeytymist\u00e4, erityisesti sormenp\u00e4it\u00e4 ja k\u00e4mment\u00e4.<\/p>\n\n\n\n<h2 class=\"wp-block-heading\">Varoitus<\/h2>\n\n\n\n<p>1. Suorita allergiatesti, kun k\u00e4yt\u00e4t sit\u00e4 ensimm\u00e4ist\u00e4 kertaa. Jos ep\u00e4mukavuutta ilmenee, lopeta k\u00e4ytt\u00f6 v\u00e4litt\u00f6m\u00e4sti ja ota yhteys l\u00e4\u00e4k\u00e4riin.<\/p>\n\n\n\n<p>2. Valitse erilaisia k\u00e4sivoiteita vuodenajan ja ihotyyppisi mukaan.<\/p>\n\n\n\n<p>3. V\u00e4lt\u00e4 toistuvaa k\u00e4sien pesua, koska se voi kuivata k\u00e4si\u00e4si.<\/p>\n\n\n\n<p>4. V\u00e4lt\u00e4 liian paksun k\u00e4sivoiteen levitt\u00e4mist\u00e4. Liian paksu k\u00e4sivoide saa k\u00e4tesi tuntumaan rasvaisilta ja ep\u00e4mukavilta.<\/p>\n\n\n\n<p>5. On suositeltavaa s\u00e4ilytt\u00e4\u00e4 viile\u00e4ss\u00e4 ja kuivassa paikassa ja pit\u00e4\u00e4 suljettuna suoran auringonvalon ja korkeiden l\u00e4mp\u00f6tilojen v\u00e4ltt\u00e4miseksi.<\/p>\n\n\n\n<h2 class=\"wp-block-heading\">Johtop\u00e4\u00e4t\u00f6s<\/h2>\n\n\n\n<p>Valmistajana, joka on sitoutunut luomaan korkealaatuista k\u00e4sivoidetta kuiville k\u00e4sille, meill\u00e4 on kehittyneet tuotantolaitteet ja automatisoidut tuotantolinjat, meill\u00e4 on vakaa laatuj\u00e4rjestelm\u00e4, ja meill\u00e4 on my\u00f6s ammattitaitoinen T&amp;K-tiimi ja vakaa toimitusketjuj\u00e4rjestelm\u00e4. Siksi, olipa kyseess\u00e4 suuri tai pieni tilaus, voimme t\u00e4ydent\u00e4\u00e4 laadun tehokkaasti. Sen lis\u00e4ksi, ett\u00e4 meill\u00e4 on my\u00f6s ainutlaatuinen r\u00e4\u00e4t\u00e4l\u00f6intipalvelu, joka r\u00e4\u00e4t\u00e4l\u00f6id\u00e4\u00e4n tarpeidesi mukaan mukauttaaksesi k\u00e4sivoidekoostumustasi. Ota yhteytt\u00e4, jos olet kiinnostunut k\u00e4sivoiteistamme.<\/p>\n\n\n\n<p><\/p>","protected":false},"excerpt":{"rendered":"Hand Cream For Dry Hands Manufacturing Common Formulas For dry hands, our research and development team uses a unique formula with a selection of natural plant extracts and moisturizing ingredients, which are gentle on the skin and give excellent moisturizing and repairing effects on the hands. Let&#8217;s take a look at the main role of [&hellip;]","protected":false},"featured_media":1910,"menu_order":0,"template":"","meta":[],"product-tag":[],"products":[58],"class_list":["post-1909","product","type-product","status-publish","has-post-thumbnail","hentry","products-hand-cream"],"acf":[],"_links":{"self":[{"href":"https:\/\/www.ruiqigo.com\/fi\/wp-json\/wp\/v2\/product\/1909","targetHints":{"allow":["GET"]}}],"collection":[{"href":"https:\/\/www.ruiqigo.com\/fi\/wp-json\/wp\/v2\/product"}],"about":[{"href":"https:\/\/www.ruiqigo.com\/fi\/wp-json\/wp\/v2\/types\/product"}],"version-history":[{"count":0,"href":"https:\/\/www.ruiqigo.com\/fi\/wp-json\/wp\/v2\/product\/1909\/revisions"}],"wp:featuredmedia":[{"embeddable":true,"href":"https:\/\/www.ruiqigo.com\/fi\/wp-json\/wp\/v2\/media\/1910"}],"wp:attachment":[{"href":"https:\/\/www.ruiqigo.com\/fi\/wp-json\/wp\/v2\/media?parent=1909"}],"wp:term":[{"taxonomy":"product-tag","embeddable":true,"href":"https:\/\/www.ruiqigo.com\/fi\/wp-json\/wp\/v2\/product-tag?post=1909"},{"taxonomy":"products","embeddable":true,"href":"https:\/\/www.ruiqigo.com\/fi\/wp-json\/wp\/v2\/products?post=1909"}],"curies":[{"name":"wp","href":"https:\/\/api.w.org\/{rel}","templated":true}]}}