{"id":2022,"date":"2024-11-27T14:41:54","date_gmt":"2024-11-27T06:41:54","guid":{"rendered":"https:\/\/ruiqigo.com\/?post_type=product&#038;p=2022"},"modified":"2024-11-27T14:41:54","modified_gmt":"2024-11-27T06:41:54","slug":"anti-aging-hand-cream","status":"publish","type":"product","link":"https:\/\/www.ruiqigo.com\/fi\/product\/anti-aging-hand-cream","title":{"rendered":"Ik\u00e4\u00e4ntymist\u00e4 est\u00e4v\u00e4 k\u00e4sivoide"},"content":{"rendered":"<h2 class=\"wp-block-heading\">Anti-Aging Hand Cream Manufacturing Common Formuls<\/h2>\n\n\n\n<p>Hienoihin juonteisiin, tahroihin ja muihin ongelmiin T&amp;K-tiimimme k\u00e4ytt\u00e4\u00e4 edistyksellisi\u00e4 tieteellisi\u00e4 formulaatioita, mietoja luonnollisia ainesosia ja huolellisesti valittuja raaka-aineita varmistaakseen korkean laadun. P\u00e4\u00e4kaavat ovat:<\/p>\n\n\n\n<p>1. Retinoli: Retinoli on ik\u00e4\u00e4ntymisen eston keskeinen osa, joka voi edist\u00e4\u00e4 epiteelisolujen ja kollageenin tuotantoa. Se lis\u00e4\u00e4 ihon kimmoisuutta vahvistamalla ihon aineenvaihduntaa ja edist\u00e4\u00e4 ik\u00e4\u00e4ntyvien kynsinauhojen irtoamista tahrapisteiden v\u00e4hent\u00e4miseksi. Pitk\u00e4aikaisessa k\u00e4yt\u00f6ss\u00e4 k\u00e4sist\u00e4mme tulee herk\u00e4t ja sile\u00e4t.<\/p>\n\n\n\n<p>2. Hyaluronihappo: Se on eritt\u00e4in tehokas kosteuttava ainesosa, joka voi lukkiutua tiukasti veteen ja saavuttaa pitk\u00e4kestoisen kosteuttavan vaikutuksen. Joten k\u00e4teen tarttuminen auttaa ihoa yll\u00e4pit\u00e4m\u00e4\u00e4n vesitasapainoa ja v\u00e4ltt\u00e4m\u00e4\u00e4n kuivia karkeita ongelmia.<\/p>\n\n\n\n<p>3. Skvalaani: Skvalaanilla on merkitt\u00e4v\u00e4 kosteuttava vaikutus ja se on mieto ja ei \u00e4rsyt\u00e4, mutta muodostaa samalla suojakalvon. Se ravitsee k\u00e4sien ihoa ja ehk\u00e4isee haitallisten aineiden vaurioitumista ulkopuolelta, kaksinkertaista apua ja tekee k\u00e4sist\u00e4mme pehme\u00e4mpi\u00e4 ja joustavampia.<\/p>\n\n\n\n<p>4. E-vitamiini: Se on hyv\u00e4 antioksidantti, voi vastustaa vapaiden radikaalien vaurioita, est\u00e4\u00e4 melaniinin synteesi\u00e4 ja saavuttaa edelleen pisamia, valkaisua ja korjausta. Pitk\u00e4aikainen k\u00e4ytt\u00f6 voi hidastaa ihon ik\u00e4\u00e4ntymisprosessia.<\/p>\n\n\n\n<p>5. Luonnollinen kasviesanssi: Lis\u00e4\u00e4mme aloe veraa, kamomillaa ja muita luonnollisia kasviesanssia, niill\u00e4 on rauhoittava vaikutus ja ne voivat lievitt\u00e4\u00e4 kuivien k\u00e4sien aiheuttamaa kireytt\u00e4 ja ep\u00e4mukavuutta.<\/p>\n\n\n\n<h2 class=\"wp-block-heading\">Ik\u00e4\u00e4ntymist\u00e4 est\u00e4v\u00e4n k\u00e4sivoiteen toiminnot<\/h2>\n\n\n\n<p>Kokeneena ik\u00e4\u00e4ntymist\u00e4 est\u00e4v\u00e4n\u00e4 k\u00e4sivoidevalmistajana olemme suunnitelleet erilaisia koostumuksia eri ihotyyppien ja mieltymystesi mukaan. Tuotantoprosessissa pid\u00e4mme my\u00f6s eritt\u00e4in t\u00e4rke\u00e4n\u00e4 tuotteiden turvallisuutta ja perustamme monikanavaisen laadunvalvontaj\u00e4rjestelm\u00e4n tuotteiden turvallisuuden ja tehokkuuden varmistamiseksi. Sen toiminnoista voimme oppia:<\/p>\n\n\n\n<p>1. Voimakkaasti kosteuttava ja kosteuttava: Anti-aging k\u00e4sivoide sis\u00e4lt\u00e4\u00e4 runsaasti kosteuttavia tekij\u00f6it\u00e4 ja ravitsevia ainesosia, jotka voivat syv\u00e4kosteuttaa ja t\u00e4ydent\u00e4\u00e4 vett\u00e4. Samalla vesi lukittuu tiukasti s\u00e4ilytt\u00e4en k\u00e4sien ihon kosteuden, yhdistettyn\u00e4 rikkaaseen ravitsevaan vaikutukseen, joka voi tehd\u00e4 k\u00e4sist\u00e4si pehme\u00e4mpi\u00e4 ja sile\u00e4mpi\u00e4.<\/p>\n\n\n\n<p>2. H\u00e4ivytt\u00e4\u00e4 hienoja juonteita ja ryppyj\u00e4: Antioksidanttien, kuten retinolin, vaikutuksesta k\u00e4sien ihon tahrat h\u00e4vi\u00e4v\u00e4t v\u00e4hitellen ja stimuloivat jatkuvasti ihosolujen uusiutumista, t\u00e4ynn\u00e4 kollageenia voi parantaa ihon rakennetta, h\u00e4ivytt\u00e4\u00e4 hienoja juonteita ja ryppyj\u00e4 sek\u00e4 palauttaa elastisuuden.<\/p>\n\n\n\n<p>3. Rauhoittava ja rauhoittava: Jos k\u00e4si on vakavasti kuivunut, se voi aiheuttaa karkeita ja kuivia halkeamia, mik\u00e4 tekee k\u00e4sist\u00e4si kipe\u00e4mpi\u00e4. Lis\u00e4tyt luonnolliset kasviuutteemme auttavat rauhoittamaan ja rauhoittamaan ihoasi \u00e4rsytt\u00e4m\u00e4tt\u00e4 ihoasi, jopa herkki\u00e4 lihaksia.<\/p>\n\n\n\n<p>4. Suojasuoja: K\u00e4sien iho muodostaa levitett\u00e4ess\u00e4 suojakalvon, joka kest\u00e4\u00e4 ankaran ulkoisen ymp\u00e4rist\u00f6n vaurioita ja suojaa k\u00e4sien ihoa siten, ett\u00e4 k\u00e4sien iho on jatkuvasti ravittu ja sile\u00e4.<\/p>\n\n\n\n<p>5. Vaalentaa ihoa: Ik\u00e4\u00e4ntymist\u00e4 est\u00e4v\u00e4 k\u00e4sivoidemme ei ainoastaan v\u00e4henn\u00e4 t\u00e4pli\u00e4 ja tasoittaa ihon s\u00e4vy\u00e4, vaan my\u00f6s vaalentaa sit\u00e4. Pitk\u00e4aikaisella k\u00e4yt\u00f6ll\u00e4 voidaan saavuttaa k\u00e4sien ihon v\u00e4ri\u00e4 kirkastava vaikutus.<\/p>\n\n\n\n<h2 class=\"wp-block-heading\">Kuinka k\u00e4ytt\u00e4\u00e4 ik\u00e4\u00e4ntymist\u00e4 est\u00e4v\u00e4\u00e4 k\u00e4sivoidetta?<\/h2>\n\n\n\n<p>Valitsemalla ihotyypillesi ja tarpeisiisi sopivan ik\u00e4\u00e4ntymist\u00e4 est\u00e4v\u00e4n k\u00e4sivoiteen ja pit\u00e4ytym\u00e4ll\u00e4 siin\u00e4, voit tehokkaasti edist\u00e4\u00e4 k\u00e4sien ihosi ik\u00e4\u00e4ntymist\u00e4. K\u00e4yt\u00e4mme sit\u00e4 ja turvallinen kaava ja muut tiedot on merkitty pakkaukseen, voit lukea sen yksityiskohtaisesti ja k\u00e4ytt\u00e4\u00e4 sit\u00e4 rauhallisin mielin.<\/p>\n\n\n\n<p>1. Huuhtele l\u00e4mpim\u00e4ll\u00e4 vedell\u00e4 ja kuivaa varovasti pyyhkeell\u00e4 ennen k\u00e4ytt\u00f6\u00e4;<\/p>\n\n\n\n<p>2. Levit\u00e4 k\u00e4mmenelle sopiva m\u00e4\u00e4r\u00e4 ik\u00e4\u00e4ntymist\u00e4 est\u00e4v\u00e4\u00e4 k\u00e4sivoidetta ja hiero molemmin k\u00e4sin, levit\u00e4 k\u00e4sivoide tasaisesti molempiin k\u00e4siin ja varmista, ett\u00e4 my\u00f6s k\u00e4den takaosa, sormien sauma ja sormenp\u00e4\u00e4t levitet\u00e4\u00e4n;<\/p>\n\n\n\n<p>3. Hiero k\u00e4si\u00e4si varovasti levityksen j\u00e4lkeen, jotta k\u00e4sivoide imeytyy paremmin.<\/p>\n\n\n\n<p>4. Levit\u00e4 k\u00e4sivoidetta uudelleen aina, kun k\u00e4tesi ovat erityisen kuivat.<\/p>\n\n\n\n<h2 class=\"wp-block-heading\">Varoitus<\/h2>\n\n\n\n<p>1. Valitse sopivin anti-aging k\u00e4sivoide ihotyyppisi ja tarpeidesi mukaan;<\/p>\n\n\n\n<p>2. Jos ep\u00e4miellytt\u00e4v\u00e4\u00e4 tunnetta ilmenee, lopeta k\u00e4ytt\u00f6 v\u00e4litt\u00f6m\u00e4sti ja ota yhteys l\u00e4\u00e4k\u00e4riin ennen pitk\u00e4lle kehitetyn allergiatestin ensimm\u00e4ist\u00e4 k\u00e4ytt\u00f6\u00e4.<\/p>\n\n\n\n<p>3. V\u00e4lt\u00e4 liiallista k\u00e4ytt\u00f6\u00e4, muuten se aiheuttaa rasvaisen ihon ja tukkia huokoset;<\/p>\n\n\n\n<p>4. Kiinnit\u00e4 huomiota k\u00e4ytt\u00f6tiheyteen, on suositeltavaa k\u00e4ytt\u00e4\u00e4 k\u00e4sien pesun j\u00e4lkeen aamulla ja illalla, jos kuiva ja kylm\u00e4 ymp\u00e4rist\u00f6 voi tarkoituksenmukaisesti lis\u00e4t\u00e4 k\u00e4ytt\u00f6tiheytt\u00e4;<\/p>\n\n\n\n<p>5. On suositeltavaa s\u00e4ilytt\u00e4\u00e4 viile\u00e4ss\u00e4 ja kuivassa paikassa ja v\u00e4ltt\u00e4\u00e4 korkeita l\u00e4mp\u00f6tiloja ja kosteaa ymp\u00e4rist\u00f6\u00e4.<\/p>\n\n\n\n<h2 class=\"wp-block-heading\">Johtop\u00e4\u00e4t\u00f6s<\/h2>\n\n\n\n<p>Ik\u00e4\u00e4ntymist\u00e4 est\u00e4v\u00e4 k\u00e4sivoidemme on kilpailukykyinen tuote miedoilla ainesosillaan, ainutlaatuisella koostumuksellaan ja erinomaisella tehokkuudellaan. Samalla tarjoamamme r\u00e4\u00e4t\u00e4l\u00f6ity palvelu on my\u00f6s korkealaatuista, luomme sinulle erityisen kaavan tarpeidesi mukaan. Sill\u00e4 v\u00e4lin muokkaamme jatkuvasti palautettasi parhaan tuloksen saavuttamiseksi. Jos haluat my\u00f6s kokea sen ainutlaatuisen vieh\u00e4tyksen, ota meihin yhteytt\u00e4.<\/p>","protected":false},"excerpt":{"rendered":"Anti-Aging Hand Cream Manufacturing Common Formulas For fine lines, stains, and other problems, our R&amp;D team uses advanced scientific formulations, mild natural ingredients, and carefully selected raw materials to ensure high quality. The main formulas are: 1. Retinol: Retinol is the core component of anti-aging, which can promote the production of epithelial cells and collagen. [&hellip;]","protected":false},"featured_media":2023,"menu_order":0,"template":"","meta":[],"product-tag":[],"products":[58],"class_list":["post-2022","product","type-product","status-publish","has-post-thumbnail","hentry","products-hand-cream"],"acf":[],"_links":{"self":[{"href":"https:\/\/www.ruiqigo.com\/fi\/wp-json\/wp\/v2\/product\/2022","targetHints":{"allow":["GET"]}}],"collection":[{"href":"https:\/\/www.ruiqigo.com\/fi\/wp-json\/wp\/v2\/product"}],"about":[{"href":"https:\/\/www.ruiqigo.com\/fi\/wp-json\/wp\/v2\/types\/product"}],"version-history":[{"count":0,"href":"https:\/\/www.ruiqigo.com\/fi\/wp-json\/wp\/v2\/product\/2022\/revisions"}],"wp:featuredmedia":[{"embeddable":true,"href":"https:\/\/www.ruiqigo.com\/fi\/wp-json\/wp\/v2\/media\/2023"}],"wp:attachment":[{"href":"https:\/\/www.ruiqigo.com\/fi\/wp-json\/wp\/v2\/media?parent=2022"}],"wp:term":[{"taxonomy":"product-tag","embeddable":true,"href":"https:\/\/www.ruiqigo.com\/fi\/wp-json\/wp\/v2\/product-tag?post=2022"},{"taxonomy":"products","embeddable":true,"href":"https:\/\/www.ruiqigo.com\/fi\/wp-json\/wp\/v2\/products?post=2022"}],"curies":[{"name":"wp","href":"https:\/\/api.w.org\/{rel}","templated":true}]}}