{"id":2135,"date":"2024-12-04T16:06:10","date_gmt":"2024-12-04T08:06:10","guid":{"rendered":"https:\/\/ruiqigo.com\/?post_type=product&#038;p=2135"},"modified":"2024-12-04T16:07:39","modified_gmt":"2024-12-04T08:07:39","slug":"natural-body-lotion","status":"publish","type":"product","link":"https:\/\/www.ruiqigo.com\/fi\/product\/natural-body-lotion","title":{"rendered":"Luonnollinen vartalovoide"},"content":{"rendered":"<h2 class=\"wp-block-heading\">Natural Body Lotion Manufacturing Common Formuls<\/h2>\n\n\n\n<p>Varmistaakseen, ett\u00e4 ainesosat ovat mietoja eiv\u00e4tk\u00e4 aiheuta \u00e4rsytyst\u00e4 iholle, tutkimus- ja kehitystiimimme on valinnut useita puhtaita ainesosia. Valitut raaka-aineet sekoitetaan tuotantoprosessissa, jotta varmistetaan luonnollisen vartalomaitomme turvallisuus ja tehokkuus.<\/p>\n\n\n\n<p>1. Glyseriini: Glyseriini on yleisesti k\u00e4ytetty kosteusvoide, joka imee kosteutta ilmasta ja muodostaa kalvon iholle, mik\u00e4 auttaa tehokkaasti ihoa lukitsemaan kosteuden. Ne tarjoavat pitk\u00e4kestoisia kosteuttavia vaikutuksia samalla, kun ne kosteuttavat ihoa ja pit\u00e4v\u00e4t sen pehme\u00e4n\u00e4 ja elastisena.<\/p>\n\n\n\n<p>2. Luonnolliset s\u00e4il\u00f6nt\u00e4aineet: Luonnollisten s\u00e4il\u00f6nt\u00e4aineiden k\u00e4ytt\u00f6 voi est\u00e4\u00e4 mikro-organismien kasvun vahingoittamatta ihoamme. Se sopii paremmin useimmille ihotyypeille, erityisesti herk\u00e4lle, kuin perinteiset vartalovoiteet.<\/p>\n\n\n\n<p>3. Emulgointiaine: Se voi auttaa vett\u00e4 ja \u00f6ljy\u00e4 sekoittumaan ja olemaan erottamatta emulgoitumisen, stabiilisuuden ja muiden vaikutusten saavuttamiseksi. Sen lis\u00e4\u00e4minen luonnolliseen vartalovoiteen voi auttaa sit\u00e4 imeytym\u00e4\u00e4n helpommin ja ehk\u00e4isem\u00e4\u00e4n delaminaatiota tai saostumista.<\/p>\n\n\n\n<p>4. Luonnolliset \u00f6ljyt: Ne ovat t\u00e4rkeit\u00e4 kosteuttavia ainesosia ja sis\u00e4lt\u00e4v\u00e4t runsaasti tyydyttym\u00e4tt\u00f6mi\u00e4 rasvahappoja ja vitamiineja. Joten niill\u00e4 on kosteuttava ja kosteuttava vaikutus, joka voi kosteuttaa ihoa syv\u00e4sti ja parantaa karheaa ja kuivaa ihoa. Samalla ne auttavat my\u00f6s korjaamaan vaurioituneita ihoesteit\u00e4 ja vahvistamaan ihon vastustuskyky\u00e4 est\u00e4en vesihukan ja ulkoisen \u00e4rsytyksen.<\/p>\n\n\n\n<p>5. Luonnollinen kasvien eteerinen \u00f6ljy: Kasvien eteerinen \u00f6ljy voi lis\u00e4t\u00e4 aromia vartalovoiteen ja sill\u00e4 on rauhoittava vaikutus, joka voi rentouttaa kehoa ja mielt\u00e4 ja tuoda miellytt\u00e4v\u00e4n k\u00e4ytt\u00f6kokemuksen.<\/p>\n\n\n\n<h2 class=\"wp-block-heading\">Natural Body Lotionin toiminnot<\/h2>\n\n\n\n<p>Pid\u00e4mme eritt\u00e4in t\u00e4rke\u00e4n\u00e4 luonnollisen vartalomaidon tuotantoprosessia. Jokainen pisara on tiukasti mitoitettu ja k\u00e4sitelty sen herk\u00e4n koostumuksen ja tehokkaan ihonhoidon varmistamiseksi. T\u00e4ss\u00e4 ovat sen p\u00e4\u00e4toiminnot:<\/p>\n\n\n\n<p>1. Liev\u00e4 ja \u00e4rsytt\u00e4m\u00e4t\u00f6n: Valitsemme huolellisesti erilaisia luonnollisia ainesosia ilman haitallisia kemikaaleja. Joten se ei aiheuta \u00e4rsytyst\u00e4 ja ep\u00e4mukavuutta ihollesi, ja se sopii useimmille ihotyypeille.<\/p>\n\n\n\n<p>2. Pitk\u00e4kestoinen kosteuttaminen: Luonnollinen vartaloemulsio muodostaa ihollesi suojakalvon, joka lukitsee kosteuden tiukasti ja est\u00e4\u00e4 kosteuden haihtumisen, mik\u00e4 voi t\u00e4ydent\u00e4\u00e4 kosteutta pitk\u00e4ksi aikaa ja parantaa karheaa ja kuivaa ihoa.<\/p>\n\n\n\n<p>3. Syv\u00e4kosteuttava: Luonnollinen vartalovoide voi tunkeutua syv\u00e4lle ihoon, t\u00e4ydent\u00e4\u00e4 tarvittavia ravintoaineita, ja pitk\u00e4aikainen k\u00e4ytt\u00f6 voi tehd\u00e4 ihosta terveemm\u00e4n ja kiilt\u00e4v\u00e4mm\u00e4n.<\/p>\n\n\n\n<p>4. Vaalentaa ihoa: Vartaloemulsio sis\u00e4lt\u00e4\u00e4 antioksidantteja, jotka suojaavat UV-s\u00e4teilt\u00e4. Se stimuloi my\u00f6s kollageenin tuotantoa, mik\u00e4 auttaa v\u00e4hent\u00e4m\u00e4\u00e4n ryppyj\u00e4, juonteita ja karkeita kovettumia. Lis\u00e4ksi jotkin valkaisevat ainesosat voivat est\u00e4\u00e4 melaniinin tuotantoa v\u00e4hent\u00e4\u00e4kseen himmeit\u00e4 ja tummia pisteit\u00e4. N\u00e4m\u00e4 vaikutukset voivat auttaa meit\u00e4 parantamaan ihon rakennetta ja tekem\u00e4\u00e4n siit\u00e4 valkoisemman ja kiinte\u00e4mm\u00e4n.<\/p>\n\n\n\n<p>5. Rauhoittava korjaus: Luonnollisilla kasviuutteilla on yleens\u00e4 rauhoittavia teht\u00e4vi\u00e4, ja joillakin on my\u00f6s korjaavia vaikutuksia. Siksi sit\u00e4 k\u00e4ytettyn\u00e4 se voi lievitt\u00e4\u00e4 ihon kipua ja ep\u00e4mukavuutta, korjata vaurioitunutta ihoa ja antaa my\u00f6s mahdollisuuden rentoutua.<\/p>\n\n\n\n<h2 class=\"wp-block-heading\">Kuinka k\u00e4ytt\u00e4\u00e4 luonnollista vartalovoidetta?<\/h2>\n\n\n\n<p>Ammattimaisena luonnonvartalovoiteiden valmistajana kiinnit\u00e4mme erityist\u00e4 huomiota tuotteidemme tuotantoprosessiin, erityisesti tuotteiden laadun ja turvallisuuden kannalta. Siksi meill\u00e4 on monikanavainen laadunvalvontaj\u00e4rjestelm\u00e4 ja testaamme valmiin tuotteen rakennetta, tehokkuutta, viskositeettia ja niin edelleen varmistaaksemme sen tehokkuuden. Toivomme my\u00f6s, ett\u00e4 luet ohjeet huolellisesti ennen niiden k\u00e4ytt\u00f6\u00e4.<\/p>\n\n\n\n<p>1. Puhdista iho: Ennen k\u00e4ytt\u00f6\u00e4 meid\u00e4n tulee puhdistaa iho ensin, poistaa \u00f6ljy ja lika pinnalta, varmistaa, ett\u00e4 ihomme on puhdas ja voit kuivata sen varovasti pyyhkeell\u00e4 pesun j\u00e4lkeen.<\/p>\n\n\n\n<p>2. Levit\u00e4 sopiva m\u00e4\u00e4r\u00e4: Ota sopiva m\u00e4\u00e4r\u00e4 luonnollista vartaloemulsiota ja levit\u00e4 tasaisesti koko vartalolle, varo, ettet levit\u00e4 liikaa t\u00e4m\u00e4n prosessin aikana, tai saatat tuntea olosi rasvaiseksi.<\/p>\n\n\n\n<p>3. Hieronta imeytyminen: Levityksen j\u00e4lkeen voit hieroa ihoa hell\u00e4sti molemmin k\u00e4sin edist\u00e4\u00e4ksesi imeytymist\u00e4 ja edist\u00e4\u00e4ksesi verenkiertoa. Suhteellisen kuiville tai paksun sarveiskerroksen osille voit lis\u00e4t\u00e4 vartalovoidetta sopivasti ja hieroa sit\u00e4.<\/p>\n\n\n\n<p>4. S\u00e4\u00e4nn\u00f6llinen k\u00e4ytt\u00f6: On suositeltavaa levitt\u00e4\u00e4 vartalovoidetta kerran p\u00e4iv\u00e4ss\u00e4 aamulla ja kerran p\u00e4iv\u00e4ss\u00e4 illalla, jotta voimme pit\u00e4\u00e4 ihon kosteana ja pehme\u00e4n\u00e4 pitk\u00e4\u00e4n.<\/p>\n\n\n\n<h2 class=\"wp-block-heading\">Varoitus<\/h2>\n\n\n\n<p>1. Suosittele edistynytt\u00e4 anafylaktista testi\u00e4 ennen ensimm\u00e4ist\u00e4 k\u00e4ytt\u00f6\u00e4. Jos ep\u00e4mukavuutta ilmenee, k\u00e4ytt\u00f6 tulee lopettaa v\u00e4litt\u00f6m\u00e4sti;<\/p>\n\n\n\n<p>2. Kiinnit\u00e4 huomiota oikeaan m\u00e4\u00e4r\u00e4\u00e4n levitett\u00e4ess\u00e4, liiallinen k\u00e4ytt\u00f6 voi saada ihon tuntumaan rasvaiselta ja ep\u00e4mukavalta;<\/p>\n\n\n\n<p>3. Luonnollisessa vartalomaidossa k\u00e4ytet\u00e4\u00e4n luonnollisia s\u00e4il\u00f6nt\u00e4aineita, joten s\u00e4ilyvyys on lyhyt, on suositeltavaa kiinnitt\u00e4\u00e4 enemm\u00e4n huomiota tuotteen s\u00e4ilyvyyteen;<\/p>\n\n\n\n<p>4. On suositeltavaa s\u00e4ilytt\u00e4\u00e4 viile\u00e4ss\u00e4 ja kuivassa paikassa, jotta v\u00e4ltet\u00e4\u00e4n korkeiden l\u00e4mp\u00f6tilojen ja kosteiden ymp\u00e4rist\u00f6jen aiheuttama vaurioituminen.<\/p>\n\n\n\n<h2 class=\"wp-block-heading\">Johtop\u00e4\u00e4t\u00f6s<\/h2>\n\n\n\n<p>Monien eri toimintojen vartalovoiteiden joukosta on erityisen t\u00e4rke\u00e4\u00e4 l\u00f6yt\u00e4\u00e4 puhdasta, vaaratonta, tehokasta ja hell\u00e4varaista vartalohoitoa iholle. Valmistajana, joka on omistautunut luomaan luonnollisia vartalovoiteita, olemme valinneet huolellisesti korkealaatuiset luonnolliset ainesosat, tieteellisesti oikeasuhteisia ja k\u00e4ytt\u00e4neet hell\u00e4varaisia tuotantoprosesseja parantaaksemme kokemustasi. Tuotteemme eiv\u00e4t tietenk\u00e4\u00e4n sovi vain kaikille ihotyypeille, vaan voimme tarjota my\u00f6s r\u00e4\u00e4t\u00e4l\u00f6ityj\u00e4 palveluita, joiden avulla kaava mukautetaan ihotyyppisi ja mieltymystesi mukaan varmistaaksemme, ett\u00e4 jokainen luonnollinen vartalovoide vastaa odotuksiasi. Jos olet my\u00f6s kiinnostunut, ota yhteytt\u00e4.<\/p>","protected":false},"excerpt":{"rendered":"Natural Body Lotion Manufacturing Common Formulas To ensure that the ingredients are mild and do not cause irritation to the skin, our research and development team has selected a variety of pure ingredients. Selected raw materials are blended in the production process to ensure the safety and effectiveness of our natural body milk. 1. Glycerin: [&hellip;]","protected":false},"featured_media":2136,"menu_order":0,"template":"","meta":[],"product-tag":[],"products":[56],"class_list":["post-2135","product","type-product","status-publish","has-post-thumbnail","hentry","products-body-lotion"],"acf":[],"_links":{"self":[{"href":"https:\/\/www.ruiqigo.com\/fi\/wp-json\/wp\/v2\/product\/2135","targetHints":{"allow":["GET"]}}],"collection":[{"href":"https:\/\/www.ruiqigo.com\/fi\/wp-json\/wp\/v2\/product"}],"about":[{"href":"https:\/\/www.ruiqigo.com\/fi\/wp-json\/wp\/v2\/types\/product"}],"version-history":[{"count":0,"href":"https:\/\/www.ruiqigo.com\/fi\/wp-json\/wp\/v2\/product\/2135\/revisions"}],"wp:featuredmedia":[{"embeddable":true,"href":"https:\/\/www.ruiqigo.com\/fi\/wp-json\/wp\/v2\/media\/2136"}],"wp:attachment":[{"href":"https:\/\/www.ruiqigo.com\/fi\/wp-json\/wp\/v2\/media?parent=2135"}],"wp:term":[{"taxonomy":"product-tag","embeddable":true,"href":"https:\/\/www.ruiqigo.com\/fi\/wp-json\/wp\/v2\/product-tag?post=2135"},{"taxonomy":"products","embeddable":true,"href":"https:\/\/www.ruiqigo.com\/fi\/wp-json\/wp\/v2\/products?post=2135"}],"curies":[{"name":"wp","href":"https:\/\/api.w.org\/{rel}","templated":true}]}}