{"id":216,"date":"2024-06-30T22:58:53","date_gmt":"2024-06-30T14:58:53","guid":{"rendered":"https:\/\/ruiqigo.com\/?post_type=product&#038;p=216"},"modified":"2024-09-25T15:02:41","modified_gmt":"2024-09-25T07:02:41","slug":"tea-tree-shampoo","status":"publish","type":"product","link":"https:\/\/www.ruiqigo.com\/fi\/product\/tea-tree-shampoo","title":{"rendered":"Teepuun shampoo"},"content":{"rendered":"<h3 class=\"wp-block-heading\">Teepuushampoon valmistus yleiset kaavat<\/h3>\n\n\n\n<p>Tea Tree Shampooiden valmistajina ymm\u00e4rr\u00e4mme koostumuksen t\u00e4rkeyden. Tuotteissamme k\u00e4ytet\u00e4\u00e4n erilaisia hell\u00e4varaisia mutta tehokkaita pinta-aktiivisia aineita, kuten Cocoyl-Glucoside ja Cocoyl-Betaine, jotka varmistavat puhdistavan tehon vahingoittamatta p\u00e4\u00e4nahkaa. Ydinaineosat Potassium Cocoyl Glycinate ja Potassium Cocoate tarjoavat hiuksille v\u00e4ltt\u00e4m\u00e4t\u00f6nt\u00e4 ravintoa. Lis\u00e4ksi olemme lis\u00e4nneet erityisesti Polyquaternium-10:t\u00e4 lis\u00e4\u00e4m\u00e4\u00e4n hiusten pehmeytt\u00e4 ja kiiltoa. Teepuu\u00f6ljyn luonnolliset anti-inflammatoriset ominaisuudet yhdistettyn\u00e4 He Shou Wu -juuriuutteeseen ja punaisen m\u00e4nnyn lehtiuutteeseen antavat teepuushampoollamme ainutlaatuisen hoitavan hiuksia.<\/p>\n\n\n\n<h3 class=\"wp-block-heading\">Teepuushampoo Soveltuvat skenaariot<\/h3>\n\n\n\n<p>Tea Tree Shampoot sopivat kaikkiin ilmastoihin ja ymp\u00e4rist\u00f6ihin, erityisesti kuumille ja kosteille alueille, joissa sen anti-inflammatoriset ja antimikrobiset ominaisuudet antavat tehokkaan vasteen rasvaiselle ja kuivalle kutisevalle p\u00e4\u00e4nahalle. Tuotteemme ovat sulfaatittomia, mik\u00e4 v\u00e4hent\u00e4\u00e4 niiden ymp\u00e4rist\u00f6vaikutuksia s\u00e4ilytt\u00e4en samalla v\u00e4rinsuojan, joten ne ovat ensisijainen valinta luonnollista el\u00e4m\u00e4ntapaa etsiville kuluttajille. Voit my\u00f6s yhdist\u00e4\u00e4 sen a <a href=\"https:\/\/www.ruiqigo.com\/fi\/product\/tea-tree-essential-oil\/\">teepuun eteerinen \u00f6ljy<\/a> viel\u00e4 parempiin tuloksiin.<\/p>\n\n\n\n<h3 class=\"wp-block-heading\">Kenelle teepuushampoopuku sopii<\/h3>\n\n\n\n<p>Teepuushampoomme on suunniteltu ihmisille, joilla on rasvainen ja kuiva kutiseva p\u00e4\u00e4nahka. Teepuu\u00f6ljyn (Melaleuca alternifolia -lehti\u00f6ljy) luonnolliset anti-inflammatoriset ominaisuudet rauhoittavat tehokkaasti p\u00e4\u00e4nahan ep\u00e4mukavuutta, kun taas VB5:n ja VE:n lis\u00e4ys tarjoavat lis\u00e4ravintoa ja suojaa hiuksille. N\u00e4m\u00e4 ainesosat toimivat yhdess\u00e4 parantaen p\u00e4\u00e4nahan ymp\u00e4rist\u00f6\u00e4 ja edist\u00e4v\u00e4t terveiden hiusten kasvua. Lis\u00e4\u00e4 <a href=\"https:\/\/www.ruiqigo.com\/fi\/products\/shampoo\/\">luonnollisia ainesosia sis\u00e4lt\u00e4v\u00e4t shampoot<\/a> voit valita 3TOPista.<\/p>\n\n\n\n<h3 class=\"wp-block-heading\">Teepuushampoon tuotantoprosessi<\/h3>\n\n\n\n<p>Tuotantoprosessin aikana keskitymme teepuu\u00f6ljyn ainutlaatuisen eteerisen \u00f6ljymaun s\u00e4ilytt\u00e4miseen, joka paitsi lis\u00e4\u00e4 tuotteeseen luonnollista tuoksua, my\u00f6s tarjoaa kuluttajille miellytt\u00e4v\u00e4n kokemuksen. K\u00e4yt\u00e4mme kehittynytt\u00e4 uutto- ja sekoitustekniikkaa varmistaaksemme kaikkien ainesosien tehokkaan integroinnin ja valvomme samalla tiukasti tuotantoymp\u00e4rist\u00f6\u00e4 varmistaaksemme tuotteen laadun ja turvallisuuden.<\/p>","protected":false},"excerpt":{"rendered":"Tea tree shampoo manufacturing Common Formulas As the makers of Tea Tree Shampoos, we understand the importance of formulation. Our products utilize a range of gentle yet effective surfactants such as Cocoyl-Glucoside and Cocoyl-Betaine to ensure cleansing power without damaging the scalp. The core ingredients Potassium Cocoyl Glycinate and Potassium Cocoate provide essential nourishment to [&hellip;]","protected":false},"featured_media":218,"menu_order":0,"template":"","meta":[],"product-tag":[],"products":[51],"class_list":["post-216","product","type-product","status-publish","has-post-thumbnail","hentry","products-shampoo"],"acf":[],"_links":{"self":[{"href":"https:\/\/www.ruiqigo.com\/fi\/wp-json\/wp\/v2\/product\/216","targetHints":{"allow":["GET"]}}],"collection":[{"href":"https:\/\/www.ruiqigo.com\/fi\/wp-json\/wp\/v2\/product"}],"about":[{"href":"https:\/\/www.ruiqigo.com\/fi\/wp-json\/wp\/v2\/types\/product"}],"version-history":[{"count":0,"href":"https:\/\/www.ruiqigo.com\/fi\/wp-json\/wp\/v2\/product\/216\/revisions"}],"wp:featuredmedia":[{"embeddable":true,"href":"https:\/\/www.ruiqigo.com\/fi\/wp-json\/wp\/v2\/media\/218"}],"wp:attachment":[{"href":"https:\/\/www.ruiqigo.com\/fi\/wp-json\/wp\/v2\/media?parent=216"}],"wp:term":[{"taxonomy":"product-tag","embeddable":true,"href":"https:\/\/www.ruiqigo.com\/fi\/wp-json\/wp\/v2\/product-tag?post=216"},{"taxonomy":"products","embeddable":true,"href":"https:\/\/www.ruiqigo.com\/fi\/wp-json\/wp\/v2\/products?post=216"}],"curies":[{"name":"wp","href":"https:\/\/api.w.org\/{rel}","templated":true}]}}